{"id":1017,"date":"2025-04-18T03:45:08","date_gmt":"2025-04-18T03:45:08","guid":{"rendered":"https:\/\/seprays.com\/?post_type=product&#038;p=1017"},"modified":"2025-12-23T08:42:24","modified_gmt":"2025-12-23T08:42:24","slug":"zm500-automatic-stencil-inspection-machine","status":"publish","type":"product","link":"https:\/\/seprays.com\/es\/producto\/zm500-automatic-stencil-inspection-machine\/","title":{"rendered":"ZM500 Autom\u00e1tico de la Plantilla de la Inspecci\u00f3n de la M\u00e1quina"},"content":{"rendered":"<table style=\"border-collapse: collapse; width: 100%; height: 460px;\">\n<tbody>\n<tr class=\"firstRow\" style=\"height: 23px;\">\n<th style=\"width: 32.1231%; height: 23px; text-align: center;\">Modelo<\/th>\n<th style=\"width: 67.7979%; height: 23px; text-align: center;\">ZM500<\/th>\n<\/tr>\n<tr style=\"height: 23px;\">\n<td style=\"width: 32.1231%; height: 23px; text-align: center;\">Inspecci\u00f3n<\/td>\n<td style=\"width: 67.7979%; height: 23px; text-align: center;\">Aperture area, position, offset, size, foreign matter, burr, blocked hole, missing holes, tension<\/td>\n<\/tr>\n<tr style=\"height: 23px;\">\n<td style=\"width: 32.1231%; height: 23px; text-align: center;\">Medir el tiempo<\/td>\n<td style=\"width: 67.7979%; height: 23px; text-align: center;\">3.5 min( 130*100 mm, de los datos:25122 agujeros)<\/td>\n<\/tr>\n<tr style=\"height: 23px;\">\n<td style=\"width: 32.1231%; height: 23px; text-align: center;\">Measurement accuracy of the opening area<\/td>\n<td style=\"width: 67.7979%; height: 23px; text-align: center;\">Gage R&amp;R&lt;5.0% (Actual measurement is GR&amp;R&lt;1-2% or less)<\/td>\n<\/tr>\n<tr style=\"height: 23px;\">\n<td style=\"width: 32.1231%; height: 23px; text-align: center;\">La apertura de la exactitud de medici\u00f3n<\/td>\n<td style=\"width: 67.7979%; height: 23px; text-align: center;\">\u00b110\u03bcm<\/td>\n<\/tr>\n<tr style=\"height: 23px;\">\n<td style=\"width: 32.1231%; height: 23px; text-align: center;\">Accuracy of the motion system<\/td>\n<td style=\"width: 67.7979%; height: 23px; text-align: center;\">Repetibilidad \u00b14\u00b5m sistema de servo (resoluci\u00f3n: 0,5 \u00b5m)<\/td>\n<\/tr>\n<tr style=\"height: 23px;\">\n<td style=\"width: 32.1231%; height: 23px; text-align: center;\">La tensi\u00f3n de detecci\u00f3n de<\/td>\n<td style=\"width: 67.7979%; height: 23px; text-align: center;\">\u00b10,1 N. cm, rango de tensi\u00f3n 0-50N.cm<\/td>\n<\/tr>\n<tr style=\"height: 23px;\">\n<td style=\"width: 32.1231%; height: 23px; text-align: center;\">La programaci\u00f3n fuera de l\u00ednea<\/td>\n<td style=\"width: 67.7979%; height: 23px; text-align: center;\">Posible<\/td>\n<\/tr>\n<tr style=\"height: 23px;\">\n<td style=\"width: 32.1231%; height: 23px; text-align: center;\">Data traceability<\/td>\n<td style=\"width: 67.7979%; height: 23px; text-align: center;\">Automatically save inspection data saving<\/td>\n<\/tr>\n<tr style=\"height: 23px;\">\n<td style=\"width: 32.1231%; height: 23px; text-align: center;\">Resoluci\u00f3n<\/td>\n<td style=\"width: 67.7979%; height: 23px; text-align: center;\">Por defecto 6.6 \u00b5m, puede ser personalizado<\/td>\n<\/tr>\n<tr style=\"height: 23px;\">\n<td style=\"width: 32.1231%; height: 23px; text-align: center;\">FOV<\/td>\n<td style=\"width: 67.7979%; height: 23px; text-align: center;\">25*18 mm (opcional)<\/td>\n<\/tr>\n<tr style=\"height: 23px;\">\n<td style=\"width: 32.1231%; height: 23px; text-align: center;\">Motor<\/td>\n<td style=\"width: 67.7979%; height: 23px; text-align: center;\">Motor lineal<\/td>\n<\/tr>\n<tr style=\"height: 23px;\">\n<td style=\"width: 32.1231%; height: 23px; text-align: center;\">Plataforma<\/td>\n<td style=\"width: 67.7979%; height: 23px; text-align: center;\">Mesa de granito<\/td>\n<\/tr>\n<tr style=\"height: 23px;\">\n<td style=\"width: 32.1231%; height: 23px; text-align: center;\">La gama de la exploraci\u00f3n<\/td>\n<td style=\"width: 67.7979%; height: 23px; text-align: center;\">550*550mm<\/td>\n<\/tr>\n<tr style=\"height: 23px;\">\n<td style=\"width: 32.1231%; height: 23px; text-align: center;\">Tama\u00f1o de fotograma<\/td>\n<td style=\"width: 67.7979%; height: 23px; text-align: center;\">736*736mm<\/td>\n<\/tr>\n<tr style=\"height: 23px;\">\n<td style=\"width: 32.1231%; height: 23px; text-align: center;\">Generaci\u00f3n de informes<\/td>\n<td style=\"width: 67.7979%; height: 23px; text-align: center;\">Generar autom\u00e1ticamente informes de inspecci\u00f3n<\/td>\n<\/tr>\n<tr style=\"height: 23px;\">\n<td style=\"width: 32.1231%; height: 23px; text-align: center;\">Suministro de Gas<\/td>\n<td style=\"width: 67.7979%; height: 23px; text-align: center;\">0.4-0.6 MPa<\/td>\n<\/tr>\n<tr style=\"height: 23px;\">\n<td style=\"width: 32.1231%; height: 23px; text-align: center;\">Requisitos de alimentaci\u00f3n<\/td>\n<td style=\"width: 67.7979%; height: 23px; text-align: center;\">220V 50\/60Hz 2000W<\/td>\n<\/tr>\n<tr style=\"height: 23px;\">\n<td style=\"width: 32.1231%; height: 23px; text-align: center;\">Dimensi\u00f3n(W*D*H)<\/td>\n<td style=\"width: 67.7979%; height: 23px; text-align: center;\">1327*1266*1500mm<\/td>\n<\/tr>\n<tr style=\"height: 23px;\">\n<td style=\"width: 32.1231%; height: 23px; text-align: center;\">Peso<\/td>\n<td style=\"width: 67.7979%; height: 23px; text-align: center;\">1000kg<\/td>\n<\/tr>\n<\/tbody>\n<\/table>\n<h3><strong>Introducci\u00f3n De Producto<\/strong><\/h3>\n<p>Automatically detect area, position, foreign matter, holes, and tension.<\/p>\n<p>High detection accuracy and large detection range.<\/p>\n<p>Import GERBER data, a modular data structure, and check the results immediately within 2-3 minutes.<\/p>\n<p>By measuring the size and position of the steel mesh opening, setting the error range, and comparing it with the reference value to see if it is qualified.<\/p>\n<p>Simple and fast operation<\/p>\n<h3><strong>Detection Items:<\/strong><\/h3>\n<p>Detection of hole defects such as hole deviation, hole accuracy, shape, multiple holes, few holes, area error, edge burrs, etc.<\/p>\n<h3><strong>Aplicaci\u00f3n De Casos<\/strong><\/h3>\n<p><img fetchpriority=\"high\" decoding=\"async\" class=\"alignnone size-full wp-image-3040\" src=\"https:\/\/seprays.com\/wp-content\/uploads\/2025\/04\/Application-Cases-9.jpg\" alt=\"Application Cases\" width=\"800\" height=\"203\" srcset=\"https:\/\/seprays.com\/wp-content\/uploads\/2025\/04\/Application-Cases-9.jpg 800w, https:\/\/seprays.com\/wp-content\/uploads\/2025\/04\/Application-Cases-9-480x122.jpg 480w, https:\/\/seprays.com\/wp-content\/uploads\/2025\/04\/Application-Cases-9-300x76.jpg 300w, https:\/\/seprays.com\/wp-content\/uploads\/2025\/04\/Application-Cases-9-768x195.jpg 768w, https:\/\/seprays.com\/wp-content\/uploads\/2025\/04\/Application-Cases-9-18x5.jpg 18w\" sizes=\"(max-width: 800px) 100vw, 800px\" \/><\/p>\n<p data-start=\"224\" data-end=\"622\">El <strong data-start=\"228\" data-end=\"256\">ZM500 stencil inspection<\/strong> system offers automatic, high-accuracy inspection of critical stencil parameters, including area, position, foreign matter, hole completeness, and tension. Designed for large inspection areas, this advanced system imports GERBER data and utilizes a modular data structure to deliver reliable results within 2-3 minutes, significantly improving production throughput.<\/p>\n<p data-start=\"624\" data-end=\"1030\">By precisely measuring stencil opening size, position, and other key parameters, the <strong data-start=\"709\" data-end=\"737\">ZM500 stencil inspection<\/strong> identifies defects such as hole deviation, accuracy issues, shape irregularities, extra or missing holes, area errors, and edge burrs. The system compares measured data with reference values to ensure product qualification, guaranteeing stencil quality and optimizing solder printing results.<\/p>\n<p data-start=\"1032\" data-end=\"1133\">\u2705 Fast, accurate, and comprehensive stencil inspection<br data-start=\"1086\" data-end=\"1089\" \/>\u2705 Supports smart manufacturing integration<\/p>\n<p data-start=\"1135\" data-end=\"1227\" data-is-last-node=\"\" data-is-only-node=\"\"><img decoding=\"async\" class=\"emoji ls-is-cached lazyloaded\" role=\"img\" draggable=\"false\" src=\"https:\/\/s.w.org\/images\/core\/emoji\/16.0.1\/svg\/1f4e9.svg\" alt=\"\ud83d\udce9\" data-src=\"https:\/\/s.w.org\/images\/core\/emoji\/16.0.1\/svg\/1f4e9.svg\" \/>\u00a0Contact us now and discover why over 3,000 leading companies trust SEPRAYS for their PCB depaneling needs.<\/p>","protected":false},"excerpt":{"rendered":"<p>Seprays\u2019 <strong>stencil inspection system<\/strong> delivers fast and accurate quality control with a large inspection area. It imports <strong>GERBER data<\/strong> for quick analysis, providing results in just <strong>2\u20133 minutes<\/strong>. The system detects defects such as hole deviation, missing holes, edge burrs, and foreign matter while ensuring precise size and position verification. A reliable solution for <strong>high-accuracy stencil inspection<\/strong> in smart manufacturing.<\/p>","protected":false},"featured_media":2251,"comment_status":"open","ping_status":"closed","template":"","meta":[],"product_brand":[],"product_cat":[25],"product_tag":[193,192],"class_list":{"0":"post-1017","1":"product","2":"type-product","3":"status-publish","4":"has-post-thumbnail","6":"product_cat-automatic-equipment","7":"product_tag-stencil-inspection","8":"product_tag-zm500","10":"first","11":"instock","12":"shipping-taxable","13":"product-type-simple"},"yoast_head":"<!-- This site is optimized with the Yoast SEO plugin v27.4 - https:\/\/yoast.com\/product\/yoast-seo-wordpress\/ -->\n<title>ZM500 Automatic Stencil Inspection Machine \u2013 Ultimate Precision!<\/title>\n<meta name=\"description\" content=\"ZM500 Automatic Stencil Inspection Machine delivers powerful, precise detection for flawless PCB stencil quality and boosts your production confidence.\" \/>\n<meta name=\"robots\" content=\"index, follow, max-snippet:-1, max-image-preview:large, max-video-preview:-1\" \/>\n<link rel=\"canonical\" href=\"https:\/\/seprays.com\/es\/producto\/zm500-automatic-stencil-inspection-machine\/\" \/>\n<meta property=\"og:locale\" content=\"es_ES\" \/>\n<meta property=\"og:type\" content=\"article\" \/>\n<meta property=\"og:title\" content=\"ZM500 Automatic Stencil Inspection Machine \u2013 Ultimate Precision!\" \/>\n<meta property=\"og:description\" content=\"ZM500 Automatic Stencil Inspection Machine delivers powerful, precise detection for flawless PCB stencil quality and boosts your production confidence.\" \/>\n<meta property=\"og:url\" content=\"https:\/\/seprays.com\/es\/producto\/zm500-automatic-stencil-inspection-machine\/\" \/>\n<meta property=\"og:site_name\" content=\"Seprays\" \/>\n<meta property=\"article:modified_time\" content=\"2025-12-23T08:42:24+00:00\" \/>\n<meta property=\"og:image\" content=\"https:\/\/seprays.com\/wp-content\/uploads\/2025\/04\/ZM500-Automatic-Stencil-Inspection-Machine.jpg\" \/>\n\t<meta property=\"og:image:width\" content=\"480\" \/>\n\t<meta property=\"og:image:height\" content=\"480\" \/>\n\t<meta property=\"og:image:type\" content=\"image\/jpeg\" \/>\n<meta name=\"twitter:card\" content=\"summary_large_image\" \/>\n<meta name=\"twitter:label1\" content=\"Tiempo de lectura\" \/>\n\t<meta name=\"twitter:data1\" content=\"3 minutos\" \/>\n<script type=\"application\/ld+json\" class=\"yoast-schema-graph\">{\"@context\":\"https:\\\/\\\/schema.org\",\"@graph\":[{\"@type\":\"WebPage\",\"@id\":\"https:\\\/\\\/seprays.com\\\/product\\\/zm500-automatic-stencil-inspection-machine\\\/\",\"url\":\"https:\\\/\\\/seprays.com\\\/product\\\/zm500-automatic-stencil-inspection-machine\\\/\",\"name\":\"ZM500 Automatic Stencil Inspection Machine \u2013 Ultimate Precision!\",\"isPartOf\":{\"@id\":\"https:\\\/\\\/seprays.com\\\/#website\"},\"primaryImageOfPage\":{\"@id\":\"https:\\\/\\\/seprays.com\\\/product\\\/zm500-automatic-stencil-inspection-machine\\\/#primaryimage\"},\"image\":{\"@id\":\"https:\\\/\\\/seprays.com\\\/product\\\/zm500-automatic-stencil-inspection-machine\\\/#primaryimage\"},\"thumbnailUrl\":\"https:\\\/\\\/seprays.com\\\/wp-content\\\/uploads\\\/2025\\\/04\\\/ZM500-Automatic-Stencil-Inspection-Machine.jpg\",\"datePublished\":\"2025-04-18T03:45:08+00:00\",\"dateModified\":\"2025-12-23T08:42:24+00:00\",\"description\":\"ZM500 Automatic Stencil Inspection Machine delivers powerful, precise detection for flawless PCB stencil quality and boosts your production confidence.\",\"breadcrumb\":{\"@id\":\"https:\\\/\\\/seprays.com\\\/product\\\/zm500-automatic-stencil-inspection-machine\\\/#breadcrumb\"},\"inLanguage\":\"es\",\"potentialAction\":[{\"@type\":\"ReadAction\",\"target\":[\"https:\\\/\\\/seprays.com\\\/product\\\/zm500-automatic-stencil-inspection-machine\\\/\"]}]},{\"@type\":\"ImageObject\",\"inLanguage\":\"es\",\"@id\":\"https:\\\/\\\/seprays.com\\\/product\\\/zm500-automatic-stencil-inspection-machine\\\/#primaryimage\",\"url\":\"https:\\\/\\\/seprays.com\\\/wp-content\\\/uploads\\\/2025\\\/04\\\/ZM500-Automatic-Stencil-Inspection-Machine.jpg\",\"contentUrl\":\"https:\\\/\\\/seprays.com\\\/wp-content\\\/uploads\\\/2025\\\/04\\\/ZM500-Automatic-Stencil-Inspection-Machine.jpg\",\"width\":480,\"height\":480,\"caption\":\"ZM500 Automatic Stencil Inspection Machine\"},{\"@type\":\"BreadcrumbList\",\"@id\":\"https:\\\/\\\/seprays.com\\\/product\\\/zm500-automatic-stencil-inspection-machine\\\/#breadcrumb\",\"itemListElement\":[{\"@type\":\"ListItem\",\"position\":1,\"name\":\"\u9996\u9875\",\"item\":\"https:\\\/\\\/seprays.com\\\/\"},{\"@type\":\"ListItem\",\"position\":2,\"name\":\"\u5546\u5e97\",\"item\":\"https:\\\/\\\/seprays.com\\\/shop\\\/\"},{\"@type\":\"ListItem\",\"position\":3,\"name\":\"ZM500 Automatic Stencil Inspection Machine\"}]},{\"@type\":\"WebSite\",\"@id\":\"https:\\\/\\\/seprays.com\\\/#website\",\"url\":\"https:\\\/\\\/seprays.com\\\/\",\"name\":\"Seprays : PCBA Router Depaneling,PCB\\\/FPC Laser Depaneling,V-Groove Saw Depaneling\",\"description\":\"\",\"publisher\":{\"@id\":\"https:\\\/\\\/seprays.com\\\/#organization\"},\"potentialAction\":[{\"@type\":\"SearchAction\",\"target\":{\"@type\":\"EntryPoint\",\"urlTemplate\":\"https:\\\/\\\/seprays.com\\\/?s={search_term_string}\"},\"query-input\":{\"@type\":\"PropertyValueSpecification\",\"valueRequired\":true,\"valueName\":\"search_term_string\"}}],\"inLanguage\":\"es\"},{\"@type\":\"Organization\",\"@id\":\"https:\\\/\\\/seprays.com\\\/#organization\",\"name\":\"Seprays : PCBA Router Depaneling,PCB\\\/FPC Laser Depaneling,V-Groove Saw Depaneling\",\"url\":\"https:\\\/\\\/seprays.com\\\/\",\"logo\":{\"@type\":\"ImageObject\",\"inLanguage\":\"es\",\"@id\":\"https:\\\/\\\/seprays.com\\\/#\\\/schema\\\/logo\\\/image\\\/\",\"url\":\"https:\\\/\\\/seprays.com\\\/wp-content\\\/uploads\\\/2025\\\/04\\\/seprays\uff08\u5e26\u63cf\u8fb9\uff09.png\",\"contentUrl\":\"https:\\\/\\\/seprays.com\\\/wp-content\\\/uploads\\\/2025\\\/04\\\/seprays\uff08\u5e26\u63cf\u8fb9\uff09.png\",\"width\":350,\"height\":100,\"caption\":\"Seprays : PCBA Router Depaneling,PCB\\\/FPC Laser Depaneling,V-Groove Saw Depaneling\"},\"image\":{\"@id\":\"https:\\\/\\\/seprays.com\\\/#\\\/schema\\\/logo\\\/image\\\/\"}}]}<\/script>\n<!-- \/ Yoast SEO plugin. -->","yoast_head_json":{"title":"ZM500 Automatic Stencil Inspection Machine \u2013 Ultimate Precision!","description":"ZM500 Automatic Stencil Inspection Machine delivers powerful, precise detection for flawless PCB stencil quality and boosts your production confidence.","robots":{"index":"index","follow":"follow","max-snippet":"max-snippet:-1","max-image-preview":"max-image-preview:large","max-video-preview":"max-video-preview:-1"},"canonical":"https:\/\/seprays.com\/es\/producto\/zm500-automatic-stencil-inspection-machine\/","og_locale":"es_ES","og_type":"article","og_title":"ZM500 Automatic Stencil Inspection Machine \u2013 Ultimate Precision!","og_description":"ZM500 Automatic Stencil Inspection Machine delivers powerful, precise detection for flawless PCB stencil quality and boosts your production confidence.","og_url":"https:\/\/seprays.com\/es\/producto\/zm500-automatic-stencil-inspection-machine\/","og_site_name":"Seprays","article_modified_time":"2025-12-23T08:42:24+00:00","og_image":[{"width":480,"height":480,"url":"https:\/\/seprays.com\/wp-content\/uploads\/2025\/04\/ZM500-Automatic-Stencil-Inspection-Machine.jpg","type":"image\/jpeg"}],"twitter_card":"summary_large_image","twitter_misc":{"Tiempo de lectura":"3 minutos"},"schema":{"@context":"https:\/\/schema.org","@graph":[{"@type":"WebPage","@id":"https:\/\/seprays.com\/product\/zm500-automatic-stencil-inspection-machine\/","url":"https:\/\/seprays.com\/product\/zm500-automatic-stencil-inspection-machine\/","name":"ZM500 Automatic Stencil Inspection Machine \u2013 Ultimate Precision!","isPartOf":{"@id":"https:\/\/seprays.com\/#website"},"primaryImageOfPage":{"@id":"https:\/\/seprays.com\/product\/zm500-automatic-stencil-inspection-machine\/#primaryimage"},"image":{"@id":"https:\/\/seprays.com\/product\/zm500-automatic-stencil-inspection-machine\/#primaryimage"},"thumbnailUrl":"https:\/\/seprays.com\/wp-content\/uploads\/2025\/04\/ZM500-Automatic-Stencil-Inspection-Machine.jpg","datePublished":"2025-04-18T03:45:08+00:00","dateModified":"2025-12-23T08:42:24+00:00","description":"ZM500 Automatic Stencil Inspection Machine delivers powerful, precise detection for flawless PCB stencil quality and boosts your production confidence.","breadcrumb":{"@id":"https:\/\/seprays.com\/product\/zm500-automatic-stencil-inspection-machine\/#breadcrumb"},"inLanguage":"es","potentialAction":[{"@type":"ReadAction","target":["https:\/\/seprays.com\/product\/zm500-automatic-stencil-inspection-machine\/"]}]},{"@type":"ImageObject","inLanguage":"es","@id":"https:\/\/seprays.com\/product\/zm500-automatic-stencil-inspection-machine\/#primaryimage","url":"https:\/\/seprays.com\/wp-content\/uploads\/2025\/04\/ZM500-Automatic-Stencil-Inspection-Machine.jpg","contentUrl":"https:\/\/seprays.com\/wp-content\/uploads\/2025\/04\/ZM500-Automatic-Stencil-Inspection-Machine.jpg","width":480,"height":480,"caption":"ZM500 Automatic Stencil Inspection Machine"},{"@type":"BreadcrumbList","@id":"https:\/\/seprays.com\/product\/zm500-automatic-stencil-inspection-machine\/#breadcrumb","itemListElement":[{"@type":"ListItem","position":1,"name":"\u9996\u9875","item":"https:\/\/seprays.com\/"},{"@type":"ListItem","position":2,"name":"\u5546\u5e97","item":"https:\/\/seprays.com\/shop\/"},{"@type":"ListItem","position":3,"name":"ZM500 Automatic Stencil Inspection Machine"}]},{"@type":"WebSite","@id":"https:\/\/seprays.com\/#website","url":"https:\/\/seprays.com\/","name":"Seprays : PCBA Router Depaneling,PCB\/FPC Laser Depaneling,V-Groove Saw Depaneling","description":"","publisher":{"@id":"https:\/\/seprays.com\/#organization"},"potentialAction":[{"@type":"SearchAction","target":{"@type":"EntryPoint","urlTemplate":"https:\/\/seprays.com\/?s={search_term_string}"},"query-input":{"@type":"PropertyValueSpecification","valueRequired":true,"valueName":"search_term_string"}}],"inLanguage":"es"},{"@type":"Organization","@id":"https:\/\/seprays.com\/#organization","name":"Seprays : PCBA Router Depaneling,PCB\/FPC Laser Depaneling,V-Groove Saw Depaneling","url":"https:\/\/seprays.com\/","logo":{"@type":"ImageObject","inLanguage":"es","@id":"https:\/\/seprays.com\/#\/schema\/logo\/image\/","url":"https:\/\/seprays.com\/wp-content\/uploads\/2025\/04\/seprays\uff08\u5e26\u63cf\u8fb9\uff09.png","contentUrl":"https:\/\/seprays.com\/wp-content\/uploads\/2025\/04\/seprays\uff08\u5e26\u63cf\u8fb9\uff09.png","width":350,"height":100,"caption":"Seprays : PCBA Router Depaneling,PCB\/FPC Laser Depaneling,V-Groove Saw Depaneling"},"image":{"@id":"https:\/\/seprays.com\/#\/schema\/logo\/image\/"}}]}},"_links":{"self":[{"href":"https:\/\/seprays.com\/es\/wp-json\/wp\/v2\/product\/1017","targetHints":{"allow":["GET"]}}],"collection":[{"href":"https:\/\/seprays.com\/es\/wp-json\/wp\/v2\/product"}],"about":[{"href":"https:\/\/seprays.com\/es\/wp-json\/wp\/v2\/types\/product"}],"replies":[{"embeddable":true,"href":"https:\/\/seprays.com\/es\/wp-json\/wp\/v2\/comments?post=1017"}],"wp:featuredmedia":[{"embeddable":true,"href":"https:\/\/seprays.com\/es\/wp-json\/wp\/v2\/media\/2251"}],"wp:attachment":[{"href":"https:\/\/seprays.com\/es\/wp-json\/wp\/v2\/media?parent=1017"}],"wp:term":[{"taxonomy":"product_brand","embeddable":true,"href":"https:\/\/seprays.com\/es\/wp-json\/wp\/v2\/product_brand?post=1017"},{"taxonomy":"product_cat","embeddable":true,"href":"https:\/\/seprays.com\/es\/wp-json\/wp\/v2\/product_cat?post=1017"},{"taxonomy":"product_tag","embeddable":true,"href":"https:\/\/seprays.com\/es\/wp-json\/wp\/v2\/product_tag?post=1017"}],"curies":[{"name":"wp","href":"https:\/\/api.w.org\/{rel}","templated":true}]}}