{"id":1022,"date":"2025-04-18T03:49:21","date_gmt":"2025-04-18T03:49:21","guid":{"rendered":"https:\/\/seprays.com\/?post_type=product&#038;p=1022"},"modified":"2025-12-23T08:07:36","modified_gmt":"2025-12-23T08:07:36","slug":"zm10ty-15ty-pcb-fpc-punching-cutting-machine","status":"publish","type":"product","link":"https:\/\/seprays.com\/es\/producto\/zm10ty-15ty-pcb-fpc-punching-cutting-machine\/","title":{"rendered":"ZM10TY\/15TY PCB\/FPC Punching Cutting Machine"},"content":{"rendered":"<table style=\"border-collapse: collapse; width: 100%;\">\n<tbody>\n<tr class=\"firstRow\">\n<th style=\"width: 37.648%; text-align: center;\">Modelo<\/th>\n<th style=\"width: 62.2731%; text-align: center;\">ZM10TY\/15TY<\/th>\n<\/tr>\n<tr>\n<td style=\"width: 37.648%; text-align: center;\">V\u00e1lido \u00e1rea de corte<\/td>\n<td style=\"width: 62.2731%; text-align: center;\">300*300 mm( se Puede personalizar el tama\u00f1o m\u00e1s grande)<\/td>\n<\/tr>\n<tr>\n<td style=\"width: 37.648%; text-align: center;\">De trabajo la presi\u00f3n de aire del Tubo del dia<\/td>\n<td style=\"width: 62.2731%; text-align: center;\">El &gt; 0.6 MP\/ 6mm<\/td>\n<\/tr>\n<tr>\n<td style=\"width: 37.648%; text-align: center;\">Mini distance of the part from the cutting position<\/td>\n<td style=\"width: 62.2731%; text-align: center;\">\u22650,5 mm<\/td>\n<\/tr>\n<tr>\n<td style=\"width: 37.648%; text-align: center;\">FPC posici\u00f3n de corte<\/td>\n<td style=\"width: 62.2731%; text-align: center;\">Componentes No se les permite cruzar sobre el corte de la parte<\/td>\n<\/tr>\n<tr>\n<td style=\"width: 37.648%; text-align: center;\">Posici\u00f3n del agujero requisito<\/td>\n<td style=\"width: 62.2731%; text-align: center;\">FPC has at least 4 holes, and an extra one foolproof hole<\/td>\n<\/tr>\n<tr>\n<td style=\"width: 37.648%; text-align: center;\">Altura m\u00e1xima de la FPC componentes<\/td>\n<td style=\"width: 62.2731%; text-align: center;\">Bottom side: The max height is 20mm<\/p>\n<p>On the top side, the maximum height is 35mm<\/td>\n<\/tr>\n<tr>\n<td style=\"width: 37.648%; text-align: center;\">Sistema de la operaci\u00f3n<\/td>\n<td style=\"width: 62.2731%; text-align: center;\">Chinese and English are optional<\/td>\n<\/tr>\n<tr>\n<td style=\"width: 37.648%; text-align: center;\">El tipo de molde<\/td>\n<td style=\"width: 62.2731%; text-align: center;\">Blade mould, precision steel mould, complex mould<\/td>\n<\/tr>\n<tr>\n<td style=\"width: 37.648%; text-align: center;\">La vida de servicio del molde<\/td>\n<td style=\"width: 62.2731%; text-align: center;\">1.000.000 de veces( puede ser modificado tantas veces como se desee, excepto para el hombre-hecho da\u00f1o)<\/td>\n<\/tr>\n<tr>\n<td style=\"width: 37.648%; text-align: center;\">Making the mould requires material<\/td>\n<td style=\"width: 62.2731%; text-align: center;\">PCB\/ FPC gerber file or CAD, and more than two pieces of\u00a0 samples<\/td>\n<\/tr>\n<tr>\n<td style=\"width: 37.648%; text-align: center;\">Precisi\u00f3n de corte<\/td>\n<td style=\"width: 62.2731%; text-align: center;\">0,05 mm<\/td>\n<\/tr>\n<tr>\n<td style=\"width: 37.648%; text-align: center;\">La eficiencia de corte<\/td>\n<td style=\"width: 62.2731%; text-align: center;\">8 s\/pcs en una PNL<\/td>\n<\/tr>\n<tr>\n<td style=\"width: 37.648%; text-align: center;\">Potencia de la m\u00e1quina<\/td>\n<td style=\"width: 62.2731%; text-align: center;\">10T\/ 15T de salida( puede personalizar 20\/30T salida)<\/td>\n<\/tr>\n<tr>\n<td style=\"width: 37.648%; text-align: center;\">Mal funcionamiento de la protecci\u00f3n<\/td>\n<td style=\"width: 62.2731%; text-align: center;\">Safety light curtain, sensor, and software triple protection. Start with both hands.<\/td>\n<\/tr>\n<tr>\n<td style=\"width: 37.648%; text-align: center;\">Punch m\u00e9todo de corte<\/td>\n<td style=\"width: 62.2731%; text-align: center;\">Electric hydraulic cylinder<\/td>\n<\/tr>\n<tr>\n<td style=\"width: 37.648%; text-align: center;\">Encendido y apagado del suministro de aire de la funci\u00f3n<\/td>\n<td style=\"width: 62.2731%; text-align: center;\">S\u00ed<\/td>\n<\/tr>\n<tr>\n<td style=\"width: 37.648%; text-align: center;\">M\u00e9todo de trabajo<\/td>\n<td style=\"width: 62.2731%; text-align: center;\">Autom\u00e1tica push-pull en y fuera de corte<\/td>\n<\/tr>\n<tr>\n<td style=\"width: 37.648%; text-align: center;\">\u00c1mbito de aplicaci\u00f3n<\/td>\n<td style=\"width: 62.2731%; text-align: center;\">Suitable for cutting FPC, PCB, Aluminum boards, and Copper boards<\/td>\n<\/tr>\n<tr>\n<td style=\"width: 37.648%; text-align: center;\">La protecci\u00f3n de la seguridad<\/td>\n<td style=\"width: 62.2731%; text-align: center;\">De parada de emergencia<\/td>\n<\/tr>\n<tr>\n<td style=\"width: 37.648%; text-align: center;\">Auto-funci\u00f3n de prueba<\/td>\n<td style=\"width: 62.2731%; text-align: center;\">Tiempo de puesta en marcha seguimiento y control de<\/p>\n<p>La capacidad de producci\u00f3n de seguimiento y control de<br \/>\nEquipment fault information and automatically removed from abnormal systems<\/td>\n<\/tr>\n<tr>\n<td style=\"width: 37.648%; text-align: center;\">Requisitos de alimentaci\u00f3n<\/td>\n<td style=\"width: 62.2731%; text-align: center;\">LA CA 220V DE 200W<\/td>\n<\/tr>\n<tr>\n<td style=\"width: 37.648%; text-align: center;\">Dimensiones(W*D*H)<\/td>\n<td style=\"width: 62.2731%; text-align: center;\">800*1250*2100mm<\/td>\n<\/tr>\n<\/tbody>\n<\/table>\n<h3 data-start=\"243\" data-end=\"563\"><strong>Introducci\u00f3n De Producto<\/strong><\/h3>\n<p data-start=\"243\" data-end=\"563\">Los ingenieros dise\u00f1aron el <strong>ZM10TY PCB punching<\/strong> machine to deliver fast, accurate, and safe depaneling of Flexible Printed Circuits (FPCs) and Printed Circuit Board Assemblies (PCBAs). Built to handle high-throughput environments, it can process 6\u20138 boards per minute with excellent surface uniformity and minimal stress on components.<\/p>\n<p data-start=\"565\" data-end=\"980\">This advanced solution operates with low noise and produces no dust, reducing environmental impact and making it suitable for cleanroom applications. Powered by compressed air, the <strong data-start=\"746\" data-end=\"769\">ZM10TY PCB punching<\/strong> system is both energy-efficient and operator-friendly. It features a lower die with automatic entry and exit, protected by a safety light curtain and a safety door to ensure full compliance with safety standards.<\/p>\n<p data-start=\"982\" data-end=\"1103\">\u2705 Flat, burr-free cuts<br data-start=\"1004\" data-end=\"1007\" \/>\u2705 Low maintenance and energy cost<br data-start=\"1040\" data-end=\"1043\" \/>\u2705 Ideal for electronics, LED, and mobile device industries<\/p>\n<p data-start=\"1105\" data-end=\"1193\" data-is-last-node=\"\" data-is-only-node=\"\">\ud83d\udce9 Contact us now with your product photo\u2014we\u2019ll recommend the ideal solution right away!<\/p>\n<h2><strong>Preguntas frecuentes<\/strong><\/h2>\n<h3><strong>\u00bfQu\u00e9 servicios ofrecen?<\/strong><\/h3>\n<p>We provide one-stop automated PCB depaneling solutions: laser, routing, punching,g, and V-CUT.<\/p>\n<h3><strong>Puede que sus m\u00e1quinas se encargan de distintos espesores de los PCBs?\u00a0<\/strong><\/h3>\n<p>S\u00ed, nuestras m\u00e1quinas est\u00e1n dise\u00f1adas para el manejo de PCB espesores. Podemos proporcionar personalizaci\u00f3n y opciones para garantizar el buen tratamiento de los r\u00edgidos y flexibles de los tableros.<\/p>\n<h3><strong>\u00bfQu\u00e9 tipo de capacitaci\u00f3n se proporcionan para sus m\u00e1quinas?\u00a0<\/strong><\/h3>\n<p>Tenemos un completo sistema de entrenamiento en sitio, cubriendo el funcionamiento de la m\u00e1quina, el mantenimiento y la soluci\u00f3n de problemas. Tambi\u00e9n ofrecemos apoyo t\u00e9cnico continuo a trav\u00e9s de tel\u00e9fono y correo electr\u00f3nico.<\/p>\n<h3><strong>Lo que despu\u00e9s de la venta de servicios puede proporcionar?<\/strong><\/h3>\n<p>\u25cf Servicio exclusivo:<\/p>\n<p>Vamos a darle a los comentarios de los usuarios dentro de 10 minutos sobre los problemas que enfrentan al utilizar el dispositivo, y establecer un 1V1 exclusiva despu\u00e9s de la venta de grupo de servicio para los usuarios.<\/p>\n<p>\u25cf Servicio remoto:<\/p>\n<p>Proporcionar a los usuarios con un 7\/24 horas, basado en la retroalimentaci\u00f3n de informaci\u00f3n de fallo, analizar, localizar y solucionar el fallo remoto a trav\u00e9s de soporte telef\u00f3nico, remoto de inicio de sesi\u00f3n, y otros m\u00e9todos.<\/p>\n<p>\u25cf Servicio en el sitio:<\/p>\n<p>Arrive at the work site within 8 hours and solve the problem within 1 working day. 2-4 days of training on equipment safety, operation, and application. Any breach of contract will be handled by the contract provisions.<\/p>\n<p>\u25cf Lugares de servicio:<\/p>\n<p>Tenemos las ventas y el servicio en 31 pa\u00edses y regiones de ultramar, de responder a los clientes actuales y futuras necesidades tan pronto como sea posible.<\/p>\n<p>\u25cf Servicio de referencia:<\/p>\n<p>Llamada de seguimiento despu\u00e9s de cada visita; tutoriales de v\u00eddeo + tel\u00e9fono de orientaci\u00f3n al reemplazo de las piezas y el mantenimiento de los equipos; libre de seguimiento del mes de diciembre de cada a\u00f1o. Continuamos para recoger sugerencias de los usuarios, la actualizaci\u00f3n continua y recorrer el software, de mejorar la calidad de la producci\u00f3n y la eficiencia, y proporcionar mantenimiento de por vida.<\/p>\n<h3><strong>\u00c1reas De Aplicaci\u00f3n<\/strong><\/h3>\n<p>Nuestro PWB depaneling soluciones son ampliamente utilizados en las industrias que requieren de alta precisi\u00f3n y alta eficiencia de la junta de separaci\u00f3n.<\/p>\n<p><strong>La clave de las \u00e1reas de aplicaci\u00f3n incluyen:<\/strong><\/p>\n<ul>\n<li>Electr\u00f3nica de consumo \u2013 Smartphones, tablets, laptops, y wearables.<\/li>\n<li>Electr\u00f3nica automotriz \u2013 Pcb para ADAS, sistemas de informaci\u00f3n y entretenimiento, y EV componentes.<\/li>\n<li>Dispositivos m\u00e9dicos \u2013 Precisi\u00f3n de la electr\u00f3nica en el diagn\u00f3stico y seguimiento del equipo.<\/li>\n<li>De telecomunicaciones de la Red y de hardware de comunicaci\u00f3n.<\/li>\n<li>Electr\u00f3nica Industrial \u2013 sistemas de Control, equipos de automatizaci\u00f3n y dispositivos IoT.<\/li>\n<li>Aeroespacial y de Defensa de la Alto-confiabilidad Pcb para la avi\u00f3nica y aplicaciones militares.<\/li>\n<\/ul>","protected":false},"excerpt":{"rendered":"<p>El <strong>ZM10TY\/15TY PCB &amp; FPC Punching Cutting Machine<\/strong> offers a high-efficiency solution for precision processing of FPCs and PCBAs. Capable of dividing 6\u20138 pieces per minute, it delivers flat, uniform results with low noise, no dust, and minimal energy consumption using compressed air. Its design ensures low operator labor intensity, while safety features such as a light curtain and safety door provide maximum protection. Trusted by top 500 companies worldwide, it\u2019s a reliable, eco-friendly choice for modern electronics manufacturing.<\/p>","protected":false},"featured_media":1533,"comment_status":"open","ping_status":"closed","template":"","meta":[],"product_brand":[],"product_cat":[27],"product_tag":[90],"class_list":{"0":"post-1022","1":"product","2":"type-product","3":"status-publish","4":"has-post-thumbnail","6":"product_cat-fpc-punching-machine","7":"product_tag-zm10ty-pcb-punching","9":"first","10":"instock","11":"shipping-taxable","12":"product-type-simple"},"yoast_head":"<!-- This site is optimized with the Yoast SEO plugin v25.7 - https:\/\/yoast.com\/wordpress\/plugins\/seo\/ -->\n<title>ZM10TY\/15TY PCB Punching Machine \u2013 Superior Speed<\/title>\n<meta name=\"description\" content=\"ZM10TY\/15TY PCB\/FPC Punching Cutting Machine ensures fast, accurate, and reliable depaneling for complex circuit board applications.\" \/>\n<meta name=\"robots\" content=\"index, follow, max-snippet:-1, max-image-preview:large, max-video-preview:-1\" \/>\n<link rel=\"canonical\" href=\"https:\/\/seprays.com\/es\/producto\/zm10ty-15ty-pcb-fpc-punching-cutting-machine\/\" \/>\n<meta property=\"og:locale\" content=\"es_ES\" \/>\n<meta property=\"og:type\" content=\"article\" \/>\n<meta property=\"og:title\" content=\"ZM10TY\/15TY PCB Punching Machine \u2013 Superior Speed\" \/>\n<meta property=\"og:description\" content=\"ZM10TY\/15TY PCB\/FPC Punching Cutting Machine ensures fast, accurate, and reliable depaneling for complex circuit board applications.\" \/>\n<meta property=\"og:url\" content=\"https:\/\/seprays.com\/es\/producto\/zm10ty-15ty-pcb-fpc-punching-cutting-machine\/\" \/>\n<meta property=\"og:site_name\" content=\"Seprays\" \/>\n<meta property=\"article:modified_time\" content=\"2025-12-23T08:07:36+00:00\" \/>\n<meta property=\"og:image\" content=\"https:\/\/seprays.com\/wp-content\/uploads\/2025\/04\/111-11-e1753257936410.jpg\" \/>\n\t<meta property=\"og:image:width\" content=\"480\" \/>\n\t<meta property=\"og:image:height\" content=\"480\" \/>\n\t<meta property=\"og:image:type\" content=\"image\/jpeg\" \/>\n<meta name=\"twitter:card\" content=\"summary_large_image\" \/>\n<meta name=\"twitter:label1\" content=\"Tiempo de lectura\" \/>\n\t<meta name=\"twitter:data1\" content=\"4 minutos\" \/>\n<script type=\"application\/ld+json\" class=\"yoast-schema-graph\">{\"@context\":\"https:\/\/schema.org\",\"@graph\":[{\"@type\":\"WebPage\",\"@id\":\"https:\/\/seprays.com\/product\/zm10ty-15ty-pcb-fpc-punching-cutting-machine\/\",\"url\":\"https:\/\/seprays.com\/product\/zm10ty-15ty-pcb-fpc-punching-cutting-machine\/\",\"name\":\"ZM10TY\/15TY PCB Punching Machine \u2013 Superior Speed\",\"isPartOf\":{\"@id\":\"https:\/\/seprays.com\/#website\"},\"primaryImageOfPage\":{\"@id\":\"https:\/\/seprays.com\/product\/zm10ty-15ty-pcb-fpc-punching-cutting-machine\/#primaryimage\"},\"image\":{\"@id\":\"https:\/\/seprays.com\/product\/zm10ty-15ty-pcb-fpc-punching-cutting-machine\/#primaryimage\"},\"thumbnailUrl\":\"https:\/\/seprays.com\/wp-content\/uploads\/2025\/04\/111-11-e1753257936410.jpg\",\"datePublished\":\"2025-04-18T03:49:21+00:00\",\"dateModified\":\"2025-12-23T08:07:36+00:00\",\"description\":\"ZM10TY\/15TY PCB\/FPC Punching Cutting Machine ensures fast, accurate, and reliable depaneling for complex circuit board applications.\",\"breadcrumb\":{\"@id\":\"https:\/\/seprays.com\/product\/zm10ty-15ty-pcb-fpc-punching-cutting-machine\/#breadcrumb\"},\"inLanguage\":\"es\",\"potentialAction\":[{\"@type\":\"ReadAction\",\"target\":[\"https:\/\/seprays.com\/product\/zm10ty-15ty-pcb-fpc-punching-cutting-machine\/\"]}]},{\"@type\":\"ImageObject\",\"inLanguage\":\"es\",\"@id\":\"https:\/\/seprays.com\/product\/zm10ty-15ty-pcb-fpc-punching-cutting-machine\/#primaryimage\",\"url\":\"https:\/\/seprays.com\/wp-content\/uploads\/2025\/04\/111-11-e1753257936410.jpg\",\"contentUrl\":\"https:\/\/seprays.com\/wp-content\/uploads\/2025\/04\/111-11-e1753257936410.jpg\",\"width\":480,\"height\":480,\"caption\":\"ZM15TY PCB\/FPC Punching Cutting Machine\"},{\"@type\":\"BreadcrumbList\",\"@id\":\"https:\/\/seprays.com\/product\/zm10ty-15ty-pcb-fpc-punching-cutting-machine\/#breadcrumb\",\"itemListElement\":[{\"@type\":\"ListItem\",\"position\":1,\"name\":\"\u9996\u9875\",\"item\":\"https:\/\/seprays.com\/\"},{\"@type\":\"ListItem\",\"position\":2,\"name\":\"\u5546\u5e97\",\"item\":\"https:\/\/seprays.com\/shop\/\"},{\"@type\":\"ListItem\",\"position\":3,\"name\":\"ZM10TY\/15TY PCB\/FPC Punching Cutting Machine\"}]},{\"@type\":\"WebSite\",\"@id\":\"https:\/\/seprays.com\/#website\",\"url\":\"https:\/\/seprays.com\/\",\"name\":\"Seprays : PCBA Router Depaneling,PCB\/FPC Laser Depaneling,V-Groove Saw Depaneling\",\"description\":\"\",\"publisher\":{\"@id\":\"https:\/\/seprays.com\/#organization\"},\"potentialAction\":[{\"@type\":\"SearchAction\",\"target\":{\"@type\":\"EntryPoint\",\"urlTemplate\":\"https:\/\/seprays.com\/?s={search_term_string}\"},\"query-input\":{\"@type\":\"PropertyValueSpecification\",\"valueRequired\":true,\"valueName\":\"search_term_string\"}}],\"inLanguage\":\"es\"},{\"@type\":\"Organization\",\"@id\":\"https:\/\/seprays.com\/#organization\",\"name\":\"Seprays : PCBA Router Depaneling,PCB\/FPC Laser Depaneling,V-Groove Saw Depaneling\",\"url\":\"https:\/\/seprays.com\/\",\"logo\":{\"@type\":\"ImageObject\",\"inLanguage\":\"es\",\"@id\":\"https:\/\/seprays.com\/#\/schema\/logo\/image\/\",\"url\":\"https:\/\/seprays.com\/wp-content\/uploads\/2025\/04\/seprays\uff08\u5e26\u63cf\u8fb9\uff09.png\",\"contentUrl\":\"https:\/\/seprays.com\/wp-content\/uploads\/2025\/04\/seprays\uff08\u5e26\u63cf\u8fb9\uff09.png\",\"width\":350,\"height\":100,\"caption\":\"Seprays : PCBA Router Depaneling,PCB\/FPC Laser Depaneling,V-Groove Saw Depaneling\"},\"image\":{\"@id\":\"https:\/\/seprays.com\/#\/schema\/logo\/image\/\"}}]}<\/script>\n<!-- \/ Yoast SEO plugin. -->","yoast_head_json":{"title":"ZM10TY\/15TY PCB Punching Machine \u2013 Superior Speed","description":"ZM10TY\/15TY PCB\/FPC Punching Cutting Machine ensures fast, accurate, and reliable depaneling for complex circuit board applications.","robots":{"index":"index","follow":"follow","max-snippet":"max-snippet:-1","max-image-preview":"max-image-preview:large","max-video-preview":"max-video-preview:-1"},"canonical":"https:\/\/seprays.com\/es\/producto\/zm10ty-15ty-pcb-fpc-punching-cutting-machine\/","og_locale":"es_ES","og_type":"article","og_title":"ZM10TY\/15TY PCB Punching Machine \u2013 Superior Speed","og_description":"ZM10TY\/15TY PCB\/FPC Punching Cutting Machine ensures fast, accurate, and reliable depaneling for complex circuit board applications.","og_url":"https:\/\/seprays.com\/es\/producto\/zm10ty-15ty-pcb-fpc-punching-cutting-machine\/","og_site_name":"Seprays","article_modified_time":"2025-12-23T08:07:36+00:00","og_image":[{"width":480,"height":480,"url":"https:\/\/seprays.com\/wp-content\/uploads\/2025\/04\/111-11-e1753257936410.jpg","type":"image\/jpeg"}],"twitter_card":"summary_large_image","twitter_misc":{"Tiempo de lectura":"4 minutos"},"schema":{"@context":"https:\/\/schema.org","@graph":[{"@type":"WebPage","@id":"https:\/\/seprays.com\/product\/zm10ty-15ty-pcb-fpc-punching-cutting-machine\/","url":"https:\/\/seprays.com\/product\/zm10ty-15ty-pcb-fpc-punching-cutting-machine\/","name":"ZM10TY\/15TY PCB Punching Machine \u2013 Superior Speed","isPartOf":{"@id":"https:\/\/seprays.com\/#website"},"primaryImageOfPage":{"@id":"https:\/\/seprays.com\/product\/zm10ty-15ty-pcb-fpc-punching-cutting-machine\/#primaryimage"},"image":{"@id":"https:\/\/seprays.com\/product\/zm10ty-15ty-pcb-fpc-punching-cutting-machine\/#primaryimage"},"thumbnailUrl":"https:\/\/seprays.com\/wp-content\/uploads\/2025\/04\/111-11-e1753257936410.jpg","datePublished":"2025-04-18T03:49:21+00:00","dateModified":"2025-12-23T08:07:36+00:00","description":"ZM10TY\/15TY PCB\/FPC Punching Cutting Machine ensures fast, accurate, and reliable depaneling for complex circuit board applications.","breadcrumb":{"@id":"https:\/\/seprays.com\/product\/zm10ty-15ty-pcb-fpc-punching-cutting-machine\/#breadcrumb"},"inLanguage":"es","potentialAction":[{"@type":"ReadAction","target":["https:\/\/seprays.com\/product\/zm10ty-15ty-pcb-fpc-punching-cutting-machine\/"]}]},{"@type":"ImageObject","inLanguage":"es","@id":"https:\/\/seprays.com\/product\/zm10ty-15ty-pcb-fpc-punching-cutting-machine\/#primaryimage","url":"https:\/\/seprays.com\/wp-content\/uploads\/2025\/04\/111-11-e1753257936410.jpg","contentUrl":"https:\/\/seprays.com\/wp-content\/uploads\/2025\/04\/111-11-e1753257936410.jpg","width":480,"height":480,"caption":"ZM15TY PCB\/FPC Punching Cutting Machine"},{"@type":"BreadcrumbList","@id":"https:\/\/seprays.com\/product\/zm10ty-15ty-pcb-fpc-punching-cutting-machine\/#breadcrumb","itemListElement":[{"@type":"ListItem","position":1,"name":"\u9996\u9875","item":"https:\/\/seprays.com\/"},{"@type":"ListItem","position":2,"name":"\u5546\u5e97","item":"https:\/\/seprays.com\/shop\/"},{"@type":"ListItem","position":3,"name":"ZM10TY\/15TY PCB\/FPC Punching Cutting Machine"}]},{"@type":"WebSite","@id":"https:\/\/seprays.com\/#website","url":"https:\/\/seprays.com\/","name":"Seprays : PCBA Router Depaneling,PCB\/FPC Laser Depaneling,V-Groove Saw Depaneling","description":"","publisher":{"@id":"https:\/\/seprays.com\/#organization"},"potentialAction":[{"@type":"SearchAction","target":{"@type":"EntryPoint","urlTemplate":"https:\/\/seprays.com\/?s={search_term_string}"},"query-input":{"@type":"PropertyValueSpecification","valueRequired":true,"valueName":"search_term_string"}}],"inLanguage":"es"},{"@type":"Organization","@id":"https:\/\/seprays.com\/#organization","name":"Seprays : PCBA Router Depaneling,PCB\/FPC Laser Depaneling,V-Groove Saw Depaneling","url":"https:\/\/seprays.com\/","logo":{"@type":"ImageObject","inLanguage":"es","@id":"https:\/\/seprays.com\/#\/schema\/logo\/image\/","url":"https:\/\/seprays.com\/wp-content\/uploads\/2025\/04\/seprays\uff08\u5e26\u63cf\u8fb9\uff09.png","contentUrl":"https:\/\/seprays.com\/wp-content\/uploads\/2025\/04\/seprays\uff08\u5e26\u63cf\u8fb9\uff09.png","width":350,"height":100,"caption":"Seprays : PCBA Router Depaneling,PCB\/FPC Laser Depaneling,V-Groove Saw Depaneling"},"image":{"@id":"https:\/\/seprays.com\/#\/schema\/logo\/image\/"}}]}},"_links":{"self":[{"href":"https:\/\/seprays.com\/es\/wp-json\/wp\/v2\/product\/1022","targetHints":{"allow":["GET"]}}],"collection":[{"href":"https:\/\/seprays.com\/es\/wp-json\/wp\/v2\/product"}],"about":[{"href":"https:\/\/seprays.com\/es\/wp-json\/wp\/v2\/types\/product"}],"replies":[{"embeddable":true,"href":"https:\/\/seprays.com\/es\/wp-json\/wp\/v2\/comments?post=1022"}],"wp:featuredmedia":[{"embeddable":true,"href":"https:\/\/seprays.com\/es\/wp-json\/wp\/v2\/media\/1533"}],"wp:attachment":[{"href":"https:\/\/seprays.com\/es\/wp-json\/wp\/v2\/media?parent=1022"}],"wp:term":[{"taxonomy":"product_brand","embeddable":true,"href":"https:\/\/seprays.com\/es\/wp-json\/wp\/v2\/product_brand?post=1022"},{"taxonomy":"product_cat","embeddable":true,"href":"https:\/\/seprays.com\/es\/wp-json\/wp\/v2\/product_cat?post=1022"},{"taxonomy":"product_tag","embeddable":true,"href":"https:\/\/seprays.com\/es\/wp-json\/wp\/v2\/product_tag?post=1022"}],"curies":[{"name":"wp","href":"https:\/\/api.w.org\/{rel}","templated":true}]}}