{"id":1024,"date":"2025-04-18T03:56:51","date_gmt":"2025-04-18T03:56:51","guid":{"rendered":"https:\/\/seprays.com\/?post_type=product&#038;p=1024"},"modified":"2025-12-23T08:26:40","modified_gmt":"2025-12-23T08:26:40","slug":"zam300at-pcb-fpc-laser-cutting-machine","status":"publish","type":"product","link":"https:\/\/seprays.com\/es\/producto\/zam300at-pcb-fpc-laser-cutting-machine\/","title":{"rendered":"ZAM300AT PCB\/FPC Laser Cutting Machine"},"content":{"rendered":"<table style=\"border-collapse: collapse; width: 100%; height: 552px;\">\n<tbody>\n<tr class=\"firstRow\" style=\"height: 23px;\">\n<th style=\"width: 16.101%; text-align: center; height: 23px;\" width=\"201\">Modelo<\/th>\n<th style=\"width: 83.82%; text-align: center; height: 23px;\">ZAM300AT<\/th>\n<\/tr>\n<tr style=\"height: 23px;\">\n<td style=\"width: 16.101%; text-align: center; height: 23px;\" width=\"201\">V\u00e1lido de corte tama\u00f1o<\/td>\n<td style=\"width: 83.82%; text-align: center; height: 23px;\">350*350 mm<\/td>\n<\/tr>\n<tr style=\"height: 23px;\">\n<td style=\"width: 16.101%; text-align: center; height: 23px;\" width=\"201\">La funci\u00f3n de corte<\/td>\n<td style=\"width: 83.82%; text-align: center; height: 23px;\">La interpolaci\u00f3n de la l\u00ednea recta, en forma de L, en forma de U, C\u00edrculo, Arco<\/td>\n<\/tr>\n<tr style=\"height: 23px;\">\n<td style=\"width: 16.101%; text-align: center; height: 23px;\" width=\"201\">Tabla de proceso<\/td>\n<td style=\"width: 83.82%; text-align: center; height: 23px;\">solo<\/td>\n<\/tr>\n<tr style=\"height: 23px;\">\n<td style=\"width: 16.101%; text-align: center; height: 23px;\" width=\"201\">Precisi\u00f3n de repetici\u00f3n<\/td>\n<td style=\"width: 83.82%; text-align: center; height: 23px;\">\u00b13\u00b5m<\/td>\n<\/tr>\n<tr style=\"height: 23px;\">\n<td style=\"width: 16.101%; text-align: center; height: 23px;\" width=\"201\">Precisi\u00f3n de corte<\/td>\n<td style=\"width: 83.82%; text-align: center; height: 23px;\">\u00b120\u00b5m<\/td>\n<\/tr>\n<tr style=\"height: 23px;\">\n<td style=\"width: 16.101%; text-align: center; height: 23px;\" width=\"201\">Temperatura Del Ambiente<\/td>\n<td style=\"width: 83.82%; text-align: center; height: 23px;\">22\u2103\u00b12\u2103(71.6\u2109\u00b12\u2109)<\/td>\n<\/tr>\n<tr style=\"height: 23px;\">\n<td style=\"width: 16.101%; text-align: center; height: 23px;\">Longitud de onda del l\u00e1ser<\/td>\n<td style=\"width: 83.82%; text-align: center; height: 23px;\">355nm\/532nm<\/td>\n<\/tr>\n<tr style=\"height: 23px;\">\n<td style=\"width: 16.101%; text-align: center; height: 23px;\" width=\"201\">Plataforma<\/td>\n<td style=\"width: 83.82%; text-align: center; height: 23px;\">mesa de granito<\/td>\n<\/tr>\n<tr style=\"height: 23px;\">\n<td style=\"width: 16.101%; text-align: center; height: 23px;\">Alimentaci\u00f3n autom\u00e1tica<\/td>\n<td style=\"width: 83.82%; text-align: center; height: 23px;\">3-el Paso de la pista de transferencia de<\/td>\n<\/tr>\n<tr style=\"height: 23px;\">\n<td style=\"width: 16.101%; text-align: center; height: 23px;\" width=\"201\">Recibir Datos De Forma<\/td>\n<td style=\"width: 83.82%; text-align: center; height: 23px;\">Gerber, HPGL, Sieb &amp; Meier, Excellon, ODB++<\/td>\n<\/tr>\n<tr style=\"height: 23px;\">\n<td style=\"width: 16.101%; text-align: center; height: 23px;\" width=\"201\">Sistema de la operaci\u00f3n<\/td>\n<td style=\"width: 83.82%; text-align: center; height: 23px;\">Windows 7 \/ Windows 10<\/td>\n<\/tr>\n<tr style=\"height: 91px;\">\n<td style=\"width: 16.101%; text-align: center; height: 91px;\" width=\"201\">Diana lee<\/td>\n<td style=\"width: 83.82%; text-align: center; height: 91px;\">CCD automatic target cap. The target shape is irregular.<\/p>\n<p>No Target, DIL is required. Modules<\/td>\n<\/tr>\n<tr style=\"height: 23px;\">\n<td style=\"width: 16.101%; text-align: center; height: 23px;\" width=\"201\">Software de corte<\/td>\n<td style=\"width: 83.82%; text-align: center; height: 23px;\">DreamCreaTor<\/td>\n<\/tr>\n<tr style=\"height: 23px;\">\n<td style=\"width: 16.101%; text-align: center; height: 23px;\" width=\"201\">Software de procesamiento de datos<\/td>\n<td style=\"width: 83.82%; text-align: center; height: 23px;\">CircuitCAM 7<\/td>\n<\/tr>\n<tr style=\"height: 23px;\">\n<td style=\"width: 16.101%; text-align: center; height: 23px;\" width=\"201\">XYZ-eje en el modo de conducci\u00f3n<\/td>\n<td style=\"width: 83.82%; text-align: center; height: 23px;\">lineal +servo motor<\/td>\n<\/tr>\n<tr style=\"height: 23px;\">\n<td style=\"width: 16.101%; text-align: center; height: 23px;\" width=\"201\">Voltaje\/Potencia requerida<\/td>\n<td style=\"width: 83.82%; text-align: center; height: 23px;\">AC380V 50\/60Hz 2,5 KW trif\u00e1sico<\/td>\n<\/tr>\n<tr style=\"height: 47px;\">\n<td style=\"width: 16.101%; text-align: center; height: 47px;\" width=\"201\">Presi\u00f3n neum\u00e1tica requisito<\/td>\n<td style=\"width: 83.82%; text-align: center; height: 47px;\">0.6 MPa\uff0c50L\/min<\/td>\n<\/tr>\n<tr style=\"height: 23px;\">\n<td style=\"width: 16.101%; text-align: center; height: 23px;\" width=\"201\">Dimensiones(W*D*H)<\/td>\n<td style=\"width: 83.82%; text-align: center; height: 23px;\">940mm x 1,720 mm x 1650 mm<\/td>\n<\/tr>\n<tr style=\"height: 23px;\">\n<td style=\"width: 16.101%; text-align: center; height: 23px;\" width=\"201\">Peso<\/td>\n<td style=\"width: 83.82%; text-align: center; height: 23px;\">1500KG<\/td>\n<\/tr>\n<\/tbody>\n<\/table>\n<h3><strong>Introducci\u00f3n De Producto<\/strong><\/h3>\n<p>With a maximum processing size of 350x350mm, this compact machine can be quickly integrated into SMT production lines. By accommodating different product jigs, the standard three-stage track loading and unloading mechanism allows for easy switching between different products.<\/p>\n<p>Safe and reliable, it complies with Chinese and EU electrical standards, and the fully enclosed processing area ensures safety during processing.<\/p>\n<p>You can integrate it into the factory&#8217;s MES system to achieve full-process production control based on production needs.<\/p>\n<p>It features a standard in-line track for quick access, offering outstanding advantages such as contact-free, stress-free, low-dust, fast and flexible operation, and high energy efficiency.<\/p>\n<p>The laser precision cutting machine offers high precision and can meet various panel separation requirements, including full-cut, breakpoint cutting, stamp hole cutting, and V-cut cutting. The product is free of pattern restrictions and will not cause deformation.<\/p>\n<p>It is suitable for high-end precision applications, resulting in burr-free, smooth, and neatly processed products.<\/p>\n<h3><strong>Caracter\u00edsticas<\/strong><\/h3>\n<h4><strong>CCD Vision Automatic Calibration System<\/strong><\/h4>\n<ul>\n<li>Equipped with a high-speed CCD vision automatic calibration system<\/li>\n<li>Cutting path simulation assists programming, ensuring accurate cutting paths<\/li>\n<li>Full-sheet scanning and offline programming improve path editing efficiency<\/li>\n<\/ul>\n<h4><strong>Maintenance reminders<\/strong><\/h4>\n<ul>\n<li>Settable maintenance schedules<\/li>\n<li>Dust filter bag cleaning schedules<\/li>\n<li>Timed reminders for operator maintenance<\/li>\n<\/ul>\n<h4><strong>Laser height measurement<\/strong><\/h4>\n<ul>\n<li>Adding a laser height measurement module verifies the correct height of the PCBA when it is placed in the jig, preventing misalignment and damage during separation due to improper placement of the PCBA or small board fragments in the jig.<\/li>\n<\/ul>\n<h4><strong>Barcode Reading<\/strong><\/h4>\n<ul>\n<li>The barcode camera can dynamically capture and recognize QR codes at any position.<\/li>\n<li>Adding a barcode reader allows barcodes on PCBAs to be recorded in a computer, or the MES system can receive server messages to identify bad board barcodes for sorting.<\/li>\n<\/ul>\n<h4><strong>High utilization rate<\/strong><\/h4>\n<ul>\n<li>With over 30 years of independent software development, the separation machine utilizes stable and reliable software, eliminating board defects.<\/li>\n<\/ul>\n<h4><strong>Centralized Control System Management<\/strong><\/h4>\n<ul>\n<li>Optional central control system: Centralized management and real-time monitoring via network IP<\/li>\n<li>Remote device unified management: Remote monitoring via mobile app<\/li>\n<\/ul>\n<h3><strong>Aplicaci\u00f3n De Casos<\/strong><\/h3>\n<p><img fetchpriority=\"high\" decoding=\"async\" class=\"alignnone size-full wp-image-3033\" src=\"https:\/\/seprays.com\/wp-content\/uploads\/2025\/04\/Application-Cases-4.jpg\" alt=\"Application Cases\" width=\"800\" height=\"468\" srcset=\"https:\/\/seprays.com\/wp-content\/uploads\/2025\/04\/Application-Cases-4.jpg 800w, https:\/\/seprays.com\/wp-content\/uploads\/2025\/04\/Application-Cases-4-480x281.jpg 480w, https:\/\/seprays.com\/wp-content\/uploads\/2025\/04\/Application-Cases-4-300x176.jpg 300w, https:\/\/seprays.com\/wp-content\/uploads\/2025\/04\/Application-Cases-4-768x449.jpg 768w, https:\/\/seprays.com\/wp-content\/uploads\/2025\/04\/Application-Cases-4-18x12.jpg 18w\" sizes=\"(max-width: 800px) 100vw, 800px\" \/><\/p>\n<p data-start=\"278\" data-end=\"631\">SEPRAYS purpose-built the <strong>ZAM300AT laser cutter machine<\/strong> as an advanced, inline PCBA laser depaneling system to deliver high-precision cuts for a wide range of board designs. With a maximum working area of 350 x 350mm, it supports large-format PCBA depaneling while maintaining a compact footprint, making it easy to integrate directly into SMT production lines.<\/p>\n<p data-start=\"633\" data-end=\"1042\">Thanks to its 3-step track inline feeding system, the ZAM300AT allows for quick product changeovers with minimal manual intervention. From rigid to flexible PCBs of any shape, this machine ensures clean, burr-free edges with minimal mechanical stress, improving board integrity and yield. The closed cutting area enhances operator safety, while the standardized interface allows seamless MES system integration.<\/p>\n<p data-start=\"1044\" data-end=\"1282\">El <strong>ZAM300AT laser cutter machine<\/strong> supports multiple laser types (UV 15W\u201325W, Green 35W\u201360W), offering unmatched adaptability. Optional modules include a laser height sensor, barcode reader, and power detection system for intelligent monitoring.<\/p>\n<p data-start=\"1284\" data-end=\"1394\" data-is-last-node=\"\" data-is-only-node=\"\"><img decoding=\"async\" class=\"emoji ls-is-cached lazyloaded\" role=\"img\" draggable=\"false\" src=\"https:\/\/s.w.org\/images\/core\/emoji\/16.0.1\/svg\/1f4e9.svg\" alt=\"\ud83d\udce9\" data-src=\"https:\/\/s.w.org\/images\/core\/emoji\/16.0.1\/svg\/1f4e9.svg\" \/>\u00a0Contact us now and discover why over 3,000 leading companies trust SEPRAYS for their PCB depaneling needs.<\/p>","protected":false},"excerpt":{"rendered":"<p>El <strong>ZAM300AT\u00a0inline PCBA laser depaneling equipment<\/strong> features a compact track inline design with a maximum working area of <strong>350 x 350mm<\/strong>, making it ideal for cutting any PCBA shape while seamlessly integrating into SMT production lines. With its <strong>3-step inline feeding system<\/strong>, fast tool switching, and intuitive operation, it ensures high efficiency and flexibility. Built with a <strong>closed safety design<\/strong> y <strong>MES system integration<\/strong>, it delivers stable, reliable, and smart manufacturing performance\u2014perfect for modern electronics production.<\/p>","protected":false},"featured_media":1025,"comment_status":"open","ping_status":"closed","template":"","meta":[],"product_brand":[],"product_cat":[24],"product_tag":[180],"class_list":{"0":"post-1024","1":"product","2":"type-product","3":"status-publish","4":"has-post-thumbnail","6":"product_cat-pcb-laser-depaneling","7":"product_tag-zam300at","9":"first","10":"instock","11":"shipping-taxable","12":"product-type-simple"},"yoast_head":"<!-- This site is optimized with the Yoast SEO plugin v25.7 - https:\/\/yoast.com\/wordpress\/plugins\/seo\/ -->\n<title>ZAM300AT PCB\/FPC Laser Cutting Machine \u2013 Ultimate Precision<\/title>\n<meta name=\"description\" content=\"Achieve ultimate precision with the ZAM300AT PCB\/FPC Laser Cutting Machine, ensuring efficient, accurate, and reliable cutting for electronics production.\" \/>\n<meta name=\"robots\" content=\"index, follow, max-snippet:-1, max-image-preview:large, max-video-preview:-1\" \/>\n<link rel=\"canonical\" href=\"https:\/\/seprays.com\/es\/producto\/zam300at-pcb-fpc-laser-cutting-machine\/\" \/>\n<meta property=\"og:locale\" content=\"es_ES\" \/>\n<meta property=\"og:type\" content=\"article\" \/>\n<meta property=\"og:title\" content=\"ZAM300AT PCB\/FPC Laser Cutting Machine \u2013 Ultimate Precision\" \/>\n<meta property=\"og:description\" content=\"Achieve ultimate precision with the ZAM300AT PCB\/FPC Laser Cutting Machine, ensuring efficient, accurate, and reliable cutting for electronics production.\" \/>\n<meta property=\"og:url\" content=\"https:\/\/seprays.com\/es\/producto\/zam300at-pcb-fpc-laser-cutting-machine\/\" \/>\n<meta property=\"og:site_name\" content=\"Seprays\" \/>\n<meta property=\"article:modified_time\" content=\"2025-12-23T08:26:40+00:00\" \/>\n<meta property=\"og:image\" content=\"https:\/\/seprays.com\/wp-content\/uploads\/2025\/04\/1-6-e1753150827907.jpg\" \/>\n\t<meta property=\"og:image:width\" content=\"480\" \/>\n\t<meta property=\"og:image:height\" content=\"480\" \/>\n\t<meta property=\"og:image:type\" content=\"image\/jpeg\" \/>\n<meta name=\"twitter:card\" content=\"summary_large_image\" \/>\n<meta name=\"twitter:label1\" content=\"Tiempo de lectura\" \/>\n\t<meta name=\"twitter:data1\" content=\"4 minutos\" \/>\n<script type=\"application\/ld+json\" class=\"yoast-schema-graph\">{\"@context\":\"https:\/\/schema.org\",\"@graph\":[{\"@type\":\"WebPage\",\"@id\":\"https:\/\/seprays.com\/product\/zam300at-pcb-fpc-laser-cutting-machine\/\",\"url\":\"https:\/\/seprays.com\/product\/zam300at-pcb-fpc-laser-cutting-machine\/\",\"name\":\"ZAM300AT PCB\/FPC Laser Cutting Machine \u2013 Ultimate Precision\",\"isPartOf\":{\"@id\":\"https:\/\/seprays.com\/#website\"},\"primaryImageOfPage\":{\"@id\":\"https:\/\/seprays.com\/product\/zam300at-pcb-fpc-laser-cutting-machine\/#primaryimage\"},\"image\":{\"@id\":\"https:\/\/seprays.com\/product\/zam300at-pcb-fpc-laser-cutting-machine\/#primaryimage\"},\"thumbnailUrl\":\"https:\/\/seprays.com\/wp-content\/uploads\/2025\/04\/1-6-e1753150827907.jpg\",\"datePublished\":\"2025-04-18T03:56:51+00:00\",\"dateModified\":\"2025-12-23T08:26:40+00:00\",\"description\":\"Achieve ultimate precision with the ZAM300AT PCB\/FPC Laser Cutting Machine, ensuring efficient, accurate, and reliable cutting for electronics production.\",\"breadcrumb\":{\"@id\":\"https:\/\/seprays.com\/product\/zam300at-pcb-fpc-laser-cutting-machine\/#breadcrumb\"},\"inLanguage\":\"es\",\"potentialAction\":[{\"@type\":\"ReadAction\",\"target\":[\"https:\/\/seprays.com\/product\/zam300at-pcb-fpc-laser-cutting-machine\/\"]}]},{\"@type\":\"ImageObject\",\"inLanguage\":\"es\",\"@id\":\"https:\/\/seprays.com\/product\/zam300at-pcb-fpc-laser-cutting-machine\/#primaryimage\",\"url\":\"https:\/\/seprays.com\/wp-content\/uploads\/2025\/04\/1-6-e1753150827907.jpg\",\"contentUrl\":\"https:\/\/seprays.com\/wp-content\/uploads\/2025\/04\/1-6-e1753150827907.jpg\",\"width\":480,\"height\":480,\"caption\":\"ZAM300AT PCB\/FPC Laser Cutting Machine\"},{\"@type\":\"BreadcrumbList\",\"@id\":\"https:\/\/seprays.com\/product\/zam300at-pcb-fpc-laser-cutting-machine\/#breadcrumb\",\"itemListElement\":[{\"@type\":\"ListItem\",\"position\":1,\"name\":\"\u9996\u9875\",\"item\":\"https:\/\/seprays.com\/\"},{\"@type\":\"ListItem\",\"position\":2,\"name\":\"\u5546\u5e97\",\"item\":\"https:\/\/seprays.com\/shop\/\"},{\"@type\":\"ListItem\",\"position\":3,\"name\":\"ZAM300AT PCB\/FPC Laser Cutting Machine\"}]},{\"@type\":\"WebSite\",\"@id\":\"https:\/\/seprays.com\/#website\",\"url\":\"https:\/\/seprays.com\/\",\"name\":\"Seprays : PCBA Router Depaneling,PCB\/FPC Laser Depaneling,V-Groove Saw Depaneling\",\"description\":\"\",\"publisher\":{\"@id\":\"https:\/\/seprays.com\/#organization\"},\"potentialAction\":[{\"@type\":\"SearchAction\",\"target\":{\"@type\":\"EntryPoint\",\"urlTemplate\":\"https:\/\/seprays.com\/?s={search_term_string}\"},\"query-input\":{\"@type\":\"PropertyValueSpecification\",\"valueRequired\":true,\"valueName\":\"search_term_string\"}}],\"inLanguage\":\"es\"},{\"@type\":\"Organization\",\"@id\":\"https:\/\/seprays.com\/#organization\",\"name\":\"Seprays : PCBA Router Depaneling,PCB\/FPC Laser Depaneling,V-Groove Saw Depaneling\",\"url\":\"https:\/\/seprays.com\/\",\"logo\":{\"@type\":\"ImageObject\",\"inLanguage\":\"es\",\"@id\":\"https:\/\/seprays.com\/#\/schema\/logo\/image\/\",\"url\":\"https:\/\/seprays.com\/wp-content\/uploads\/2025\/04\/seprays\uff08\u5e26\u63cf\u8fb9\uff09.png\",\"contentUrl\":\"https:\/\/seprays.com\/wp-content\/uploads\/2025\/04\/seprays\uff08\u5e26\u63cf\u8fb9\uff09.png\",\"width\":350,\"height\":100,\"caption\":\"Seprays : PCBA Router Depaneling,PCB\/FPC Laser Depaneling,V-Groove Saw Depaneling\"},\"image\":{\"@id\":\"https:\/\/seprays.com\/#\/schema\/logo\/image\/\"}}]}<\/script>\n<!-- \/ Yoast SEO plugin. -->","yoast_head_json":{"title":"ZAM300AT PCB\/FPC Laser Cutting Machine \u2013 Ultimate Precision","description":"Achieve ultimate precision with the ZAM300AT PCB\/FPC Laser Cutting Machine, ensuring efficient, accurate, and reliable cutting for electronics production.","robots":{"index":"index","follow":"follow","max-snippet":"max-snippet:-1","max-image-preview":"max-image-preview:large","max-video-preview":"max-video-preview:-1"},"canonical":"https:\/\/seprays.com\/es\/producto\/zam300at-pcb-fpc-laser-cutting-machine\/","og_locale":"es_ES","og_type":"article","og_title":"ZAM300AT PCB\/FPC Laser Cutting Machine \u2013 Ultimate Precision","og_description":"Achieve ultimate precision with the ZAM300AT PCB\/FPC Laser Cutting Machine, ensuring efficient, accurate, and reliable cutting for electronics production.","og_url":"https:\/\/seprays.com\/es\/producto\/zam300at-pcb-fpc-laser-cutting-machine\/","og_site_name":"Seprays","article_modified_time":"2025-12-23T08:26:40+00:00","og_image":[{"width":480,"height":480,"url":"https:\/\/seprays.com\/wp-content\/uploads\/2025\/04\/1-6-e1753150827907.jpg","type":"image\/jpeg"}],"twitter_card":"summary_large_image","twitter_misc":{"Tiempo de lectura":"4 minutos"},"schema":{"@context":"https:\/\/schema.org","@graph":[{"@type":"WebPage","@id":"https:\/\/seprays.com\/product\/zam300at-pcb-fpc-laser-cutting-machine\/","url":"https:\/\/seprays.com\/product\/zam300at-pcb-fpc-laser-cutting-machine\/","name":"ZAM300AT PCB\/FPC Laser Cutting Machine \u2013 Ultimate Precision","isPartOf":{"@id":"https:\/\/seprays.com\/#website"},"primaryImageOfPage":{"@id":"https:\/\/seprays.com\/product\/zam300at-pcb-fpc-laser-cutting-machine\/#primaryimage"},"image":{"@id":"https:\/\/seprays.com\/product\/zam300at-pcb-fpc-laser-cutting-machine\/#primaryimage"},"thumbnailUrl":"https:\/\/seprays.com\/wp-content\/uploads\/2025\/04\/1-6-e1753150827907.jpg","datePublished":"2025-04-18T03:56:51+00:00","dateModified":"2025-12-23T08:26:40+00:00","description":"Achieve ultimate precision with the ZAM300AT PCB\/FPC Laser Cutting Machine, ensuring efficient, accurate, and reliable cutting for electronics production.","breadcrumb":{"@id":"https:\/\/seprays.com\/product\/zam300at-pcb-fpc-laser-cutting-machine\/#breadcrumb"},"inLanguage":"es","potentialAction":[{"@type":"ReadAction","target":["https:\/\/seprays.com\/product\/zam300at-pcb-fpc-laser-cutting-machine\/"]}]},{"@type":"ImageObject","inLanguage":"es","@id":"https:\/\/seprays.com\/product\/zam300at-pcb-fpc-laser-cutting-machine\/#primaryimage","url":"https:\/\/seprays.com\/wp-content\/uploads\/2025\/04\/1-6-e1753150827907.jpg","contentUrl":"https:\/\/seprays.com\/wp-content\/uploads\/2025\/04\/1-6-e1753150827907.jpg","width":480,"height":480,"caption":"ZAM300AT PCB\/FPC Laser Cutting Machine"},{"@type":"BreadcrumbList","@id":"https:\/\/seprays.com\/product\/zam300at-pcb-fpc-laser-cutting-machine\/#breadcrumb","itemListElement":[{"@type":"ListItem","position":1,"name":"\u9996\u9875","item":"https:\/\/seprays.com\/"},{"@type":"ListItem","position":2,"name":"\u5546\u5e97","item":"https:\/\/seprays.com\/shop\/"},{"@type":"ListItem","position":3,"name":"ZAM300AT PCB\/FPC Laser Cutting Machine"}]},{"@type":"WebSite","@id":"https:\/\/seprays.com\/#website","url":"https:\/\/seprays.com\/","name":"Seprays : PCBA Router Depaneling,PCB\/FPC Laser Depaneling,V-Groove Saw Depaneling","description":"","publisher":{"@id":"https:\/\/seprays.com\/#organization"},"potentialAction":[{"@type":"SearchAction","target":{"@type":"EntryPoint","urlTemplate":"https:\/\/seprays.com\/?s={search_term_string}"},"query-input":{"@type":"PropertyValueSpecification","valueRequired":true,"valueName":"search_term_string"}}],"inLanguage":"es"},{"@type":"Organization","@id":"https:\/\/seprays.com\/#organization","name":"Seprays : PCBA Router Depaneling,PCB\/FPC Laser Depaneling,V-Groove Saw Depaneling","url":"https:\/\/seprays.com\/","logo":{"@type":"ImageObject","inLanguage":"es","@id":"https:\/\/seprays.com\/#\/schema\/logo\/image\/","url":"https:\/\/seprays.com\/wp-content\/uploads\/2025\/04\/seprays\uff08\u5e26\u63cf\u8fb9\uff09.png","contentUrl":"https:\/\/seprays.com\/wp-content\/uploads\/2025\/04\/seprays\uff08\u5e26\u63cf\u8fb9\uff09.png","width":350,"height":100,"caption":"Seprays : PCBA Router Depaneling,PCB\/FPC Laser Depaneling,V-Groove Saw Depaneling"},"image":{"@id":"https:\/\/seprays.com\/#\/schema\/logo\/image\/"}}]}},"_links":{"self":[{"href":"https:\/\/seprays.com\/es\/wp-json\/wp\/v2\/product\/1024","targetHints":{"allow":["GET"]}}],"collection":[{"href":"https:\/\/seprays.com\/es\/wp-json\/wp\/v2\/product"}],"about":[{"href":"https:\/\/seprays.com\/es\/wp-json\/wp\/v2\/types\/product"}],"replies":[{"embeddable":true,"href":"https:\/\/seprays.com\/es\/wp-json\/wp\/v2\/comments?post=1024"}],"wp:featuredmedia":[{"embeddable":true,"href":"https:\/\/seprays.com\/es\/wp-json\/wp\/v2\/media\/1025"}],"wp:attachment":[{"href":"https:\/\/seprays.com\/es\/wp-json\/wp\/v2\/media?parent=1024"}],"wp:term":[{"taxonomy":"product_brand","embeddable":true,"href":"https:\/\/seprays.com\/es\/wp-json\/wp\/v2\/product_brand?post=1024"},{"taxonomy":"product_cat","embeddable":true,"href":"https:\/\/seprays.com\/es\/wp-json\/wp\/v2\/product_cat?post=1024"},{"taxonomy":"product_tag","embeddable":true,"href":"https:\/\/seprays.com\/es\/wp-json\/wp\/v2\/product_tag?post=1024"}],"curies":[{"name":"wp","href":"https:\/\/api.w.org\/{rel}","templated":true}]}}