{"id":1104,"date":"2025-04-19T01:31:53","date_gmt":"2025-04-19T01:31:53","guid":{"rendered":"https:\/\/seprays.com\/?post_type=product&#038;p=1104"},"modified":"2025-12-23T08:04:52","modified_gmt":"2025-12-23T08:04:52","slug":"zm30-a-fully-automatic-in-line-v-groove-depaneling-machine","status":"publish","type":"product","link":"https:\/\/seprays.com\/es\/producto\/zm30-a-fully-automatic-in-line-v-groove-depaneling-machine\/","title":{"rendered":"ZM30-A Fully Automatic In-Line V-groove Depaneling Machine"},"content":{"rendered":"<table style=\"border-collapse: collapse; width: 100%;\">\n<tbody>\n<tr class=\"firstRow\">\n<th style=\"width: 32.7545%; text-align: center;\" width=\"160\"><span style=\"font-family: arial, helvetica, sans-serif;\">Modelo<\/span><\/th>\n<th style=\"width: 67.1665%; text-align: center;\" width=\"331\"><span style=\"font-family: arial, helvetica, sans-serif;\">ZM30-UN<\/span><\/th>\n<\/tr>\n<tr>\n<td style=\"width: 32.7545%; text-align: center;\" width=\"160\"><span style=\"font-family: arial, helvetica, sans-serif;\">Tama\u00f1o<\/span><\/td>\n<td style=\"width: 67.1665%; text-align: center;\" width=\"331\"><span style=\"font-family: arial, helvetica, sans-serif;\">1500*800*1500mm<\/span><\/td>\n<\/tr>\n<tr>\n<td style=\"width: 32.7545%; text-align: center;\" width=\"160\"><span style=\"font-family: arial, helvetica, sans-serif;\">Forma<\/span><\/td>\n<td style=\"width: 67.1665%; text-align: center;\" width=\"331\"><span style=\"font-family: arial, helvetica, sans-serif;\">Vertical<\/span><\/td>\n<\/tr>\n<tr>\n<td style=\"width: 32.7545%; text-align: center;\" width=\"160\"><span style=\"font-family: arial, helvetica, sans-serif;\">Peso<\/span><\/td>\n<td style=\"width: 67.1665%; text-align: center;\" width=\"331\"><span style=\"font-family: arial, helvetica, sans-serif;\">300KG<\/span><\/td>\n<\/tr>\n<tr>\n<td style=\"width: 32.7545%; text-align: center;\" width=\"160\"><span style=\"font-family: arial, helvetica, sans-serif;\">Color<\/span><\/td>\n<td style=\"width: 67.1665%; text-align: center;\" width=\"331\"><span style=\"font-family: arial, helvetica, sans-serif;\">equipo blanco<\/span><\/td>\n<\/tr>\n<tr>\n<td style=\"width: 32.7545%; text-align: center;\" width=\"160\"><span style=\"font-family: arial, helvetica, sans-serif;\">Fuente de alimentaci\u00f3n<\/span><\/td>\n<td style=\"width: 67.1665%; text-align: center;\" width=\"331\"><span style=\"font-family: arial, helvetica, sans-serif;\">AC220V 1000W<\/span><\/td>\n<\/tr>\n<tr>\n<td style=\"width: 32.7545%; text-align: center;\" width=\"160\"><span style=\"font-family: arial, helvetica, sans-serif;\">Requisitos ambientales<\/span><\/td>\n<td style=\"width: 67.1665%; text-align: center;\" width=\"331\"><span style=\"font-family: arial, helvetica, sans-serif;\">limpio y seco, evitar la humedad o alta temperatura<\/span><\/td>\n<\/tr>\n<tr>\n<td style=\"width: 32.7545%; text-align: center;\" width=\"160\"><span style=\"font-family: arial, helvetica, sans-serif;\">Trabajo de presi\u00f3n de aire\/di\u00e1metro del tubo<\/span><\/td>\n<td style=\"width: 67.1665%; text-align: center;\" width=\"331\"><span style=\"font-family: arial, helvetica, sans-serif;\">&gt;0.6 MP\/8mm<\/span><\/td>\n<\/tr>\n<tr>\n<td style=\"width: 32.7545%; text-align: center;\" width=\"160\"><span style=\"font-family: arial, helvetica, sans-serif;\">De corte m\u00ednima distancia<\/span><\/td>\n<td style=\"width: 67.1665%; text-align: center;\" width=\"331\"><span style=\"font-family: arial, helvetica, sans-serif;\">\u22651.5 mm<\/span><\/td>\n<\/tr>\n<tr>\n<td style=\"width: 32.7545%; text-align: center;\" width=\"160\"><span style=\"font-family: arial, helvetica, sans-serif;\">La divisi\u00f3n de ancho<\/span><\/td>\n<td style=\"width: 67.1665%; text-align: center;\" width=\"331\"><span style=\"font-family: arial, helvetica, sans-serif;\">300mm*300mm \/ 12*12m m<\/span><\/td>\n<\/tr>\n<tr>\n<td style=\"width: 32.7545%; text-align: center;\" width=\"160\"><span style=\"font-family: arial, helvetica, sans-serif;\">La junta de entrada de ajuste<\/span><\/td>\n<td style=\"width: 67.1665%; text-align: center;\" width=\"331\"><span style=\"font-family: arial, helvetica, sans-serif;\">lado frontal fija, trasera de los muebles de ajuste<\/span><\/td>\n<\/tr>\n<tr>\n<td style=\"width: 32.7545%; text-align: center;\" width=\"160\"><span style=\"font-family: arial, helvetica, sans-serif;\">Altura m\u00e1xima de PCB componentes<\/span><\/td>\n<td style=\"width: 67.1665%; text-align: center;\" width=\"331\"><span style=\"font-family: arial, helvetica, sans-serif;\">20mm para PCB reverso de las piezas, de 35 mm para el lado frontal de las piezas<\/span><\/td>\n<\/tr>\n<tr>\n<td style=\"width: 32.7545%; text-align: center;\" width=\"160\"><span style=\"font-family: arial, helvetica, sans-serif;\">El ajuste del par\u00e1metro<\/span><\/td>\n<td style=\"width: 67.1665%; text-align: center;\" width=\"331\"><span style=\"font-family: arial, helvetica, sans-serif;\">De acuerdo con el tama\u00f1o de la V de la ranura de la pantalla t\u00e1ctil, entrada directa<\/span><\/td>\n<\/tr>\n<tr>\n<td style=\"width: 32.7545%; text-align: center;\" width=\"160\"><span style=\"font-family: arial, helvetica, sans-serif;\">M\u00f3dulo de almacenamiento<\/span><\/td>\n<td style=\"width: 67.1665%; text-align: center;\" width=\"331\"><span style=\"font-family: arial, helvetica, sans-serif;\">puede almacenar hasta 50 grupos de programas<\/span><\/td>\n<\/tr>\n<tr>\n<td style=\"width: 32.7545%; text-align: center;\" width=\"160\"><span style=\"font-family: arial, helvetica, sans-serif;\">Hoja<\/span><\/td>\n<td style=\"width: 67.1665%; text-align: center;\" width=\"331\"><span style=\"font-family: arial, helvetica, sans-serif;\">Japan imported a high-speed steel knife<\/span><\/td>\n<\/tr>\n<tr>\n<td style=\"width: 32.7545%; text-align: center;\" width=\"160\"><span style=\"font-family: arial, helvetica, sans-serif;\">\u00c1ngulo de la pala<\/span><\/td>\n<td style=\"width: 67.1665%; text-align: center;\" width=\"331\"><span style=\"font-family: arial, helvetica, sans-serif;\">10-30 grados (seleccionable)<\/span><\/td>\n<\/tr>\n<tr>\n<td style=\"width: 32.7545%; text-align: center;\" width=\"160\"><span style=\"font-family: arial, helvetica, sans-serif;\">Morir de precisi\u00f3n<\/span><\/td>\n<td style=\"width: 67.1665%; text-align: center;\" width=\"331\"><span style=\"font-family: arial, helvetica, sans-serif;\">0.1 mm<\/span><\/td>\n<\/tr>\n<tr>\n<td style=\"width: 32.7545%; text-align: center;\" width=\"160\"><span style=\"font-family: arial, helvetica, sans-serif;\">Partici\u00f3n de la eficiencia<\/span><\/td>\n<td style=\"width: 67.1665%; text-align: center;\" width=\"331\"><span style=\"font-family: arial, helvetica, sans-serif;\">15s\/pcs(200*150 mm) est\u00e1ndar de la velocidad de corte de 8 cuchillos de referencia<\/span><\/td>\n<\/tr>\n<tr>\n<td style=\"width: 32.7545%; text-align: center;\" width=\"160\"><span style=\"font-family: arial, helvetica, sans-serif;\">Longitud y anchura m\u00e1xima de la l\u00ednea de montaje<\/span><\/td>\n<td style=\"width: 67.1665%; text-align: center;\" width=\"331\"><span style=\"font-family: arial, helvetica, sans-serif;\">650mm*250mm<\/span><\/td>\n<\/tr>\n<tr>\n<td style=\"width: 32.7545%; text-align: center;\" width=\"160\"><span style=\"font-family: arial, helvetica, sans-serif;\">Split velocidad de la placa<\/span><\/td>\n<td style=\"width: 67.1665%; text-align: center;\" width=\"331\"><span style=\"font-family: arial, helvetica, sans-serif;\">0-800 mm\/s<\/span><\/td>\n<\/tr>\n<tr>\n<td style=\"width: 32.7545%; text-align: center;\" width=\"19\"><span style=\"font-family: arial, helvetica, sans-serif;\">La taza de la succi\u00f3n del manipulador de modo de control de<\/span><\/td>\n<td style=\"width: 67.1665%; text-align: center;\" width=\"331\"><span style=\"font-family: arial, helvetica, sans-serif;\">motor paso a paso + riel de gu\u00eda + correa de transmisi\u00f3n<\/span><\/td>\n<\/tr>\n<tr>\n<td style=\"width: 32.7545%; text-align: center;\" width=\"19\"><span style=\"font-family: arial, helvetica, sans-serif;\">Aspiraci\u00f3n de polvo en el modo y el poder<\/span><\/td>\n<td style=\"width: 67.1665%; text-align: center;\" width=\"331\"><span style=\"font-family: arial, helvetica, sans-serif;\">1500W bajo el cuchillo grupo de aspiraci\u00f3n de polvo<\/span><\/td>\n<\/tr>\n<tr>\n<td style=\"width: 32.7545%; text-align: center;\" width=\"19\"><span style=\"font-family: arial, helvetica, sans-serif;\">Espesor de la junta<\/span><\/td>\n<td style=\"width: 67.1665%; text-align: center;\" width=\"331\"><span style=\"font-family: arial, helvetica, sans-serif;\">0.4-3.5 mm<\/span><\/td>\n<\/tr>\n<tr>\n<td style=\"width: 32.7545%; text-align: center;\" width=\"19\"><span style=\"font-family: arial, helvetica, sans-serif;\">Mala operaci\u00f3n de la protecci\u00f3n<\/span><\/td>\n<td style=\"width: 67.1665%; text-align: center;\" width=\"331\"><span style=\"font-family: arial, helvetica, sans-serif;\">triple protection of grating, sensor, and software.<\/span><\/td>\n<\/tr>\n<tr>\n<td style=\"width: 32.7545%; text-align: center;\" width=\"19\"><span style=\"font-family: arial, helvetica, sans-serif;\">La protecci\u00f3n de la seguridad<\/span><\/td>\n<td style=\"width: 67.1665%; text-align: center;\" width=\"331\"><span style=\"font-family: arial, helvetica, sans-serif;\">de parada de emergencia<\/span><\/td>\n<\/tr>\n<tr>\n<td style=\"width: 32.7545%; text-align: center;\" width=\"19\"><span style=\"font-family: arial, helvetica, sans-serif;\">De falta de energ\u00eda y de aire de corte de la funci\u00f3n<\/span><\/td>\n<td style=\"width: 67.1665%; text-align: center;\" width=\"331\"><span style=\"font-family: arial, helvetica, sans-serif;\">S\u00ed<\/span><\/td>\n<\/tr>\n<tr>\n<td style=\"width: 32.7545%; text-align: center;\" width=\"19\"><span style=\"font-family: arial, helvetica, sans-serif;\">Auto-funci\u00f3n de prueba<\/span><\/td>\n<td style=\"width: 67.1665%; text-align: center;\" width=\"331\"><span style=\"font-family: arial, helvetica, sans-serif;\">power-on time monitoring, capacity monitoring, equipment failure information, and an automatic elimination system<\/span><\/td>\n<\/tr>\n<tr>\n<td style=\"width: 32.7545%; text-align: center;\" width=\"19\"><span style=\"font-family: arial, helvetica, sans-serif;\">Las partes principales de la m\u00e1quina<\/span><\/td>\n<td style=\"width: 67.1665%; text-align: center;\" width=\"331\"><span style=\"font-family: arial, helvetica, sans-serif;\">la junta de alimentaci\u00f3n (l\u00ednea de montaje), tazas de la succi\u00f3n, de tres ejes m\u00f3viles de corte longitudinal de la plana, aspirador<\/span><\/td>\n<\/tr>\n<tr>\n<td style=\"width: 32.7545%; text-align: center;\" width=\"19\"><span style=\"font-family: arial, helvetica, sans-serif;\">El modo de trabajo<\/span><\/td>\n<td style=\"width: 67.1665%; text-align: center;\" width=\"331\"><span style=\"font-family: arial, helvetica, sans-serif;\">robot autom\u00e1tico en l\u00ednea y corte de alimentaci\u00f3n de tableros<\/span><\/td>\n<\/tr>\n<tr>\n<td style=\"width: 32.7545%; text-align: center;\" width=\"19\"><span style=\"font-family: arial, helvetica, sans-serif;\">Adecuado para<\/span><\/td>\n<td style=\"width: 67.1665%; text-align: center;\" width=\"331\"><span style=\"font-family: arial, helvetica, sans-serif;\">Inserci\u00f3n \/ SMD \/ de Doble Direcci\u00f3n<\/span><\/td>\n<\/tr>\n<\/tbody>\n<\/table>\n<p data-start=\"286\" data-end=\"579\"><span style=\"font-family: arial, helvetica, sans-serif;\"><strong>SEPRAYS<\/strong> specifically engineered the <strong>ZM30-A V-groove depaneling machine<\/strong>\u00a0for high-precision depaneling of PCBA boards after component insertion.<br \/>\nDesigned to protect delicate components during the cutting process, it enhances safety while boosting downstream production efficiency.<\/span><\/p>\n<p data-start=\"581\" data-end=\"927\"><span style=\"font-family: arial, helvetica, sans-serif;\">This machine features a <strong data-start=\"605\" data-end=\"637\">dual-knife cutting mechanism<\/strong>, enabling fast and accurate separation through multiple V-groove tracks. With optional automation modules\u2014including <strong data-start=\"754\" data-end=\"806\">automatic feeding, slitting, and board receiving<\/strong>\u2014the <strong data-start=\"811\" data-end=\"840\">ZM30-A V-groove depaneling machine<\/strong>\u00a0ensures smooth, operator-friendly performance that significantly increases throughput.<\/span><\/p>\n<p data-start=\"929\" data-end=\"1224\"><span style=\"font-family: arial, helvetica, sans-serif;\">Its configurable parameters allow for fine-tuned operation, while multi-head tooling enables quick and consistent slitting across multiple board groups. The separator also supports automatic output and docking with subsequent systems, ensuring uninterrupted workflow across your production line.<\/span><\/p>\n<p data-start=\"1226\" data-end=\"1335\"><img decoding=\"async\" class=\"emoji ls-is-cached lazyloaded\" role=\"img\" draggable=\"false\" src=\"https:\/\/s.w.org\/images\/core\/emoji\/16.0.1\/svg\/1f4e9.svg\" alt=\"\ud83d\udce9\" data-src=\"https:\/\/s.w.org\/images\/core\/emoji\/16.0.1\/svg\/1f4e9.svg\" \/>\u00a0Contact us now and discover why over 3,000 leading companies trust SEPRAYS for their PCB depaneling needs.<\/p>","protected":false},"excerpt":{"rendered":"<p>SEPRAYS has been focusing on the research, development, and production of PCB depaneling machines for more than 32 years, providing free depaneling solutions.<\/p>\n<p>&#8211; It is especially suitable for PCBA board separation operation, which has completed the insertion process, ensuring the safety of electronic components and improving the efficiency of the latter process.<\/p>\n<p>&#8211; Provide an optional automation module, including automatic feeding, slitting, and automatic board receiving function, easy and fast operation, significantly improving production efficiency and operational convenience.<\/p>\n<p>Precisi\u00f3n de ajuste de par\u00e1metros, eficiente dual cuchillo proceso de corte.<\/p>\n<p>\u2013 Multi-grupo y de la multi-cabeza de herramienta r\u00e1pido de corte longitudinal, la realizaci\u00f3n eficiente y preciso de la junta de separaci\u00f3n.<\/p>\n<p>\u2013 Autom\u00e1tica de salida y de acoplamiento, el apoyo sin fisuras de acoplamiento con la subsiguiente producci\u00f3n de v\u00ednculos, fortalecer el flujo general de la l\u00ednea de producci\u00f3n.<\/p>\n<p>Contact us today! Learn about SEPRAYS ZM30-A Automatic In-Line V-groove Depaneling Machine.<\/p>","protected":false},"featured_media":1081,"comment_status":"open","ping_status":"closed","template":"","meta":[],"product_brand":[],"product_cat":[26],"product_tag":[183],"class_list":{"0":"post-1104","1":"product","2":"type-product","3":"status-publish","4":"has-post-thumbnail","6":"product_cat-v-groove-depaneling","7":"product_tag-zm30-a-v-groove-depaneling","9":"first","10":"instock","11":"shipping-taxable","12":"product-type-simple"},"yoast_head":"<!-- This site is optimized with the Yoast SEO plugin v25.7 - https:\/\/yoast.com\/wordpress\/plugins\/seo\/ -->\n<title>ZM30-A V-groove Depaneling Machine: Ultimate Precision Power<\/title>\n<meta name=\"description\" content=\"ZM30-A fully automatic V-groove depaneling machine offers ultimate precision and power for fast, reliable in-line PCB depaneling.\" \/>\n<meta name=\"robots\" content=\"index, follow, max-snippet:-1, max-image-preview:large, max-video-preview:-1\" \/>\n<link rel=\"canonical\" href=\"https:\/\/seprays.com\/es\/producto\/zm30-a-fully-automatic-in-line-v-groove-depaneling-machine\/\" \/>\n<meta property=\"og:locale\" content=\"es_ES\" \/>\n<meta property=\"og:type\" content=\"article\" \/>\n<meta property=\"og:title\" content=\"ZM30-A V-groove Depaneling Machine: Ultimate Precision Power\" \/>\n<meta property=\"og:description\" content=\"ZM30-A fully automatic V-groove depaneling machine offers ultimate precision and power for fast, reliable in-line PCB depaneling.\" \/>\n<meta property=\"og:url\" content=\"https:\/\/seprays.com\/es\/producto\/zm30-a-fully-automatic-in-line-v-groove-depaneling-machine\/\" \/>\n<meta property=\"og:site_name\" content=\"Seprays\" \/>\n<meta property=\"article:modified_time\" content=\"2025-12-23T08:04:52+00:00\" \/>\n<meta property=\"og:image\" content=\"https:\/\/seprays.com\/wp-content\/uploads\/2025\/04\/3-4.jpg\" \/>\n\t<meta property=\"og:image:width\" content=\"480\" \/>\n\t<meta property=\"og:image:height\" content=\"480\" \/>\n\t<meta property=\"og:image:type\" content=\"image\/jpeg\" \/>\n<meta name=\"twitter:card\" content=\"summary_large_image\" \/>\n<meta name=\"twitter:label1\" content=\"Tiempo de lectura\" \/>\n\t<meta name=\"twitter:data1\" content=\"2 minutos\" \/>\n<script type=\"application\/ld+json\" class=\"yoast-schema-graph\">{\"@context\":\"https:\/\/schema.org\",\"@graph\":[{\"@type\":\"WebPage\",\"@id\":\"https:\/\/seprays.com\/product\/zm30-a-fully-automatic-in-line-v-groove-depaneling-machine\/\",\"url\":\"https:\/\/seprays.com\/product\/zm30-a-fully-automatic-in-line-v-groove-depaneling-machine\/\",\"name\":\"ZM30-A V-groove Depaneling Machine: Ultimate Precision Power\",\"isPartOf\":{\"@id\":\"https:\/\/seprays.com\/#website\"},\"primaryImageOfPage\":{\"@id\":\"https:\/\/seprays.com\/product\/zm30-a-fully-automatic-in-line-v-groove-depaneling-machine\/#primaryimage\"},\"image\":{\"@id\":\"https:\/\/seprays.com\/product\/zm30-a-fully-automatic-in-line-v-groove-depaneling-machine\/#primaryimage\"},\"thumbnailUrl\":\"https:\/\/seprays.com\/wp-content\/uploads\/2025\/04\/3-4.jpg\",\"datePublished\":\"2025-04-19T01:31:53+00:00\",\"dateModified\":\"2025-12-23T08:04:52+00:00\",\"description\":\"ZM30-A fully automatic V-groove depaneling machine offers ultimate precision and power for fast, reliable in-line PCB depaneling.\",\"breadcrumb\":{\"@id\":\"https:\/\/seprays.com\/product\/zm30-a-fully-automatic-in-line-v-groove-depaneling-machine\/#breadcrumb\"},\"inLanguage\":\"es\",\"potentialAction\":[{\"@type\":\"ReadAction\",\"target\":[\"https:\/\/seprays.com\/product\/zm30-a-fully-automatic-in-line-v-groove-depaneling-machine\/\"]}]},{\"@type\":\"ImageObject\",\"inLanguage\":\"es\",\"@id\":\"https:\/\/seprays.com\/product\/zm30-a-fully-automatic-in-line-v-groove-depaneling-machine\/#primaryimage\",\"url\":\"https:\/\/seprays.com\/wp-content\/uploads\/2025\/04\/3-4.jpg\",\"contentUrl\":\"https:\/\/seprays.com\/wp-content\/uploads\/2025\/04\/3-4.jpg\",\"width\":480,\"height\":480,\"caption\":\"ZM30-A Fully Automatic In-Line V-groove Depaneling Machine\"},{\"@type\":\"BreadcrumbList\",\"@id\":\"https:\/\/seprays.com\/product\/zm30-a-fully-automatic-in-line-v-groove-depaneling-machine\/#breadcrumb\",\"itemListElement\":[{\"@type\":\"ListItem\",\"position\":1,\"name\":\"\u9996\u9875\",\"item\":\"https:\/\/seprays.com\/\"},{\"@type\":\"ListItem\",\"position\":2,\"name\":\"\u5546\u5e97\",\"item\":\"https:\/\/seprays.com\/shop\/\"},{\"@type\":\"ListItem\",\"position\":3,\"name\":\"ZM30-A Fully Automatic In-Line V-groove Depaneling Machine\"}]},{\"@type\":\"WebSite\",\"@id\":\"https:\/\/seprays.com\/#website\",\"url\":\"https:\/\/seprays.com\/\",\"name\":\"Seprays : PCBA Router Depaneling,PCB\/FPC Laser Depaneling,V-Groove Saw Depaneling\",\"description\":\"\",\"publisher\":{\"@id\":\"https:\/\/seprays.com\/#organization\"},\"potentialAction\":[{\"@type\":\"SearchAction\",\"target\":{\"@type\":\"EntryPoint\",\"urlTemplate\":\"https:\/\/seprays.com\/?s={search_term_string}\"},\"query-input\":{\"@type\":\"PropertyValueSpecification\",\"valueRequired\":true,\"valueName\":\"search_term_string\"}}],\"inLanguage\":\"es\"},{\"@type\":\"Organization\",\"@id\":\"https:\/\/seprays.com\/#organization\",\"name\":\"Seprays : PCBA Router Depaneling,PCB\/FPC Laser Depaneling,V-Groove Saw Depaneling\",\"url\":\"https:\/\/seprays.com\/\",\"logo\":{\"@type\":\"ImageObject\",\"inLanguage\":\"es\",\"@id\":\"https:\/\/seprays.com\/#\/schema\/logo\/image\/\",\"url\":\"https:\/\/seprays.com\/wp-content\/uploads\/2025\/04\/seprays\uff08\u5e26\u63cf\u8fb9\uff09.png\",\"contentUrl\":\"https:\/\/seprays.com\/wp-content\/uploads\/2025\/04\/seprays\uff08\u5e26\u63cf\u8fb9\uff09.png\",\"width\":350,\"height\":100,\"caption\":\"Seprays : PCBA Router Depaneling,PCB\/FPC Laser Depaneling,V-Groove Saw Depaneling\"},\"image\":{\"@id\":\"https:\/\/seprays.com\/#\/schema\/logo\/image\/\"}}]}<\/script>\n<!-- \/ Yoast SEO plugin. -->","yoast_head_json":{"title":"ZM30-A V-groove Depaneling Machine: Ultimate Precision Power","description":"ZM30-A fully automatic V-groove depaneling machine offers ultimate precision and power for fast, reliable in-line PCB depaneling.","robots":{"index":"index","follow":"follow","max-snippet":"max-snippet:-1","max-image-preview":"max-image-preview:large","max-video-preview":"max-video-preview:-1"},"canonical":"https:\/\/seprays.com\/es\/producto\/zm30-a-fully-automatic-in-line-v-groove-depaneling-machine\/","og_locale":"es_ES","og_type":"article","og_title":"ZM30-A V-groove Depaneling Machine: Ultimate Precision Power","og_description":"ZM30-A fully automatic V-groove depaneling machine offers ultimate precision and power for fast, reliable in-line PCB depaneling.","og_url":"https:\/\/seprays.com\/es\/producto\/zm30-a-fully-automatic-in-line-v-groove-depaneling-machine\/","og_site_name":"Seprays","article_modified_time":"2025-12-23T08:04:52+00:00","og_image":[{"width":480,"height":480,"url":"https:\/\/seprays.com\/wp-content\/uploads\/2025\/04\/3-4.jpg","type":"image\/jpeg"}],"twitter_card":"summary_large_image","twitter_misc":{"Tiempo de lectura":"2 minutos"},"schema":{"@context":"https:\/\/schema.org","@graph":[{"@type":"WebPage","@id":"https:\/\/seprays.com\/product\/zm30-a-fully-automatic-in-line-v-groove-depaneling-machine\/","url":"https:\/\/seprays.com\/product\/zm30-a-fully-automatic-in-line-v-groove-depaneling-machine\/","name":"ZM30-A V-groove Depaneling Machine: Ultimate Precision Power","isPartOf":{"@id":"https:\/\/seprays.com\/#website"},"primaryImageOfPage":{"@id":"https:\/\/seprays.com\/product\/zm30-a-fully-automatic-in-line-v-groove-depaneling-machine\/#primaryimage"},"image":{"@id":"https:\/\/seprays.com\/product\/zm30-a-fully-automatic-in-line-v-groove-depaneling-machine\/#primaryimage"},"thumbnailUrl":"https:\/\/seprays.com\/wp-content\/uploads\/2025\/04\/3-4.jpg","datePublished":"2025-04-19T01:31:53+00:00","dateModified":"2025-12-23T08:04:52+00:00","description":"ZM30-A fully automatic V-groove depaneling machine offers ultimate precision and power for fast, reliable in-line PCB depaneling.","breadcrumb":{"@id":"https:\/\/seprays.com\/product\/zm30-a-fully-automatic-in-line-v-groove-depaneling-machine\/#breadcrumb"},"inLanguage":"es","potentialAction":[{"@type":"ReadAction","target":["https:\/\/seprays.com\/product\/zm30-a-fully-automatic-in-line-v-groove-depaneling-machine\/"]}]},{"@type":"ImageObject","inLanguage":"es","@id":"https:\/\/seprays.com\/product\/zm30-a-fully-automatic-in-line-v-groove-depaneling-machine\/#primaryimage","url":"https:\/\/seprays.com\/wp-content\/uploads\/2025\/04\/3-4.jpg","contentUrl":"https:\/\/seprays.com\/wp-content\/uploads\/2025\/04\/3-4.jpg","width":480,"height":480,"caption":"ZM30-A Fully Automatic In-Line V-groove Depaneling Machine"},{"@type":"BreadcrumbList","@id":"https:\/\/seprays.com\/product\/zm30-a-fully-automatic-in-line-v-groove-depaneling-machine\/#breadcrumb","itemListElement":[{"@type":"ListItem","position":1,"name":"\u9996\u9875","item":"https:\/\/seprays.com\/"},{"@type":"ListItem","position":2,"name":"\u5546\u5e97","item":"https:\/\/seprays.com\/shop\/"},{"@type":"ListItem","position":3,"name":"ZM30-A Fully Automatic In-Line V-groove Depaneling Machine"}]},{"@type":"WebSite","@id":"https:\/\/seprays.com\/#website","url":"https:\/\/seprays.com\/","name":"Seprays : PCBA Router Depaneling,PCB\/FPC Laser Depaneling,V-Groove Saw Depaneling","description":"","publisher":{"@id":"https:\/\/seprays.com\/#organization"},"potentialAction":[{"@type":"SearchAction","target":{"@type":"EntryPoint","urlTemplate":"https:\/\/seprays.com\/?s={search_term_string}"},"query-input":{"@type":"PropertyValueSpecification","valueRequired":true,"valueName":"search_term_string"}}],"inLanguage":"es"},{"@type":"Organization","@id":"https:\/\/seprays.com\/#organization","name":"Seprays : PCBA Router Depaneling,PCB\/FPC Laser Depaneling,V-Groove Saw Depaneling","url":"https:\/\/seprays.com\/","logo":{"@type":"ImageObject","inLanguage":"es","@id":"https:\/\/seprays.com\/#\/schema\/logo\/image\/","url":"https:\/\/seprays.com\/wp-content\/uploads\/2025\/04\/seprays\uff08\u5e26\u63cf\u8fb9\uff09.png","contentUrl":"https:\/\/seprays.com\/wp-content\/uploads\/2025\/04\/seprays\uff08\u5e26\u63cf\u8fb9\uff09.png","width":350,"height":100,"caption":"Seprays : PCBA Router Depaneling,PCB\/FPC Laser Depaneling,V-Groove Saw Depaneling"},"image":{"@id":"https:\/\/seprays.com\/#\/schema\/logo\/image\/"}}]}},"_links":{"self":[{"href":"https:\/\/seprays.com\/es\/wp-json\/wp\/v2\/product\/1104","targetHints":{"allow":["GET"]}}],"collection":[{"href":"https:\/\/seprays.com\/es\/wp-json\/wp\/v2\/product"}],"about":[{"href":"https:\/\/seprays.com\/es\/wp-json\/wp\/v2\/types\/product"}],"replies":[{"embeddable":true,"href":"https:\/\/seprays.com\/es\/wp-json\/wp\/v2\/comments?post=1104"}],"wp:featuredmedia":[{"embeddable":true,"href":"https:\/\/seprays.com\/es\/wp-json\/wp\/v2\/media\/1081"}],"wp:attachment":[{"href":"https:\/\/seprays.com\/es\/wp-json\/wp\/v2\/media?parent=1104"}],"wp:term":[{"taxonomy":"product_brand","embeddable":true,"href":"https:\/\/seprays.com\/es\/wp-json\/wp\/v2\/product_brand?post=1104"},{"taxonomy":"product_cat","embeddable":true,"href":"https:\/\/seprays.com\/es\/wp-json\/wp\/v2\/product_cat?post=1104"},{"taxonomy":"product_tag","embeddable":true,"href":"https:\/\/seprays.com\/es\/wp-json\/wp\/v2\/product_tag?post=1104"}],"curies":[{"name":"wp","href":"https:\/\/api.w.org\/{rel}","templated":true}]}}