{"id":1105,"date":"2025-04-19T01:33:01","date_gmt":"2025-04-19T01:33:01","guid":{"rendered":"https:\/\/seprays.com\/?post_type=product&#038;p=1105"},"modified":"2025-12-23T08:04:12","modified_gmt":"2025-12-23T08:04:12","slug":"zm30-ap-fully-automatic-in-line-v-groove-microstress-depaneling-machine","status":"publish","type":"product","link":"https:\/\/seprays.com\/es\/producto\/zm30-ap-fully-automatic-in-line-v-groove-microstress-depaneling-machine\/","title":{"rendered":"ZM30-AP Fully Automatic in-line V-groove Microstress Depaneling Machine"},"content":{"rendered":"<table style=\"border-collapse: collapse; width: 100%;\">\n<tbody>\n<tr class=\"firstRow\">\n<th style=\"width: 36.2273%; text-align: center;\"><span style=\"font-family: arial, helvetica, sans-serif;\">Modelo<\/span><\/th>\n<th style=\"width: 63.6938%; text-align: center;\"><span style=\"font-family: arial, helvetica, sans-serif;\">ZM30-AP<\/span><\/th>\n<\/tr>\n<tr>\n<td style=\"width: 36.2273%; text-align: center;\"><span style=\"font-family: arial, helvetica, sans-serif;\">Tama\u00f1o<\/span><\/td>\n<td style=\"width: 63.6938%; text-align: center;\"><span style=\"font-family: arial, helvetica, sans-serif;\">L*W*H=950*920*1750MM<\/span><\/td>\n<\/tr>\n<tr>\n<td style=\"width: 36.2273%; text-align: center;\"><span style=\"font-family: arial, helvetica, sans-serif;\">Forma<\/span><\/td>\n<td style=\"width: 63.6938%; text-align: center;\"><span style=\"font-family: arial, helvetica, sans-serif;\">vertical<\/span><\/td>\n<\/tr>\n<tr>\n<td style=\"width: 36.2273%; text-align: center;\"><span style=\"font-family: arial, helvetica, sans-serif;\">Peso<\/span><\/td>\n<td style=\"width: 63.6938%; text-align: center;\"><span style=\"font-family: arial, helvetica, sans-serif;\">220KG<\/span><\/td>\n<\/tr>\n<tr>\n<td style=\"width: 36.2273%; text-align: center;\"><span style=\"font-family: arial, helvetica, sans-serif;\">Color<\/span><\/td>\n<td style=\"width: 63.6938%; text-align: center;\"><span style=\"font-family: arial, helvetica, sans-serif;\">equipo blanco<\/span><\/td>\n<\/tr>\n<tr>\n<td style=\"width: 36.2273%; text-align: center;\"><span style=\"font-family: arial, helvetica, sans-serif;\">El poder<\/span><\/td>\n<td style=\"width: 63.6938%; text-align: center;\"><span style=\"font-family: arial, helvetica, sans-serif;\">AC220V 300W<\/span><\/td>\n<\/tr>\n<tr>\n<td style=\"width: 36.2273%; text-align: center;\"><span style=\"font-family: arial, helvetica, sans-serif;\">PCBA board separates direction<\/span><\/td>\n<td style=\"width: 63.6938%; text-align: center;\"><span style=\"font-family: arial, helvetica, sans-serif;\">X or Y one-way can be divided into boards, and the angle can be arbitrarily adjusted<\/span><\/td>\n<\/tr>\n<tr>\n<td style=\"width: 36.2273%; text-align: center;\"><span style=\"font-family: arial, helvetica, sans-serif;\">Trabajo de presi\u00f3n de aire\/di\u00e1metro del tubo<\/span><\/td>\n<td style=\"width: 63.6938%; text-align: center;\"><span style=\"font-family: arial, helvetica, sans-serif;\">-20~50 \u2103<\/span><\/td>\n<\/tr>\n<tr>\n<td style=\"width: 36.2273%; text-align: center;\"><span style=\"font-family: arial, helvetica, sans-serif;\">Distancia m\u00ednima de las piezas de la l\u00ednea de corte<\/span><\/td>\n<td style=\"width: 63.6938%; text-align: center;\"><span style=\"font-family: arial, helvetica, sans-serif;\">mayor o igual a 1.5 mm<\/span><\/td>\n<\/tr>\n<tr>\n<td style=\"width: 36.2273%; text-align: center;\"><span style=\"font-family: arial, helvetica, sans-serif;\">M\u00e1ximo y m\u00ednimo de la junta de longitud<\/span><\/td>\n<td style=\"width: 63.6938%; text-align: center;\"><span style=\"font-family: arial, helvetica, sans-serif;\">250*250 mm 12*12m m<\/span><\/td>\n<\/tr>\n<tr>\n<td style=\"width: 36.2273%; text-align: center;\"><span style=\"font-family: arial, helvetica, sans-serif;\">La altura m\u00e1xima de los componentes de la PCB<\/span><\/td>\n<td style=\"width: 63.6938%; text-align: center;\"><span style=\"font-family: arial, helvetica, sans-serif;\">PCBA de la parte frontal y posterior de la altura l\u00edmite de suma menos de 15MM<\/span><\/td>\n<\/tr>\n<tr>\n<td style=\"width: 36.2273%; text-align: center;\"><span style=\"font-family: arial, helvetica, sans-serif;\">Mala operaci\u00f3n de la protecci\u00f3n<\/span><\/td>\n<td style=\"width: 63.6938%; text-align: center;\"><span style=\"font-family: arial, helvetica, sans-serif;\">grating sensor, safety door cover, and software multi-protection.<\/span><\/td>\n<\/tr>\n<tr>\n<td style=\"width: 36.2273%; text-align: center;\"><span style=\"font-family: arial, helvetica, sans-serif;\">Parameter settingAccording<\/span><\/td>\n<td style=\"width: 63.6938%; text-align: center;\"><span style=\"font-family: arial, helvetica, sans-serif;\">go to the size of the V-slot touch screen, direct input<\/span><\/td>\n<\/tr>\n<tr>\n<td style=\"width: 36.2273%; text-align: center;\"><span style=\"font-family: arial, helvetica, sans-serif;\">M\u00f3dulo de memoria<\/span><\/td>\n<td style=\"width: 63.6938%; text-align: center;\"><span style=\"font-family: arial, helvetica, sans-serif;\">puede almacenar hasta 50 grupos de programas<\/span><\/td>\n<\/tr>\n<tr>\n<td style=\"width: 36.2273%; text-align: center;\"><span style=\"font-family: arial, helvetica, sans-serif;\">La divisi\u00f3n de eficiencia<\/span><\/td>\n<td style=\"width: 63.6938%; text-align: center;\"><span style=\"font-family: arial, helvetica, sans-serif;\">2s\/cuchillo<\/span><\/td>\n<\/tr>\n<tr>\n<td style=\"width: 36.2273%; text-align: center;\"><span style=\"font-family: arial, helvetica, sans-serif;\">\u00c1ngulo de la pala<\/span><\/td>\n<td style=\"width: 63.6938%; text-align: center;\"><span style=\"font-family: arial, helvetica, sans-serif;\">10-30 grados (seleccionable)<\/span><\/td>\n<\/tr>\n<tr>\n<td style=\"width: 36.2273%; text-align: center;\"><span style=\"font-family: arial, helvetica, sans-serif;\">Sustituci\u00f3n tiempo<\/span><\/td>\n<td style=\"width: 63.6938%; text-align: center;\"><span style=\"font-family: arial, helvetica, sans-serif;\">15 minutos<\/span><\/td>\n<\/tr>\n<tr>\n<td style=\"width: 36.2273%; text-align: center;\"><span style=\"font-family: arial, helvetica, sans-serif;\">Gu\u00eda de tornillo<\/span><\/td>\n<td style=\"width: 63.6938%; text-align: center;\"><span style=\"font-family: arial, helvetica, sans-serif;\">en el de la plata de la gu\u00eda fuerza de tornillo + tres ejes de movimiento de la plataforma<\/span><\/td>\n<\/tr>\n<tr>\n<td style=\"width: 36.2273%; text-align: center;\"><span style=\"font-family: arial, helvetica, sans-serif;\">Longitud y anchura m\u00e1xima de la l\u00ednea de montaje<\/span><\/td>\n<td style=\"width: 63.6938%; text-align: center;\"><span style=\"font-family: arial, helvetica, sans-serif;\">650mm*250mm(puede ser personalizado)<\/span><\/td>\n<\/tr>\n<tr>\n<td style=\"width: 36.2273%; text-align: center;\"><span style=\"font-family: arial, helvetica, sans-serif;\">Thickness of the board<\/span><\/td>\n<td style=\"width: 63.6938%; text-align: center;\"><span style=\"font-family: arial, helvetica, sans-serif;\">0.4-3.5 mm<\/span><\/td>\n<\/tr>\n<tr>\n<td style=\"width: 36.2273%; text-align: center;\"><span style=\"font-family: arial, helvetica, sans-serif;\">El corte de energ\u00eda y gas de corte de la funci\u00f3n<\/span><\/td>\n<td style=\"width: 63.6938%; text-align: center;\"><span style=\"font-family: arial, helvetica, sans-serif;\">s\u00ed<\/span><\/td>\n<\/tr>\n<tr>\n<td style=\"width: 36.2273%; text-align: center;\"><span style=\"font-family: arial, helvetica, sans-serif;\">El modo de trabajo<\/span><\/td>\n<td style=\"width: 63.6938%; text-align: center;\"><span style=\"font-family: arial, helvetica, sans-serif;\">manual release line, slitting, and feeding boards<\/span><\/td>\n<\/tr>\n<tr>\n<td style=\"width: 36.2273%; text-align: center;\"><span style=\"font-family: arial, helvetica, sans-serif;\">\u00c1mbito de aplicaci\u00f3n<\/span><\/td>\n<td style=\"width: 63.6938%; text-align: center;\"><span style=\"font-family: arial, helvetica, sans-serif;\">Plug-in \/ Parche<\/span><\/td>\n<\/tr>\n<\/tbody>\n<\/table>\n<p data-start=\"290\" data-end=\"583\"><span style=\"font-family: arial, helvetica, sans-serif;\">El <strong data-start=\"294\" data-end=\"324\">ZM30-AP V-groove depaneling machine<\/strong>\u00a0is a fully automated solution developed by SEPRAYS for efficient, precise, and safe V-groove PCB depaneling. From automatic feeding to cutting and discharging, this advanced system minimizes manual intervention and significantly boosts production efficiency.<\/span><\/p>\n<p data-start=\"585\" data-end=\"917\"><span style=\"font-family: arial, helvetica, sans-serif;\">Equipado con <strong data-start=\"599\" data-end=\"635\">precision positioning technology<\/strong>el <strong data-start=\"641\" data-end=\"671\">ZM30-AP V-groove depaneling machine<\/strong>\u00a0ensures exact alignment and cutting accuracy, protecting PCBA components and enhancing overall product quality. Its flexible material handling system\u2014using suction cups and belt conveyors\u2014accommodates a variety of PCB shapes and sizes with ease.<\/span><\/p>\n<p data-start=\"919\" data-end=\"1135\"><span style=\"font-family: arial, helvetica, sans-serif;\">Integrated waste disposal keeps the workspace clean and streamlines production. Designed for continuous cycle operation, it\u2019s ideal for high-volume manufacturing environments where speed and consistency are critical.<\/span><\/p>\n<p data-start=\"1137\" data-end=\"1255\"><img decoding=\"async\" class=\"emoji ls-is-cached lazyloaded\" role=\"img\" draggable=\"false\" src=\"https:\/\/s.w.org\/images\/core\/emoji\/16.0.1\/svg\/1f4e9.svg\" alt=\"\ud83d\udce9\" data-src=\"https:\/\/s.w.org\/images\/core\/emoji\/16.0.1\/svg\/1f4e9.svg\" \/>\u00a0Contact us now and discover why over 3,000 leading companies trust SEPRAYS for their PCB depaneling needs.<\/p>","protected":false},"excerpt":{"rendered":"<p>SEPRAYS has been focusing on the research, development, and production of PCB depaneling machines for more than 32 years, providing free depaneling solutions.<\/p>\n<p><span style=\"font-family: arial, helvetica, sans-serif;\">\u2013 Automatizaci\u00f3n: la automatizaci\u00f3n completa de la alimentaci\u00f3n de corte y de la descarga, reducir la intervenci\u00f3n manual y la mejora de la eficiencia de la producci\u00f3n.<\/span><\/p>\n<p><span style=\"font-family: arial, helvetica, sans-serif;\">&#8211; Precision positioning technology: ensures cutting precision, avoids damaging PCBA, and improves product quality.<\/span><\/p>\n<p><span style=\"font-family: arial, helvetica, sans-serif;\">\u2013 Flexible de manejo de materiales: el uso de ventosas y correa de transferencia para adaptarse a diferentes tama\u00f1os y formas de PCBA.<\/span><\/p>\n<p><span style=\"font-family: arial, helvetica, sans-serif;\">&#8211; Integrated waste management: instantly dispose of cutting waste, keep the working environment tidy, and optimize the production process.<\/span><\/p>\n<p><span style=\"font-family: arial, helvetica, sans-serif;\">\u2013 Continua el ciclo de funcionamiento: dise\u00f1ado para soportar la operaci\u00f3n ininterrumpida, adecuado para la producci\u00f3n en masa de los requisitos.<\/span><\/p>\n<p><span style=\"font-family: arial, helvetica, sans-serif;\">Contact us today!\u00a0Learn about <strong>SEPRAYS ZM30-AP Fully Automatic In-Line V-Groove Microstress Depaneling Machine<\/strong>.<\/span><\/p>","protected":false},"featured_media":1085,"comment_status":"open","ping_status":"closed","template":"","meta":[],"product_brand":[],"product_cat":[26],"product_tag":[184],"class_list":{"0":"post-1105","1":"product","2":"type-product","3":"status-publish","4":"has-post-thumbnail","6":"product_cat-v-groove-depaneling","7":"product_tag-zm30-ap-v-groove-depaneling-machine","9":"first","10":"instock","11":"shipping-taxable","12":"product-type-simple"},"yoast_head":"<!-- This site is optimized with the Yoast SEO plugin v25.7 - https:\/\/yoast.com\/wordpress\/plugins\/seo\/ -->\n<title>ZM30-AP V-groove Depaneling Machine Boosts Accuracy<\/title>\n<meta name=\"description\" content=\"ZM30-AP delivers unmatched V-groove depaneling machine precision and minimal stress for in-line PCB depaneling with full automation power.\" \/>\n<meta name=\"robots\" content=\"index, follow, max-snippet:-1, max-image-preview:large, max-video-preview:-1\" \/>\n<link rel=\"canonical\" href=\"https:\/\/seprays.com\/es\/producto\/zm30-ap-fully-automatic-in-line-v-groove-microstress-depaneling-machine\/\" \/>\n<meta property=\"og:locale\" content=\"es_ES\" \/>\n<meta property=\"og:type\" content=\"article\" \/>\n<meta property=\"og:title\" content=\"ZM30-AP V-groove Depaneling Machine Boosts Accuracy\" \/>\n<meta property=\"og:description\" content=\"ZM30-AP delivers unmatched V-groove depaneling machine precision and minimal stress for in-line PCB depaneling with full automation power.\" \/>\n<meta property=\"og:url\" content=\"https:\/\/seprays.com\/es\/producto\/zm30-ap-fully-automatic-in-line-v-groove-microstress-depaneling-machine\/\" \/>\n<meta property=\"og:site_name\" content=\"Seprays\" \/>\n<meta property=\"article:modified_time\" content=\"2025-12-23T08:04:12+00:00\" \/>\n<meta property=\"og:image\" content=\"https:\/\/seprays.com\/wp-content\/uploads\/2025\/04\/4-5-e1753408077544.png\" \/>\n\t<meta property=\"og:image:width\" content=\"480\" \/>\n\t<meta property=\"og:image:height\" content=\"480\" \/>\n\t<meta property=\"og:image:type\" content=\"image\/png\" \/>\n<meta name=\"twitter:card\" content=\"summary_large_image\" \/>\n<meta name=\"twitter:label1\" content=\"Tiempo de lectura\" \/>\n\t<meta name=\"twitter:data1\" content=\"2 minutos\" \/>\n<script type=\"application\/ld+json\" class=\"yoast-schema-graph\">{\"@context\":\"https:\/\/schema.org\",\"@graph\":[{\"@type\":\"WebPage\",\"@id\":\"https:\/\/seprays.com\/product\/zm30-ap-fully-automatic-in-line-v-groove-microstress-depaneling-machine\/\",\"url\":\"https:\/\/seprays.com\/product\/zm30-ap-fully-automatic-in-line-v-groove-microstress-depaneling-machine\/\",\"name\":\"ZM30-AP V-groove Depaneling Machine Boosts Accuracy\",\"isPartOf\":{\"@id\":\"https:\/\/seprays.com\/#website\"},\"primaryImageOfPage\":{\"@id\":\"https:\/\/seprays.com\/product\/zm30-ap-fully-automatic-in-line-v-groove-microstress-depaneling-machine\/#primaryimage\"},\"image\":{\"@id\":\"https:\/\/seprays.com\/product\/zm30-ap-fully-automatic-in-line-v-groove-microstress-depaneling-machine\/#primaryimage\"},\"thumbnailUrl\":\"https:\/\/seprays.com\/wp-content\/uploads\/2025\/04\/4-5-e1753408077544.png\",\"datePublished\":\"2025-04-19T01:33:01+00:00\",\"dateModified\":\"2025-12-23T08:04:12+00:00\",\"description\":\"ZM30-AP delivers unmatched V-groove depaneling machine precision and minimal stress for in-line PCB depaneling with full automation power.\",\"breadcrumb\":{\"@id\":\"https:\/\/seprays.com\/product\/zm30-ap-fully-automatic-in-line-v-groove-microstress-depaneling-machine\/#breadcrumb\"},\"inLanguage\":\"es\",\"potentialAction\":[{\"@type\":\"ReadAction\",\"target\":[\"https:\/\/seprays.com\/product\/zm30-ap-fully-automatic-in-line-v-groove-microstress-depaneling-machine\/\"]}]},{\"@type\":\"ImageObject\",\"inLanguage\":\"es\",\"@id\":\"https:\/\/seprays.com\/product\/zm30-ap-fully-automatic-in-line-v-groove-microstress-depaneling-machine\/#primaryimage\",\"url\":\"https:\/\/seprays.com\/wp-content\/uploads\/2025\/04\/4-5-e1753408077544.png\",\"contentUrl\":\"https:\/\/seprays.com\/wp-content\/uploads\/2025\/04\/4-5-e1753408077544.png\",\"width\":480,\"height\":480,\"caption\":\"ZM30-AP Fully Automatic in-line V-groove Microstress Depaneling Machine\"},{\"@type\":\"BreadcrumbList\",\"@id\":\"https:\/\/seprays.com\/product\/zm30-ap-fully-automatic-in-line-v-groove-microstress-depaneling-machine\/#breadcrumb\",\"itemListElement\":[{\"@type\":\"ListItem\",\"position\":1,\"name\":\"\u9996\u9875\",\"item\":\"https:\/\/seprays.com\/\"},{\"@type\":\"ListItem\",\"position\":2,\"name\":\"\u5546\u5e97\",\"item\":\"https:\/\/seprays.com\/shop\/\"},{\"@type\":\"ListItem\",\"position\":3,\"name\":\"ZM30-AP Fully Automatic in-line V-groove Microstress Depaneling Machine\"}]},{\"@type\":\"WebSite\",\"@id\":\"https:\/\/seprays.com\/#website\",\"url\":\"https:\/\/seprays.com\/\",\"name\":\"Seprays : PCBA Router Depaneling,PCB\/FPC Laser Depaneling,V-Groove Saw Depaneling\",\"description\":\"\",\"publisher\":{\"@id\":\"https:\/\/seprays.com\/#organization\"},\"potentialAction\":[{\"@type\":\"SearchAction\",\"target\":{\"@type\":\"EntryPoint\",\"urlTemplate\":\"https:\/\/seprays.com\/?s={search_term_string}\"},\"query-input\":{\"@type\":\"PropertyValueSpecification\",\"valueRequired\":true,\"valueName\":\"search_term_string\"}}],\"inLanguage\":\"es\"},{\"@type\":\"Organization\",\"@id\":\"https:\/\/seprays.com\/#organization\",\"name\":\"Seprays : PCBA Router Depaneling,PCB\/FPC Laser Depaneling,V-Groove Saw Depaneling\",\"url\":\"https:\/\/seprays.com\/\",\"logo\":{\"@type\":\"ImageObject\",\"inLanguage\":\"es\",\"@id\":\"https:\/\/seprays.com\/#\/schema\/logo\/image\/\",\"url\":\"https:\/\/seprays.com\/wp-content\/uploads\/2025\/04\/seprays\uff08\u5e26\u63cf\u8fb9\uff09.png\",\"contentUrl\":\"https:\/\/seprays.com\/wp-content\/uploads\/2025\/04\/seprays\uff08\u5e26\u63cf\u8fb9\uff09.png\",\"width\":350,\"height\":100,\"caption\":\"Seprays : PCBA Router Depaneling,PCB\/FPC Laser Depaneling,V-Groove Saw Depaneling\"},\"image\":{\"@id\":\"https:\/\/seprays.com\/#\/schema\/logo\/image\/\"}}]}<\/script>\n<!-- \/ Yoast SEO plugin. -->","yoast_head_json":{"title":"ZM30-AP V-groove Depaneling Machine Boosts Accuracy","description":"ZM30-AP delivers unmatched V-groove depaneling machine precision and minimal stress for in-line PCB depaneling with full automation power.","robots":{"index":"index","follow":"follow","max-snippet":"max-snippet:-1","max-image-preview":"max-image-preview:large","max-video-preview":"max-video-preview:-1"},"canonical":"https:\/\/seprays.com\/es\/producto\/zm30-ap-fully-automatic-in-line-v-groove-microstress-depaneling-machine\/","og_locale":"es_ES","og_type":"article","og_title":"ZM30-AP V-groove Depaneling Machine Boosts Accuracy","og_description":"ZM30-AP delivers unmatched V-groove depaneling machine precision and minimal stress for in-line PCB depaneling with full automation power.","og_url":"https:\/\/seprays.com\/es\/producto\/zm30-ap-fully-automatic-in-line-v-groove-microstress-depaneling-machine\/","og_site_name":"Seprays","article_modified_time":"2025-12-23T08:04:12+00:00","og_image":[{"width":480,"height":480,"url":"https:\/\/seprays.com\/wp-content\/uploads\/2025\/04\/4-5-e1753408077544.png","type":"image\/png"}],"twitter_card":"summary_large_image","twitter_misc":{"Tiempo de lectura":"2 minutos"},"schema":{"@context":"https:\/\/schema.org","@graph":[{"@type":"WebPage","@id":"https:\/\/seprays.com\/product\/zm30-ap-fully-automatic-in-line-v-groove-microstress-depaneling-machine\/","url":"https:\/\/seprays.com\/product\/zm30-ap-fully-automatic-in-line-v-groove-microstress-depaneling-machine\/","name":"ZM30-AP V-groove Depaneling Machine Boosts Accuracy","isPartOf":{"@id":"https:\/\/seprays.com\/#website"},"primaryImageOfPage":{"@id":"https:\/\/seprays.com\/product\/zm30-ap-fully-automatic-in-line-v-groove-microstress-depaneling-machine\/#primaryimage"},"image":{"@id":"https:\/\/seprays.com\/product\/zm30-ap-fully-automatic-in-line-v-groove-microstress-depaneling-machine\/#primaryimage"},"thumbnailUrl":"https:\/\/seprays.com\/wp-content\/uploads\/2025\/04\/4-5-e1753408077544.png","datePublished":"2025-04-19T01:33:01+00:00","dateModified":"2025-12-23T08:04:12+00:00","description":"ZM30-AP delivers unmatched V-groove depaneling machine precision and minimal stress for in-line PCB depaneling with full automation power.","breadcrumb":{"@id":"https:\/\/seprays.com\/product\/zm30-ap-fully-automatic-in-line-v-groove-microstress-depaneling-machine\/#breadcrumb"},"inLanguage":"es","potentialAction":[{"@type":"ReadAction","target":["https:\/\/seprays.com\/product\/zm30-ap-fully-automatic-in-line-v-groove-microstress-depaneling-machine\/"]}]},{"@type":"ImageObject","inLanguage":"es","@id":"https:\/\/seprays.com\/product\/zm30-ap-fully-automatic-in-line-v-groove-microstress-depaneling-machine\/#primaryimage","url":"https:\/\/seprays.com\/wp-content\/uploads\/2025\/04\/4-5-e1753408077544.png","contentUrl":"https:\/\/seprays.com\/wp-content\/uploads\/2025\/04\/4-5-e1753408077544.png","width":480,"height":480,"caption":"ZM30-AP Fully Automatic in-line V-groove Microstress Depaneling Machine"},{"@type":"BreadcrumbList","@id":"https:\/\/seprays.com\/product\/zm30-ap-fully-automatic-in-line-v-groove-microstress-depaneling-machine\/#breadcrumb","itemListElement":[{"@type":"ListItem","position":1,"name":"\u9996\u9875","item":"https:\/\/seprays.com\/"},{"@type":"ListItem","position":2,"name":"\u5546\u5e97","item":"https:\/\/seprays.com\/shop\/"},{"@type":"ListItem","position":3,"name":"ZM30-AP Fully Automatic in-line V-groove Microstress Depaneling Machine"}]},{"@type":"WebSite","@id":"https:\/\/seprays.com\/#website","url":"https:\/\/seprays.com\/","name":"Seprays : PCBA Router Depaneling,PCB\/FPC Laser Depaneling,V-Groove Saw Depaneling","description":"","publisher":{"@id":"https:\/\/seprays.com\/#organization"},"potentialAction":[{"@type":"SearchAction","target":{"@type":"EntryPoint","urlTemplate":"https:\/\/seprays.com\/?s={search_term_string}"},"query-input":{"@type":"PropertyValueSpecification","valueRequired":true,"valueName":"search_term_string"}}],"inLanguage":"es"},{"@type":"Organization","@id":"https:\/\/seprays.com\/#organization","name":"Seprays : PCBA Router Depaneling,PCB\/FPC Laser Depaneling,V-Groove Saw Depaneling","url":"https:\/\/seprays.com\/","logo":{"@type":"ImageObject","inLanguage":"es","@id":"https:\/\/seprays.com\/#\/schema\/logo\/image\/","url":"https:\/\/seprays.com\/wp-content\/uploads\/2025\/04\/seprays\uff08\u5e26\u63cf\u8fb9\uff09.png","contentUrl":"https:\/\/seprays.com\/wp-content\/uploads\/2025\/04\/seprays\uff08\u5e26\u63cf\u8fb9\uff09.png","width":350,"height":100,"caption":"Seprays : PCBA Router Depaneling,PCB\/FPC Laser Depaneling,V-Groove Saw Depaneling"},"image":{"@id":"https:\/\/seprays.com\/#\/schema\/logo\/image\/"}}]}},"_links":{"self":[{"href":"https:\/\/seprays.com\/es\/wp-json\/wp\/v2\/product\/1105","targetHints":{"allow":["GET"]}}],"collection":[{"href":"https:\/\/seprays.com\/es\/wp-json\/wp\/v2\/product"}],"about":[{"href":"https:\/\/seprays.com\/es\/wp-json\/wp\/v2\/types\/product"}],"replies":[{"embeddable":true,"href":"https:\/\/seprays.com\/es\/wp-json\/wp\/v2\/comments?post=1105"}],"wp:featuredmedia":[{"embeddable":true,"href":"https:\/\/seprays.com\/es\/wp-json\/wp\/v2\/media\/1085"}],"wp:attachment":[{"href":"https:\/\/seprays.com\/es\/wp-json\/wp\/v2\/media?parent=1105"}],"wp:term":[{"taxonomy":"product_brand","embeddable":true,"href":"https:\/\/seprays.com\/es\/wp-json\/wp\/v2\/product_brand?post=1105"},{"taxonomy":"product_cat","embeddable":true,"href":"https:\/\/seprays.com\/es\/wp-json\/wp\/v2\/product_cat?post=1105"},{"taxonomy":"product_tag","embeddable":true,"href":"https:\/\/seprays.com\/es\/wp-json\/wp\/v2\/product_tag?post=1105"}],"curies":[{"name":"wp","href":"https:\/\/api.w.org\/{rel}","templated":true}]}}