{"id":1106,"date":"2025-04-19T01:34:52","date_gmt":"2025-04-19T01:34:52","guid":{"rendered":"https:\/\/seprays.com\/?post_type=product&#038;p=1106"},"modified":"2025-12-23T08:03:24","modified_gmt":"2025-12-23T08:03:24","slug":"zm30-x-automatic-v-groove-depaneling-machine","status":"publish","type":"product","link":"https:\/\/seprays.com\/es\/producto\/zm30-x-automatic-v-groove-depaneling-machine\/","title":{"rendered":"M\u00e1quina despaneladora autom\u00e1tica con ranuras en V ZM30-X"},"content":{"rendered":"<table style=\"border-collapse: collapse; width: 100%;\">\n<tbody>\n<tr class=\"firstRow\">\n<th style=\"width: 32.7545%;\" width=\"160\"><span style=\"font-family: arial, helvetica, sans-serif;\">Modelo<\/span><\/th>\n<th style=\"width: 67.1665%;\" width=\"331\"><span style=\"font-family: arial, helvetica, sans-serif;\">ZM30-X<\/span><\/th>\n<\/tr>\n<tr>\n<td style=\"width: 32.7545%; text-align: center;\" width=\"160\"><span style=\"font-family: arial, helvetica, sans-serif;\">Dimensi\u00f3n Total<\/span><\/td>\n<td style=\"width: 67.1665%; text-align: center;\" width=\"331\"><span style=\"font-family: arial, helvetica, sans-serif;\">1750*1250*1700 mm<\/span><\/td>\n<\/tr>\n<tr>\n<td style=\"width: 32.7545%; text-align: center;\" width=\"160\"><span style=\"font-family: arial, helvetica, sans-serif;\">Forma<\/span><\/td>\n<td style=\"width: 67.1665%; text-align: center;\" width=\"331\"><span style=\"font-family: arial, helvetica, sans-serif;\">Vertical<\/span><\/td>\n<\/tr>\n<tr>\n<td style=\"width: 32.7545%; text-align: center;\" width=\"160\"><span style=\"font-family: arial, helvetica, sans-serif;\">Peso<\/span><\/td>\n<td style=\"width: 67.1665%; text-align: center;\" width=\"331\"><span style=\"font-family: arial, helvetica, sans-serif;\">600 KG.<\/span><\/td>\n<\/tr>\n<tr>\n<td style=\"width: 32.7545%; text-align: center;\" width=\"160\"><span style=\"font-family: arial, helvetica, sans-serif;\">Color<\/span><\/td>\n<td style=\"width: 67.1665%; text-align: center;\" width=\"331\"><span style=\"font-family: arial, helvetica, sans-serif;\">Equipo blanco<\/span><\/td>\n<\/tr>\n<tr>\n<td style=\"width: 32.7545%; text-align: center;\" width=\"160\"><span style=\"font-family: arial, helvetica, sans-serif;\">Fuente de alimentaci\u00f3n<\/span><\/td>\n<td style=\"width: 67.1665%; text-align: center;\" width=\"331\"><span style=\"font-family: arial, helvetica, sans-serif;\">AC220V 4000W<\/span><\/td>\n<\/tr>\n<tr>\n<td style=\"width: 32.7545%; text-align: center;\" width=\"160\"><span style=\"font-family: arial, helvetica, sans-serif;\">Ambiental<\/span><\/td>\n<td style=\"width: 67.1665%; text-align: center;\" width=\"331\"><span style=\"font-family: arial, helvetica, sans-serif;\">limpio y seco, evitar la humedad o alta temperatura.<\/span><\/td>\n<\/tr>\n<tr>\n<td style=\"width: 32.7545%; text-align: center;\" width=\"160\"><span style=\"font-family: arial, helvetica, sans-serif;\">Trabajo de presi\u00f3n de aire\/di\u00e1metro del tubo<\/span><\/td>\n<td style=\"width: 67.1665%; text-align: center;\" width=\"331\"><span style=\"font-family: arial, helvetica, sans-serif;\">El &gt; 0.6 MP\/8mm<\/span><\/td>\n<\/tr>\n<tr>\n<td style=\"width: 32.7545%; text-align: center;\" width=\"160\"><span style=\"font-family: arial, helvetica, sans-serif;\">Distancia m\u00ednima de las piezas de la l\u00ednea de corte<\/span><\/td>\n<td style=\"width: 67.1665%; text-align: center;\" width=\"331\"><span style=\"font-family: arial, helvetica, sans-serif;\">mayor o igual a 1.5 mm<\/span><\/td>\n<\/tr>\n<tr>\n<td style=\"width: 32.7545%; text-align: center;\" width=\"160\"><span style=\"font-family: arial, helvetica, sans-serif;\">M\u00e1ximo y m\u00ednimo de la junta de longitud<\/span><\/td>\n<td style=\"width: 67.1665%; text-align: center;\" width=\"331\"><span style=\"font-family: arial, helvetica, sans-serif;\">300mm*260m m 12*12m m<\/span><\/td>\n<\/tr>\n<tr>\n<td style=\"width: 32.7545%; text-align: center;\"><span style=\"font-family: arial, helvetica, sans-serif;\">La taza de la succi\u00f3n de los requisitos de<\/span><\/td>\n<td style=\"width: 67.1665%; text-align: center;\"><span style=\"font-family: arial, helvetica, sans-serif;\">a single piece of a small board, at least one side of which is greater than 10 * 10m, and the space<\/span><\/td>\n<\/tr>\n<tr>\n<td style=\"width: 32.7545%; text-align: center;\" width=\"160\"><span style=\"font-family: arial, helvetica, sans-serif;\">La junta de entrada de ajuste<\/span><\/td>\n<td style=\"width: 67.1665%; text-align: center;\" width=\"331\"><span style=\"font-family: arial, helvetica, sans-serif;\">directa de los par\u00e1metros de entrada, ajuste autom\u00e1tico<\/span><\/td>\n<\/tr>\n<tr>\n<td style=\"width: 32.7545%; text-align: center;\" width=\"160\"><span style=\"font-family: arial, helvetica, sans-serif;\">Tablero del PWB de los componentes de la m\u00e1xima altura<\/span><\/td>\n<td style=\"width: 67.1665%; text-align: center;\" width=\"331\"><span style=\"font-family: arial, helvetica, sans-serif;\">PCB inversa partes l\u00edmite de altura de 20 mm, frente a limitar la altura de 35mm<\/span><\/td>\n<\/tr>\n<tr>\n<td style=\"width: 32.7545%; text-align: center;\" width=\"160\"><span style=\"font-family: arial, helvetica, sans-serif;\">El ajuste del par\u00e1metro<\/span><\/td>\n<td style=\"width: 67.1665%; text-align: center;\" width=\"331\"><span style=\"font-family: arial, helvetica, sans-serif;\">De acuerdo con el tama\u00f1o de la V de la ranura de la pantalla t\u00e1ctil, entrada directa<\/span><\/td>\n<\/tr>\n<tr>\n<td style=\"width: 32.7545%; text-align: center;\" width=\"160\"><span style=\"font-family: arial, helvetica, sans-serif;\">M\u00f3dulo de almacenamiento<\/span><\/td>\n<td style=\"width: 67.1665%; text-align: center;\" width=\"331\"><span style=\"font-family: arial, helvetica, sans-serif;\">puede almacenar hasta 50 grupos de programas<\/span><\/td>\n<\/tr>\n<tr>\n<td style=\"width: 32.7545%; text-align: center;\" width=\"160\"><span style=\"font-family: arial, helvetica, sans-serif;\">Hoja<\/span><\/td>\n<td style=\"width: 67.1665%; text-align: center;\" width=\"331\"><span style=\"font-family: arial, helvetica, sans-serif;\">de alta velocidad cuchillo de acero<\/span><\/td>\n<\/tr>\n<tr>\n<td style=\"width: 32.7545%; text-align: center;\" width=\"160\"><span style=\"font-family: arial, helvetica, sans-serif;\">\u00c1ngulo de la pala<\/span><\/td>\n<td style=\"width: 67.1665%; text-align: center;\" width=\"331\"><span style=\"font-family: arial, helvetica, sans-serif;\">10-30 grados (seleccionable)<\/span><\/td>\n<\/tr>\n<tr>\n<td style=\"width: 32.7545%; text-align: center;\" width=\"160\"><span style=\"font-family: arial, helvetica, sans-serif;\">Morir de precisi\u00f3n<\/span><\/td>\n<td style=\"width: 67.1665%; text-align: center;\" width=\"331\"><span style=\"font-family: arial, helvetica, sans-serif;\">0.1 mm<\/span><\/td>\n<\/tr>\n<tr>\n<td style=\"width: 32.7545%; text-align: center;\" width=\"160\"><span style=\"font-family: arial, helvetica, sans-serif;\">Partici\u00f3n de la eficiencia<\/span><\/td>\n<td style=\"width: 67.1665%; text-align: center;\" width=\"331\"><span style=\"font-family: arial, helvetica, sans-serif;\">15s\/pcs (200*150 mm) est\u00e1ndar de la velocidad de corte de 8 cuchillos de referencia<\/span><\/td>\n<\/tr>\n<tr>\n<td style=\"width: 32.7545%; text-align: center;\" width=\"160\"><span style=\"font-family: arial, helvetica, sans-serif;\">Longitud y anchura m\u00e1xima de la l\u00ednea de montaje<\/span><\/td>\n<td style=\"width: 67.1665%; text-align: center;\" width=\"331\"><span style=\"font-family: arial, helvetica, sans-serif;\">650mm*250mm<\/span><\/td>\n<\/tr>\n<tr>\n<td style=\"width: 32.7545%; text-align: center;\" width=\"160\"><span style=\"font-family: arial, helvetica, sans-serif;\">La divisi\u00f3n de velocidad<\/span><\/td>\n<td style=\"width: 67.1665%; text-align: center;\" width=\"331\"><span style=\"font-family: arial, helvetica, sans-serif;\">0-800 mm\/s<\/span><\/td>\n<\/tr>\n<tr>\n<td style=\"width: 32.7545%; text-align: center;\" width=\"19\"><span style=\"font-family: arial, helvetica, sans-serif;\">La taza de la succi\u00f3n de manipulador de control de movimiento de modo<\/span><\/td>\n<td style=\"width: 67.1665%; text-align: center;\" width=\"331\"><span style=\"font-family: arial, helvetica, sans-serif;\">motor paso a paso + riel de gu\u00eda + correa de transmisi\u00f3n<\/span><\/td>\n<\/tr>\n<tr>\n<td style=\"width: 32.7545%; text-align: center;\" width=\"19\"><span style=\"font-family: arial, helvetica, sans-serif;\">Aspiraci\u00f3n de polvo en el modo y el poder<\/span><\/td>\n<td style=\"width: 67.1665%; text-align: center;\" width=\"331\"><span style=\"font-family: arial, helvetica, sans-serif;\">1500W bajo el cuchillo de grupo<\/span><\/td>\n<\/tr>\n<tr>\n<td style=\"width: 32.7545%; text-align: center;\" width=\"19\"><span style=\"font-family: arial, helvetica, sans-serif;\">Corte longitudinal de espesor<\/span><\/td>\n<td style=\"width: 67.1665%; text-align: center;\" width=\"331\"><span style=\"font-family: arial, helvetica, sans-serif;\">0 8-2. 5mm<\/span><\/td>\n<\/tr>\n<tr>\n<td style=\"width: 32.7545%; text-align: center;\" width=\"19\"><span style=\"font-family: arial, helvetica, sans-serif;\">Mala operaci\u00f3n de la protecci\u00f3n<\/span><\/td>\n<td style=\"width: 67.1665%; text-align: center;\" width=\"331\"><span style=\"font-family: arial, helvetica, sans-serif;\">triple protecci\u00f3n de las rejillas de luz, sensores y software<\/span><\/td>\n<\/tr>\n<tr>\n<td style=\"width: 32.7545%; text-align: center;\" width=\"19\"><span style=\"font-family: arial, helvetica, sans-serif;\">La protecci\u00f3n de la seguridad<\/span><\/td>\n<td style=\"width: 67.1665%; text-align: center;\" width=\"331\"><span style=\"font-family: arial, helvetica, sans-serif;\">de parada de emergencia<\/span><\/td>\n<\/tr>\n<tr>\n<td style=\"width: 32.7545%; text-align: center;\" width=\"19\"><span style=\"font-family: arial, helvetica, sans-serif;\">De falta de energ\u00eda y de aire de corte de la funci\u00f3n<\/span><\/td>\n<td style=\"width: 67.1665%; text-align: center;\" width=\"331\"><span style=\"font-family: arial, helvetica, sans-serif;\">S\u00ed<\/span><\/td>\n<\/tr>\n<tr>\n<td style=\"width: 32.7545%; text-align: center;\" width=\"19\"><span style=\"font-family: arial, helvetica, sans-serif;\">Auto-funci\u00f3n de prueba<\/span><\/td>\n<td style=\"width: 67.1665%; text-align: center;\" width=\"331\"><span style=\"font-family: arial, helvetica, sans-serif;\">encendido seguimiento del tiempo, la capacidad de monitoreo, equipos de falla de la informaci\u00f3n, y un sistema autom\u00e1tico de soluci\u00f3n de problemas del sistema<\/span><\/td>\n<\/tr>\n<tr>\n<td style=\"width: 32.7545%; text-align: center;\" width=\"19\"><span style=\"font-family: arial, helvetica, sans-serif;\">El modo de trabajo<\/span><\/td>\n<td style=\"width: 67.1665%; text-align: center;\" width=\"331\"><span style=\"font-family: arial, helvetica, sans-serif;\">robot autom\u00e1tico en l\u00ednea y corte de alimentaci\u00f3n de tableros<\/span><\/td>\n<\/tr>\n<tr>\n<td style=\"width: 32.7545%; text-align: center;\" width=\"19\"><span style=\"font-family: arial, helvetica, sans-serif;\">Adecuado<\/span><\/td>\n<td style=\"width: 67.1665%; text-align: center;\" width=\"331\"><span style=\"font-family: arial, helvetica, sans-serif;\">Los tableros del PWB despu\u00e9s de la inserci\u00f3n o a la colocaci\u00f3n de doble direcci\u00f3n V-groove<\/span><\/td>\n<\/tr>\n<\/tbody>\n<\/table>\n<p data-start=\"279\" data-end=\"573\"><span style=\"font-family: arial, helvetica, sans-serif;\">El <strong data-start=\"283\" data-end=\"310\">ZM30-X V-groove machine<\/strong> por SEPRAYS es un avanzado autom\u00e1tico depaneling soluci\u00f3n capaz de precisa los ejes X e y de corte longitudinal. Dise\u00f1ado para el alto rendimiento de los entornos, apoya la plena automatizaci\u00f3n en l\u00ednea, eliminando la necesidad de manual de liberaci\u00f3n de la placa y reduciendo significativamente los costos de mano de obra.<\/span><\/p>\n<p data-start=\"575\" data-end=\"939\"><span style=\"font-family: arial, helvetica, sans-serif;\">Esta potente m\u00e1quina trata de varios materiales, incluyendo <strong data-start=\"633\" data-end=\"669\">de aluminio de sustratos (300\u20131500m m)<\/strong>, sustratos de cobre, FR4, fibra de vidrio y placas, con suavidad, sin rebabas de los recortes. Con la herramienta de libre cambio de las capacidades, los operadores pueden cambiar f\u00e1cilmente de un cuchillo moldes y las tazas de la succi\u00f3n para diferentes tipos de tablero, permitiendo eficiente de la operaci\u00f3n sin tripulaci\u00f3n y minimizar el tiempo de inactividad.<\/span><\/p>\n<p data-start=\"941\" data-end=\"1146\"><span style=\"font-family: arial, helvetica, sans-serif;\">Ideal para la electr\u00f3nica de consumo, electrodom\u00e9sticos, electr\u00f3nica automotriz, y m\u00e1s, la <strong data-start=\"1028\" data-end=\"1055\">ZM30-X V-groove machine<\/strong> satisface las necesidades de los complejos, multi-conectado del PWB depaneling tareas con precisi\u00f3n y velocidad.<\/span><\/p>\n<p data-start=\"1148\" data-end=\"1300\"><img decoding=\"async\" class=\"emoji ls-is-cached lazyloaded\" role=\"img\" draggable=\"false\" src=\"https:\/\/s.w.org\/images\/core\/emoji\/16.0.1\/svg\/1f4e9.svg\" alt=\"\ud83d\udce9\" data-src=\"https:\/\/s.w.org\/images\/core\/emoji\/16.0.1\/svg\/1f4e9.svg\" \/>\u00a0Contact us now and discover why over 3,000 leading companies trust SEPRAYS for their PCB depaneling needs.<\/p>","protected":false},"excerpt":{"rendered":"<p><span style=\"font-family: arial, helvetica, sans-serif;\">Caracter\u00edsticas Del Producto:<\/span><\/p>\n<p><span style=\"font-family: arial, helvetica, sans-serif;\">\u2013 Puede darse cuenta de V ranura de X, Y de doble direcci\u00f3n autom\u00e1tico que raja;<\/span><\/p>\n<p><span style=\"font-family: arial, helvetica, sans-serif;\">\u2013 Puede ser conectado a la l\u00ednea de montaje para lograr completamente autom\u00e1tico de corte longitudinal sin manual de liberaci\u00f3n de la junta directiva, con gran ahorro de mano de obra.<\/span><\/p>\n<p><span style=\"font-family: arial, helvetica, sans-serif;\">\u2013 Corte longitudinal de la substrato de aluminio (300 mm-1500 mm), substrato de cobre, FR4, de fibra de vidrio de la junta, y de corte longitudinal suave y libre de rebabas.<\/span><\/p>\n<p><span style=\"font-family: arial, helvetica, sans-serif;\">\u2013 Cambiar la l\u00ednea para cambiar el cuchillo del molde y de la copa de succi\u00f3n, permitiendo la operaci\u00f3n sin tripulaci\u00f3n, con gran ahorro de tiempo.<\/span><\/p>\n<p><span style=\"font-family: arial, helvetica, sans-serif;\">\u2013 Adecuado para la electr\u00f3nica de consumo, electr\u00f3nica para el hogar, electr\u00f3nica automotriz, y otros relacionados con el multi-conectado del PWB depaneling de operaciones.<\/span><\/p>\n<p><span style=\"font-family: arial, helvetica, sans-serif;\">Contacte con nosotros ahora! Aprender m\u00e1s acerca de SEPRAYS ZM30-X Autom\u00e1tico V-groove M\u00e1quina Depaneling<\/span><\/p>","protected":false},"featured_media":1088,"comment_status":"open","ping_status":"closed","template":"","meta":[],"product_brand":[],"product_cat":[26],"product_tag":[45],"class_list":{"0":"post-1106","1":"product","2":"type-product","3":"status-publish","4":"has-post-thumbnail","6":"product_cat-v-groove-depaneling","7":"product_tag-zm30-x-v-groove-machine","9":"first","10":"instock","11":"shipping-taxable","12":"product-type-simple"},"yoast_head":"<!-- This site is optimized with the Yoast SEO plugin v25.7 - https:\/\/yoast.com\/wordpress\/plugins\/seo\/ -->\n<title>ZM30-X V-Groove Machine Delivers Flawless Cuts<\/title>\n<meta name=\"description\" content=\"ZM30-X ensures a flawless V-groove depaneling machine with precision automation, reducing PCB stress and boosting efficiency.\" \/>\n<meta name=\"robots\" content=\"index, follow, max-snippet:-1, max-image-preview:large, max-video-preview:-1\" \/>\n<link rel=\"canonical\" href=\"https:\/\/seprays.com\/es\/producto\/zm30-x-automatic-v-groove-depaneling-machine\/\" \/>\n<meta property=\"og:locale\" content=\"es_ES\" \/>\n<meta property=\"og:type\" content=\"article\" \/>\n<meta property=\"og:title\" content=\"ZM30-X V-Groove Machine Delivers Flawless Cuts\" \/>\n<meta property=\"og:description\" content=\"ZM30-X ensures a flawless V-groove depaneling machine with precision automation, reducing PCB stress and boosting efficiency.\" \/>\n<meta property=\"og:url\" content=\"https:\/\/seprays.com\/es\/producto\/zm30-x-automatic-v-groove-depaneling-machine\/\" \/>\n<meta property=\"og:site_name\" content=\"Seprays\" \/>\n<meta property=\"article:modified_time\" content=\"2025-12-23T08:03:24+00:00\" \/>\n<meta property=\"og:image\" content=\"https:\/\/seprays.com\/wp-content\/uploads\/2025\/04\/5-3.jpg\" \/>\n\t<meta property=\"og:image:width\" content=\"480\" \/>\n\t<meta property=\"og:image:height\" content=\"480\" \/>\n\t<meta property=\"og:image:type\" content=\"image\/jpeg\" \/>\n<meta name=\"twitter:card\" content=\"summary_large_image\" \/>\n<meta name=\"twitter:label1\" content=\"Tiempo de lectura\" \/>\n\t<meta name=\"twitter:data1\" content=\"2 minutos\" \/>\n<script type=\"application\/ld+json\" class=\"yoast-schema-graph\">{\"@context\":\"https:\/\/schema.org\",\"@graph\":[{\"@type\":\"WebPage\",\"@id\":\"https:\/\/seprays.com\/product\/zm30-x-automatic-v-groove-depaneling-machine\/\",\"url\":\"https:\/\/seprays.com\/product\/zm30-x-automatic-v-groove-depaneling-machine\/\",\"name\":\"ZM30-X V-Groove Machine Delivers Flawless Cuts\",\"isPartOf\":{\"@id\":\"https:\/\/seprays.com\/#website\"},\"primaryImageOfPage\":{\"@id\":\"https:\/\/seprays.com\/product\/zm30-x-automatic-v-groove-depaneling-machine\/#primaryimage\"},\"image\":{\"@id\":\"https:\/\/seprays.com\/product\/zm30-x-automatic-v-groove-depaneling-machine\/#primaryimage\"},\"thumbnailUrl\":\"https:\/\/seprays.com\/wp-content\/uploads\/2025\/04\/5-3.jpg\",\"datePublished\":\"2025-04-19T01:34:52+00:00\",\"dateModified\":\"2025-12-23T08:03:24+00:00\",\"description\":\"ZM30-X ensures a flawless V-groove depaneling machine with precision automation, reducing PCB stress and boosting efficiency.\",\"breadcrumb\":{\"@id\":\"https:\/\/seprays.com\/product\/zm30-x-automatic-v-groove-depaneling-machine\/#breadcrumb\"},\"inLanguage\":\"es\",\"potentialAction\":[{\"@type\":\"ReadAction\",\"target\":[\"https:\/\/seprays.com\/product\/zm30-x-automatic-v-groove-depaneling-machine\/\"]}]},{\"@type\":\"ImageObject\",\"inLanguage\":\"es\",\"@id\":\"https:\/\/seprays.com\/product\/zm30-x-automatic-v-groove-depaneling-machine\/#primaryimage\",\"url\":\"https:\/\/seprays.com\/wp-content\/uploads\/2025\/04\/5-3.jpg\",\"contentUrl\":\"https:\/\/seprays.com\/wp-content\/uploads\/2025\/04\/5-3.jpg\",\"width\":480,\"height\":480,\"caption\":\"ZM30-X Automatic V-groove Depaneling Machine\"},{\"@type\":\"BreadcrumbList\",\"@id\":\"https:\/\/seprays.com\/product\/zm30-x-automatic-v-groove-depaneling-machine\/#breadcrumb\",\"itemListElement\":[{\"@type\":\"ListItem\",\"position\":1,\"name\":\"\u9996\u9875\",\"item\":\"https:\/\/seprays.com\/\"},{\"@type\":\"ListItem\",\"position\":2,\"name\":\"\u5546\u5e97\",\"item\":\"https:\/\/seprays.com\/shop\/\"},{\"@type\":\"ListItem\",\"position\":3,\"name\":\"ZM30-X Automatic V-groove Depaneling Machine\"}]},{\"@type\":\"WebSite\",\"@id\":\"https:\/\/seprays.com\/#website\",\"url\":\"https:\/\/seprays.com\/\",\"name\":\"Seprays : PCBA Router Depaneling,PCB\/FPC Laser Depaneling,V-Groove Saw Depaneling\",\"description\":\"\",\"publisher\":{\"@id\":\"https:\/\/seprays.com\/#organization\"},\"potentialAction\":[{\"@type\":\"SearchAction\",\"target\":{\"@type\":\"EntryPoint\",\"urlTemplate\":\"https:\/\/seprays.com\/?s={search_term_string}\"},\"query-input\":{\"@type\":\"PropertyValueSpecification\",\"valueRequired\":true,\"valueName\":\"search_term_string\"}}],\"inLanguage\":\"es\"},{\"@type\":\"Organization\",\"@id\":\"https:\/\/seprays.com\/#organization\",\"name\":\"Seprays : PCBA Router Depaneling,PCB\/FPC Laser Depaneling,V-Groove Saw Depaneling\",\"url\":\"https:\/\/seprays.com\/\",\"logo\":{\"@type\":\"ImageObject\",\"inLanguage\":\"es\",\"@id\":\"https:\/\/seprays.com\/#\/schema\/logo\/image\/\",\"url\":\"https:\/\/seprays.com\/wp-content\/uploads\/2025\/04\/seprays\uff08\u5e26\u63cf\u8fb9\uff09.png\",\"contentUrl\":\"https:\/\/seprays.com\/wp-content\/uploads\/2025\/04\/seprays\uff08\u5e26\u63cf\u8fb9\uff09.png\",\"width\":350,\"height\":100,\"caption\":\"Seprays : PCBA Router Depaneling,PCB\/FPC Laser Depaneling,V-Groove Saw Depaneling\"},\"image\":{\"@id\":\"https:\/\/seprays.com\/#\/schema\/logo\/image\/\"}}]}<\/script>\n<!-- \/ Yoast SEO plugin. -->","yoast_head_json":{"title":"ZM30-X V-Groove Machine Delivers Flawless Cuts","description":"ZM30-X ensures a flawless V-groove depaneling machine with precision automation, reducing PCB stress and boosting efficiency.","robots":{"index":"index","follow":"follow","max-snippet":"max-snippet:-1","max-image-preview":"max-image-preview:large","max-video-preview":"max-video-preview:-1"},"canonical":"https:\/\/seprays.com\/es\/producto\/zm30-x-automatic-v-groove-depaneling-machine\/","og_locale":"es_ES","og_type":"article","og_title":"ZM30-X V-Groove Machine Delivers Flawless Cuts","og_description":"ZM30-X ensures a flawless V-groove depaneling machine with precision automation, reducing PCB stress and boosting efficiency.","og_url":"https:\/\/seprays.com\/es\/producto\/zm30-x-automatic-v-groove-depaneling-machine\/","og_site_name":"Seprays","article_modified_time":"2025-12-23T08:03:24+00:00","og_image":[{"width":480,"height":480,"url":"https:\/\/seprays.com\/wp-content\/uploads\/2025\/04\/5-3.jpg","type":"image\/jpeg"}],"twitter_card":"summary_large_image","twitter_misc":{"Tiempo de lectura":"2 minutos"},"schema":{"@context":"https:\/\/schema.org","@graph":[{"@type":"WebPage","@id":"https:\/\/seprays.com\/product\/zm30-x-automatic-v-groove-depaneling-machine\/","url":"https:\/\/seprays.com\/product\/zm30-x-automatic-v-groove-depaneling-machine\/","name":"ZM30-X V-Groove Machine Delivers Flawless Cuts","isPartOf":{"@id":"https:\/\/seprays.com\/#website"},"primaryImageOfPage":{"@id":"https:\/\/seprays.com\/product\/zm30-x-automatic-v-groove-depaneling-machine\/#primaryimage"},"image":{"@id":"https:\/\/seprays.com\/product\/zm30-x-automatic-v-groove-depaneling-machine\/#primaryimage"},"thumbnailUrl":"https:\/\/seprays.com\/wp-content\/uploads\/2025\/04\/5-3.jpg","datePublished":"2025-04-19T01:34:52+00:00","dateModified":"2025-12-23T08:03:24+00:00","description":"ZM30-X ensures a flawless V-groove depaneling machine with precision automation, reducing PCB stress and boosting efficiency.","breadcrumb":{"@id":"https:\/\/seprays.com\/product\/zm30-x-automatic-v-groove-depaneling-machine\/#breadcrumb"},"inLanguage":"es","potentialAction":[{"@type":"ReadAction","target":["https:\/\/seprays.com\/product\/zm30-x-automatic-v-groove-depaneling-machine\/"]}]},{"@type":"ImageObject","inLanguage":"es","@id":"https:\/\/seprays.com\/product\/zm30-x-automatic-v-groove-depaneling-machine\/#primaryimage","url":"https:\/\/seprays.com\/wp-content\/uploads\/2025\/04\/5-3.jpg","contentUrl":"https:\/\/seprays.com\/wp-content\/uploads\/2025\/04\/5-3.jpg","width":480,"height":480,"caption":"ZM30-X Automatic V-groove Depaneling Machine"},{"@type":"BreadcrumbList","@id":"https:\/\/seprays.com\/product\/zm30-x-automatic-v-groove-depaneling-machine\/#breadcrumb","itemListElement":[{"@type":"ListItem","position":1,"name":"\u9996\u9875","item":"https:\/\/seprays.com\/"},{"@type":"ListItem","position":2,"name":"\u5546\u5e97","item":"https:\/\/seprays.com\/shop\/"},{"@type":"ListItem","position":3,"name":"ZM30-X Automatic V-groove Depaneling Machine"}]},{"@type":"WebSite","@id":"https:\/\/seprays.com\/#website","url":"https:\/\/seprays.com\/","name":"Seprays : PCBA Router Depaneling,PCB\/FPC Laser Depaneling,V-Groove Saw Depaneling","description":"","publisher":{"@id":"https:\/\/seprays.com\/#organization"},"potentialAction":[{"@type":"SearchAction","target":{"@type":"EntryPoint","urlTemplate":"https:\/\/seprays.com\/?s={search_term_string}"},"query-input":{"@type":"PropertyValueSpecification","valueRequired":true,"valueName":"search_term_string"}}],"inLanguage":"es"},{"@type":"Organization","@id":"https:\/\/seprays.com\/#organization","name":"Seprays : PCBA Router Depaneling,PCB\/FPC Laser Depaneling,V-Groove Saw Depaneling","url":"https:\/\/seprays.com\/","logo":{"@type":"ImageObject","inLanguage":"es","@id":"https:\/\/seprays.com\/#\/schema\/logo\/image\/","url":"https:\/\/seprays.com\/wp-content\/uploads\/2025\/04\/seprays\uff08\u5e26\u63cf\u8fb9\uff09.png","contentUrl":"https:\/\/seprays.com\/wp-content\/uploads\/2025\/04\/seprays\uff08\u5e26\u63cf\u8fb9\uff09.png","width":350,"height":100,"caption":"Seprays : PCBA Router Depaneling,PCB\/FPC Laser Depaneling,V-Groove Saw Depaneling"},"image":{"@id":"https:\/\/seprays.com\/#\/schema\/logo\/image\/"}}]}},"_links":{"self":[{"href":"https:\/\/seprays.com\/es\/wp-json\/wp\/v2\/product\/1106","targetHints":{"allow":["GET"]}}],"collection":[{"href":"https:\/\/seprays.com\/es\/wp-json\/wp\/v2\/product"}],"about":[{"href":"https:\/\/seprays.com\/es\/wp-json\/wp\/v2\/types\/product"}],"replies":[{"embeddable":true,"href":"https:\/\/seprays.com\/es\/wp-json\/wp\/v2\/comments?post=1106"}],"wp:featuredmedia":[{"embeddable":true,"href":"https:\/\/seprays.com\/es\/wp-json\/wp\/v2\/media\/1088"}],"wp:attachment":[{"href":"https:\/\/seprays.com\/es\/wp-json\/wp\/v2\/media?parent=1106"}],"wp:term":[{"taxonomy":"product_brand","embeddable":true,"href":"https:\/\/seprays.com\/es\/wp-json\/wp\/v2\/product_brand?post=1106"},{"taxonomy":"product_cat","embeddable":true,"href":"https:\/\/seprays.com\/es\/wp-json\/wp\/v2\/product_cat?post=1106"},{"taxonomy":"product_tag","embeddable":true,"href":"https:\/\/seprays.com\/es\/wp-json\/wp\/v2\/product_tag?post=1106"}],"curies":[{"name":"wp","href":"https:\/\/api.w.org\/{rel}","templated":true}]}}