{"id":1111,"date":"2025-04-19T01:41:13","date_gmt":"2025-04-19T01:41:13","guid":{"rendered":"https:\/\/seprays.com\/?post_type=product&#038;p=1111"},"modified":"2025-12-23T08:01:11","modified_gmt":"2025-12-23T08:01:11","slug":"zm30-lt-in-line-multi-knife-pcba-depaneler","status":"publish","type":"product","link":"https:\/\/seprays.com\/es\/producto\/zm30-lt-in-line-multi-knife-pcba-depaneler\/","title":{"rendered":"ZM30-LT En L\u00ednea Multi-Cuchillo de PCBA Depaneler"},"content":{"rendered":"<table style=\"border-collapse: collapse; width: 100%;\">\n<tbody>\n<tr class=\"firstRow\">\n<th style=\"width: 25.0197%;\"><span style=\"font-family: arial, helvetica, sans-serif;\">Modelo<\/span><\/th>\n<th style=\"width: 74.9013%;\"><span style=\"font-family: arial, helvetica, sans-serif;\">ZM30-LT<\/span><\/th>\n<\/tr>\n<tr>\n<td style=\"text-align: center; width: 25.0197%;\"><span style=\"font-family: arial, helvetica, sans-serif;\">Tama\u00f1o del equipo<\/span><\/td>\n<td style=\"text-align: center; width: 74.9013%;\"><span style=\"font-family: arial, helvetica, sans-serif;\">L:1250M M\u3001W:500 MM\u3001H:1200MM<\/span><\/td>\n<\/tr>\n<tr>\n<td style=\"text-align: center; width: 25.0197%;\"><span style=\"font-family: arial, helvetica, sans-serif;\">El equipo de la tensi\u00f3n de<\/span><\/td>\n<td style=\"text-align: center; width: 74.9013%;\"><span style=\"font-family: arial, helvetica, sans-serif;\">220V<\/span><\/td>\n<\/tr>\n<tr>\n<td style=\"text-align: center; width: 25.0197%;\"><span style=\"font-family: arial, helvetica, sans-serif;\">El poder<\/span><\/td>\n<td style=\"text-align: center; width: 74.9013%;\"><span style=\"font-family: arial, helvetica, sans-serif;\">3000w\/H<\/span><\/td>\n<\/tr>\n<tr>\n<td style=\"text-align: center; width: 25.0197%;\"><span style=\"font-family: arial, helvetica, sans-serif;\">M\u00e1x longitud de la junta<\/span><\/td>\n<td style=\"text-align: center; width: 74.9013%;\"><span style=\"font-family: arial, helvetica, sans-serif;\">300 MM(m\u00e1s el tama\u00f1o productos sin auxiliar de empuje de material)<\/span><\/td>\n<\/tr>\n<tr>\n<td style=\"text-align: center; width: 25.0197%;\"><span style=\"font-family: arial, helvetica, sans-serif;\">Ancho m\u00e1ximo<\/span><\/td>\n<td style=\"text-align: center; width: 74.9013%;\"><span style=\"font-family: arial, helvetica, sans-serif;\">250 MM(se puede personalizar widera)<\/span><\/td>\n<\/tr>\n<tr>\n<td style=\"text-align: center; width: 25.0197%;\"><span style=\"font-family: arial, helvetica, sans-serif;\">El tama\u00f1o de disco<\/span><\/td>\n<td style=\"text-align: center; width: 74.9013%;\"><span style=\"font-family: arial, helvetica, sans-serif;\">3x40x80<\/span><\/td>\n<\/tr>\n<tr>\n<td style=\"text-align: center; width: 25.0197%;\"><span style=\"font-family: arial, helvetica, sans-serif;\">Thinkness<\/span><\/td>\n<td style=\"text-align: center; width: 74.9013%;\"><span style=\"font-family: arial, helvetica, sans-serif;\">0.5\u20132.5 MM<\/span><\/td>\n<\/tr>\n<tr>\n<td style=\"text-align: center; width: 25.0197%;\"><span style=\"font-family: arial, helvetica, sans-serif;\">Velocidad<\/span><\/td>\n<td style=\"text-align: center; width: 74.9013%;\"><span style=\"font-family: arial, helvetica, sans-serif;\">ajustable<\/span><\/td>\n<\/tr>\n<tr>\n<td style=\"text-align: center; width: 25.0197%;\"><span style=\"font-family: arial, helvetica, sans-serif;\">Rango ajustable de cuchillo eje<\/span><\/td>\n<td style=\"text-align: center; width: 74.9013%;\"><span style=\"font-family: arial, helvetica, sans-serif;\">5MM(arriba y abajo ajustable)<\/span><\/td>\n<\/tr>\n<tr>\n<td style=\"text-align: center; width: 25.0197%;\"><span style=\"font-family: arial, helvetica, sans-serif;\">Soporte de personalizaci\u00f3n<\/span><\/td>\n<td style=\"text-align: center; width: 74.9013%;\"><span style=\"font-family: arial, helvetica, sans-serif;\">puede ser personalizado de acuerdo a los par\u00e1metros y requisitos establecidos por los clientes<\/span><\/td>\n<\/tr>\n<\/tbody>\n<\/table>\n<h3><strong>Introducci\u00f3n De Producto<\/strong><\/h3>\n<p><span style=\"font-family: arial;\">Online<\/span><span style=\"font-family: arial;\"> fully automatic panel splitter, effective cutting size: 150mm-300mm<\/span><\/p>\n<p>Panel splitter equipment: The spacing between each split product must be greater than 8mm.<\/p>\n<p>A fully automatic panel splitter is suitable for equidistant and non-equidistant product splitting.g<\/p>\n<p>The machine can be changed according to the width of the product and the spacing between each split. It<\/p>\n<p>Users can select the electrical control part through the human-machine interface, making it convenient to open or shield.<\/p>\n<p>Engineers equip the equipment with a human-machine interface and protect it with a closed or acrylic cover to ensure safety and prevent damage.<\/p>\n<p>Operators need to place the floor-standing structure in a specific work area for it to participate in the operation.<\/p>\n<p>The design uses a square welded frame, and technicians apply powder coating and paint to the surface of the sheet metal sealing plate.<\/p>\n<p>Engineers rust-proof the mechanical structure through electroplating or anode sandblasting, and they manufacture all components using 45# steel plate, A3 steel plate, or national standard aluminum surfaces.<\/p>\n<p><img fetchpriority=\"high\" decoding=\"async\" class=\"alignnone size-full wp-image-3038\" src=\"https:\/\/seprays.com\/wp-content\/uploads\/2025\/04\/ZM30-LT-depaneler.jpg\" alt=\"ZM30-LT depaneler\" width=\"800\" height=\"407\" srcset=\"https:\/\/seprays.com\/wp-content\/uploads\/2025\/04\/ZM30-LT-depaneler.jpg 800w, https:\/\/seprays.com\/wp-content\/uploads\/2025\/04\/ZM30-LT-depaneler-480x244.jpg 480w, https:\/\/seprays.com\/wp-content\/uploads\/2025\/04\/ZM30-LT-depaneler-300x153.jpg 300w, https:\/\/seprays.com\/wp-content\/uploads\/2025\/04\/ZM30-LT-depaneler-768x391.jpg 768w, https:\/\/seprays.com\/wp-content\/uploads\/2025\/04\/ZM30-LT-depaneler-18x9.jpg 18w\" sizes=\"(max-width: 800px) 100vw, 800px\" \/><\/p>\n<h3><strong>Aplicaci\u00f3n De Casos<\/strong><\/h3>\n<p><img decoding=\"async\" class=\"alignnone size-full wp-image-3036 lazyload\" data-src=\"https:\/\/seprays.com\/wp-content\/uploads\/2025\/04\/Application-Cases-7.jpg\" alt=\"Application Cases\" width=\"800\" height=\"167\" data-srcset=\"https:\/\/seprays.com\/wp-content\/uploads\/2025\/04\/Application-Cases-7.jpg 800w, https:\/\/seprays.com\/wp-content\/uploads\/2025\/04\/Application-Cases-7-480x100.jpg 480w, https:\/\/seprays.com\/wp-content\/uploads\/2025\/04\/Application-Cases-7-300x63.jpg 300w, https:\/\/seprays.com\/wp-content\/uploads\/2025\/04\/Application-Cases-7-768x160.jpg 768w, https:\/\/seprays.com\/wp-content\/uploads\/2025\/04\/Application-Cases-7-18x4.jpg 18w\" data-sizes=\"(max-width: 800px) 100vw, 800px\" src=\"data:image\/svg+xml;base64,PHN2ZyB3aWR0aD0iMSIgaGVpZ2h0PSIxIiB4bWxucz0iaHR0cDovL3d3dy53My5vcmcvMjAwMC9zdmciPjwvc3ZnPg==\" style=\"--smush-placeholder-width: 800px; --smush-placeholder-aspect-ratio: 800\/167;\" \/><\/p>\n<p data-start=\"264\" data-end=\"568\"><span style=\"font-family: arial, helvetica, sans-serif;\">El <strong data-start=\"268\" data-end=\"289\">ZM30-LT depaneler<\/strong> is an advanced, fully automated solution designed to streamline the depaneling process from start to finish. From automatic feeding to precise cutting and smooth discharging, this intelligent system minimizes manual handling while boosting production efficiency and consistency.<\/span><\/p>\n<p data-start=\"570\" data-end=\"898\"><span style=\"font-family: arial, helvetica, sans-serif;\">Equipado con <strong data-start=\"584\" data-end=\"620\">precision positioning technology<\/strong>el <strong data-start=\"626\" data-end=\"647\">ZM30-LT depaneler<\/strong> ensures accurate cuts without damaging delicate PCBAs, safeguarding product quality throughout the operation. Its flexible material handling system\u2014featuring suction cups and belt conveyors\u2014easily adapts to varying sizes and shapes of circuit boards.<\/span><\/p>\n<p data-start=\"900\" data-end=\"1169\"><span style=\"font-family: arial, helvetica, sans-serif;\">An integrated waste management system instantly collects cutting debris, keeping the work area clean and optimizing production flow. Designed for continuous cycle operation, this depaneler is the ideal solution for high-volume, uninterrupted manufacturing environments.<\/span><\/p>\n<p data-start=\"1171\" data-end=\"1308\"><img decoding=\"async\" class=\"emoji ls-is-cached lazyloaded\" role=\"img\" draggable=\"false\" src=\"https:\/\/s.w.org\/images\/core\/emoji\/16.0.1\/svg\/1f4e9.svg\" alt=\"\ud83d\udce9\" data-src=\"https:\/\/s.w.org\/images\/core\/emoji\/16.0.1\/svg\/1f4e9.svg\" \/>\u00a0Contact us now and discover why over 3,000 leading companies trust SEPRAYS for their PCB depaneling needs.<\/p>","protected":false},"excerpt":{"rendered":"<p><span style=\"font-family: arial, helvetica, sans-serif;\">Caracter\u00edsticas Del Producto:<\/span><\/p>\n<p><span style=\"font-family: arial, helvetica, sans-serif;\">\u2013 Automatizaci\u00f3n: la automatizaci\u00f3n completa de la alimentaci\u00f3n de corte y de la descarga, reducir la intervenci\u00f3n manual y la mejora de la eficiencia de la producci\u00f3n.<\/span><\/p>\n<p><span style=\"font-family: arial, helvetica, sans-serif;\">&#8211; Precision positioning technology: ensure cutting precision, avoid damaging PCBA, and improve product quality.<\/span><\/p>\n<p><span style=\"font-family: arial, helvetica, sans-serif;\">\u2013 Flexible de manejo de materiales: el uso de ventosas y correa de transferencia para adaptarse a diferentes tama\u00f1os y formas de PCBA.<\/span><\/p>\n<p><span style=\"font-family: arial, helvetica, sans-serif;\">&#8211; Integrated waste management: instantly dispose of cutting waste, keep the working environment tidy, and optimize the production process.<\/span><\/p>\n<p><span style=\"font-family: arial, helvetica, sans-serif;\">&#8211; Continuous cycle operations support uninterrupted operation, suitable for mass production needs.<\/span><\/p>\n<p><span style=\"font-family: arial, helvetica, sans-serif;\">Contact us today!\u00a0Learn more about SEPRAYS ZM30-LT In-Line Multi-Knife PCBA Depaneling Machine.<\/span><\/p>","protected":false},"featured_media":3037,"comment_status":"open","ping_status":"closed","template":"","meta":[],"product_brand":[],"product_cat":[26],"product_tag":[49],"class_list":{"0":"post-1111","1":"product","2":"type-product","3":"status-publish","4":"has-post-thumbnail","6":"product_cat-v-groove-depaneling","7":"product_tag-zm30-lt-depaneler","9":"first","10":"instock","11":"shipping-taxable","12":"product-type-simple"},"yoast_head":"<!-- This site is optimized with the Yoast SEO plugin v25.7 - https:\/\/yoast.com\/wordpress\/plugins\/seo\/ -->\n<title>ZM30-LT Depaneler Delivers Ultimate Precision<\/title>\n<meta name=\"description\" content=\"The ZM30-LT inline multi-blade depaneler machine provides unmatched speed and precision for efficient automated PCB separation.\" \/>\n<meta name=\"robots\" content=\"index, follow, max-snippet:-1, max-image-preview:large, max-video-preview:-1\" \/>\n<link rel=\"canonical\" href=\"https:\/\/seprays.com\/es\/producto\/zm30-lt-in-line-multi-knife-pcba-depaneler\/\" \/>\n<meta property=\"og:locale\" content=\"es_ES\" \/>\n<meta property=\"og:type\" content=\"article\" \/>\n<meta property=\"og:title\" content=\"ZM30-LT Depaneler Delivers Ultimate Precision\" \/>\n<meta property=\"og:description\" content=\"The ZM30-LT inline multi-blade depaneler machine provides unmatched speed and precision for efficient automated PCB separation.\" \/>\n<meta property=\"og:url\" content=\"https:\/\/seprays.com\/es\/producto\/zm30-lt-in-line-multi-knife-pcba-depaneler\/\" \/>\n<meta property=\"og:site_name\" content=\"Seprays\" \/>\n<meta property=\"article:modified_time\" content=\"2025-12-23T08:01:11+00:00\" \/>\n<meta property=\"og:image\" content=\"https:\/\/seprays.com\/wp-content\/uploads\/2025\/04\/ZM30-LT-1.jpg\" \/>\n\t<meta property=\"og:image:width\" content=\"480\" \/>\n\t<meta property=\"og:image:height\" content=\"480\" \/>\n\t<meta property=\"og:image:type\" content=\"image\/jpeg\" \/>\n<meta name=\"twitter:card\" content=\"summary_large_image\" \/>\n<meta name=\"twitter:label1\" content=\"Tiempo de lectura\" \/>\n\t<meta name=\"twitter:data1\" content=\"3 minutos\" \/>\n<script type=\"application\/ld+json\" class=\"yoast-schema-graph\">{\"@context\":\"https:\/\/schema.org\",\"@graph\":[{\"@type\":\"WebPage\",\"@id\":\"https:\/\/seprays.com\/product\/zm30-lt-in-line-multi-knife-pcba-depaneler\/\",\"url\":\"https:\/\/seprays.com\/product\/zm30-lt-in-line-multi-knife-pcba-depaneler\/\",\"name\":\"ZM30-LT Depaneler Delivers Ultimate Precision\",\"isPartOf\":{\"@id\":\"https:\/\/seprays.com\/#website\"},\"primaryImageOfPage\":{\"@id\":\"https:\/\/seprays.com\/product\/zm30-lt-in-line-multi-knife-pcba-depaneler\/#primaryimage\"},\"image\":{\"@id\":\"https:\/\/seprays.com\/product\/zm30-lt-in-line-multi-knife-pcba-depaneler\/#primaryimage\"},\"thumbnailUrl\":\"https:\/\/seprays.com\/wp-content\/uploads\/2025\/04\/ZM30-LT-1.jpg\",\"datePublished\":\"2025-04-19T01:41:13+00:00\",\"dateModified\":\"2025-12-23T08:01:11+00:00\",\"description\":\"The ZM30-LT inline multi-blade depaneler machine provides unmatched speed and precision for efficient automated PCB separation.\",\"breadcrumb\":{\"@id\":\"https:\/\/seprays.com\/product\/zm30-lt-in-line-multi-knife-pcba-depaneler\/#breadcrumb\"},\"inLanguage\":\"es\",\"potentialAction\":[{\"@type\":\"ReadAction\",\"target\":[\"https:\/\/seprays.com\/product\/zm30-lt-in-line-multi-knife-pcba-depaneler\/\"]}]},{\"@type\":\"ImageObject\",\"inLanguage\":\"es\",\"@id\":\"https:\/\/seprays.com\/product\/zm30-lt-in-line-multi-knife-pcba-depaneler\/#primaryimage\",\"url\":\"https:\/\/seprays.com\/wp-content\/uploads\/2025\/04\/ZM30-LT-1.jpg\",\"contentUrl\":\"https:\/\/seprays.com\/wp-content\/uploads\/2025\/04\/ZM30-LT-1.jpg\",\"width\":480,\"height\":480,\"caption\":\"ZM30-LT In-Line Multi-Knife PCBA Depaneler\"},{\"@type\":\"BreadcrumbList\",\"@id\":\"https:\/\/seprays.com\/product\/zm30-lt-in-line-multi-knife-pcba-depaneler\/#breadcrumb\",\"itemListElement\":[{\"@type\":\"ListItem\",\"position\":1,\"name\":\"\u9996\u9875\",\"item\":\"https:\/\/seprays.com\/\"},{\"@type\":\"ListItem\",\"position\":2,\"name\":\"\u5546\u5e97\",\"item\":\"https:\/\/seprays.com\/shop\/\"},{\"@type\":\"ListItem\",\"position\":3,\"name\":\"ZM30-LT In-Line Multi-Knife PCBA Depaneler\"}]},{\"@type\":\"WebSite\",\"@id\":\"https:\/\/seprays.com\/#website\",\"url\":\"https:\/\/seprays.com\/\",\"name\":\"Seprays : PCBA Router Depaneling,PCB\/FPC Laser Depaneling,V-Groove Saw Depaneling\",\"description\":\"\",\"publisher\":{\"@id\":\"https:\/\/seprays.com\/#organization\"},\"potentialAction\":[{\"@type\":\"SearchAction\",\"target\":{\"@type\":\"EntryPoint\",\"urlTemplate\":\"https:\/\/seprays.com\/?s={search_term_string}\"},\"query-input\":{\"@type\":\"PropertyValueSpecification\",\"valueRequired\":true,\"valueName\":\"search_term_string\"}}],\"inLanguage\":\"es\"},{\"@type\":\"Organization\",\"@id\":\"https:\/\/seprays.com\/#organization\",\"name\":\"Seprays : PCBA Router Depaneling,PCB\/FPC Laser Depaneling,V-Groove Saw Depaneling\",\"url\":\"https:\/\/seprays.com\/\",\"logo\":{\"@type\":\"ImageObject\",\"inLanguage\":\"es\",\"@id\":\"https:\/\/seprays.com\/#\/schema\/logo\/image\/\",\"url\":\"https:\/\/seprays.com\/wp-content\/uploads\/2025\/04\/seprays\uff08\u5e26\u63cf\u8fb9\uff09.png\",\"contentUrl\":\"https:\/\/seprays.com\/wp-content\/uploads\/2025\/04\/seprays\uff08\u5e26\u63cf\u8fb9\uff09.png\",\"width\":350,\"height\":100,\"caption\":\"Seprays : PCBA Router Depaneling,PCB\/FPC Laser Depaneling,V-Groove Saw Depaneling\"},\"image\":{\"@id\":\"https:\/\/seprays.com\/#\/schema\/logo\/image\/\"}}]}<\/script>\n<!-- \/ Yoast SEO plugin. -->","yoast_head_json":{"title":"ZM30-LT Depaneler Delivers Ultimate Precision","description":"The ZM30-LT inline multi-blade depaneler machine provides unmatched speed and precision for efficient automated PCB separation.","robots":{"index":"index","follow":"follow","max-snippet":"max-snippet:-1","max-image-preview":"max-image-preview:large","max-video-preview":"max-video-preview:-1"},"canonical":"https:\/\/seprays.com\/es\/producto\/zm30-lt-in-line-multi-knife-pcba-depaneler\/","og_locale":"es_ES","og_type":"article","og_title":"ZM30-LT Depaneler Delivers Ultimate Precision","og_description":"The ZM30-LT inline multi-blade depaneler machine provides unmatched speed and precision for efficient automated PCB separation.","og_url":"https:\/\/seprays.com\/es\/producto\/zm30-lt-in-line-multi-knife-pcba-depaneler\/","og_site_name":"Seprays","article_modified_time":"2025-12-23T08:01:11+00:00","og_image":[{"width":480,"height":480,"url":"https:\/\/seprays.com\/wp-content\/uploads\/2025\/04\/ZM30-LT-1.jpg","type":"image\/jpeg"}],"twitter_card":"summary_large_image","twitter_misc":{"Tiempo de lectura":"3 minutos"},"schema":{"@context":"https:\/\/schema.org","@graph":[{"@type":"WebPage","@id":"https:\/\/seprays.com\/product\/zm30-lt-in-line-multi-knife-pcba-depaneler\/","url":"https:\/\/seprays.com\/product\/zm30-lt-in-line-multi-knife-pcba-depaneler\/","name":"ZM30-LT Depaneler Delivers Ultimate Precision","isPartOf":{"@id":"https:\/\/seprays.com\/#website"},"primaryImageOfPage":{"@id":"https:\/\/seprays.com\/product\/zm30-lt-in-line-multi-knife-pcba-depaneler\/#primaryimage"},"image":{"@id":"https:\/\/seprays.com\/product\/zm30-lt-in-line-multi-knife-pcba-depaneler\/#primaryimage"},"thumbnailUrl":"https:\/\/seprays.com\/wp-content\/uploads\/2025\/04\/ZM30-LT-1.jpg","datePublished":"2025-04-19T01:41:13+00:00","dateModified":"2025-12-23T08:01:11+00:00","description":"The ZM30-LT inline multi-blade depaneler machine provides unmatched speed and precision for efficient automated PCB separation.","breadcrumb":{"@id":"https:\/\/seprays.com\/product\/zm30-lt-in-line-multi-knife-pcba-depaneler\/#breadcrumb"},"inLanguage":"es","potentialAction":[{"@type":"ReadAction","target":["https:\/\/seprays.com\/product\/zm30-lt-in-line-multi-knife-pcba-depaneler\/"]}]},{"@type":"ImageObject","inLanguage":"es","@id":"https:\/\/seprays.com\/product\/zm30-lt-in-line-multi-knife-pcba-depaneler\/#primaryimage","url":"https:\/\/seprays.com\/wp-content\/uploads\/2025\/04\/ZM30-LT-1.jpg","contentUrl":"https:\/\/seprays.com\/wp-content\/uploads\/2025\/04\/ZM30-LT-1.jpg","width":480,"height":480,"caption":"ZM30-LT In-Line Multi-Knife PCBA Depaneler"},{"@type":"BreadcrumbList","@id":"https:\/\/seprays.com\/product\/zm30-lt-in-line-multi-knife-pcba-depaneler\/#breadcrumb","itemListElement":[{"@type":"ListItem","position":1,"name":"\u9996\u9875","item":"https:\/\/seprays.com\/"},{"@type":"ListItem","position":2,"name":"\u5546\u5e97","item":"https:\/\/seprays.com\/shop\/"},{"@type":"ListItem","position":3,"name":"ZM30-LT In-Line Multi-Knife PCBA Depaneler"}]},{"@type":"WebSite","@id":"https:\/\/seprays.com\/#website","url":"https:\/\/seprays.com\/","name":"Seprays : PCBA Router Depaneling,PCB\/FPC Laser Depaneling,V-Groove Saw Depaneling","description":"","publisher":{"@id":"https:\/\/seprays.com\/#organization"},"potentialAction":[{"@type":"SearchAction","target":{"@type":"EntryPoint","urlTemplate":"https:\/\/seprays.com\/?s={search_term_string}"},"query-input":{"@type":"PropertyValueSpecification","valueRequired":true,"valueName":"search_term_string"}}],"inLanguage":"es"},{"@type":"Organization","@id":"https:\/\/seprays.com\/#organization","name":"Seprays : PCBA Router Depaneling,PCB\/FPC Laser Depaneling,V-Groove Saw Depaneling","url":"https:\/\/seprays.com\/","logo":{"@type":"ImageObject","inLanguage":"es","@id":"https:\/\/seprays.com\/#\/schema\/logo\/image\/","url":"https:\/\/seprays.com\/wp-content\/uploads\/2025\/04\/seprays\uff08\u5e26\u63cf\u8fb9\uff09.png","contentUrl":"https:\/\/seprays.com\/wp-content\/uploads\/2025\/04\/seprays\uff08\u5e26\u63cf\u8fb9\uff09.png","width":350,"height":100,"caption":"Seprays : PCBA Router Depaneling,PCB\/FPC Laser Depaneling,V-Groove Saw Depaneling"},"image":{"@id":"https:\/\/seprays.com\/#\/schema\/logo\/image\/"}}]}},"_links":{"self":[{"href":"https:\/\/seprays.com\/es\/wp-json\/wp\/v2\/product\/1111","targetHints":{"allow":["GET"]}}],"collection":[{"href":"https:\/\/seprays.com\/es\/wp-json\/wp\/v2\/product"}],"about":[{"href":"https:\/\/seprays.com\/es\/wp-json\/wp\/v2\/types\/product"}],"replies":[{"embeddable":true,"href":"https:\/\/seprays.com\/es\/wp-json\/wp\/v2\/comments?post=1111"}],"wp:featuredmedia":[{"embeddable":true,"href":"https:\/\/seprays.com\/es\/wp-json\/wp\/v2\/media\/3037"}],"wp:attachment":[{"href":"https:\/\/seprays.com\/es\/wp-json\/wp\/v2\/media?parent=1111"}],"wp:term":[{"taxonomy":"product_brand","embeddable":true,"href":"https:\/\/seprays.com\/es\/wp-json\/wp\/v2\/product_brand?post=1111"},{"taxonomy":"product_cat","embeddable":true,"href":"https:\/\/seprays.com\/es\/wp-json\/wp\/v2\/product_cat?post=1111"},{"taxonomy":"product_tag","embeddable":true,"href":"https:\/\/seprays.com\/es\/wp-json\/wp\/v2\/product_tag?post=1111"}],"curies":[{"name":"wp","href":"https:\/\/api.w.org\/{rel}","templated":true}]}}