{"id":1116,"date":"2025-04-19T01:48:14","date_gmt":"2025-04-19T01:48:14","guid":{"rendered":"https:\/\/seprays.com\/?post_type=product&#038;p=1116"},"modified":"2025-08-21T07:48:48","modified_gmt":"2025-08-21T07:48:48","slug":"agv-loader-full-automatic-dividing-inspection-post-processing-solutions","status":"publish","type":"product","link":"https:\/\/seprays.com\/es\/producto\/agv-loader-full-automatic-dividing-inspection-post-processing-solutions\/","title":{"rendered":"AGV &amp; CARGADOR Y DIVISI\u00d3N AUTOM\u00c1TICA Y LA INSPECCI\u00d3N Y EL POST-PROCESAMIENTO DE LAS SOLUCIONES"},"content":{"rendered":"<h3><strong>GAM310AT \u2013 Compacto del PWB Depaneling Especialista<\/strong><\/h3>\n<p>Dise\u00f1o compacto: en Comparaci\u00f3n con el modelo est\u00e1ndar, la GAM310AT tiene un 45% m\u00e1s corta la longitud del cuerpo, lo que es m\u00e1s adecuado para la producci\u00f3n de entornos con espacio limitado.<\/p>\n<p>Corte r\u00e1pido: el tiempo de Ciclo es de menos de 10 segundos, aumentando dram\u00e1ticamente el ritmo de la producci\u00f3n y la satisfacci\u00f3n de las necesidades de producci\u00f3n r\u00e1pida.<\/p>\n<p>El tama\u00f1o de la Adaptaci\u00f3n: Con un enfoque en las peque\u00f1as tablero del PWB de procesamiento, el sistema alcanza un corte eficaz de tama\u00f1o de 200 x 180 mm, lo que garantiza la precisi\u00f3n del corte y la eficiencia operativa.<\/p>\n<p>Front-end y back-end de acoplamiento: integrada a la Perfecci\u00f3n en la l\u00ednea de producci\u00f3n, la parte delantera puede ser conectado a la carga y descarga de la m\u00e1quina, y el back-end de la base de acoplamiento p\u00e9ndulo de la m\u00e1quina, para darse cuenta de una forma totalmente automatizada de flujo de trabajo.<\/p>\n<p><img fetchpriority=\"high\" decoding=\"async\" class=\"alignnone wp-image-1373 size-full\" src=\"https:\/\/seprays.com\/wp-content\/uploads\/2025\/04\/10-2-1.jpg\" alt=\"GAM310AT\" width=\"480\" height=\"480\" srcset=\"https:\/\/seprays.com\/wp-content\/uploads\/2025\/04\/10-2-1.jpg 480w, https:\/\/seprays.com\/wp-content\/uploads\/2025\/04\/10-2-1-300x300.jpg 300w, https:\/\/seprays.com\/wp-content\/uploads\/2025\/04\/10-2-1-100x100.jpg 100w, https:\/\/seprays.com\/wp-content\/uploads\/2025\/04\/10-2-1-150x150.jpg 150w, https:\/\/seprays.com\/wp-content\/uploads\/2025\/04\/10-2-1-12x12.jpg 12w\" sizes=\"(max-width: 480px) 100vw, 480px\" \/><\/p>\n<p>&nbsp;<\/p>\n<h3><strong>GAM630V \u2013 el Guardi\u00e1n de La Aparici\u00f3n de Calidad<\/strong><\/h3>\n<p>Inspecci\u00f3n de precisi\u00f3n: Utiliza la avanzada tecnolog\u00eda de visi\u00f3n para realizar de alta precisi\u00f3n de la inspecci\u00f3n de las uniones soldadas, el componente de disposici\u00f3n, defectos en la superficie, etc., en los tableros del PWB.<\/p>\n<p>Clasificaci\u00f3n autom\u00e1tica: al Instante se distingue entre calificados y no calificados de los productos, garantiza el control de calidad del producto a trav\u00e9s de OK\/NG separaci\u00f3n de la funci\u00f3n, y reduce la posterior selecci\u00f3n manual de los pasos.<\/p>\n<p><img decoding=\"async\" class=\"alignnone wp-image-1374 size-full lazyload\" data-src=\"https:\/\/seprays.com\/wp-content\/uploads\/2025\/04\/12-2-1.jpg\" alt=\"GAM630V\" width=\"480\" height=\"480\" data-srcset=\"https:\/\/seprays.com\/wp-content\/uploads\/2025\/04\/12-2-1.jpg 480w, https:\/\/seprays.com\/wp-content\/uploads\/2025\/04\/12-2-1-300x300.jpg 300w, https:\/\/seprays.com\/wp-content\/uploads\/2025\/04\/12-2-1-100x100.jpg 100w, https:\/\/seprays.com\/wp-content\/uploads\/2025\/04\/12-2-1-150x150.jpg 150w, https:\/\/seprays.com\/wp-content\/uploads\/2025\/04\/12-2-1-12x12.jpg 12w\" data-sizes=\"(max-width: 480px) 100vw, 480px\" src=\"data:image\/svg+xml;base64,PHN2ZyB3aWR0aD0iMSIgaGVpZ2h0PSIxIiB4bWxucz0iaHR0cDovL3d3dy53My5vcmcvMjAwMC9zdmciPjwvc3ZnPg==\" style=\"--smush-placeholder-width: 480px; --smush-placeholder-aspect-ratio: 480\/480;\" \/><\/p>\n<p>&nbsp;<\/p>\n<h3><strong>GAM620H Inteligente de la Bandeja de Configuraci\u00f3n de la Soluci\u00f3n<\/strong><\/h3>\n<p>Automatizado de la BANDEJA de Manejo: complete Autom\u00e1ticamente la colocaci\u00f3n de la BANDEJA y de reemplazo para mejorar la eficiencia en el trabajo y reducir la carga de trabajo.<\/p>\n<p>Reconocimiento inteligente: Equipado con la funci\u00f3n de recoger los materiales en el frente de llenos y vac\u00edos Bandejas, a trav\u00e9s del reconocimiento inteligente del sistema, se puede juzgar con precisi\u00f3n y de forma autom\u00e1tica el proceso para asegurar el buen funcionamiento.<\/p>\n<p><img decoding=\"async\" class=\"alignnone wp-image-1375 size-full lazyload\" data-src=\"https:\/\/seprays.com\/wp-content\/uploads\/2025\/04\/1-1-2.jpg\" alt=\"GAM620H\" width=\"480\" height=\"480\" data-srcset=\"https:\/\/seprays.com\/wp-content\/uploads\/2025\/04\/1-1-2.jpg 480w, https:\/\/seprays.com\/wp-content\/uploads\/2025\/04\/1-1-2-300x300.jpg 300w, https:\/\/seprays.com\/wp-content\/uploads\/2025\/04\/1-1-2-100x100.jpg 100w, https:\/\/seprays.com\/wp-content\/uploads\/2025\/04\/1-1-2-150x150.jpg 150w, https:\/\/seprays.com\/wp-content\/uploads\/2025\/04\/1-1-2-12x12.jpg 12w\" data-sizes=\"(max-width: 480px) 100vw, 480px\" src=\"data:image\/svg+xml;base64,PHN2ZyB3aWR0aD0iMSIgaGVpZ2h0PSIxIiB4bWxucz0iaHR0cDovL3d3dy53My5vcmcvMjAwMC9zdmciPjwvc3ZnPg==\" style=\"--smush-placeholder-width: 480px; --smush-placeholder-aspect-ratio: 480\/480;\" \/><\/p>\n<p>&nbsp;<\/p>\n<h3><strong>La Ventaja Total<\/strong><\/h3>\n<p>Configuraci\u00f3n Flexible: GAM310AT, GAM630V, y GAM620H se pueden combinar libremente de acuerdo a las necesidades de la producci\u00f3n, constituyendo un sistema altamente eficiente peque\u00f1o tablero del PWB l\u00ednea de procesamiento.<\/p>\n<p>Aseguramiento de la calidad: De depaneling, de inspecci\u00f3n, de la junta de colocaci\u00f3n, cada paso que incorpora tecnolog\u00eda de avanzada y un estricto control de calidad para proporcionar a los clientes estable y confiable de apoyo a la producci\u00f3n.<\/p>\n<p>Optimizaci\u00f3n de costes: Reducir los costos de mano de obra a trav\u00e9s de la alta automatizaci\u00f3n, y al mismo tiempo, mejorar la eficiencia de la producci\u00f3n y la tasa de rendimiento, que trae a largo plazo de ahorros de costos y beneficios para la empresa.<\/p>\n<h3><strong>Campos De Aplicaci\u00f3n<\/strong><\/h3>\n<p>Adecuado para PCB de post-procesamiento en la electr\u00f3nica de consumo, equipos de comunicaci\u00f3n, electr\u00f3nica m\u00e9dica, electr\u00f3nica automotriz, y otros campos.<\/p>\n<h3><strong>La Cooperaci\u00f3n Invitaci\u00f3n<\/strong><\/h3>\n<p>Lo invitamos a disfrutar de este eficiente e inteligente de PCB de post-procesamiento de la soluci\u00f3n. Si usted desea mejorar el rendimiento de su l\u00ednea de producci\u00f3n existente o plan para una nueva l\u00ednea de producci\u00f3n,\u00a0<strong><a href=\"https:\/\/seprays.com\/es\/\" target=\"_blank\" rel=\"noopener\">SEPRAYS<\/a>\u00a0<\/strong>le proporcionar\u00e1 el soporte t\u00e9cnico profesional y personalizado de los servicios.\u00a0<strong><a href=\"https:\/\/seprays.com\/es\/about_6\/\" target=\"_blank\" rel=\"noopener\">P\u00f3ngase en contacto con nosotros<\/a>\u00a0<\/strong>hoy a crear un nuevo cap\u00edtulo de manufactura inteligente!<\/p>","protected":false},"excerpt":{"rendered":"<p>El <strong>SEPRAYS Totalmente Autom\u00e1tica PCBA de Post-Procesamiento de L\u00ednea de Producci\u00f3n<\/strong> integra depaneling, inspecci\u00f3n, y paletizado con m\u00e1quinas como el GAM 310AT, GAM 630V, y GAM 620H. Dise\u00f1ado para la peque\u00f1a Pcb hasta 200\u00d7180 mm, se consigue tiempos de ciclo menores de 10 segundos, aumentando la velocidad de producci\u00f3n. Visi\u00f3n avanzada tecnolog\u00eda garantiza que precisa de la inspecci\u00f3n de las uniones soldadas, la colocaci\u00f3n de los componentes, y los defectos de la superficie, al instante de ordenaci\u00f3n cualificados y no cualificados de las tablas. Totalmente automatizado y f\u00e1cil de integrar en las l\u00edneas de producci\u00f3n, viene con un exhaustivo manual de instrucciones y en el lugar de entrenamiento para el funcionamiento continuo.<\/p>","protected":false},"featured_media":1117,"comment_status":"open","ping_status":"closed","template":"","meta":[],"product_brand":[],"product_cat":[115],"product_tag":[52],"class_list":{"0":"post-1116","1":"product","2":"type-product","3":"status-publish","4":"has-post-thumbnail","6":"product_cat-pcb-stacker-and-unloader","7":"product_tag-agv","9":"first","10":"instock","11":"shipping-taxable","12":"product-type-simple"},"yoast_head":"<!-- This site is optimized with the Yoast SEO plugin v25.7 - https:\/\/yoast.com\/wordpress\/plugins\/seo\/ -->\n<title>AGV &amp; Loader Drive Powerful PCB Solutions<\/title>\n<meta name=\"description\" content=\"AGV &amp; loader automation with full dividing and inspection delivers fast, smart, and seamless PCB production line upgrades.\" \/>\n<meta name=\"robots\" content=\"index, follow, max-snippet:-1, max-image-preview:large, max-video-preview:-1\" \/>\n<link rel=\"canonical\" href=\"https:\/\/seprays.com\/es\/producto\/agv-loader-full-automatic-dividing-inspection-post-processing-solutions\/\" \/>\n<meta property=\"og:locale\" content=\"es_ES\" \/>\n<meta property=\"og:type\" content=\"article\" \/>\n<meta property=\"og:title\" content=\"AGV &amp; Loader Drive Powerful PCB Solutions\" \/>\n<meta property=\"og:description\" content=\"AGV &amp; loader automation with full dividing and inspection delivers fast, smart, and seamless PCB production line upgrades.\" \/>\n<meta property=\"og:url\" content=\"https:\/\/seprays.com\/es\/producto\/agv-loader-full-automatic-dividing-inspection-post-processing-solutions\/\" \/>\n<meta property=\"og:site_name\" content=\"Seprays\" \/>\n<meta property=\"article:modified_time\" content=\"2025-08-21T07:48:48+00:00\" \/>\n<meta property=\"og:image\" content=\"https:\/\/seprays.com\/wp-content\/uploads\/2025\/04\/1-7-e1755762479957.jpg\" \/>\n\t<meta property=\"og:image:width\" content=\"480\" \/>\n\t<meta property=\"og:image:height\" content=\"480\" \/>\n\t<meta property=\"og:image:type\" content=\"image\/jpeg\" \/>\n<meta name=\"twitter:card\" content=\"summary_large_image\" \/>\n<meta name=\"twitter:label1\" content=\"Tiempo de lectura\" \/>\n\t<meta name=\"twitter:data1\" content=\"3 minutos\" \/>\n<script type=\"application\/ld+json\" class=\"yoast-schema-graph\">{\"@context\":\"https:\/\/schema.org\",\"@graph\":[{\"@type\":\"WebPage\",\"@id\":\"https:\/\/seprays.com\/product\/agv-loader-full-automatic-dividing-inspection-post-processing-solutions\/\",\"url\":\"https:\/\/seprays.com\/product\/agv-loader-full-automatic-dividing-inspection-post-processing-solutions\/\",\"name\":\"AGV & Loader Drive Powerful PCB Solutions\",\"isPartOf\":{\"@id\":\"https:\/\/seprays.com\/#website\"},\"primaryImageOfPage\":{\"@id\":\"https:\/\/seprays.com\/product\/agv-loader-full-automatic-dividing-inspection-post-processing-solutions\/#primaryimage\"},\"image\":{\"@id\":\"https:\/\/seprays.com\/product\/agv-loader-full-automatic-dividing-inspection-post-processing-solutions\/#primaryimage\"},\"thumbnailUrl\":\"https:\/\/seprays.com\/wp-content\/uploads\/2025\/04\/1-7-e1755762479957.jpg\",\"datePublished\":\"2025-04-19T01:48:14+00:00\",\"dateModified\":\"2025-08-21T07:48:48+00:00\",\"description\":\"AGV & loader automation with full dividing and inspection delivers fast, smart, and seamless PCB production line upgrades.\",\"breadcrumb\":{\"@id\":\"https:\/\/seprays.com\/product\/agv-loader-full-automatic-dividing-inspection-post-processing-solutions\/#breadcrumb\"},\"inLanguage\":\"es\",\"potentialAction\":[{\"@type\":\"ReadAction\",\"target\":[\"https:\/\/seprays.com\/product\/agv-loader-full-automatic-dividing-inspection-post-processing-solutions\/\"]}]},{\"@type\":\"ImageObject\",\"inLanguage\":\"es\",\"@id\":\"https:\/\/seprays.com\/product\/agv-loader-full-automatic-dividing-inspection-post-processing-solutions\/#primaryimage\",\"url\":\"https:\/\/seprays.com\/wp-content\/uploads\/2025\/04\/1-7-e1755762479957.jpg\",\"contentUrl\":\"https:\/\/seprays.com\/wp-content\/uploads\/2025\/04\/1-7-e1755762479957.jpg\",\"width\":480,\"height\":480,\"caption\":\"AGV & LOADER & FULL AUTOMATIC DIVIDING & INSPECTION & POST-PROCESSING SOLUTIONS\"},{\"@type\":\"BreadcrumbList\",\"@id\":\"https:\/\/seprays.com\/product\/agv-loader-full-automatic-dividing-inspection-post-processing-solutions\/#breadcrumb\",\"itemListElement\":[{\"@type\":\"ListItem\",\"position\":1,\"name\":\"\u9996\u9875\",\"item\":\"https:\/\/seprays.com\/\"},{\"@type\":\"ListItem\",\"position\":2,\"name\":\"\u5546\u5e97\",\"item\":\"https:\/\/seprays.com\/shop\/\"},{\"@type\":\"ListItem\",\"position\":3,\"name\":\"AGV &#038; LOADER &#038; FULL AUTOMATIC DIVIDING &#038; INSPECTION &#038; POST-PROCESSING SOLUTIONS\"}]},{\"@type\":\"WebSite\",\"@id\":\"https:\/\/seprays.com\/#website\",\"url\":\"https:\/\/seprays.com\/\",\"name\":\"Seprays : PCBA Router Depaneling,PCB\/FPC Laser Depaneling,V-Groove Saw Depaneling\",\"description\":\"\",\"publisher\":{\"@id\":\"https:\/\/seprays.com\/#organization\"},\"potentialAction\":[{\"@type\":\"SearchAction\",\"target\":{\"@type\":\"EntryPoint\",\"urlTemplate\":\"https:\/\/seprays.com\/?s={search_term_string}\"},\"query-input\":{\"@type\":\"PropertyValueSpecification\",\"valueRequired\":true,\"valueName\":\"search_term_string\"}}],\"inLanguage\":\"es\"},{\"@type\":\"Organization\",\"@id\":\"https:\/\/seprays.com\/#organization\",\"name\":\"Seprays : PCBA Router Depaneling,PCB\/FPC Laser Depaneling,V-Groove Saw Depaneling\",\"url\":\"https:\/\/seprays.com\/\",\"logo\":{\"@type\":\"ImageObject\",\"inLanguage\":\"es\",\"@id\":\"https:\/\/seprays.com\/#\/schema\/logo\/image\/\",\"url\":\"https:\/\/seprays.com\/wp-content\/uploads\/2025\/04\/seprays\uff08\u5e26\u63cf\u8fb9\uff09.png\",\"contentUrl\":\"https:\/\/seprays.com\/wp-content\/uploads\/2025\/04\/seprays\uff08\u5e26\u63cf\u8fb9\uff09.png\",\"width\":350,\"height\":100,\"caption\":\"Seprays : PCBA Router Depaneling,PCB\/FPC Laser Depaneling,V-Groove Saw Depaneling\"},\"image\":{\"@id\":\"https:\/\/seprays.com\/#\/schema\/logo\/image\/\"}}]}<\/script>\n<!-- \/ Yoast SEO plugin. -->","yoast_head_json":{"title":"AGV & Loader Drive Powerful PCB Solutions","description":"AGV & loader automation with full dividing and inspection delivers fast, smart, and seamless PCB production line upgrades.","robots":{"index":"index","follow":"follow","max-snippet":"max-snippet:-1","max-image-preview":"max-image-preview:large","max-video-preview":"max-video-preview:-1"},"canonical":"https:\/\/seprays.com\/es\/producto\/agv-loader-full-automatic-dividing-inspection-post-processing-solutions\/","og_locale":"es_ES","og_type":"article","og_title":"AGV & Loader Drive Powerful PCB Solutions","og_description":"AGV & loader automation with full dividing and inspection delivers fast, smart, and seamless PCB production line upgrades.","og_url":"https:\/\/seprays.com\/es\/producto\/agv-loader-full-automatic-dividing-inspection-post-processing-solutions\/","og_site_name":"Seprays","article_modified_time":"2025-08-21T07:48:48+00:00","og_image":[{"width":480,"height":480,"url":"https:\/\/seprays.com\/wp-content\/uploads\/2025\/04\/1-7-e1755762479957.jpg","type":"image\/jpeg"}],"twitter_card":"summary_large_image","twitter_misc":{"Tiempo de lectura":"3 minutos"},"schema":{"@context":"https:\/\/schema.org","@graph":[{"@type":"WebPage","@id":"https:\/\/seprays.com\/product\/agv-loader-full-automatic-dividing-inspection-post-processing-solutions\/","url":"https:\/\/seprays.com\/product\/agv-loader-full-automatic-dividing-inspection-post-processing-solutions\/","name":"AGV & Loader Drive Powerful PCB Solutions","isPartOf":{"@id":"https:\/\/seprays.com\/#website"},"primaryImageOfPage":{"@id":"https:\/\/seprays.com\/product\/agv-loader-full-automatic-dividing-inspection-post-processing-solutions\/#primaryimage"},"image":{"@id":"https:\/\/seprays.com\/product\/agv-loader-full-automatic-dividing-inspection-post-processing-solutions\/#primaryimage"},"thumbnailUrl":"https:\/\/seprays.com\/wp-content\/uploads\/2025\/04\/1-7-e1755762479957.jpg","datePublished":"2025-04-19T01:48:14+00:00","dateModified":"2025-08-21T07:48:48+00:00","description":"AGV & loader automation with full dividing and inspection delivers fast, smart, and seamless PCB production line upgrades.","breadcrumb":{"@id":"https:\/\/seprays.com\/product\/agv-loader-full-automatic-dividing-inspection-post-processing-solutions\/#breadcrumb"},"inLanguage":"es","potentialAction":[{"@type":"ReadAction","target":["https:\/\/seprays.com\/product\/agv-loader-full-automatic-dividing-inspection-post-processing-solutions\/"]}]},{"@type":"ImageObject","inLanguage":"es","@id":"https:\/\/seprays.com\/product\/agv-loader-full-automatic-dividing-inspection-post-processing-solutions\/#primaryimage","url":"https:\/\/seprays.com\/wp-content\/uploads\/2025\/04\/1-7-e1755762479957.jpg","contentUrl":"https:\/\/seprays.com\/wp-content\/uploads\/2025\/04\/1-7-e1755762479957.jpg","width":480,"height":480,"caption":"AGV & LOADER & FULL AUTOMATIC DIVIDING & INSPECTION & POST-PROCESSING SOLUTIONS"},{"@type":"BreadcrumbList","@id":"https:\/\/seprays.com\/product\/agv-loader-full-automatic-dividing-inspection-post-processing-solutions\/#breadcrumb","itemListElement":[{"@type":"ListItem","position":1,"name":"\u9996\u9875","item":"https:\/\/seprays.com\/"},{"@type":"ListItem","position":2,"name":"\u5546\u5e97","item":"https:\/\/seprays.com\/shop\/"},{"@type":"ListItem","position":3,"name":"AGV &#038; LOADER &#038; FULL AUTOMATIC DIVIDING &#038; INSPECTION &#038; POST-PROCESSING SOLUTIONS"}]},{"@type":"WebSite","@id":"https:\/\/seprays.com\/#website","url":"https:\/\/seprays.com\/","name":"Seprays : PCBA Router Depaneling,PCB\/FPC Laser Depaneling,V-Groove Saw Depaneling","description":"","publisher":{"@id":"https:\/\/seprays.com\/#organization"},"potentialAction":[{"@type":"SearchAction","target":{"@type":"EntryPoint","urlTemplate":"https:\/\/seprays.com\/?s={search_term_string}"},"query-input":{"@type":"PropertyValueSpecification","valueRequired":true,"valueName":"search_term_string"}}],"inLanguage":"es"},{"@type":"Organization","@id":"https:\/\/seprays.com\/#organization","name":"Seprays : PCBA Router Depaneling,PCB\/FPC Laser Depaneling,V-Groove Saw Depaneling","url":"https:\/\/seprays.com\/","logo":{"@type":"ImageObject","inLanguage":"es","@id":"https:\/\/seprays.com\/#\/schema\/logo\/image\/","url":"https:\/\/seprays.com\/wp-content\/uploads\/2025\/04\/seprays\uff08\u5e26\u63cf\u8fb9\uff09.png","contentUrl":"https:\/\/seprays.com\/wp-content\/uploads\/2025\/04\/seprays\uff08\u5e26\u63cf\u8fb9\uff09.png","width":350,"height":100,"caption":"Seprays : PCBA Router Depaneling,PCB\/FPC Laser Depaneling,V-Groove Saw Depaneling"},"image":{"@id":"https:\/\/seprays.com\/#\/schema\/logo\/image\/"}}]}},"_links":{"self":[{"href":"https:\/\/seprays.com\/es\/wp-json\/wp\/v2\/product\/1116","targetHints":{"allow":["GET"]}}],"collection":[{"href":"https:\/\/seprays.com\/es\/wp-json\/wp\/v2\/product"}],"about":[{"href":"https:\/\/seprays.com\/es\/wp-json\/wp\/v2\/types\/product"}],"replies":[{"embeddable":true,"href":"https:\/\/seprays.com\/es\/wp-json\/wp\/v2\/comments?post=1116"}],"wp:featuredmedia":[{"embeddable":true,"href":"https:\/\/seprays.com\/es\/wp-json\/wp\/v2\/media\/1117"}],"wp:attachment":[{"href":"https:\/\/seprays.com\/es\/wp-json\/wp\/v2\/media?parent=1116"}],"wp:term":[{"taxonomy":"product_brand","embeddable":true,"href":"https:\/\/seprays.com\/es\/wp-json\/wp\/v2\/product_brand?post=1116"},{"taxonomy":"product_cat","embeddable":true,"href":"https:\/\/seprays.com\/es\/wp-json\/wp\/v2\/product_cat?post=1116"},{"taxonomy":"product_tag","embeddable":true,"href":"https:\/\/seprays.com\/es\/wp-json\/wp\/v2\/product_tag?post=1116"}],"curies":[{"name":"wp","href":"https:\/\/api.w.org\/{rel}","templated":true}]}}