{"id":1119,"date":"2025-04-19T01:50:22","date_gmt":"2025-04-19T01:50:22","guid":{"rendered":"https:\/\/seprays.com\/?post_type=product&#038;p=1119"},"modified":"2025-08-21T07:51:25","modified_gmt":"2025-08-21T07:51:25","slug":"fully-automatic-router-inspection-receiving-post-processing-technology-program","status":"publish","type":"product","link":"https:\/\/seprays.com\/es\/producto\/fully-automatic-router-inspection-receiving-post-processing-technology-program\/","title":{"rendered":"Totalmente autom\u00e1tica del router y de la inspecci\u00f3n y recepci\u00f3n de post-procesamiento en el programa de tecnolog\u00eda"},"content":{"rendered":"<h2><strong>Producto Principal Destaca<\/strong><\/h2>\n<h3><strong>1. GAM330AT \u2013 Corte de Precisi\u00f3n, libre de preocupaciones de Producci\u00f3n<\/strong><\/h3>\n<p><strong>Alta velocidad y la eficiencia:\u00a0<\/strong>Equipado con un alto rendimiento de husillo, se da cuenta de la r\u00e1pida y precisa de corte.<\/p>\n<p><strong>Correcci\u00f3n Visual: <\/strong>El CCD de la visi\u00f3n del sistema asegura una absoluta precisi\u00f3n en cada corte.<\/p>\n<p><strong>Entorno sin polvo:\u00a0<\/strong>Patentado flotante cepillo m\u00f3dulo mantiene cero polvo en el \u00e1rea de trabajo.<\/p>\n<p><strong>Libre de preocupaciones de seguridad:\u00a0<\/strong>De seguridad m\u00faltiples mecanismos de monitoreo para garantizar plenamente la producci\u00f3n de seguridad.<\/p>\n<p><img fetchpriority=\"high\" decoding=\"async\" class=\"alignnone wp-image-1376 size-full\" src=\"https:\/\/seprays.com\/wp-content\/uploads\/2025\/04\/19-1-1.jpg\" alt=\"GAM330AT\" width=\"480\" height=\"480\" srcset=\"https:\/\/seprays.com\/wp-content\/uploads\/2025\/04\/19-1-1.jpg 480w, https:\/\/seprays.com\/wp-content\/uploads\/2025\/04\/19-1-1-300x300.jpg 300w, https:\/\/seprays.com\/wp-content\/uploads\/2025\/04\/19-1-1-100x100.jpg 100w, https:\/\/seprays.com\/wp-content\/uploads\/2025\/04\/19-1-1-150x150.jpg 150w, https:\/\/seprays.com\/wp-content\/uploads\/2025\/04\/19-1-1-12x12.jpg 12w\" sizes=\"(max-width: 480px) 100vw, 480px\" \/><\/p>\n<p>&nbsp;<\/p>\n<h3><strong>2. GAM630V \u2013 Microsc\u00f3pico de escrutinio, de calidad de tutor<\/strong><\/h3>\n<p><strong>P<\/strong><strong>la rescisi\u00f3n de la Inspecci\u00f3n:\u00a0<\/strong>C\u00e1mara de alta definici\u00f3n con un algoritmo inteligente para inspeccionar cada detalle.<\/p>\n<p><strong>Clasificaci\u00f3n Autom\u00e1tica:\u00a0<\/strong>Al instante diferenciar entre calificados y no calificados de los productos para garantizar la calidad del producto.<\/p>\n<p>&nbsp;<\/p>\n<p><img decoding=\"async\" class=\"alignnone wp-image-1377 size-full lazyload\" data-src=\"https:\/\/seprays.com\/wp-content\/uploads\/2025\/04\/12-2-2.jpg\" alt=\"GAM630V\" width=\"480\" height=\"480\" data-srcset=\"https:\/\/seprays.com\/wp-content\/uploads\/2025\/04\/12-2-2.jpg 480w, https:\/\/seprays.com\/wp-content\/uploads\/2025\/04\/12-2-2-300x300.jpg 300w, https:\/\/seprays.com\/wp-content\/uploads\/2025\/04\/12-2-2-100x100.jpg 100w, https:\/\/seprays.com\/wp-content\/uploads\/2025\/04\/12-2-2-150x150.jpg 150w, https:\/\/seprays.com\/wp-content\/uploads\/2025\/04\/12-2-2-12x12.jpg 12w\" data-sizes=\"(max-width: 480px) 100vw, 480px\" src=\"data:image\/svg+xml;base64,PHN2ZyB3aWR0aD0iMSIgaGVpZ2h0PSIxIiB4bWxucz0iaHR0cDovL3d3dy53My5vcmcvMjAwMC9zdmciPjwvc3ZnPg==\" style=\"--smush-placeholder-width: 480px; --smush-placeholder-aspect-ratio: 480\/480;\" \/><\/p>\n<h3><strong>3. GAM620H Inteligente de la placa de aceptaci\u00f3n, multiplicando la eficiencia<\/strong><\/h3>\n<p><strong>Automatizado de la BANDEJA de administraci\u00f3n:<\/strong>\u00a0autom\u00e1tica de bandeja, cambio y colocaci\u00f3n, la adaptaci\u00f3n a las diversas necesidades de producci\u00f3n.<\/p>\n<p><strong>Buen funcionamiento:<\/strong>\u00a0Inteligente de identificaci\u00f3n de vac\u00edos y llenos Bandejas simplifica el proceso de la operaci\u00f3n.<\/p>\n<p>&nbsp;<\/p>\n<p><img decoding=\"async\" class=\"alignnone wp-image-1378 size-full lazyload\" data-src=\"https:\/\/seprays.com\/wp-content\/uploads\/2025\/04\/7-4-1.jpg\" alt=\"GAM620H\" width=\"480\" height=\"480\" data-srcset=\"https:\/\/seprays.com\/wp-content\/uploads\/2025\/04\/7-4-1.jpg 480w, https:\/\/seprays.com\/wp-content\/uploads\/2025\/04\/7-4-1-300x300.jpg 300w, https:\/\/seprays.com\/wp-content\/uploads\/2025\/04\/7-4-1-100x100.jpg 100w, https:\/\/seprays.com\/wp-content\/uploads\/2025\/04\/7-4-1-150x150.jpg 150w, https:\/\/seprays.com\/wp-content\/uploads\/2025\/04\/7-4-1-12x12.jpg 12w\" data-sizes=\"(max-width: 480px) 100vw, 480px\" src=\"data:image\/svg+xml;base64,PHN2ZyB3aWR0aD0iMSIgaGVpZ2h0PSIxIiB4bWxucz0iaHR0cDovL3d3dy53My5vcmcvMjAwMC9zdmciPjwvc3ZnPg==\" style=\"--smush-placeholder-width: 480px; --smush-placeholder-aspect-ratio: 480\/480;\" \/><\/p>\n<h3><strong>Escenario De Aplicaci\u00f3n<\/strong><\/h3>\n<p><strong>Electr\u00f3nicos de consumo fabricaci\u00f3n de:\u00a0<\/strong>el procesamiento eficiente de precisi\u00f3n PCBA para tel\u00e9fonos celulares, tablet Pc, dispositivos port\u00e1tiles, etc.<\/p>\n<p><strong>Electr\u00f3nica automotriz de la asamblea:<\/strong>\u00a0para cumplir con la industria automotriz requisitos estrictos para la alta fiabilidad de PCBA.<\/p>\n<p><strong>Aeroespacial dispositivos:\u00a0<\/strong>adecuado para el alto est\u00e1ndar y complejo PCBA de la producci\u00f3n en masa.<\/p>\n<p>&nbsp;<\/p>\n<p><img decoding=\"async\" class=\"alignnone wp-image-1379 lazyload\" data-src=\"https:\/\/seprays.com\/wp-content\/uploads\/2025\/04\/\u667a\u8302\u516c\u53f8\u7b80\u4ecb-1024x728.jpg\" alt=\"\" width=\"480\" height=\"341\" data-srcset=\"https:\/\/seprays.com\/wp-content\/uploads\/2025\/04\/\u667a\u8302\u516c\u53f8\u7b80\u4ecb-1024x728.jpg 1024w, https:\/\/seprays.com\/wp-content\/uploads\/2025\/04\/\u667a\u8302\u516c\u53f8\u7b80\u4ecb-300x213.jpg 300w, https:\/\/seprays.com\/wp-content\/uploads\/2025\/04\/\u667a\u8302\u516c\u53f8\u7b80\u4ecb-768x546.jpg 768w, https:\/\/seprays.com\/wp-content\/uploads\/2025\/04\/\u667a\u8302\u516c\u53f8\u7b80\u4ecb-1536x1092.jpg 1536w, https:\/\/seprays.com\/wp-content\/uploads\/2025\/04\/\u667a\u8302\u516c\u53f8\u7b80\u4ecb-2048x1457.jpg 2048w, https:\/\/seprays.com\/wp-content\/uploads\/2025\/04\/\u667a\u8302\u516c\u53f8\u7b80\u4ecb-18x12.jpg 18w, https:\/\/seprays.com\/wp-content\/uploads\/2025\/04\/\u667a\u8302\u516c\u53f8\u7b80\u4ecb-600x427.jpg 600w\" data-sizes=\"(max-width: 480px) 100vw, 480px\" src=\"data:image\/svg+xml;base64,PHN2ZyB3aWR0aD0iMSIgaGVpZ2h0PSIxIiB4bWxucz0iaHR0cDovL3d3dy53My5vcmcvMjAwMC9zdmciPjwvc3ZnPg==\" style=\"--smush-placeholder-width: 480px; --smush-placeholder-aspect-ratio: 480\/341;\" \/><\/p>\n<p>&nbsp;<\/p>\n<p data-start=\"277\" data-end=\"658\">SEPRAYS introduce un cambio de soluci\u00f3n para PCBA de post-procesamiento, con una potente integraci\u00f3n de la <strong data-start=\"387\" data-end=\"423\">GAM 330AT totalmente autom\u00e1tica router<\/strong>GAM 630V autom\u00e1tico de clasificaci\u00f3n y paletizado de la m\u00e1quina, y GAM 620H de la bandeja del sistema de recolecci\u00f3n. Esta configuraci\u00f3n avanzada ofrece una alta eficiencia, precisa y totalmente automatizado de experiencia de la producci\u00f3n para los modernos fabricantes de electr\u00f3nica.<\/p>\n<p data-start=\"660\" data-end=\"953\">Con la automatizaci\u00f3n completa, el sistema acorta dr\u00e1sticamente los ciclos de producci\u00f3n y mejora la calidad general por minimizar el error humano. El <strong data-start=\"792\" data-end=\"818\">totalmente autom\u00e1tica router<\/strong> asegura coherente, precisa del PWB depaneling, mientras que aguas abajo de las m\u00e1quinas de la manija de la clasificaci\u00f3n y la bandeja de recogida sin intervenci\u00f3n manual.<\/p>\n<p data-start=\"955\" data-end=\"1204\">Beneficios adicionales incluyen la reducci\u00f3n de costos de mano de obra, r\u00e1pida adaptaci\u00f3n a los cambios de producto y soporte para diversificada, producci\u00f3n escalable. SEPRAYS ofrece un servicio completo de apoyo, de configuraci\u00f3n de la formaci\u00f3n, asegurando una producci\u00f3n impecable lanzamiento.<\/p>\n<p><strong>SEPRAYS<\/strong>\u00a0se dedica a proporcionar la electr\u00f3nica de las empresas de fabricaci\u00f3n con una tienda de una parada para una eficiente y preciso mecanizado experiencia.\u00a0<a href=\"https:\/\/seprays.com\/es\/contact-us\/\" target=\"_blank\" rel=\"noopener\"><strong>Contacto<\/strong> <strong>nosotros<\/strong>\u00a0<\/a>para iniciar su viaje a la producci\u00f3n eficiente!<\/p>","protected":false},"excerpt":{"rendered":"<p>El <strong>SEPRAYS PCBA de Post-Procesamiento de L\u00ednea de Producci\u00f3n<\/strong> combina el GAM 330AT fresadora de PCB, GAM 630V Clasificaci\u00f3n y Paletizado, y GAM 620H Bandeja de Recogida de las m\u00e1quinas para entregar un sistema totalmente automatizado, de alta eficiencia de la soluci\u00f3n para la manufactura electr\u00f3nica. Acorta los ciclos de producci\u00f3n, mejora el control de la calidad, reduce los costos de mano de obra, y se adapta r\u00e1pidamente a los cambios de producto. Sustentado por un conjunto de instrucciones, en el lugar de entrenamiento, y el profesional de la puerta-a-puerta de servicio, se garantiza una integraci\u00f3n sin problemas y un funcionamiento fiable. De confianza por parte de las 500 mayores empresas, que proporciona una completa soluci\u00f3n integral para la precisa PCBA de procesamiento.<\/p>","protected":false},"featured_media":1118,"comment_status":"open","ping_status":"closed","template":"","meta":[],"product_brand":[],"product_cat":[115],"product_tag":[51],"class_list":{"0":"post-1119","1":"product","2":"type-product","3":"status-publish","4":"has-post-thumbnail","6":"product_cat-pcb-stacker-and-unloader","7":"product_tag-fully-automatic-router","9":"first","10":"instock","11":"shipping-taxable","12":"product-type-simple"},"yoast_head":"<!-- This site is optimized with the Yoast SEO plugin v25.7 - https:\/\/yoast.com\/wordpress\/plugins\/seo\/ -->\n<title>Fully Automatic Router Boosts Workflow Power<\/title>\n<meta name=\"description\" content=\"Fully automatic router with inspection &amp; post-processing tech boosts PCB handling accuracy, speed, and production automation.\" \/>\n<meta name=\"robots\" content=\"index, follow, max-snippet:-1, max-image-preview:large, max-video-preview:-1\" \/>\n<link rel=\"canonical\" href=\"https:\/\/seprays.com\/es\/producto\/fully-automatic-router-inspection-receiving-post-processing-technology-program\/\" \/>\n<meta property=\"og:locale\" content=\"es_ES\" \/>\n<meta property=\"og:type\" content=\"article\" \/>\n<meta property=\"og:title\" content=\"Fully Automatic Router Boosts Workflow Power\" \/>\n<meta property=\"og:description\" content=\"Fully automatic router with inspection &amp; post-processing tech boosts PCB handling accuracy, speed, and production automation.\" \/>\n<meta property=\"og:url\" content=\"https:\/\/seprays.com\/es\/producto\/fully-automatic-router-inspection-receiving-post-processing-technology-program\/\" \/>\n<meta property=\"og:site_name\" content=\"Seprays\" \/>\n<meta property=\"article:modified_time\" content=\"2025-08-21T07:51:25+00:00\" \/>\n<meta property=\"og:image\" content=\"https:\/\/seprays.com\/wp-content\/uploads\/2025\/04\/2-9-e1755762591669.jpg\" \/>\n\t<meta property=\"og:image:width\" content=\"480\" \/>\n\t<meta property=\"og:image:height\" content=\"480\" \/>\n\t<meta property=\"og:image:type\" content=\"image\/jpeg\" \/>\n<meta name=\"twitter:card\" content=\"summary_large_image\" \/>\n<meta name=\"twitter:label1\" content=\"Tiempo de lectura\" \/>\n\t<meta name=\"twitter:data1\" content=\"3 minutos\" \/>\n<script type=\"application\/ld+json\" class=\"yoast-schema-graph\">{\"@context\":\"https:\/\/schema.org\",\"@graph\":[{\"@type\":\"WebPage\",\"@id\":\"https:\/\/seprays.com\/product\/fully-automatic-router-inspection-receiving-post-processing-technology-program\/\",\"url\":\"https:\/\/seprays.com\/product\/fully-automatic-router-inspection-receiving-post-processing-technology-program\/\",\"name\":\"Fully Automatic Router Boosts Workflow Power\",\"isPartOf\":{\"@id\":\"https:\/\/seprays.com\/#website\"},\"primaryImageOfPage\":{\"@id\":\"https:\/\/seprays.com\/product\/fully-automatic-router-inspection-receiving-post-processing-technology-program\/#primaryimage\"},\"image\":{\"@id\":\"https:\/\/seprays.com\/product\/fully-automatic-router-inspection-receiving-post-processing-technology-program\/#primaryimage\"},\"thumbnailUrl\":\"https:\/\/seprays.com\/wp-content\/uploads\/2025\/04\/2-9-e1755762591669.jpg\",\"datePublished\":\"2025-04-19T01:50:22+00:00\",\"dateModified\":\"2025-08-21T07:51:25+00:00\",\"description\":\"Fully automatic router with inspection & post-processing tech boosts PCB handling accuracy, speed, and production automation.\",\"breadcrumb\":{\"@id\":\"https:\/\/seprays.com\/product\/fully-automatic-router-inspection-receiving-post-processing-technology-program\/#breadcrumb\"},\"inLanguage\":\"es\",\"potentialAction\":[{\"@type\":\"ReadAction\",\"target\":[\"https:\/\/seprays.com\/product\/fully-automatic-router-inspection-receiving-post-processing-technology-program\/\"]}]},{\"@type\":\"ImageObject\",\"inLanguage\":\"es\",\"@id\":\"https:\/\/seprays.com\/product\/fully-automatic-router-inspection-receiving-post-processing-technology-program\/#primaryimage\",\"url\":\"https:\/\/seprays.com\/wp-content\/uploads\/2025\/04\/2-9-e1755762591669.jpg\",\"contentUrl\":\"https:\/\/seprays.com\/wp-content\/uploads\/2025\/04\/2-9-e1755762591669.jpg\",\"width\":480,\"height\":480,\"caption\":\"fully automatic router\"},{\"@type\":\"BreadcrumbList\",\"@id\":\"https:\/\/seprays.com\/product\/fully-automatic-router-inspection-receiving-post-processing-technology-program\/#breadcrumb\",\"itemListElement\":[{\"@type\":\"ListItem\",\"position\":1,\"name\":\"\u9996\u9875\",\"item\":\"https:\/\/seprays.com\/\"},{\"@type\":\"ListItem\",\"position\":2,\"name\":\"\u5546\u5e97\",\"item\":\"https:\/\/seprays.com\/shop\/\"},{\"@type\":\"ListItem\",\"position\":3,\"name\":\"Fully automatic router &#038; inspection &#038; receiving post-processing technology program\"}]},{\"@type\":\"WebSite\",\"@id\":\"https:\/\/seprays.com\/#website\",\"url\":\"https:\/\/seprays.com\/\",\"name\":\"Seprays : PCBA Router Depaneling,PCB\/FPC Laser Depaneling,V-Groove Saw Depaneling\",\"description\":\"\",\"publisher\":{\"@id\":\"https:\/\/seprays.com\/#organization\"},\"potentialAction\":[{\"@type\":\"SearchAction\",\"target\":{\"@type\":\"EntryPoint\",\"urlTemplate\":\"https:\/\/seprays.com\/?s={search_term_string}\"},\"query-input\":{\"@type\":\"PropertyValueSpecification\",\"valueRequired\":true,\"valueName\":\"search_term_string\"}}],\"inLanguage\":\"es\"},{\"@type\":\"Organization\",\"@id\":\"https:\/\/seprays.com\/#organization\",\"name\":\"Seprays : PCBA Router Depaneling,PCB\/FPC Laser Depaneling,V-Groove Saw Depaneling\",\"url\":\"https:\/\/seprays.com\/\",\"logo\":{\"@type\":\"ImageObject\",\"inLanguage\":\"es\",\"@id\":\"https:\/\/seprays.com\/#\/schema\/logo\/image\/\",\"url\":\"https:\/\/seprays.com\/wp-content\/uploads\/2025\/04\/seprays\uff08\u5e26\u63cf\u8fb9\uff09.png\",\"contentUrl\":\"https:\/\/seprays.com\/wp-content\/uploads\/2025\/04\/seprays\uff08\u5e26\u63cf\u8fb9\uff09.png\",\"width\":350,\"height\":100,\"caption\":\"Seprays : PCBA Router Depaneling,PCB\/FPC Laser Depaneling,V-Groove Saw Depaneling\"},\"image\":{\"@id\":\"https:\/\/seprays.com\/#\/schema\/logo\/image\/\"}}]}<\/script>\n<!-- \/ Yoast SEO plugin. -->","yoast_head_json":{"title":"Fully Automatic Router Boosts Workflow Power","description":"Fully automatic router with inspection & post-processing tech boosts PCB handling accuracy, speed, and production automation.","robots":{"index":"index","follow":"follow","max-snippet":"max-snippet:-1","max-image-preview":"max-image-preview:large","max-video-preview":"max-video-preview:-1"},"canonical":"https:\/\/seprays.com\/es\/producto\/fully-automatic-router-inspection-receiving-post-processing-technology-program\/","og_locale":"es_ES","og_type":"article","og_title":"Fully Automatic Router Boosts Workflow Power","og_description":"Fully automatic router with inspection & post-processing tech boosts PCB handling accuracy, speed, and production automation.","og_url":"https:\/\/seprays.com\/es\/producto\/fully-automatic-router-inspection-receiving-post-processing-technology-program\/","og_site_name":"Seprays","article_modified_time":"2025-08-21T07:51:25+00:00","og_image":[{"width":480,"height":480,"url":"https:\/\/seprays.com\/wp-content\/uploads\/2025\/04\/2-9-e1755762591669.jpg","type":"image\/jpeg"}],"twitter_card":"summary_large_image","twitter_misc":{"Tiempo de lectura":"3 minutos"},"schema":{"@context":"https:\/\/schema.org","@graph":[{"@type":"WebPage","@id":"https:\/\/seprays.com\/product\/fully-automatic-router-inspection-receiving-post-processing-technology-program\/","url":"https:\/\/seprays.com\/product\/fully-automatic-router-inspection-receiving-post-processing-technology-program\/","name":"Fully Automatic Router Boosts Workflow Power","isPartOf":{"@id":"https:\/\/seprays.com\/#website"},"primaryImageOfPage":{"@id":"https:\/\/seprays.com\/product\/fully-automatic-router-inspection-receiving-post-processing-technology-program\/#primaryimage"},"image":{"@id":"https:\/\/seprays.com\/product\/fully-automatic-router-inspection-receiving-post-processing-technology-program\/#primaryimage"},"thumbnailUrl":"https:\/\/seprays.com\/wp-content\/uploads\/2025\/04\/2-9-e1755762591669.jpg","datePublished":"2025-04-19T01:50:22+00:00","dateModified":"2025-08-21T07:51:25+00:00","description":"Fully automatic router with inspection & post-processing tech boosts PCB handling accuracy, speed, and production automation.","breadcrumb":{"@id":"https:\/\/seprays.com\/product\/fully-automatic-router-inspection-receiving-post-processing-technology-program\/#breadcrumb"},"inLanguage":"es","potentialAction":[{"@type":"ReadAction","target":["https:\/\/seprays.com\/product\/fully-automatic-router-inspection-receiving-post-processing-technology-program\/"]}]},{"@type":"ImageObject","inLanguage":"es","@id":"https:\/\/seprays.com\/product\/fully-automatic-router-inspection-receiving-post-processing-technology-program\/#primaryimage","url":"https:\/\/seprays.com\/wp-content\/uploads\/2025\/04\/2-9-e1755762591669.jpg","contentUrl":"https:\/\/seprays.com\/wp-content\/uploads\/2025\/04\/2-9-e1755762591669.jpg","width":480,"height":480,"caption":"fully automatic router"},{"@type":"BreadcrumbList","@id":"https:\/\/seprays.com\/product\/fully-automatic-router-inspection-receiving-post-processing-technology-program\/#breadcrumb","itemListElement":[{"@type":"ListItem","position":1,"name":"\u9996\u9875","item":"https:\/\/seprays.com\/"},{"@type":"ListItem","position":2,"name":"\u5546\u5e97","item":"https:\/\/seprays.com\/shop\/"},{"@type":"ListItem","position":3,"name":"Fully automatic router &#038; inspection &#038; receiving post-processing technology program"}]},{"@type":"WebSite","@id":"https:\/\/seprays.com\/#website","url":"https:\/\/seprays.com\/","name":"Seprays : PCBA Router Depaneling,PCB\/FPC Laser Depaneling,V-Groove Saw Depaneling","description":"","publisher":{"@id":"https:\/\/seprays.com\/#organization"},"potentialAction":[{"@type":"SearchAction","target":{"@type":"EntryPoint","urlTemplate":"https:\/\/seprays.com\/?s={search_term_string}"},"query-input":{"@type":"PropertyValueSpecification","valueRequired":true,"valueName":"search_term_string"}}],"inLanguage":"es"},{"@type":"Organization","@id":"https:\/\/seprays.com\/#organization","name":"Seprays : PCBA Router Depaneling,PCB\/FPC Laser Depaneling,V-Groove Saw Depaneling","url":"https:\/\/seprays.com\/","logo":{"@type":"ImageObject","inLanguage":"es","@id":"https:\/\/seprays.com\/#\/schema\/logo\/image\/","url":"https:\/\/seprays.com\/wp-content\/uploads\/2025\/04\/seprays\uff08\u5e26\u63cf\u8fb9\uff09.png","contentUrl":"https:\/\/seprays.com\/wp-content\/uploads\/2025\/04\/seprays\uff08\u5e26\u63cf\u8fb9\uff09.png","width":350,"height":100,"caption":"Seprays : PCBA Router Depaneling,PCB\/FPC Laser Depaneling,V-Groove Saw Depaneling"},"image":{"@id":"https:\/\/seprays.com\/#\/schema\/logo\/image\/"}}]}},"_links":{"self":[{"href":"https:\/\/seprays.com\/es\/wp-json\/wp\/v2\/product\/1119","targetHints":{"allow":["GET"]}}],"collection":[{"href":"https:\/\/seprays.com\/es\/wp-json\/wp\/v2\/product"}],"about":[{"href":"https:\/\/seprays.com\/es\/wp-json\/wp\/v2\/types\/product"}],"replies":[{"embeddable":true,"href":"https:\/\/seprays.com\/es\/wp-json\/wp\/v2\/comments?post=1119"}],"wp:featuredmedia":[{"embeddable":true,"href":"https:\/\/seprays.com\/es\/wp-json\/wp\/v2\/media\/1118"}],"wp:attachment":[{"href":"https:\/\/seprays.com\/es\/wp-json\/wp\/v2\/media?parent=1119"}],"wp:term":[{"taxonomy":"product_brand","embeddable":true,"href":"https:\/\/seprays.com\/es\/wp-json\/wp\/v2\/product_brand?post=1119"},{"taxonomy":"product_cat","embeddable":true,"href":"https:\/\/seprays.com\/es\/wp-json\/wp\/v2\/product_cat?post=1119"},{"taxonomy":"product_tag","embeddable":true,"href":"https:\/\/seprays.com\/es\/wp-json\/wp\/v2\/product_tag?post=1119"}],"curies":[{"name":"wp","href":"https:\/\/api.w.org\/{rel}","templated":true}]}}