{"id":1736,"date":"2025-07-30T02:33:26","date_gmt":"2025-07-30T02:33:26","guid":{"rendered":"https:\/\/seprays.com\/?post_type=product&#038;p=1736"},"modified":"2025-08-21T08:03:29","modified_gmt":"2025-08-21T08:03:29","slug":"gam320a-plate-plating-machine-with-robotic-arm-fully-automated-pcb-handling-system","status":"publish","type":"product","link":"https:\/\/seprays.com\/es\/producto\/gam320a-plate-plating-machine-with-robotic-arm-fully-automated-pcb-handling-system\/","title":{"rendered":"GAM320A de la Placa de la Galjanoplastia de la M\u00e1quina con el Brazo Rob\u00f3tico \u2013 Totalmente Automatizado Sistema de Manejo de PCB"},"content":{"rendered":"<p data-start=\"335\" data-end=\"698\">El <strong data-start=\"339\" data-end=\"427\">GAM320A de la Placa de la Galjanoplastia de la M\u00e1quina con el Brazo Rob\u00f3tico \u2013 Totalmente Automatizado Sistema de Manejo de PCB<\/strong> ofrece una alta eficiencia de la galvanoplastia y el inteligente manejo de materiales modernos para la fabricaci\u00f3n de la electr\u00f3nica. Dise\u00f1ado para satisfacer la creciente demanda de precisi\u00f3n y automatizaci\u00f3n, este sistema integra un alto rendimiento de un brazo rob\u00f3tico para agilizar cada paso del proceso de recubrimiento.<\/p>\n<p data-start=\"700\" data-end=\"1003\">Software inteligente que controla todo el funcionamiento autom\u00e1tico del PWB de la carga, la alineaci\u00f3n, y la galjanoplastia de la descarga\u2014que garantiza la calidad y la reducci\u00f3n de la intervenci\u00f3n del operador. El sistema de dise\u00f1o modular ofrece una f\u00e1cil personalizaci\u00f3n, mientras que su dise\u00f1o compacto que ahorra un valioso espacio de producci\u00f3n.<\/p>\n<p data-start=\"1005\" data-end=\"1228\">Ideal para altos vol\u00famenes de producci\u00f3n de los entornos, la <strong data-start=\"1056\" data-end=\"1144\">GAM320A de la Placa de la Galjanoplastia de la M\u00e1quina con el Brazo Rob\u00f3tico \u2013 Totalmente Automatizado Sistema de Manejo de PCB<\/strong> mejora de la productividad, mejora de la galjanoplastia de la uniformidad, y reduce el manual de costos de mano de obra.<\/p>\n<p data-start=\"1005\" data-end=\"1228\"><img fetchpriority=\"high\" decoding=\"async\" class=\"alignnone wp-image-1738\" src=\"https:\/\/seprays.com\/wp-content\/uploads\/2025\/07\/GAM320A\u88c5\u673a\u68b0\u624b\u81c2\u6446\u76d8\u673a.jpg\" alt=\"GAM320A plating machine\" width=\"480\" height=\"346\" srcset=\"https:\/\/seprays.com\/wp-content\/uploads\/2025\/07\/GAM320A\u88c5\u673a\u68b0\u624b\u81c2\u6446\u76d8\u673a.jpg 800w, https:\/\/seprays.com\/wp-content\/uploads\/2025\/07\/GAM320A\u88c5\u673a\u68b0\u624b\u81c2\u6446\u76d8\u673a-480x346.jpg 480w, https:\/\/seprays.com\/wp-content\/uploads\/2025\/07\/GAM320A\u88c5\u673a\u68b0\u624b\u81c2\u6446\u76d8\u673a-300x216.jpg 300w, https:\/\/seprays.com\/wp-content\/uploads\/2025\/07\/GAM320A\u88c5\u673a\u68b0\u624b\u81c2\u6446\u76d8\u673a-768x553.jpg 768w, https:\/\/seprays.com\/wp-content\/uploads\/2025\/07\/GAM320A\u88c5\u673a\u68b0\u624b\u81c2\u6446\u76d8\u673a-18x12.jpg 18w\" sizes=\"(max-width: 480px) 100vw, 480px\" \/><\/p>\n<p data-start=\"1230\" data-end=\"1300\" data-is-last-node=\"\" data-is-only-node=\"\">\ud83d\udce9 Listo para actualizar su l\u00ednea? Contacte con nosotros ahora para una soluci\u00f3n a su medida!<\/p>","protected":false},"excerpt":{"rendered":"<p>El GAM320A de la Placa de la Galjanoplastia de la M\u00e1quina con el Brazo Rob\u00f3tico ofrece un sistema totalmente automatizado de PCB manejo de la soluci\u00f3n que mejora la precisi\u00f3n y la eficiencia. Este avanzado sistema automatiza la galjanoplastia de los procesos, reduce los errores manuales, y aumenta en general la velocidad de la producci\u00f3n\u2014perfecto para la alta demanda de fabricaci\u00f3n de productos electr\u00f3nicos.<\/p>","protected":false},"featured_media":2220,"comment_status":"open","ping_status":"closed","template":"","meta":[],"product_brand":[],"product_cat":[115],"product_tag":[117],"class_list":{"0":"post-1736","1":"product","2":"type-product","3":"status-publish","4":"has-post-thumbnail","6":"product_cat-pcb-stacker-and-unloader","7":"product_tag-gam320a-plating-machine","9":"first","10":"instock","11":"shipping-taxable","12":"product-type-simple"},"yoast_head":"<!-- This site is optimized with the Yoast SEO plugin v25.7 - https:\/\/yoast.com\/wordpress\/plugins\/seo\/ -->\n<title>GAM320A Plate Plating Machine: Powerful Automation<\/title>\n<meta name=\"description\" content=\"GAM320A plate plating machine with robotic arm delivers powerful, fully automated PCB handling for unmatched precision and efficiency.\" \/>\n<meta name=\"robots\" content=\"index, follow, max-snippet:-1, max-image-preview:large, max-video-preview:-1\" \/>\n<link rel=\"canonical\" href=\"https:\/\/seprays.com\/es\/producto\/gam320a-plate-plating-machine-with-robotic-arm-fully-automated-pcb-handling-system\/\" \/>\n<meta property=\"og:locale\" content=\"es_ES\" \/>\n<meta property=\"og:type\" content=\"article\" \/>\n<meta property=\"og:title\" content=\"GAM320A Plate Plating Machine: Powerful Automation\" \/>\n<meta property=\"og:description\" content=\"GAM320A plate plating machine with robotic arm delivers powerful, fully automated PCB handling for unmatched precision and efficiency.\" \/>\n<meta property=\"og:url\" content=\"https:\/\/seprays.com\/es\/producto\/gam320a-plate-plating-machine-with-robotic-arm-fully-automated-pcb-handling-system\/\" \/>\n<meta property=\"og:site_name\" content=\"Seprays\" \/>\n<meta property=\"article:modified_time\" content=\"2025-08-21T08:03:29+00:00\" \/>\n<meta property=\"og:image\" content=\"https:\/\/seprays.com\/wp-content\/uploads\/2025\/07\/Fully-Automated-PCB-Handling-System.jpg\" \/>\n\t<meta property=\"og:image:width\" content=\"480\" \/>\n\t<meta property=\"og:image:height\" content=\"480\" \/>\n\t<meta property=\"og:image:type\" content=\"image\/jpeg\" \/>\n<meta name=\"twitter:card\" content=\"summary_large_image\" \/>\n<meta name=\"twitter:label1\" content=\"Tiempo de lectura\" \/>\n\t<meta name=\"twitter:data1\" content=\"1 minuto\" \/>\n<script type=\"application\/ld+json\" class=\"yoast-schema-graph\">{\"@context\":\"https:\/\/schema.org\",\"@graph\":[{\"@type\":\"WebPage\",\"@id\":\"https:\/\/seprays.com\/product\/gam320a-plate-plating-machine-with-robotic-arm-fully-automated-pcb-handling-system\/\",\"url\":\"https:\/\/seprays.com\/product\/gam320a-plate-plating-machine-with-robotic-arm-fully-automated-pcb-handling-system\/\",\"name\":\"GAM320A Plate Plating Machine: Powerful Automation\",\"isPartOf\":{\"@id\":\"https:\/\/seprays.com\/#website\"},\"primaryImageOfPage\":{\"@id\":\"https:\/\/seprays.com\/product\/gam320a-plate-plating-machine-with-robotic-arm-fully-automated-pcb-handling-system\/#primaryimage\"},\"image\":{\"@id\":\"https:\/\/seprays.com\/product\/gam320a-plate-plating-machine-with-robotic-arm-fully-automated-pcb-handling-system\/#primaryimage\"},\"thumbnailUrl\":\"https:\/\/seprays.com\/wp-content\/uploads\/2025\/07\/Fully-Automated-PCB-Handling-System.jpg\",\"datePublished\":\"2025-07-30T02:33:26+00:00\",\"dateModified\":\"2025-08-21T08:03:29+00:00\",\"description\":\"GAM320A plate plating machine with robotic arm delivers powerful, fully automated PCB handling for unmatched precision and efficiency.\",\"breadcrumb\":{\"@id\":\"https:\/\/seprays.com\/product\/gam320a-plate-plating-machine-with-robotic-arm-fully-automated-pcb-handling-system\/#breadcrumb\"},\"inLanguage\":\"es\",\"potentialAction\":[{\"@type\":\"ReadAction\",\"target\":[\"https:\/\/seprays.com\/product\/gam320a-plate-plating-machine-with-robotic-arm-fully-automated-pcb-handling-system\/\"]}]},{\"@type\":\"ImageObject\",\"inLanguage\":\"es\",\"@id\":\"https:\/\/seprays.com\/product\/gam320a-plate-plating-machine-with-robotic-arm-fully-automated-pcb-handling-system\/#primaryimage\",\"url\":\"https:\/\/seprays.com\/wp-content\/uploads\/2025\/07\/Fully-Automated-PCB-Handling-System.jpg\",\"contentUrl\":\"https:\/\/seprays.com\/wp-content\/uploads\/2025\/07\/Fully-Automated-PCB-Handling-System.jpg\",\"width\":480,\"height\":480,\"caption\":\"GAM320A plating machine\"},{\"@type\":\"BreadcrumbList\",\"@id\":\"https:\/\/seprays.com\/product\/gam320a-plate-plating-machine-with-robotic-arm-fully-automated-pcb-handling-system\/#breadcrumb\",\"itemListElement\":[{\"@type\":\"ListItem\",\"position\":1,\"name\":\"\u9996\u9875\",\"item\":\"https:\/\/seprays.com\/\"},{\"@type\":\"ListItem\",\"position\":2,\"name\":\"\u5546\u5e97\",\"item\":\"https:\/\/seprays.com\/shop\/\"},{\"@type\":\"ListItem\",\"position\":3,\"name\":\"GAM320A Plate Plating Machine with Robotic Arm \u2013 Fully Automated PCB Handling System\"}]},{\"@type\":\"WebSite\",\"@id\":\"https:\/\/seprays.com\/#website\",\"url\":\"https:\/\/seprays.com\/\",\"name\":\"Seprays : PCBA Router Depaneling,PCB\/FPC Laser Depaneling,V-Groove Saw Depaneling\",\"description\":\"\",\"publisher\":{\"@id\":\"https:\/\/seprays.com\/#organization\"},\"potentialAction\":[{\"@type\":\"SearchAction\",\"target\":{\"@type\":\"EntryPoint\",\"urlTemplate\":\"https:\/\/seprays.com\/?s={search_term_string}\"},\"query-input\":{\"@type\":\"PropertyValueSpecification\",\"valueRequired\":true,\"valueName\":\"search_term_string\"}}],\"inLanguage\":\"es\"},{\"@type\":\"Organization\",\"@id\":\"https:\/\/seprays.com\/#organization\",\"name\":\"Seprays : PCBA Router Depaneling,PCB\/FPC Laser Depaneling,V-Groove Saw Depaneling\",\"url\":\"https:\/\/seprays.com\/\",\"logo\":{\"@type\":\"ImageObject\",\"inLanguage\":\"es\",\"@id\":\"https:\/\/seprays.com\/#\/schema\/logo\/image\/\",\"url\":\"https:\/\/seprays.com\/wp-content\/uploads\/2025\/04\/seprays\uff08\u5e26\u63cf\u8fb9\uff09.png\",\"contentUrl\":\"https:\/\/seprays.com\/wp-content\/uploads\/2025\/04\/seprays\uff08\u5e26\u63cf\u8fb9\uff09.png\",\"width\":350,\"height\":100,\"caption\":\"Seprays : PCBA Router Depaneling,PCB\/FPC Laser Depaneling,V-Groove Saw Depaneling\"},\"image\":{\"@id\":\"https:\/\/seprays.com\/#\/schema\/logo\/image\/\"}}]}<\/script>\n<!-- \/ Yoast SEO plugin. -->","yoast_head_json":{"title":"GAM320A Plate Plating Machine: Powerful Automation","description":"GAM320A plate plating machine with robotic arm delivers powerful, fully automated PCB handling for unmatched precision and efficiency.","robots":{"index":"index","follow":"follow","max-snippet":"max-snippet:-1","max-image-preview":"max-image-preview:large","max-video-preview":"max-video-preview:-1"},"canonical":"https:\/\/seprays.com\/es\/producto\/gam320a-plate-plating-machine-with-robotic-arm-fully-automated-pcb-handling-system\/","og_locale":"es_ES","og_type":"article","og_title":"GAM320A Plate Plating Machine: Powerful Automation","og_description":"GAM320A plate plating machine with robotic arm delivers powerful, fully automated PCB handling for unmatched precision and efficiency.","og_url":"https:\/\/seprays.com\/es\/producto\/gam320a-plate-plating-machine-with-robotic-arm-fully-automated-pcb-handling-system\/","og_site_name":"Seprays","article_modified_time":"2025-08-21T08:03:29+00:00","og_image":[{"width":480,"height":480,"url":"https:\/\/seprays.com\/wp-content\/uploads\/2025\/07\/Fully-Automated-PCB-Handling-System.jpg","type":"image\/jpeg"}],"twitter_card":"summary_large_image","twitter_misc":{"Tiempo de lectura":"1 minuto"},"schema":{"@context":"https:\/\/schema.org","@graph":[{"@type":"WebPage","@id":"https:\/\/seprays.com\/product\/gam320a-plate-plating-machine-with-robotic-arm-fully-automated-pcb-handling-system\/","url":"https:\/\/seprays.com\/product\/gam320a-plate-plating-machine-with-robotic-arm-fully-automated-pcb-handling-system\/","name":"GAM320A Plate Plating Machine: Powerful Automation","isPartOf":{"@id":"https:\/\/seprays.com\/#website"},"primaryImageOfPage":{"@id":"https:\/\/seprays.com\/product\/gam320a-plate-plating-machine-with-robotic-arm-fully-automated-pcb-handling-system\/#primaryimage"},"image":{"@id":"https:\/\/seprays.com\/product\/gam320a-plate-plating-machine-with-robotic-arm-fully-automated-pcb-handling-system\/#primaryimage"},"thumbnailUrl":"https:\/\/seprays.com\/wp-content\/uploads\/2025\/07\/Fully-Automated-PCB-Handling-System.jpg","datePublished":"2025-07-30T02:33:26+00:00","dateModified":"2025-08-21T08:03:29+00:00","description":"GAM320A plate plating machine with robotic arm delivers powerful, fully automated PCB handling for unmatched precision and efficiency.","breadcrumb":{"@id":"https:\/\/seprays.com\/product\/gam320a-plate-plating-machine-with-robotic-arm-fully-automated-pcb-handling-system\/#breadcrumb"},"inLanguage":"es","potentialAction":[{"@type":"ReadAction","target":["https:\/\/seprays.com\/product\/gam320a-plate-plating-machine-with-robotic-arm-fully-automated-pcb-handling-system\/"]}]},{"@type":"ImageObject","inLanguage":"es","@id":"https:\/\/seprays.com\/product\/gam320a-plate-plating-machine-with-robotic-arm-fully-automated-pcb-handling-system\/#primaryimage","url":"https:\/\/seprays.com\/wp-content\/uploads\/2025\/07\/Fully-Automated-PCB-Handling-System.jpg","contentUrl":"https:\/\/seprays.com\/wp-content\/uploads\/2025\/07\/Fully-Automated-PCB-Handling-System.jpg","width":480,"height":480,"caption":"GAM320A plating machine"},{"@type":"BreadcrumbList","@id":"https:\/\/seprays.com\/product\/gam320a-plate-plating-machine-with-robotic-arm-fully-automated-pcb-handling-system\/#breadcrumb","itemListElement":[{"@type":"ListItem","position":1,"name":"\u9996\u9875","item":"https:\/\/seprays.com\/"},{"@type":"ListItem","position":2,"name":"\u5546\u5e97","item":"https:\/\/seprays.com\/shop\/"},{"@type":"ListItem","position":3,"name":"GAM320A Plate Plating Machine with Robotic Arm \u2013 Fully Automated PCB Handling System"}]},{"@type":"WebSite","@id":"https:\/\/seprays.com\/#website","url":"https:\/\/seprays.com\/","name":"Seprays : PCBA Router Depaneling,PCB\/FPC Laser Depaneling,V-Groove Saw Depaneling","description":"","publisher":{"@id":"https:\/\/seprays.com\/#organization"},"potentialAction":[{"@type":"SearchAction","target":{"@type":"EntryPoint","urlTemplate":"https:\/\/seprays.com\/?s={search_term_string}"},"query-input":{"@type":"PropertyValueSpecification","valueRequired":true,"valueName":"search_term_string"}}],"inLanguage":"es"},{"@type":"Organization","@id":"https:\/\/seprays.com\/#organization","name":"Seprays : PCBA Router Depaneling,PCB\/FPC Laser Depaneling,V-Groove Saw Depaneling","url":"https:\/\/seprays.com\/","logo":{"@type":"ImageObject","inLanguage":"es","@id":"https:\/\/seprays.com\/#\/schema\/logo\/image\/","url":"https:\/\/seprays.com\/wp-content\/uploads\/2025\/04\/seprays\uff08\u5e26\u63cf\u8fb9\uff09.png","contentUrl":"https:\/\/seprays.com\/wp-content\/uploads\/2025\/04\/seprays\uff08\u5e26\u63cf\u8fb9\uff09.png","width":350,"height":100,"caption":"Seprays : PCBA Router Depaneling,PCB\/FPC Laser Depaneling,V-Groove Saw Depaneling"},"image":{"@id":"https:\/\/seprays.com\/#\/schema\/logo\/image\/"}}]}},"_links":{"self":[{"href":"https:\/\/seprays.com\/es\/wp-json\/wp\/v2\/product\/1736","targetHints":{"allow":["GET"]}}],"collection":[{"href":"https:\/\/seprays.com\/es\/wp-json\/wp\/v2\/product"}],"about":[{"href":"https:\/\/seprays.com\/es\/wp-json\/wp\/v2\/types\/product"}],"replies":[{"embeddable":true,"href":"https:\/\/seprays.com\/es\/wp-json\/wp\/v2\/comments?post=1736"}],"wp:featuredmedia":[{"embeddable":true,"href":"https:\/\/seprays.com\/es\/wp-json\/wp\/v2\/media\/2220"}],"wp:attachment":[{"href":"https:\/\/seprays.com\/es\/wp-json\/wp\/v2\/media?parent=1736"}],"wp:term":[{"taxonomy":"product_brand","embeddable":true,"href":"https:\/\/seprays.com\/es\/wp-json\/wp\/v2\/product_brand?post=1736"},{"taxonomy":"product_cat","embeddable":true,"href":"https:\/\/seprays.com\/es\/wp-json\/wp\/v2\/product_cat?post=1736"},{"taxonomy":"product_tag","embeddable":true,"href":"https:\/\/seprays.com\/es\/wp-json\/wp\/v2\/product_tag?post=1736"}],"curies":[{"name":"wp","href":"https:\/\/api.w.org\/{rel}","templated":true}]}}