{"id":1756,"date":"2025-07-31T02:48:43","date_gmt":"2025-07-31T02:48:43","guid":{"rendered":"https:\/\/seprays.com\/?post_type=product&#038;p=1756"},"modified":"2025-08-21T08:05:03","modified_gmt":"2025-08-21T08:05:03","slug":"gam330at-automated-pcb-handling-line-with-loading-machine-and-agv-system","status":"publish","type":"product","link":"https:\/\/seprays.com\/es\/producto\/gam330at-automated-pcb-handling-line-with-loading-machine-and-agv-system\/","title":{"rendered":"GAM330AT Automatizado de Manejo de PCB de la L\u00ednea de Carga de la M\u00e1quina y el Sistema AGV"},"content":{"rendered":"<p data-start=\"216\" data-end=\"612\">El <strong data-start=\"220\" data-end=\"296\">GAM330AT Automatizado de Manejo de PCB de la L\u00ednea de Carga de la M\u00e1quina y el Sistema AGV<\/strong> es un smart, una soluci\u00f3n completamente integrada dise\u00f1ada para optimizar la producci\u00f3n de placas de circuitos. Mediante la combinaci\u00f3n de las funcionalidades de alta velocidad de la GAM330AT con un fiable de la carga de la m\u00e1quina, la precisi\u00f3n de la placa de colocaci\u00f3n, y un aut\u00f3nomo guiado de veh\u00edculos (AGV), este sistema crea una perfecta, manos libres flujo de trabajo de principio a fin.<\/p>\n<p data-start=\"216\" data-end=\"612\"><img fetchpriority=\"high\" decoding=\"async\" class=\"alignnone wp-image-1760\" src=\"https:\/\/seprays.com\/wp-content\/uploads\/2025\/07\/\u4e0a\u677f\u673aGAM330AT\u6446\u76d8AGV-.jpg\" alt=\"GAM330AT PCB line\" width=\"480\" height=\"270\" srcset=\"https:\/\/seprays.com\/wp-content\/uploads\/2025\/07\/\u4e0a\u677f\u673aGAM330AT\u6446\u76d8AGV-.jpg 800w, https:\/\/seprays.com\/wp-content\/uploads\/2025\/07\/\u4e0a\u677f\u673aGAM330AT\u6446\u76d8AGV--480x270.jpg 480w, https:\/\/seprays.com\/wp-content\/uploads\/2025\/07\/\u4e0a\u677f\u673aGAM330AT\u6446\u76d8AGV--300x169.jpg 300w, https:\/\/seprays.com\/wp-content\/uploads\/2025\/07\/\u4e0a\u677f\u673aGAM330AT\u6446\u76d8AGV--768x432.jpg 768w, https:\/\/seprays.com\/wp-content\/uploads\/2025\/07\/\u4e0a\u677f\u673aGAM330AT\u6446\u76d8AGV--18x10.jpg 18w\" sizes=\"(max-width: 480px) 100vw, 480px\" \/><\/p>\n<p data-start=\"614\" data-end=\"991\">Ideal para alto volumen de operaciones, esta configuraci\u00f3n garantiza la homogeneidad de la junta directiva de la alineaci\u00f3n precisa de la parte de transferencia autom\u00e1tica de la entrega de materiales en el piso de la f\u00e1brica, mejorando significativamente la productividad y reducir los errores manuales. El AGV sistema permite un enrutamiento flexible y en tiempo real de transporte de bandejas o acabado de tablas, adapt\u00e1ndose r\u00e1pidamente a las necesidades de producci\u00f3n.<\/p>\n<p data-start=\"993\" data-end=\"1236\">Dise\u00f1ada para la velocidad, la fiabilidad y la seguridad, la <strong data-start=\"1044\" data-end=\"1120\">GAM330AT Automatizado de Manejo de PCB de la L\u00ednea de Carga de la M\u00e1quina y el Sistema AGV<\/strong> faculta a los fabricantes a escala de manera eficiente y mantener altos est\u00e1ndares de calidad con la m\u00ednima intervenci\u00f3n del operador.<\/p>\n<p data-start=\"993\" data-end=\"1236\"><img decoding=\"async\" class=\"alignnone wp-image-1757 lazyload\" data-src=\"https:\/\/seprays.com\/wp-content\/uploads\/2025\/07\/\u4e0a\u677f\u673aGAM330AT\u6446\u76d8AGV.jpg\" alt=\"GAM330AT PCB line\" width=\"480\" height=\"270\" data-srcset=\"https:\/\/seprays.com\/wp-content\/uploads\/2025\/07\/\u4e0a\u677f\u673aGAM330AT\u6446\u76d8AGV.jpg 800w, https:\/\/seprays.com\/wp-content\/uploads\/2025\/07\/\u4e0a\u677f\u673aGAM330AT\u6446\u76d8AGV-480x270.jpg 480w, https:\/\/seprays.com\/wp-content\/uploads\/2025\/07\/\u4e0a\u677f\u673aGAM330AT\u6446\u76d8AGV-300x169.jpg 300w, https:\/\/seprays.com\/wp-content\/uploads\/2025\/07\/\u4e0a\u677f\u673aGAM330AT\u6446\u76d8AGV-768x432.jpg 768w, https:\/\/seprays.com\/wp-content\/uploads\/2025\/07\/\u4e0a\u677f\u673aGAM330AT\u6446\u76d8AGV-18x10.jpg 18w\" data-sizes=\"(max-width: 480px) 100vw, 480px\" src=\"data:image\/svg+xml;base64,PHN2ZyB3aWR0aD0iMSIgaGVpZ2h0PSIxIiB4bWxucz0iaHR0cDovL3d3dy53My5vcmcvMjAwMC9zdmciPjwvc3ZnPg==\" style=\"--smush-placeholder-width: 480px; --smush-placeholder-aspect-ratio: 480\/270;\" \/><\/p>\n<p data-start=\"1238\" data-end=\"1305\" data-is-last-node=\"\" data-is-only-node=\"\">\ud83d\udce9 Listo para la pr\u00f3xima generaci\u00f3n de la automatizaci\u00f3n? P\u00f3ngase en contacto con nosotros para una soluci\u00f3n personalizada!<\/p>","protected":false},"excerpt":{"rendered":"<p>El GAM330AT Automatizado de Manejo de PCB L\u00ednea cuenta con una eficiente m\u00e1quina de carga combinado con un inteligente sistema AGV. Esta configuraci\u00f3n optimiza el PCB del proceso de manejo, reduce los costos de mano de obra, y mejora la precisi\u00f3n de producci\u00f3n\u2014ideal para la electr\u00f3nica moderna de los ambientes de fabricaci\u00f3n.<\/p>","protected":false},"featured_media":2138,"comment_status":"open","ping_status":"closed","template":"","meta":[],"product_brand":[],"product_cat":[115],"product_tag":[120],"class_list":{"0":"post-1756","1":"product","2":"type-product","3":"status-publish","4":"has-post-thumbnail","6":"product_cat-pcb-stacker-and-unloader","7":"product_tag-gam330at-pcb-line","9":"first","10":"instock","11":"shipping-taxable","12":"product-type-simple"},"yoast_head":"<!-- This site is optimized with the Yoast SEO plugin v25.7 - https:\/\/yoast.com\/wordpress\/plugins\/seo\/ -->\n<title>GAM330AT PCB Line Boosts Smart Automation Power<\/title>\n<meta name=\"description\" content=\"GAM330AT automated PCB line with AGV and loader delivers smart, efficient, and scalable handling for modern electronics production.\" \/>\n<meta name=\"robots\" content=\"index, follow, max-snippet:-1, max-image-preview:large, max-video-preview:-1\" \/>\n<link rel=\"canonical\" href=\"https:\/\/seprays.com\/es\/producto\/gam330at-automated-pcb-handling-line-with-loading-machine-and-agv-system\/\" \/>\n<meta property=\"og:locale\" content=\"es_ES\" \/>\n<meta property=\"og:type\" content=\"article\" \/>\n<meta property=\"og:title\" content=\"GAM330AT PCB Line Boosts Smart Automation Power\" \/>\n<meta property=\"og:description\" content=\"GAM330AT automated PCB line with AGV and loader delivers smart, efficient, and scalable handling for modern electronics production.\" \/>\n<meta property=\"og:url\" content=\"https:\/\/seprays.com\/es\/producto\/gam330at-automated-pcb-handling-line-with-loading-machine-and-agv-system\/\" \/>\n<meta property=\"og:site_name\" content=\"Seprays\" \/>\n<meta property=\"article:modified_time\" content=\"2025-08-21T08:05:03+00:00\" \/>\n<meta property=\"og:image\" content=\"https:\/\/seprays.com\/wp-content\/uploads\/2025\/07\/AGV-System-e1755763490858.jpg\" \/>\n\t<meta property=\"og:image:width\" content=\"480\" \/>\n\t<meta property=\"og:image:height\" content=\"480\" \/>\n\t<meta property=\"og:image:type\" content=\"image\/jpeg\" \/>\n<meta name=\"twitter:card\" content=\"summary_large_image\" \/>\n<meta name=\"twitter:label1\" content=\"Tiempo de lectura\" \/>\n\t<meta name=\"twitter:data1\" content=\"2 minutos\" \/>\n<script type=\"application\/ld+json\" class=\"yoast-schema-graph\">{\"@context\":\"https:\/\/schema.org\",\"@graph\":[{\"@type\":\"WebPage\",\"@id\":\"https:\/\/seprays.com\/product\/gam330at-automated-pcb-handling-line-with-loading-machine-and-agv-system\/\",\"url\":\"https:\/\/seprays.com\/product\/gam330at-automated-pcb-handling-line-with-loading-machine-and-agv-system\/\",\"name\":\"GAM330AT PCB Line Boosts Smart Automation Power\",\"isPartOf\":{\"@id\":\"https:\/\/seprays.com\/#website\"},\"primaryImageOfPage\":{\"@id\":\"https:\/\/seprays.com\/product\/gam330at-automated-pcb-handling-line-with-loading-machine-and-agv-system\/#primaryimage\"},\"image\":{\"@id\":\"https:\/\/seprays.com\/product\/gam330at-automated-pcb-handling-line-with-loading-machine-and-agv-system\/#primaryimage\"},\"thumbnailUrl\":\"https:\/\/seprays.com\/wp-content\/uploads\/2025\/07\/AGV-System-e1755763490858.jpg\",\"datePublished\":\"2025-07-31T02:48:43+00:00\",\"dateModified\":\"2025-08-21T08:05:03+00:00\",\"description\":\"GAM330AT automated PCB line with AGV and loader delivers smart, efficient, and scalable handling for modern electronics production.\",\"breadcrumb\":{\"@id\":\"https:\/\/seprays.com\/product\/gam330at-automated-pcb-handling-line-with-loading-machine-and-agv-system\/#breadcrumb\"},\"inLanguage\":\"es\",\"potentialAction\":[{\"@type\":\"ReadAction\",\"target\":[\"https:\/\/seprays.com\/product\/gam330at-automated-pcb-handling-line-with-loading-machine-and-agv-system\/\"]}]},{\"@type\":\"ImageObject\",\"inLanguage\":\"es\",\"@id\":\"https:\/\/seprays.com\/product\/gam330at-automated-pcb-handling-line-with-loading-machine-and-agv-system\/#primaryimage\",\"url\":\"https:\/\/seprays.com\/wp-content\/uploads\/2025\/07\/AGV-System-e1755763490858.jpg\",\"contentUrl\":\"https:\/\/seprays.com\/wp-content\/uploads\/2025\/07\/AGV-System-e1755763490858.jpg\",\"width\":480,\"height\":480,\"caption\":\"GAM330AT PCB line\"},{\"@type\":\"BreadcrumbList\",\"@id\":\"https:\/\/seprays.com\/product\/gam330at-automated-pcb-handling-line-with-loading-machine-and-agv-system\/#breadcrumb\",\"itemListElement\":[{\"@type\":\"ListItem\",\"position\":1,\"name\":\"\u9996\u9875\",\"item\":\"https:\/\/seprays.com\/\"},{\"@type\":\"ListItem\",\"position\":2,\"name\":\"\u5546\u5e97\",\"item\":\"https:\/\/seprays.com\/shop\/\"},{\"@type\":\"ListItem\",\"position\":3,\"name\":\"GAM330AT Automated PCB Handling Line with Loading Machine and AGV System\"}]},{\"@type\":\"WebSite\",\"@id\":\"https:\/\/seprays.com\/#website\",\"url\":\"https:\/\/seprays.com\/\",\"name\":\"Seprays : PCBA Router Depaneling,PCB\/FPC Laser Depaneling,V-Groove Saw Depaneling\",\"description\":\"\",\"publisher\":{\"@id\":\"https:\/\/seprays.com\/#organization\"},\"potentialAction\":[{\"@type\":\"SearchAction\",\"target\":{\"@type\":\"EntryPoint\",\"urlTemplate\":\"https:\/\/seprays.com\/?s={search_term_string}\"},\"query-input\":{\"@type\":\"PropertyValueSpecification\",\"valueRequired\":true,\"valueName\":\"search_term_string\"}}],\"inLanguage\":\"es\"},{\"@type\":\"Organization\",\"@id\":\"https:\/\/seprays.com\/#organization\",\"name\":\"Seprays : PCBA Router Depaneling,PCB\/FPC Laser Depaneling,V-Groove Saw Depaneling\",\"url\":\"https:\/\/seprays.com\/\",\"logo\":{\"@type\":\"ImageObject\",\"inLanguage\":\"es\",\"@id\":\"https:\/\/seprays.com\/#\/schema\/logo\/image\/\",\"url\":\"https:\/\/seprays.com\/wp-content\/uploads\/2025\/04\/seprays\uff08\u5e26\u63cf\u8fb9\uff09.png\",\"contentUrl\":\"https:\/\/seprays.com\/wp-content\/uploads\/2025\/04\/seprays\uff08\u5e26\u63cf\u8fb9\uff09.png\",\"width\":350,\"height\":100,\"caption\":\"Seprays : PCBA Router Depaneling,PCB\/FPC Laser Depaneling,V-Groove Saw Depaneling\"},\"image\":{\"@id\":\"https:\/\/seprays.com\/#\/schema\/logo\/image\/\"}}]}<\/script>\n<!-- \/ Yoast SEO plugin. -->","yoast_head_json":{"title":"GAM330AT PCB Line Boosts Smart Automation Power","description":"GAM330AT automated PCB line with AGV and loader delivers smart, efficient, and scalable handling for modern electronics production.","robots":{"index":"index","follow":"follow","max-snippet":"max-snippet:-1","max-image-preview":"max-image-preview:large","max-video-preview":"max-video-preview:-1"},"canonical":"https:\/\/seprays.com\/es\/producto\/gam330at-automated-pcb-handling-line-with-loading-machine-and-agv-system\/","og_locale":"es_ES","og_type":"article","og_title":"GAM330AT PCB Line Boosts Smart Automation Power","og_description":"GAM330AT automated PCB line with AGV and loader delivers smart, efficient, and scalable handling for modern electronics production.","og_url":"https:\/\/seprays.com\/es\/producto\/gam330at-automated-pcb-handling-line-with-loading-machine-and-agv-system\/","og_site_name":"Seprays","article_modified_time":"2025-08-21T08:05:03+00:00","og_image":[{"width":480,"height":480,"url":"https:\/\/seprays.com\/wp-content\/uploads\/2025\/07\/AGV-System-e1755763490858.jpg","type":"image\/jpeg"}],"twitter_card":"summary_large_image","twitter_misc":{"Tiempo de lectura":"2 minutos"},"schema":{"@context":"https:\/\/schema.org","@graph":[{"@type":"WebPage","@id":"https:\/\/seprays.com\/product\/gam330at-automated-pcb-handling-line-with-loading-machine-and-agv-system\/","url":"https:\/\/seprays.com\/product\/gam330at-automated-pcb-handling-line-with-loading-machine-and-agv-system\/","name":"GAM330AT PCB Line Boosts Smart Automation Power","isPartOf":{"@id":"https:\/\/seprays.com\/#website"},"primaryImageOfPage":{"@id":"https:\/\/seprays.com\/product\/gam330at-automated-pcb-handling-line-with-loading-machine-and-agv-system\/#primaryimage"},"image":{"@id":"https:\/\/seprays.com\/product\/gam330at-automated-pcb-handling-line-with-loading-machine-and-agv-system\/#primaryimage"},"thumbnailUrl":"https:\/\/seprays.com\/wp-content\/uploads\/2025\/07\/AGV-System-e1755763490858.jpg","datePublished":"2025-07-31T02:48:43+00:00","dateModified":"2025-08-21T08:05:03+00:00","description":"GAM330AT automated PCB line with AGV and loader delivers smart, efficient, and scalable handling for modern electronics production.","breadcrumb":{"@id":"https:\/\/seprays.com\/product\/gam330at-automated-pcb-handling-line-with-loading-machine-and-agv-system\/#breadcrumb"},"inLanguage":"es","potentialAction":[{"@type":"ReadAction","target":["https:\/\/seprays.com\/product\/gam330at-automated-pcb-handling-line-with-loading-machine-and-agv-system\/"]}]},{"@type":"ImageObject","inLanguage":"es","@id":"https:\/\/seprays.com\/product\/gam330at-automated-pcb-handling-line-with-loading-machine-and-agv-system\/#primaryimage","url":"https:\/\/seprays.com\/wp-content\/uploads\/2025\/07\/AGV-System-e1755763490858.jpg","contentUrl":"https:\/\/seprays.com\/wp-content\/uploads\/2025\/07\/AGV-System-e1755763490858.jpg","width":480,"height":480,"caption":"GAM330AT PCB line"},{"@type":"BreadcrumbList","@id":"https:\/\/seprays.com\/product\/gam330at-automated-pcb-handling-line-with-loading-machine-and-agv-system\/#breadcrumb","itemListElement":[{"@type":"ListItem","position":1,"name":"\u9996\u9875","item":"https:\/\/seprays.com\/"},{"@type":"ListItem","position":2,"name":"\u5546\u5e97","item":"https:\/\/seprays.com\/shop\/"},{"@type":"ListItem","position":3,"name":"GAM330AT Automated PCB Handling Line with Loading Machine and AGV System"}]},{"@type":"WebSite","@id":"https:\/\/seprays.com\/#website","url":"https:\/\/seprays.com\/","name":"Seprays : PCBA Router Depaneling,PCB\/FPC Laser Depaneling,V-Groove Saw Depaneling","description":"","publisher":{"@id":"https:\/\/seprays.com\/#organization"},"potentialAction":[{"@type":"SearchAction","target":{"@type":"EntryPoint","urlTemplate":"https:\/\/seprays.com\/?s={search_term_string}"},"query-input":{"@type":"PropertyValueSpecification","valueRequired":true,"valueName":"search_term_string"}}],"inLanguage":"es"},{"@type":"Organization","@id":"https:\/\/seprays.com\/#organization","name":"Seprays : PCBA Router Depaneling,PCB\/FPC Laser Depaneling,V-Groove Saw Depaneling","url":"https:\/\/seprays.com\/","logo":{"@type":"ImageObject","inLanguage":"es","@id":"https:\/\/seprays.com\/#\/schema\/logo\/image\/","url":"https:\/\/seprays.com\/wp-content\/uploads\/2025\/04\/seprays\uff08\u5e26\u63cf\u8fb9\uff09.png","contentUrl":"https:\/\/seprays.com\/wp-content\/uploads\/2025\/04\/seprays\uff08\u5e26\u63cf\u8fb9\uff09.png","width":350,"height":100,"caption":"Seprays : PCBA Router Depaneling,PCB\/FPC Laser Depaneling,V-Groove Saw Depaneling"},"image":{"@id":"https:\/\/seprays.com\/#\/schema\/logo\/image\/"}}]}},"_links":{"self":[{"href":"https:\/\/seprays.com\/es\/wp-json\/wp\/v2\/product\/1756","targetHints":{"allow":["GET"]}}],"collection":[{"href":"https:\/\/seprays.com\/es\/wp-json\/wp\/v2\/product"}],"about":[{"href":"https:\/\/seprays.com\/es\/wp-json\/wp\/v2\/types\/product"}],"replies":[{"embeddable":true,"href":"https:\/\/seprays.com\/es\/wp-json\/wp\/v2\/comments?post=1756"}],"wp:featuredmedia":[{"embeddable":true,"href":"https:\/\/seprays.com\/es\/wp-json\/wp\/v2\/media\/2138"}],"wp:attachment":[{"href":"https:\/\/seprays.com\/es\/wp-json\/wp\/v2\/media?parent=1756"}],"wp:term":[{"taxonomy":"product_brand","embeddable":true,"href":"https:\/\/seprays.com\/es\/wp-json\/wp\/v2\/product_brand?post=1756"},{"taxonomy":"product_cat","embeddable":true,"href":"https:\/\/seprays.com\/es\/wp-json\/wp\/v2\/product_cat?post=1756"},{"taxonomy":"product_tag","embeddable":true,"href":"https:\/\/seprays.com\/es\/wp-json\/wp\/v2\/product_tag?post=1756"}],"curies":[{"name":"wp","href":"https:\/\/api.w.org\/{rel}","templated":true}]}}