{"id":1761,"date":"2025-07-31T03:02:45","date_gmt":"2025-07-31T03:02:45","guid":{"rendered":"https:\/\/seprays.com\/?post_type=product&#038;p=1761"},"modified":"2025-08-21T08:06:17","modified_gmt":"2025-08-21T08:06:17","slug":"gam336at-automated-pcb-production-line-with-loading-machine-and-agv-integration","status":"publish","type":"product","link":"https:\/\/seprays.com\/es\/producto\/gam336at-automated-pcb-production-line-with-loading-machine-and-agv-integration\/","title":{"rendered":"GAM336AT Automatizado de la Producci\u00f3n de PCB de la L\u00ednea de Carga de la M\u00e1quina y AGV Integraci\u00f3n"},"content":{"rendered":"<p data-start=\"234\" data-end=\"479\">El <strong data-start=\"238\" data-end=\"321\">GAM336AT Automatizado de la Producci\u00f3n de PCB de la L\u00ednea de Carga de la M\u00e1quina y AGV Integraci\u00f3n<\/strong> es una inteligente soluci\u00f3n de manufactura que agiliza la totalidad de la asamblea del PWB de proceso de la carga del material que precisa de la placa de colocaci\u00f3n y aut\u00f3noma de la log\u00edstica.<\/p>\n<p data-start=\"234\" data-end=\"479\"><img fetchpriority=\"high\" decoding=\"async\" class=\"alignnone wp-image-1763\" src=\"https:\/\/seprays.com\/wp-content\/uploads\/2025\/07\/GAM336AT.jpg\" alt=\"GAM336AT PCB line\" width=\"480\" height=\"271\" srcset=\"https:\/\/seprays.com\/wp-content\/uploads\/2025\/07\/GAM336AT.jpg 800w, https:\/\/seprays.com\/wp-content\/uploads\/2025\/07\/GAM336AT-480x271.jpg 480w, https:\/\/seprays.com\/wp-content\/uploads\/2025\/07\/GAM336AT-300x170.jpg 300w, https:\/\/seprays.com\/wp-content\/uploads\/2025\/07\/GAM336AT-768x434.jpg 768w, https:\/\/seprays.com\/wp-content\/uploads\/2025\/07\/GAM336AT-18x10.jpg 18w\" sizes=\"(max-width: 480px) 100vw, 480px\" \/><\/p>\n<p data-start=\"481\" data-end=\"841\">En el coraz\u00f3n del sistema es el GAM336AT, una de alta velocidad, alta precisi\u00f3n de la PCB de la manipulaci\u00f3n de la m\u00e1quina, construido por la eficiencia y la fiabilidad. Emparejado con una robusta m\u00e1quina de carga y la placa de la colocaci\u00f3n de la unidad, se asegura una operaci\u00f3n continua con la m\u00ednima intervenci\u00f3n humana. La placa de la colocaci\u00f3n de la m\u00e1quina con precisi\u00f3n las posiciones de cada junta para reducir la desalineaci\u00f3n y retrasos de producci\u00f3n.<\/p>\n<p data-start=\"843\" data-end=\"1173\">Una clave a destacar es la integraci\u00f3n de un AGV (Automatizado de Veh\u00edculos Guiados), sistema que automatiza el movimiento de las bandejas y de los componentes entre las estaciones de trabajo. Esto no s\u00f3lo elimina la manipulaci\u00f3n manual, sino que tambi\u00e9n mejora la seguridad y el flujo de producci\u00f3n. El AGV admite un enrutamiento flexible y puede adaptarse en tiempo real a las demandas de la producci\u00f3n con facilidad.<\/p>\n<p data-start=\"1175\" data-end=\"1449\">Mediante la combinaci\u00f3n de control inteligente, dise\u00f1o modular, y de transporte en tiempo real, la <strong data-start=\"1254\" data-end=\"1337\">GAM336AT Automatizado de la Producci\u00f3n de PCB de la L\u00ednea de Carga de la M\u00e1quina y AGV Integraci\u00f3n<\/strong> es una soluci\u00f3n ideal para las f\u00e1bricas que buscan adoptar inteligente pr\u00e1cticas de manufactura y la escala con confianza.<\/p>\n<p data-start=\"1175\" data-end=\"1449\"><img decoding=\"async\" class=\"alignnone wp-image-1764 lazyload\" data-src=\"https:\/\/seprays.com\/wp-content\/uploads\/2025\/07\/\u4e0a\u677f\u673aGAM336AT\u6446\u76d8\u673aAGV.jpg\" alt=\"GAM336AT PCB line\" width=\"480\" height=\"384\" data-srcset=\"https:\/\/seprays.com\/wp-content\/uploads\/2025\/07\/\u4e0a\u677f\u673aGAM336AT\u6446\u76d8\u673aAGV.jpg 800w, https:\/\/seprays.com\/wp-content\/uploads\/2025\/07\/\u4e0a\u677f\u673aGAM336AT\u6446\u76d8\u673aAGV-480x384.jpg 480w, https:\/\/seprays.com\/wp-content\/uploads\/2025\/07\/\u4e0a\u677f\u673aGAM336AT\u6446\u76d8\u673aAGV-300x240.jpg 300w, https:\/\/seprays.com\/wp-content\/uploads\/2025\/07\/\u4e0a\u677f\u673aGAM336AT\u6446\u76d8\u673aAGV-768x614.jpg 768w, https:\/\/seprays.com\/wp-content\/uploads\/2025\/07\/\u4e0a\u677f\u673aGAM336AT\u6446\u76d8\u673aAGV-15x12.jpg 15w\" data-sizes=\"(max-width: 480px) 100vw, 480px\" src=\"data:image\/svg+xml;base64,PHN2ZyB3aWR0aD0iMSIgaGVpZ2h0PSIxIiB4bWxucz0iaHR0cDovL3d3dy53My5vcmcvMjAwMC9zdmciPjwvc3ZnPg==\" style=\"--smush-placeholder-width: 480px; --smush-placeholder-aspect-ratio: 480\/384;\" \/><\/p>\n<p data-start=\"1451\" data-end=\"1550\" data-is-last-node=\"\" data-is-only-node=\"\">\ud83d\udce6 Quiere aumentar su producci\u00f3n de PCB eficiencia? Contacte con nosotros ahora para una medida de soluci\u00f3n de automatizaci\u00f3n!<\/p>","protected":false},"excerpt":{"rendered":"<p>El GAM336AT Automatizado de la Producci\u00f3n de PCB de la L\u00ednea de avanzada de maquinaria de carga con una perfecta AGV de integraci\u00f3n para proporcionar eficiente, de alta velocidad de la placa de circuito de fabricaci\u00f3n. Dise\u00f1ado para la precisi\u00f3n y fiabilidad, este sistema optimiza el flujo de trabajo, reduce el trabajo manual, y aumenta la productividad en la electr\u00f3nica moderna de producci\u00f3n.<\/p>","protected":false},"featured_media":1762,"comment_status":"open","ping_status":"closed","template":"","meta":[],"product_brand":[],"product_cat":[115],"product_tag":[121],"class_list":{"0":"post-1761","1":"product","2":"type-product","3":"status-publish","4":"has-post-thumbnail","6":"product_cat-pcb-stacker-and-unloader","7":"product_tag-gam336at-pcb-line","9":"first","10":"instock","11":"shipping-taxable","12":"product-type-simple"},"yoast_head":"<!-- This site is optimized with the Yoast SEO plugin v25.7 - https:\/\/yoast.com\/wordpress\/plugins\/seo\/ -->\n<title>GAM336AT PCB Line Delivers Seamless Automation<\/title>\n<meta name=\"description\" content=\"GAM336AT PCB production line combines a loader and AGV system for powerful, precise, and fully automated smart factory performance.\" \/>\n<meta name=\"robots\" content=\"index, follow, max-snippet:-1, max-image-preview:large, max-video-preview:-1\" \/>\n<link rel=\"canonical\" href=\"https:\/\/seprays.com\/es\/producto\/gam336at-automated-pcb-production-line-with-loading-machine-and-agv-integration\/\" \/>\n<meta property=\"og:locale\" content=\"es_ES\" \/>\n<meta property=\"og:type\" content=\"article\" \/>\n<meta property=\"og:title\" content=\"GAM336AT PCB Line Delivers Seamless Automation\" \/>\n<meta property=\"og:description\" content=\"GAM336AT PCB production line combines a loader and AGV system for powerful, precise, and fully automated smart factory performance.\" \/>\n<meta property=\"og:url\" content=\"https:\/\/seprays.com\/es\/producto\/gam336at-automated-pcb-production-line-with-loading-machine-and-agv-integration\/\" \/>\n<meta property=\"og:site_name\" content=\"Seprays\" \/>\n<meta property=\"article:modified_time\" content=\"2025-08-21T08:06:17+00:00\" \/>\n<meta property=\"og:image\" content=\"https:\/\/seprays.com\/wp-content\/uploads\/2025\/07\/resized_image_800x800_v3.jpg\" \/>\n\t<meta property=\"og:image:width\" content=\"480\" \/>\n\t<meta property=\"og:image:height\" content=\"480\" \/>\n\t<meta property=\"og:image:type\" content=\"image\/jpeg\" \/>\n<meta name=\"twitter:card\" content=\"summary_large_image\" \/>\n<meta name=\"twitter:label1\" content=\"Tiempo de lectura\" \/>\n\t<meta name=\"twitter:data1\" content=\"2 minutos\" \/>\n<script type=\"application\/ld+json\" class=\"yoast-schema-graph\">{\"@context\":\"https:\/\/schema.org\",\"@graph\":[{\"@type\":\"WebPage\",\"@id\":\"https:\/\/seprays.com\/product\/gam336at-automated-pcb-production-line-with-loading-machine-and-agv-integration\/\",\"url\":\"https:\/\/seprays.com\/product\/gam336at-automated-pcb-production-line-with-loading-machine-and-agv-integration\/\",\"name\":\"GAM336AT PCB Line Delivers Seamless Automation\",\"isPartOf\":{\"@id\":\"https:\/\/seprays.com\/#website\"},\"primaryImageOfPage\":{\"@id\":\"https:\/\/seprays.com\/product\/gam336at-automated-pcb-production-line-with-loading-machine-and-agv-integration\/#primaryimage\"},\"image\":{\"@id\":\"https:\/\/seprays.com\/product\/gam336at-automated-pcb-production-line-with-loading-machine-and-agv-integration\/#primaryimage\"},\"thumbnailUrl\":\"https:\/\/seprays.com\/wp-content\/uploads\/2025\/07\/resized_image_800x800_v3.jpg\",\"datePublished\":\"2025-07-31T03:02:45+00:00\",\"dateModified\":\"2025-08-21T08:06:17+00:00\",\"description\":\"GAM336AT PCB production line combines a loader and AGV system for powerful, precise, and fully automated smart factory performance.\",\"breadcrumb\":{\"@id\":\"https:\/\/seprays.com\/product\/gam336at-automated-pcb-production-line-with-loading-machine-and-agv-integration\/#breadcrumb\"},\"inLanguage\":\"es\",\"potentialAction\":[{\"@type\":\"ReadAction\",\"target\":[\"https:\/\/seprays.com\/product\/gam336at-automated-pcb-production-line-with-loading-machine-and-agv-integration\/\"]}]},{\"@type\":\"ImageObject\",\"inLanguage\":\"es\",\"@id\":\"https:\/\/seprays.com\/product\/gam336at-automated-pcb-production-line-with-loading-machine-and-agv-integration\/#primaryimage\",\"url\":\"https:\/\/seprays.com\/wp-content\/uploads\/2025\/07\/resized_image_800x800_v3.jpg\",\"contentUrl\":\"https:\/\/seprays.com\/wp-content\/uploads\/2025\/07\/resized_image_800x800_v3.jpg\",\"width\":480,\"height\":480,\"caption\":\"GAM336AT PCB line\"},{\"@type\":\"BreadcrumbList\",\"@id\":\"https:\/\/seprays.com\/product\/gam336at-automated-pcb-production-line-with-loading-machine-and-agv-integration\/#breadcrumb\",\"itemListElement\":[{\"@type\":\"ListItem\",\"position\":1,\"name\":\"\u9996\u9875\",\"item\":\"https:\/\/seprays.com\/\"},{\"@type\":\"ListItem\",\"position\":2,\"name\":\"\u5546\u5e97\",\"item\":\"https:\/\/seprays.com\/shop\/\"},{\"@type\":\"ListItem\",\"position\":3,\"name\":\"GAM336AT Automated PCB Production Line with Loading Machine and AGV Integration\"}]},{\"@type\":\"WebSite\",\"@id\":\"https:\/\/seprays.com\/#website\",\"url\":\"https:\/\/seprays.com\/\",\"name\":\"Seprays : PCBA Router Depaneling,PCB\/FPC Laser Depaneling,V-Groove Saw Depaneling\",\"description\":\"\",\"publisher\":{\"@id\":\"https:\/\/seprays.com\/#organization\"},\"potentialAction\":[{\"@type\":\"SearchAction\",\"target\":{\"@type\":\"EntryPoint\",\"urlTemplate\":\"https:\/\/seprays.com\/?s={search_term_string}\"},\"query-input\":{\"@type\":\"PropertyValueSpecification\",\"valueRequired\":true,\"valueName\":\"search_term_string\"}}],\"inLanguage\":\"es\"},{\"@type\":\"Organization\",\"@id\":\"https:\/\/seprays.com\/#organization\",\"name\":\"Seprays : PCBA Router Depaneling,PCB\/FPC Laser Depaneling,V-Groove Saw Depaneling\",\"url\":\"https:\/\/seprays.com\/\",\"logo\":{\"@type\":\"ImageObject\",\"inLanguage\":\"es\",\"@id\":\"https:\/\/seprays.com\/#\/schema\/logo\/image\/\",\"url\":\"https:\/\/seprays.com\/wp-content\/uploads\/2025\/04\/seprays\uff08\u5e26\u63cf\u8fb9\uff09.png\",\"contentUrl\":\"https:\/\/seprays.com\/wp-content\/uploads\/2025\/04\/seprays\uff08\u5e26\u63cf\u8fb9\uff09.png\",\"width\":350,\"height\":100,\"caption\":\"Seprays : PCBA Router Depaneling,PCB\/FPC Laser Depaneling,V-Groove Saw Depaneling\"},\"image\":{\"@id\":\"https:\/\/seprays.com\/#\/schema\/logo\/image\/\"}}]}<\/script>\n<!-- \/ Yoast SEO plugin. -->","yoast_head_json":{"title":"GAM336AT PCB Line Delivers Seamless Automation","description":"GAM336AT PCB production line combines a loader and AGV system for powerful, precise, and fully automated smart factory performance.","robots":{"index":"index","follow":"follow","max-snippet":"max-snippet:-1","max-image-preview":"max-image-preview:large","max-video-preview":"max-video-preview:-1"},"canonical":"https:\/\/seprays.com\/es\/producto\/gam336at-automated-pcb-production-line-with-loading-machine-and-agv-integration\/","og_locale":"es_ES","og_type":"article","og_title":"GAM336AT PCB Line Delivers Seamless Automation","og_description":"GAM336AT PCB production line combines a loader and AGV system for powerful, precise, and fully automated smart factory performance.","og_url":"https:\/\/seprays.com\/es\/producto\/gam336at-automated-pcb-production-line-with-loading-machine-and-agv-integration\/","og_site_name":"Seprays","article_modified_time":"2025-08-21T08:06:17+00:00","og_image":[{"width":480,"height":480,"url":"https:\/\/seprays.com\/wp-content\/uploads\/2025\/07\/resized_image_800x800_v3.jpg","type":"image\/jpeg"}],"twitter_card":"summary_large_image","twitter_misc":{"Tiempo de lectura":"2 minutos"},"schema":{"@context":"https:\/\/schema.org","@graph":[{"@type":"WebPage","@id":"https:\/\/seprays.com\/product\/gam336at-automated-pcb-production-line-with-loading-machine-and-agv-integration\/","url":"https:\/\/seprays.com\/product\/gam336at-automated-pcb-production-line-with-loading-machine-and-agv-integration\/","name":"GAM336AT PCB Line Delivers Seamless Automation","isPartOf":{"@id":"https:\/\/seprays.com\/#website"},"primaryImageOfPage":{"@id":"https:\/\/seprays.com\/product\/gam336at-automated-pcb-production-line-with-loading-machine-and-agv-integration\/#primaryimage"},"image":{"@id":"https:\/\/seprays.com\/product\/gam336at-automated-pcb-production-line-with-loading-machine-and-agv-integration\/#primaryimage"},"thumbnailUrl":"https:\/\/seprays.com\/wp-content\/uploads\/2025\/07\/resized_image_800x800_v3.jpg","datePublished":"2025-07-31T03:02:45+00:00","dateModified":"2025-08-21T08:06:17+00:00","description":"GAM336AT PCB production line combines a loader and AGV system for powerful, precise, and fully automated smart factory performance.","breadcrumb":{"@id":"https:\/\/seprays.com\/product\/gam336at-automated-pcb-production-line-with-loading-machine-and-agv-integration\/#breadcrumb"},"inLanguage":"es","potentialAction":[{"@type":"ReadAction","target":["https:\/\/seprays.com\/product\/gam336at-automated-pcb-production-line-with-loading-machine-and-agv-integration\/"]}]},{"@type":"ImageObject","inLanguage":"es","@id":"https:\/\/seprays.com\/product\/gam336at-automated-pcb-production-line-with-loading-machine-and-agv-integration\/#primaryimage","url":"https:\/\/seprays.com\/wp-content\/uploads\/2025\/07\/resized_image_800x800_v3.jpg","contentUrl":"https:\/\/seprays.com\/wp-content\/uploads\/2025\/07\/resized_image_800x800_v3.jpg","width":480,"height":480,"caption":"GAM336AT PCB line"},{"@type":"BreadcrumbList","@id":"https:\/\/seprays.com\/product\/gam336at-automated-pcb-production-line-with-loading-machine-and-agv-integration\/#breadcrumb","itemListElement":[{"@type":"ListItem","position":1,"name":"\u9996\u9875","item":"https:\/\/seprays.com\/"},{"@type":"ListItem","position":2,"name":"\u5546\u5e97","item":"https:\/\/seprays.com\/shop\/"},{"@type":"ListItem","position":3,"name":"GAM336AT Automated PCB Production Line with Loading Machine and AGV Integration"}]},{"@type":"WebSite","@id":"https:\/\/seprays.com\/#website","url":"https:\/\/seprays.com\/","name":"Seprays : PCBA Router Depaneling,PCB\/FPC Laser Depaneling,V-Groove Saw Depaneling","description":"","publisher":{"@id":"https:\/\/seprays.com\/#organization"},"potentialAction":[{"@type":"SearchAction","target":{"@type":"EntryPoint","urlTemplate":"https:\/\/seprays.com\/?s={search_term_string}"},"query-input":{"@type":"PropertyValueSpecification","valueRequired":true,"valueName":"search_term_string"}}],"inLanguage":"es"},{"@type":"Organization","@id":"https:\/\/seprays.com\/#organization","name":"Seprays : PCBA Router Depaneling,PCB\/FPC Laser Depaneling,V-Groove Saw Depaneling","url":"https:\/\/seprays.com\/","logo":{"@type":"ImageObject","inLanguage":"es","@id":"https:\/\/seprays.com\/#\/schema\/logo\/image\/","url":"https:\/\/seprays.com\/wp-content\/uploads\/2025\/04\/seprays\uff08\u5e26\u63cf\u8fb9\uff09.png","contentUrl":"https:\/\/seprays.com\/wp-content\/uploads\/2025\/04\/seprays\uff08\u5e26\u63cf\u8fb9\uff09.png","width":350,"height":100,"caption":"Seprays : PCBA Router Depaneling,PCB\/FPC Laser Depaneling,V-Groove Saw Depaneling"},"image":{"@id":"https:\/\/seprays.com\/#\/schema\/logo\/image\/"}}]}},"_links":{"self":[{"href":"https:\/\/seprays.com\/es\/wp-json\/wp\/v2\/product\/1761","targetHints":{"allow":["GET"]}}],"collection":[{"href":"https:\/\/seprays.com\/es\/wp-json\/wp\/v2\/product"}],"about":[{"href":"https:\/\/seprays.com\/es\/wp-json\/wp\/v2\/types\/product"}],"replies":[{"embeddable":true,"href":"https:\/\/seprays.com\/es\/wp-json\/wp\/v2\/comments?post=1761"}],"wp:featuredmedia":[{"embeddable":true,"href":"https:\/\/seprays.com\/es\/wp-json\/wp\/v2\/media\/1762"}],"wp:attachment":[{"href":"https:\/\/seprays.com\/es\/wp-json\/wp\/v2\/media?parent=1761"}],"wp:term":[{"taxonomy":"product_brand","embeddable":true,"href":"https:\/\/seprays.com\/es\/wp-json\/wp\/v2\/product_brand?post=1761"},{"taxonomy":"product_cat","embeddable":true,"href":"https:\/\/seprays.com\/es\/wp-json\/wp\/v2\/product_cat?post=1761"},{"taxonomy":"product_tag","embeddable":true,"href":"https:\/\/seprays.com\/es\/wp-json\/wp\/v2\/product_tag?post=1761"}],"curies":[{"name":"wp","href":"https:\/\/api.w.org\/{rel}","templated":true}]}}