{"id":1777,"date":"2025-08-01T03:19:17","date_gmt":"2025-08-01T03:19:17","guid":{"rendered":"https:\/\/seprays.com\/?post_type=product&#038;p=1777"},"modified":"2025-08-21T08:12:49","modified_gmt":"2025-08-21T08:12:49","slug":"gam380at-large-format-pcb-handling-system-with-board-loader-and-oversized-plate-placement","status":"publish","type":"product","link":"https:\/\/seprays.com\/es\/producto\/gam380at-large-format-pcb-handling-system-with-board-loader-and-oversized-plate-placement\/","title":{"rendered":"GAM380AT de Gran Formato PCB Sistema de gesti\u00f3n de la Junta Cargador y el gran tama\u00f1o de la Placa de Colocaci\u00f3n"},"content":{"rendered":"<p data-start=\"262\" data-end=\"698\">El <strong data-start=\"266\" data-end=\"359\">GAM380AT de Gran Formato PCB Sistema de gesti\u00f3n de la Junta Cargador y el gran tama\u00f1o de la Placa de Colocaci\u00f3n<\/strong> es una de alta eficiencia, de servicio pesado soluci\u00f3n dise\u00f1ada para el procesamiento de grandes placas de circuito impreso en smart entornos de fabricaci\u00f3n. Para entregar la escalabilidad y precisi\u00f3n, este sistema combina un alto rendimiento de la junta de carga de la m\u00e1quina, el poderoso GAM380AT PCB de la unidad de manejo, y un dise\u00f1o especial de la placa de la colocaci\u00f3n de la m\u00e1quina para el gran tama\u00f1o de las tablas.<\/p>\n<p data-start=\"700\" data-end=\"981\">El GAM380AT est\u00e1 construido para dar cabida a gran formato PCB paneles sin comprometer la velocidad o precisi\u00f3n. Si est\u00e1s trabajando con pantallas LED, m\u00f3dulos de potencia, u otros a gran escala de componentes, esta m\u00e1quina garantiza un funcionamiento suave, estable y altamente precisa el manejo de todo el flujo de trabajo.<\/p>\n<p data-start=\"983\" data-end=\"1197\">La junta de carga de la m\u00e1quina permite de forma continua y autom\u00e1tica de la alimentaci\u00f3n, eliminando el trabajo manual y mejorar el rendimiento. Para garantizar un sistema totalmente automatizado y racionalizar el flujo de trabajo, se integra a la perfecci\u00f3n con el GAM380AT, mejorando la eficiencia de la producci\u00f3n.<\/p>\n<p data-start=\"1199\" data-end=\"1439\">La extra-grande de PCB de la placa de la colocaci\u00f3n de la m\u00e1quina proporciona precisi\u00f3n de posicionamiento y soporte para los foros de no convencionales tama\u00f1os. Su robusta estructura y sensores inteligentes garantizar la precisi\u00f3n de la colocaci\u00f3n, ayudando a reducir los errores en la producci\u00f3n y maximizar el rendimiento.<\/p>\n<p data-start=\"1441\" data-end=\"1788\">El <strong data-start=\"1445\" data-end=\"1538\">GAM380AT de Gran Formato PCB Sistema de gesti\u00f3n de la Junta Cargador y el gran tama\u00f1o de la Placa de Colocaci\u00f3n<\/strong> es ideal para los fabricantes de manejo de alta mezcla o de alto volumen de gran formato de las tablas. Con su inteligente integraci\u00f3n, la duraci\u00f3n de sus componentes y la automatizaci\u00f3n, dise\u00f1o f\u00e1cil de utilizar, este sistema ofrece tanto la productividad y la flexibilidad en la demanda de producci\u00f3n.<\/p>\n<p data-start=\"1441\" data-end=\"1788\"><img fetchpriority=\"high\" decoding=\"async\" class=\"alignnone wp-image-1779\" src=\"https:\/\/seprays.com\/wp-content\/uploads\/2025\/08\/\u4e0a\u677f\u673aGAM380AT\u8d85\u5927\u5c3a\u5bf8PCB\u6446\u76d8\u673a.jpg\" alt=\"large-format PCB\" width=\"480\" height=\"371\" srcset=\"https:\/\/seprays.com\/wp-content\/uploads\/2025\/08\/\u4e0a\u677f\u673aGAM380AT\u8d85\u5927\u5c3a\u5bf8PCB\u6446\u76d8\u673a.jpg 800w, https:\/\/seprays.com\/wp-content\/uploads\/2025\/08\/\u4e0a\u677f\u673aGAM380AT\u8d85\u5927\u5c3a\u5bf8PCB\u6446\u76d8\u673a-480x371.jpg 480w, https:\/\/seprays.com\/wp-content\/uploads\/2025\/08\/\u4e0a\u677f\u673aGAM380AT\u8d85\u5927\u5c3a\u5bf8PCB\u6446\u76d8\u673a-300x232.jpg 300w, https:\/\/seprays.com\/wp-content\/uploads\/2025\/08\/\u4e0a\u677f\u673aGAM380AT\u8d85\u5927\u5c3a\u5bf8PCB\u6446\u76d8\u673a-768x593.jpg 768w, https:\/\/seprays.com\/wp-content\/uploads\/2025\/08\/\u4e0a\u677f\u673aGAM380AT\u8d85\u5927\u5c3a\u5bf8PCB\u6446\u76d8\u673a-16x12.jpg 16w\" sizes=\"(max-width: 480px) 100vw, 480px\" \/><\/p>\n<p data-start=\"1790\" data-end=\"1941\" data-is-last-node=\"\" data-is-only-node=\"\">\ud83d\udca1 Buscando automatizar el manejo de su gran tama\u00f1o Pcb? Cont\u00e1ctenos hoy mismo y descubra c\u00f3mo se puede construir un sistema personalizado que satisfaga sus necesidades espec\u00edficas!<\/p>","protected":false},"excerpt":{"rendered":"<p>El GAM380AT de Gran Formato PCB Sistema de gesti\u00f3n est\u00e1 dise\u00f1ado para tablas de gran tama\u00f1o, con una alta capacidad de la junta del cargador y de la precisi\u00f3n de la colocaci\u00f3n de la placa de la unidad. Dise\u00f1ado para la estabilidad y precisi\u00f3n, se agiliza en gran escala la producci\u00f3n de PCB, mientras que la reducci\u00f3n de errores y la mejora de la eficiencia en general.<\/p>","protected":false},"featured_media":2223,"comment_status":"open","ping_status":"closed","template":"","meta":[],"product_brand":[],"product_cat":[115],"product_tag":[124],"class_list":{"0":"post-1777","1":"product","2":"type-product","3":"status-publish","4":"has-post-thumbnail","6":"product_cat-pcb-stacker-and-unloader","7":"product_tag-large-format-pcb","9":"first","10":"instock","11":"shipping-taxable","12":"product-type-simple"},"yoast_head":"<!-- This site is optimized with the Yoast SEO plugin v25.7 - https:\/\/yoast.com\/wordpress\/plugins\/seo\/ -->\n<title>Powerful GAM380AT Large-format PCB Handling System<\/title>\n<meta name=\"description\" content=\"GAM380AT delivers powerful, large-format PCB handling with board loader and plate placement for efficient, automated production lines.\" \/>\n<meta name=\"robots\" content=\"index, follow, max-snippet:-1, max-image-preview:large, max-video-preview:-1\" \/>\n<link rel=\"canonical\" href=\"https:\/\/seprays.com\/es\/producto\/gam380at-large-format-pcb-handling-system-with-board-loader-and-oversized-plate-placement\/\" \/>\n<meta property=\"og:locale\" content=\"es_ES\" \/>\n<meta property=\"og:type\" content=\"article\" \/>\n<meta property=\"og:title\" content=\"Powerful GAM380AT Large-format PCB Handling System\" \/>\n<meta property=\"og:description\" content=\"GAM380AT delivers powerful, large-format PCB handling with board loader and plate placement for efficient, automated production lines.\" \/>\n<meta property=\"og:url\" content=\"https:\/\/seprays.com\/es\/producto\/gam380at-large-format-pcb-handling-system-with-board-loader-and-oversized-plate-placement\/\" \/>\n<meta property=\"og:site_name\" content=\"Seprays\" \/>\n<meta property=\"article:modified_time\" content=\"2025-08-21T08:12:49+00:00\" \/>\n<meta property=\"og:image\" content=\"https:\/\/seprays.com\/wp-content\/uploads\/2025\/08\/GAM380AT-Large-Format-PCB-Handling-System.jpg\" \/>\n\t<meta property=\"og:image:width\" content=\"480\" \/>\n\t<meta property=\"og:image:height\" content=\"480\" \/>\n\t<meta property=\"og:image:type\" content=\"image\/jpeg\" \/>\n<meta name=\"twitter:card\" content=\"summary_large_image\" \/>\n<meta name=\"twitter:label1\" content=\"Tiempo de lectura\" \/>\n\t<meta name=\"twitter:data1\" content=\"2 minutos\" \/>\n<script type=\"application\/ld+json\" class=\"yoast-schema-graph\">{\"@context\":\"https:\/\/schema.org\",\"@graph\":[{\"@type\":\"WebPage\",\"@id\":\"https:\/\/seprays.com\/product\/gam380at-large-format-pcb-handling-system-with-board-loader-and-oversized-plate-placement\/\",\"url\":\"https:\/\/seprays.com\/product\/gam380at-large-format-pcb-handling-system-with-board-loader-and-oversized-plate-placement\/\",\"name\":\"Powerful GAM380AT Large-format PCB Handling System\",\"isPartOf\":{\"@id\":\"https:\/\/seprays.com\/#website\"},\"primaryImageOfPage\":{\"@id\":\"https:\/\/seprays.com\/product\/gam380at-large-format-pcb-handling-system-with-board-loader-and-oversized-plate-placement\/#primaryimage\"},\"image\":{\"@id\":\"https:\/\/seprays.com\/product\/gam380at-large-format-pcb-handling-system-with-board-loader-and-oversized-plate-placement\/#primaryimage\"},\"thumbnailUrl\":\"https:\/\/seprays.com\/wp-content\/uploads\/2025\/08\/GAM380AT-Large-Format-PCB-Handling-System.jpg\",\"datePublished\":\"2025-08-01T03:19:17+00:00\",\"dateModified\":\"2025-08-21T08:12:49+00:00\",\"description\":\"GAM380AT delivers powerful, large-format PCB handling with board loader and plate placement for efficient, automated production lines.\",\"breadcrumb\":{\"@id\":\"https:\/\/seprays.com\/product\/gam380at-large-format-pcb-handling-system-with-board-loader-and-oversized-plate-placement\/#breadcrumb\"},\"inLanguage\":\"es\",\"potentialAction\":[{\"@type\":\"ReadAction\",\"target\":[\"https:\/\/seprays.com\/product\/gam380at-large-format-pcb-handling-system-with-board-loader-and-oversized-plate-placement\/\"]}]},{\"@type\":\"ImageObject\",\"inLanguage\":\"es\",\"@id\":\"https:\/\/seprays.com\/product\/gam380at-large-format-pcb-handling-system-with-board-loader-and-oversized-plate-placement\/#primaryimage\",\"url\":\"https:\/\/seprays.com\/wp-content\/uploads\/2025\/08\/GAM380AT-Large-Format-PCB-Handling-System.jpg\",\"contentUrl\":\"https:\/\/seprays.com\/wp-content\/uploads\/2025\/08\/GAM380AT-Large-Format-PCB-Handling-System.jpg\",\"width\":480,\"height\":480},{\"@type\":\"BreadcrumbList\",\"@id\":\"https:\/\/seprays.com\/product\/gam380at-large-format-pcb-handling-system-with-board-loader-and-oversized-plate-placement\/#breadcrumb\",\"itemListElement\":[{\"@type\":\"ListItem\",\"position\":1,\"name\":\"\u9996\u9875\",\"item\":\"https:\/\/seprays.com\/\"},{\"@type\":\"ListItem\",\"position\":2,\"name\":\"\u5546\u5e97\",\"item\":\"https:\/\/seprays.com\/shop\/\"},{\"@type\":\"ListItem\",\"position\":3,\"name\":\"GAM380AT Large-Format PCB Handling System with Board Loader and Oversized Plate Placement\"}]},{\"@type\":\"WebSite\",\"@id\":\"https:\/\/seprays.com\/#website\",\"url\":\"https:\/\/seprays.com\/\",\"name\":\"Seprays : PCBA Router Depaneling,PCB\/FPC Laser Depaneling,V-Groove Saw Depaneling\",\"description\":\"\",\"publisher\":{\"@id\":\"https:\/\/seprays.com\/#organization\"},\"potentialAction\":[{\"@type\":\"SearchAction\",\"target\":{\"@type\":\"EntryPoint\",\"urlTemplate\":\"https:\/\/seprays.com\/?s={search_term_string}\"},\"query-input\":{\"@type\":\"PropertyValueSpecification\",\"valueRequired\":true,\"valueName\":\"search_term_string\"}}],\"inLanguage\":\"es\"},{\"@type\":\"Organization\",\"@id\":\"https:\/\/seprays.com\/#organization\",\"name\":\"Seprays : PCBA Router Depaneling,PCB\/FPC Laser Depaneling,V-Groove Saw Depaneling\",\"url\":\"https:\/\/seprays.com\/\",\"logo\":{\"@type\":\"ImageObject\",\"inLanguage\":\"es\",\"@id\":\"https:\/\/seprays.com\/#\/schema\/logo\/image\/\",\"url\":\"https:\/\/seprays.com\/wp-content\/uploads\/2025\/04\/seprays\uff08\u5e26\u63cf\u8fb9\uff09.png\",\"contentUrl\":\"https:\/\/seprays.com\/wp-content\/uploads\/2025\/04\/seprays\uff08\u5e26\u63cf\u8fb9\uff09.png\",\"width\":350,\"height\":100,\"caption\":\"Seprays : PCBA Router Depaneling,PCB\/FPC Laser Depaneling,V-Groove Saw Depaneling\"},\"image\":{\"@id\":\"https:\/\/seprays.com\/#\/schema\/logo\/image\/\"}}]}<\/script>\n<!-- \/ Yoast SEO plugin. -->","yoast_head_json":{"title":"Powerful GAM380AT Large-format PCB Handling System","description":"GAM380AT delivers powerful, large-format PCB handling with board loader and plate placement for efficient, automated production lines.","robots":{"index":"index","follow":"follow","max-snippet":"max-snippet:-1","max-image-preview":"max-image-preview:large","max-video-preview":"max-video-preview:-1"},"canonical":"https:\/\/seprays.com\/es\/producto\/gam380at-large-format-pcb-handling-system-with-board-loader-and-oversized-plate-placement\/","og_locale":"es_ES","og_type":"article","og_title":"Powerful GAM380AT Large-format PCB Handling System","og_description":"GAM380AT delivers powerful, large-format PCB handling with board loader and plate placement for efficient, automated production lines.","og_url":"https:\/\/seprays.com\/es\/producto\/gam380at-large-format-pcb-handling-system-with-board-loader-and-oversized-plate-placement\/","og_site_name":"Seprays","article_modified_time":"2025-08-21T08:12:49+00:00","og_image":[{"width":480,"height":480,"url":"https:\/\/seprays.com\/wp-content\/uploads\/2025\/08\/GAM380AT-Large-Format-PCB-Handling-System.jpg","type":"image\/jpeg"}],"twitter_card":"summary_large_image","twitter_misc":{"Tiempo de lectura":"2 minutos"},"schema":{"@context":"https:\/\/schema.org","@graph":[{"@type":"WebPage","@id":"https:\/\/seprays.com\/product\/gam380at-large-format-pcb-handling-system-with-board-loader-and-oversized-plate-placement\/","url":"https:\/\/seprays.com\/product\/gam380at-large-format-pcb-handling-system-with-board-loader-and-oversized-plate-placement\/","name":"Powerful GAM380AT Large-format PCB Handling System","isPartOf":{"@id":"https:\/\/seprays.com\/#website"},"primaryImageOfPage":{"@id":"https:\/\/seprays.com\/product\/gam380at-large-format-pcb-handling-system-with-board-loader-and-oversized-plate-placement\/#primaryimage"},"image":{"@id":"https:\/\/seprays.com\/product\/gam380at-large-format-pcb-handling-system-with-board-loader-and-oversized-plate-placement\/#primaryimage"},"thumbnailUrl":"https:\/\/seprays.com\/wp-content\/uploads\/2025\/08\/GAM380AT-Large-Format-PCB-Handling-System.jpg","datePublished":"2025-08-01T03:19:17+00:00","dateModified":"2025-08-21T08:12:49+00:00","description":"GAM380AT delivers powerful, large-format PCB handling with board loader and plate placement for efficient, automated production lines.","breadcrumb":{"@id":"https:\/\/seprays.com\/product\/gam380at-large-format-pcb-handling-system-with-board-loader-and-oversized-plate-placement\/#breadcrumb"},"inLanguage":"es","potentialAction":[{"@type":"ReadAction","target":["https:\/\/seprays.com\/product\/gam380at-large-format-pcb-handling-system-with-board-loader-and-oversized-plate-placement\/"]}]},{"@type":"ImageObject","inLanguage":"es","@id":"https:\/\/seprays.com\/product\/gam380at-large-format-pcb-handling-system-with-board-loader-and-oversized-plate-placement\/#primaryimage","url":"https:\/\/seprays.com\/wp-content\/uploads\/2025\/08\/GAM380AT-Large-Format-PCB-Handling-System.jpg","contentUrl":"https:\/\/seprays.com\/wp-content\/uploads\/2025\/08\/GAM380AT-Large-Format-PCB-Handling-System.jpg","width":480,"height":480},{"@type":"BreadcrumbList","@id":"https:\/\/seprays.com\/product\/gam380at-large-format-pcb-handling-system-with-board-loader-and-oversized-plate-placement\/#breadcrumb","itemListElement":[{"@type":"ListItem","position":1,"name":"\u9996\u9875","item":"https:\/\/seprays.com\/"},{"@type":"ListItem","position":2,"name":"\u5546\u5e97","item":"https:\/\/seprays.com\/shop\/"},{"@type":"ListItem","position":3,"name":"GAM380AT Large-Format PCB Handling System with Board Loader and Oversized Plate Placement"}]},{"@type":"WebSite","@id":"https:\/\/seprays.com\/#website","url":"https:\/\/seprays.com\/","name":"Seprays : PCBA Router Depaneling,PCB\/FPC Laser Depaneling,V-Groove Saw Depaneling","description":"","publisher":{"@id":"https:\/\/seprays.com\/#organization"},"potentialAction":[{"@type":"SearchAction","target":{"@type":"EntryPoint","urlTemplate":"https:\/\/seprays.com\/?s={search_term_string}"},"query-input":{"@type":"PropertyValueSpecification","valueRequired":true,"valueName":"search_term_string"}}],"inLanguage":"es"},{"@type":"Organization","@id":"https:\/\/seprays.com\/#organization","name":"Seprays : PCBA Router Depaneling,PCB\/FPC Laser Depaneling,V-Groove Saw Depaneling","url":"https:\/\/seprays.com\/","logo":{"@type":"ImageObject","inLanguage":"es","@id":"https:\/\/seprays.com\/#\/schema\/logo\/image\/","url":"https:\/\/seprays.com\/wp-content\/uploads\/2025\/04\/seprays\uff08\u5e26\u63cf\u8fb9\uff09.png","contentUrl":"https:\/\/seprays.com\/wp-content\/uploads\/2025\/04\/seprays\uff08\u5e26\u63cf\u8fb9\uff09.png","width":350,"height":100,"caption":"Seprays : PCBA Router Depaneling,PCB\/FPC Laser Depaneling,V-Groove Saw Depaneling"},"image":{"@id":"https:\/\/seprays.com\/#\/schema\/logo\/image\/"}}]}},"_links":{"self":[{"href":"https:\/\/seprays.com\/es\/wp-json\/wp\/v2\/product\/1777","targetHints":{"allow":["GET"]}}],"collection":[{"href":"https:\/\/seprays.com\/es\/wp-json\/wp\/v2\/product"}],"about":[{"href":"https:\/\/seprays.com\/es\/wp-json\/wp\/v2\/types\/product"}],"replies":[{"embeddable":true,"href":"https:\/\/seprays.com\/es\/wp-json\/wp\/v2\/comments?post=1777"}],"wp:featuredmedia":[{"embeddable":true,"href":"https:\/\/seprays.com\/es\/wp-json\/wp\/v2\/media\/2223"}],"wp:attachment":[{"href":"https:\/\/seprays.com\/es\/wp-json\/wp\/v2\/media?parent=1777"}],"wp:term":[{"taxonomy":"product_brand","embeddable":true,"href":"https:\/\/seprays.com\/es\/wp-json\/wp\/v2\/product_brand?post=1777"},{"taxonomy":"product_cat","embeddable":true,"href":"https:\/\/seprays.com\/es\/wp-json\/wp\/v2\/product_cat?post=1777"},{"taxonomy":"product_tag","embeddable":true,"href":"https:\/\/seprays.com\/es\/wp-json\/wp\/v2\/product_tag?post=1777"}],"curies":[{"name":"wp","href":"https:\/\/api.w.org\/{rel}","templated":true}]}}