{"id":878,"date":"2025-04-17T09:33:21","date_gmt":"2025-04-17T09:33:21","guid":{"rendered":"https:\/\/seprays.com\/?post_type=product&#038;p=878"},"modified":"2025-12-23T08:33:30","modified_gmt":"2025-12-23T08:33:30","slug":"gam-630v-automatic-sorting-and-palletizing-machine","status":"publish","type":"product","link":"https:\/\/seprays.com\/es\/producto\/gam-630v-automatic-sorting-and-palletizing-machine\/","title":{"rendered":"GAM630V Automatic Sorting and Palletizing Machine"},"content":{"rendered":"<table style=\"border-collapse: collapse; width: 100%;\">\n<tbody>\n<tr class=\"firstRow\" style=\"height: 23px;\">\n<th style=\"height: 23px; width: 32.281%; text-align: center;\" align=\"left\" valign=\"middle\">Modelo<\/th>\n<th style=\"height: 23px; width: 67.5612%; text-align: center;\">GAM630V<\/th>\n<\/tr>\n<tr style=\"height: 23px;\">\n<td style=\"height: 23px; width: 32.281%; text-align: center;\" align=\"left\" valign=\"middle\">Tama\u00f1o de la bandeja<\/td>\n<td style=\"height: 23px; width: 67.5612%; text-align: center;\">200*250~350*350 mm<\/td>\n<\/tr>\n<tr style=\"height: 23px;\">\n<td style=\"height: 23px; width: 32.281%; text-align: center;\" align=\"left\" valign=\"middle\">Altura de la pista<\/td>\n<td style=\"height: 23px; width: 67.5612%; text-align: center;\">910mm<\/td>\n<\/tr>\n<tr style=\"height: 23px;\">\n<td style=\"height: 23px; width: 32.281%; text-align: center;\" align=\"left\" valign=\"middle\">Bandeja de apilamiento en altura<\/td>\n<td style=\"height: 23px; width: 67.5612%; text-align: center;\">450mm<\/td>\n<\/tr>\n<tr style=\"height: 23px;\">\n<td style=\"height: 23px; width: 32.281%; text-align: center;\" align=\"left\" valign=\"middle\">La direcci\u00f3n del movimiento<\/td>\n<td style=\"height: 23px; width: 67.5612%; text-align: center;\">De izquierda a derecha o de derecha a izquierda<\/td>\n<\/tr>\n<tr style=\"height: 23px;\">\n<td style=\"height: 23px; width: 32.281%; text-align: center;\" align=\"left\" valign=\"middle\">Precision of placing the plate<\/td>\n<td style=\"height: 23px; width: 67.5612%; text-align: center;\">De \u00b10,2 mm<\/td>\n<\/tr>\n<tr style=\"height: 23px;\">\n<td style=\"height: 23px; width: 32.281%; text-align: center;\" align=\"left\" valign=\"middle\">El tipo de vac\u00edo<\/td>\n<td style=\"height: 23px; width: 67.5612%; text-align: center;\">Tipo Standard(est\u00e1ndar), 2+2 motor ventosa de vac\u00edo, 2+2 cilindro de aire ventosa de vac\u00edo<\/td>\n<\/tr>\n<tr style=\"height: 23px;\">\n<td style=\"height: 23px; width: 32.281%; text-align: center;\" align=\"left\" valign=\"middle\">Eje XYZ en el modo de conducci\u00f3n<\/td>\n<td style=\"height: 23px; width: 67.5612%; text-align: center;\">El motor Servo<\/td>\n<\/tr>\n<tr style=\"height: 23px;\">\n<td style=\"height: 23px; width: 32.281%; text-align: center;\" align=\"left\" valign=\"middle\">Ajustar el ancho de v\u00eda<\/td>\n<td style=\"height: 23px; width: 67.5612%; text-align: center;\">Por el manual<\/td>\n<\/tr>\n<tr style=\"height: 23px;\">\n<td style=\"height: 23px; width: 32.281%; text-align: center;\" align=\"left\" valign=\"middle\">PCB funci\u00f3n de lectura de c\u00f3digos de barras<\/td>\n<td style=\"height: 23px; width: 67.5612%; text-align: center;\">Opci\u00f3n<\/td>\n<\/tr>\n<tr style=\"height: 23px;\">\n<td style=\"height: 23px; width: 32.281%; text-align: center;\" align=\"left\" valign=\"middle\">Pick and place de la funci\u00f3n(opci\u00f3n)<\/td>\n<td style=\"height: 23px; width: 67.5612%; text-align: center;\">Available to pick 2 different boards, then place them on trays separately<\/td>\n<\/tr>\n<tr style=\"height: 95px;\">\n<td style=\"height: 95px; width: 32.281%; text-align: center;\" align=\"left\" valign=\"middle\">Tablero del PWB de la calidad de la detecci\u00f3n(opci\u00f3n)<\/td>\n<td style=\"height: 95px; width: 67.5612%; text-align: center;\">Resolution: 2448*2048 pixels<br \/>\nCCD: 5 megapixel FOV 60*50mm<br \/>\nDetecting precision: \u00b10.04mm<br \/>\nDetecting speed:\uff1c500ms\/fov<\/td>\n<\/tr>\n<tr style=\"height: 23px;\">\n<td style=\"height: 23px; width: 32.281%; text-align: center;\" align=\"left\" valign=\"middle\">La conexi\u00f3n de los equipos de trabajo<\/td>\n<td style=\"height: 23px; width: 67.5612%; text-align: center;\">En la l\u00ednea de la m\u00e1quina fresadora de PCB\/AGV<\/td>\n<\/tr>\n<tr style=\"height: 23px;\">\n<td style=\"height: 23px; width: 32.281%; text-align: center;\" align=\"left\" valign=\"middle\">Voltaje\/Potencia requerida<\/td>\n<td style=\"height: 23px; width: 67.5612%; text-align: center;\">AC220V 50\/60Hz 2 KW monof\u00e1sico<\/td>\n<\/tr>\n<tr style=\"height: 23px;\">\n<td style=\"height: 23px; width: 32.281%; text-align: center;\" align=\"left\" valign=\"middle\">Presi\u00f3n neum\u00e1tica requisito<\/td>\n<td style=\"height: 23px; width: 67.5612%; text-align: center;\">0.5-0.6 MPa, 40L\/min<\/td>\n<\/tr>\n<tr style=\"height: 23px;\">\n<td style=\"height: 23px; width: 32.281%; text-align: center;\" align=\"left\" valign=\"middle\">Dimensiones(W*D*H)<\/td>\n<td style=\"height: 23px; width: 67.5612%; text-align: center;\">2197*1873*1824mm<\/td>\n<\/tr>\n<tr style=\"height: 23px;\">\n<td style=\"height: 23px; width: 32.281%; text-align: center;\" align=\"left\" valign=\"middle\">Peso<\/td>\n<td style=\"height: 23px; width: 67.5612%; text-align: center;\">1200kg<\/td>\n<\/tr>\n<\/tbody>\n<\/table>\n<p data-start=\"302\" data-end=\"581\">El <strong data-start=\"306\" data-end=\"360\">GAM630V Automatic Sorting and Palletizing Machine<\/strong> is designed to handle both small-sized PCB palletizing and large board transfers for downstream processing. This dual-function capability ensures greater flexibility and productivity in modern manufacturing environments.<\/p>\n<p data-start=\"583\" data-end=\"951\">For small boards, it uses a precise clamping system with closed-loop control to ensure secure and stable handling. Large plates are managed with a high-powered vacuum suction system and independently controlled pathways. A tray box secondary positioning feature further enhances placement accuracy, while the 180\u00b0 flip function for small boards boosts line efficiency.<\/p>\n<p data-start=\"953\" data-end=\"1212\">The software is independently developed, allowing fast upgrades and flexible maintenance. Whether you need custom configurations or fully automated solutions, the <strong data-start=\"1116\" data-end=\"1170\">GAM630V Automatic Sorting and Palletizing Machine<\/strong> adapts to your specific production needs.<\/p>\n<p data-start=\"1214\" data-end=\"1346\" data-is-last-node=\"\" data-is-only-node=\"\">\ud83c\udf0d Trusted by top 500 global companies\u2014send us a message with your product photo, and we\u2019ll match you with the right solution today!<\/p>\n<p data-start=\"1214\" data-end=\"1346\" data-is-last-node=\"\" data-is-only-node=\"\"><img decoding=\"async\" class=\"emoji ls-is-cached lazyloaded\" role=\"img\" draggable=\"false\" src=\"https:\/\/s.w.org\/images\/core\/emoji\/16.0.1\/svg\/1f4e9.svg\" alt=\"\ud83d\udce9\" data-src=\"https:\/\/s.w.org\/images\/core\/emoji\/16.0.1\/svg\/1f4e9.svg\" \/>\u00a0Contact us now and discover why over 3,000 leading companies trust SEPRAYS for their PCB depaneling needs.<\/p>","protected":false},"excerpt":{"rendered":"<p>Can produce two kinds of products: small-sized board palletizing, and large plates for the next process.<\/p>\n<p>Small size board clamping force,closed-loop control, large plate vacuum suction, and independent control.<\/p>\n<p>Bandeja de cuadro secundario de la funci\u00f3n de colocaci\u00f3n.<\/p>\n<p>Los peque\u00f1os de la junta de 180\u00b0 funci\u00f3n flip.<\/p>\n<p>Software independent development, upgrade, and maintenance.<\/p>\n<p>Proporcionar soluciones adecuadas de acuerdo a las necesidades del cliente.<\/p>\n<p><strong>No busque m\u00e1s! Las mismas m\u00e1quinas utilizadas por los mejores del mundo 500companies<\/strong><\/p>\n<p>Send us a direct message now. Just send us a picture of your product, and we&#8217;ll be able to recommend the right product for you right away.<\/p>","protected":false},"featured_media":879,"comment_status":"open","ping_status":"closed","template":"","meta":[],"product_brand":[],"product_cat":[25,21],"product_tag":[258],"class_list":{"0":"post-878","1":"product","2":"type-product","3":"status-publish","4":"has-post-thumbnail","6":"product_cat-automatic-equipment","7":"product_cat-pcb-router-machine","8":"product_tag-gam630v-automatic-sorting-machine","10":"first","11":"instock","12":"shipping-taxable","13":"product-type-simple"},"yoast_head":"<!-- This site is optimized with the Yoast SEO plugin v27.4 - https:\/\/yoast.com\/product\/yoast-seo-wordpress\/ -->\n<title>GAM630V Automatic Sorting Machine: Boost Efficiency Fast<\/title>\n<meta name=\"description\" content=\"GAM630V Automatic Sorting and Palletizing Machine delivers powerful, reliable performance to dramatically boost your industrial efficiency.\" \/>\n<meta name=\"robots\" content=\"index, follow, max-snippet:-1, max-image-preview:large, max-video-preview:-1\" \/>\n<link rel=\"canonical\" href=\"https:\/\/seprays.com\/es\/producto\/gam-630v-automatic-sorting-and-palletizing-machine\/\" \/>\n<meta property=\"og:locale\" content=\"es_ES\" \/>\n<meta property=\"og:type\" content=\"article\" \/>\n<meta property=\"og:title\" content=\"GAM630V Automatic Sorting Machine: Boost Efficiency Fast\" \/>\n<meta property=\"og:description\" content=\"GAM630V Automatic Sorting and Palletizing Machine delivers powerful, reliable performance to dramatically boost your industrial efficiency.\" \/>\n<meta property=\"og:url\" content=\"https:\/\/seprays.com\/es\/producto\/gam-630v-automatic-sorting-and-palletizing-machine\/\" \/>\n<meta property=\"og:site_name\" content=\"Seprays\" \/>\n<meta property=\"article:modified_time\" content=\"2025-12-23T08:33:30+00:00\" \/>\n<meta property=\"og:image\" content=\"https:\/\/seprays.com\/wp-content\/uploads\/2025\/04\/12-2.jpg\" \/>\n\t<meta property=\"og:image:width\" content=\"480\" \/>\n\t<meta property=\"og:image:height\" content=\"480\" \/>\n\t<meta property=\"og:image:type\" content=\"image\/jpeg\" \/>\n<meta name=\"twitter:card\" content=\"summary_large_image\" \/>\n<meta name=\"twitter:label1\" content=\"Tiempo de lectura\" \/>\n\t<meta name=\"twitter:data1\" content=\"2 minutos\" \/>\n<script type=\"application\/ld+json\" class=\"yoast-schema-graph\">{\"@context\":\"https:\\\/\\\/schema.org\",\"@graph\":[{\"@type\":\"WebPage\",\"@id\":\"https:\\\/\\\/seprays.com\\\/product\\\/gam-630v-automatic-sorting-and-palletizing-machine\\\/\",\"url\":\"https:\\\/\\\/seprays.com\\\/product\\\/gam-630v-automatic-sorting-and-palletizing-machine\\\/\",\"name\":\"GAM630V Automatic Sorting Machine: Boost Efficiency Fast\",\"isPartOf\":{\"@id\":\"https:\\\/\\\/seprays.com\\\/#website\"},\"primaryImageOfPage\":{\"@id\":\"https:\\\/\\\/seprays.com\\\/product\\\/gam-630v-automatic-sorting-and-palletizing-machine\\\/#primaryimage\"},\"image\":{\"@id\":\"https:\\\/\\\/seprays.com\\\/product\\\/gam-630v-automatic-sorting-and-palletizing-machine\\\/#primaryimage\"},\"thumbnailUrl\":\"https:\\\/\\\/seprays.com\\\/wp-content\\\/uploads\\\/2025\\\/04\\\/12-2.jpg\",\"datePublished\":\"2025-04-17T09:33:21+00:00\",\"dateModified\":\"2025-12-23T08:33:30+00:00\",\"description\":\"GAM630V Automatic Sorting and Palletizing Machine delivers powerful, reliable performance to dramatically boost your industrial efficiency.\",\"breadcrumb\":{\"@id\":\"https:\\\/\\\/seprays.com\\\/product\\\/gam-630v-automatic-sorting-and-palletizing-machine\\\/#breadcrumb\"},\"inLanguage\":\"es\",\"potentialAction\":[{\"@type\":\"ReadAction\",\"target\":[\"https:\\\/\\\/seprays.com\\\/product\\\/gam-630v-automatic-sorting-and-palletizing-machine\\\/\"]}]},{\"@type\":\"ImageObject\",\"inLanguage\":\"es\",\"@id\":\"https:\\\/\\\/seprays.com\\\/product\\\/gam-630v-automatic-sorting-and-palletizing-machine\\\/#primaryimage\",\"url\":\"https:\\\/\\\/seprays.com\\\/wp-content\\\/uploads\\\/2025\\\/04\\\/12-2.jpg\",\"contentUrl\":\"https:\\\/\\\/seprays.com\\\/wp-content\\\/uploads\\\/2025\\\/04\\\/12-2.jpg\",\"width\":480,\"height\":480,\"caption\":\"GAM630V automatic sorting machine\"},{\"@type\":\"BreadcrumbList\",\"@id\":\"https:\\\/\\\/seprays.com\\\/product\\\/gam-630v-automatic-sorting-and-palletizing-machine\\\/#breadcrumb\",\"itemListElement\":[{\"@type\":\"ListItem\",\"position\":1,\"name\":\"\u9996\u9875\",\"item\":\"https:\\\/\\\/seprays.com\\\/\"},{\"@type\":\"ListItem\",\"position\":2,\"name\":\"\u5546\u5e97\",\"item\":\"https:\\\/\\\/seprays.com\\\/shop\\\/\"},{\"@type\":\"ListItem\",\"position\":3,\"name\":\"GAM630V Automatic Sorting and Palletizing Machine\"}]},{\"@type\":\"WebSite\",\"@id\":\"https:\\\/\\\/seprays.com\\\/#website\",\"url\":\"https:\\\/\\\/seprays.com\\\/\",\"name\":\"Seprays : PCBA Router Depaneling,PCB\\\/FPC Laser Depaneling,V-Groove Saw Depaneling\",\"description\":\"\",\"publisher\":{\"@id\":\"https:\\\/\\\/seprays.com\\\/#organization\"},\"potentialAction\":[{\"@type\":\"SearchAction\",\"target\":{\"@type\":\"EntryPoint\",\"urlTemplate\":\"https:\\\/\\\/seprays.com\\\/?s={search_term_string}\"},\"query-input\":{\"@type\":\"PropertyValueSpecification\",\"valueRequired\":true,\"valueName\":\"search_term_string\"}}],\"inLanguage\":\"es\"},{\"@type\":\"Organization\",\"@id\":\"https:\\\/\\\/seprays.com\\\/#organization\",\"name\":\"Seprays : PCBA Router Depaneling,PCB\\\/FPC Laser Depaneling,V-Groove Saw Depaneling\",\"url\":\"https:\\\/\\\/seprays.com\\\/\",\"logo\":{\"@type\":\"ImageObject\",\"inLanguage\":\"es\",\"@id\":\"https:\\\/\\\/seprays.com\\\/#\\\/schema\\\/logo\\\/image\\\/\",\"url\":\"https:\\\/\\\/seprays.com\\\/wp-content\\\/uploads\\\/2025\\\/04\\\/seprays\uff08\u5e26\u63cf\u8fb9\uff09.png\",\"contentUrl\":\"https:\\\/\\\/seprays.com\\\/wp-content\\\/uploads\\\/2025\\\/04\\\/seprays\uff08\u5e26\u63cf\u8fb9\uff09.png\",\"width\":350,\"height\":100,\"caption\":\"Seprays : PCBA Router Depaneling,PCB\\\/FPC Laser Depaneling,V-Groove Saw Depaneling\"},\"image\":{\"@id\":\"https:\\\/\\\/seprays.com\\\/#\\\/schema\\\/logo\\\/image\\\/\"}}]}<\/script>\n<!-- \/ Yoast SEO plugin. -->","yoast_head_json":{"title":"GAM630V Automatic Sorting Machine: Boost Efficiency Fast","description":"GAM630V Automatic Sorting and Palletizing Machine delivers powerful, reliable performance to dramatically boost your industrial efficiency.","robots":{"index":"index","follow":"follow","max-snippet":"max-snippet:-1","max-image-preview":"max-image-preview:large","max-video-preview":"max-video-preview:-1"},"canonical":"https:\/\/seprays.com\/es\/producto\/gam-630v-automatic-sorting-and-palletizing-machine\/","og_locale":"es_ES","og_type":"article","og_title":"GAM630V Automatic Sorting Machine: Boost Efficiency Fast","og_description":"GAM630V Automatic Sorting and Palletizing Machine delivers powerful, reliable performance to dramatically boost your industrial efficiency.","og_url":"https:\/\/seprays.com\/es\/producto\/gam-630v-automatic-sorting-and-palletizing-machine\/","og_site_name":"Seprays","article_modified_time":"2025-12-23T08:33:30+00:00","og_image":[{"width":480,"height":480,"url":"https:\/\/seprays.com\/wp-content\/uploads\/2025\/04\/12-2.jpg","type":"image\/jpeg"}],"twitter_card":"summary_large_image","twitter_misc":{"Tiempo de lectura":"2 minutos"},"schema":{"@context":"https:\/\/schema.org","@graph":[{"@type":"WebPage","@id":"https:\/\/seprays.com\/product\/gam-630v-automatic-sorting-and-palletizing-machine\/","url":"https:\/\/seprays.com\/product\/gam-630v-automatic-sorting-and-palletizing-machine\/","name":"GAM630V Automatic Sorting Machine: Boost Efficiency Fast","isPartOf":{"@id":"https:\/\/seprays.com\/#website"},"primaryImageOfPage":{"@id":"https:\/\/seprays.com\/product\/gam-630v-automatic-sorting-and-palletizing-machine\/#primaryimage"},"image":{"@id":"https:\/\/seprays.com\/product\/gam-630v-automatic-sorting-and-palletizing-machine\/#primaryimage"},"thumbnailUrl":"https:\/\/seprays.com\/wp-content\/uploads\/2025\/04\/12-2.jpg","datePublished":"2025-04-17T09:33:21+00:00","dateModified":"2025-12-23T08:33:30+00:00","description":"GAM630V Automatic Sorting and Palletizing Machine delivers powerful, reliable performance to dramatically boost your industrial efficiency.","breadcrumb":{"@id":"https:\/\/seprays.com\/product\/gam-630v-automatic-sorting-and-palletizing-machine\/#breadcrumb"},"inLanguage":"es","potentialAction":[{"@type":"ReadAction","target":["https:\/\/seprays.com\/product\/gam-630v-automatic-sorting-and-palletizing-machine\/"]}]},{"@type":"ImageObject","inLanguage":"es","@id":"https:\/\/seprays.com\/product\/gam-630v-automatic-sorting-and-palletizing-machine\/#primaryimage","url":"https:\/\/seprays.com\/wp-content\/uploads\/2025\/04\/12-2.jpg","contentUrl":"https:\/\/seprays.com\/wp-content\/uploads\/2025\/04\/12-2.jpg","width":480,"height":480,"caption":"GAM630V automatic sorting machine"},{"@type":"BreadcrumbList","@id":"https:\/\/seprays.com\/product\/gam-630v-automatic-sorting-and-palletizing-machine\/#breadcrumb","itemListElement":[{"@type":"ListItem","position":1,"name":"\u9996\u9875","item":"https:\/\/seprays.com\/"},{"@type":"ListItem","position":2,"name":"\u5546\u5e97","item":"https:\/\/seprays.com\/shop\/"},{"@type":"ListItem","position":3,"name":"GAM630V Automatic Sorting and Palletizing Machine"}]},{"@type":"WebSite","@id":"https:\/\/seprays.com\/#website","url":"https:\/\/seprays.com\/","name":"Seprays : PCBA Router Depaneling,PCB\/FPC Laser Depaneling,V-Groove Saw Depaneling","description":"","publisher":{"@id":"https:\/\/seprays.com\/#organization"},"potentialAction":[{"@type":"SearchAction","target":{"@type":"EntryPoint","urlTemplate":"https:\/\/seprays.com\/?s={search_term_string}"},"query-input":{"@type":"PropertyValueSpecification","valueRequired":true,"valueName":"search_term_string"}}],"inLanguage":"es"},{"@type":"Organization","@id":"https:\/\/seprays.com\/#organization","name":"Seprays : PCBA Router Depaneling,PCB\/FPC Laser Depaneling,V-Groove Saw Depaneling","url":"https:\/\/seprays.com\/","logo":{"@type":"ImageObject","inLanguage":"es","@id":"https:\/\/seprays.com\/#\/schema\/logo\/image\/","url":"https:\/\/seprays.com\/wp-content\/uploads\/2025\/04\/seprays\uff08\u5e26\u63cf\u8fb9\uff09.png","contentUrl":"https:\/\/seprays.com\/wp-content\/uploads\/2025\/04\/seprays\uff08\u5e26\u63cf\u8fb9\uff09.png","width":350,"height":100,"caption":"Seprays : PCBA Router Depaneling,PCB\/FPC Laser Depaneling,V-Groove Saw Depaneling"},"image":{"@id":"https:\/\/seprays.com\/#\/schema\/logo\/image\/"}}]}},"_links":{"self":[{"href":"https:\/\/seprays.com\/es\/wp-json\/wp\/v2\/product\/878","targetHints":{"allow":["GET"]}}],"collection":[{"href":"https:\/\/seprays.com\/es\/wp-json\/wp\/v2\/product"}],"about":[{"href":"https:\/\/seprays.com\/es\/wp-json\/wp\/v2\/types\/product"}],"replies":[{"embeddable":true,"href":"https:\/\/seprays.com\/es\/wp-json\/wp\/v2\/comments?post=878"}],"wp:featuredmedia":[{"embeddable":true,"href":"https:\/\/seprays.com\/es\/wp-json\/wp\/v2\/media\/879"}],"wp:attachment":[{"href":"https:\/\/seprays.com\/es\/wp-json\/wp\/v2\/media?parent=878"}],"wp:term":[{"taxonomy":"product_brand","embeddable":true,"href":"https:\/\/seprays.com\/es\/wp-json\/wp\/v2\/product_brand?post=878"},{"taxonomy":"product_cat","embeddable":true,"href":"https:\/\/seprays.com\/es\/wp-json\/wp\/v2\/product_cat?post=878"},{"taxonomy":"product_tag","embeddable":true,"href":"https:\/\/seprays.com\/es\/wp-json\/wp\/v2\/product_tag?post=878"}],"curies":[{"name":"wp","href":"https:\/\/api.w.org\/{rel}","templated":true}]}}