{"id":881,"date":"2025-04-17T09:34:47","date_gmt":"2025-04-17T09:34:47","guid":{"rendered":"https:\/\/seprays.com\/?post_type=product&#038;p=881"},"modified":"2025-12-23T08:34:55","modified_gmt":"2025-12-23T08:34:55","slug":"zam320-pcb-fpc-laser-cutting-machine","status":"publish","type":"product","link":"https:\/\/seprays.com\/es\/producto\/zam320-pcb-fpc-laser-cutting-machine\/","title":{"rendered":"ZAM320 PCB\/FPC M\u00e1quina de Corte L\u00e1ser"},"content":{"rendered":"<table style=\"border-collapse: collapse; width: 100%;\">\n<tbody>\n<tr class=\"firstRow\">\n<th style=\"width: 35.438%; text-align: center;\">Modelo<\/th>\n<th style=\"width: 64.4041%; text-align: center;\">ZAM320<\/th>\n<\/tr>\n<tr>\n<td style=\"width: 35.438%; text-align: center;\">V\u00e1lido de corte tama\u00f1o<\/td>\n<td style=\"width: 64.4041%; text-align: center;\">350*350 mm<\/td>\n<\/tr>\n<tr>\n<td style=\"width: 35.438%; text-align: center;\">La funci\u00f3n de corte<\/td>\n<td style=\"width: 64.4041%; text-align: center;\">La interpolaci\u00f3n de la l\u00ednea recta, en forma de L, en forma de U, C\u00edrculo, Arco<\/td>\n<\/tr>\n<tr>\n<td style=\"width: 35.438%; text-align: center;\">Tabla de proceso<\/td>\n<td style=\"width: 64.4041%; text-align: center;\">solo<\/td>\n<\/tr>\n<tr>\n<td style=\"width: 35.438%; text-align: center;\">Precisi\u00f3n de repetici\u00f3n<\/td>\n<td style=\"width: 64.4041%; text-align: center;\">\u00b12\u00b5m<\/td>\n<\/tr>\n<tr>\n<td style=\"width: 35.438%; text-align: center;\">Precisi\u00f3n de corte<\/td>\n<td style=\"width: 64.4041%; text-align: center;\">\u00b120\u00b5m<\/td>\n<\/tr>\n<tr>\n<td style=\"width: 35.438%; text-align: center;\">Temperatura Del Ambiente<\/td>\n<td style=\"width: 64.4041%; text-align: center;\">22\u2103\u00b12\u2103(71.6\u2109\u00b12\u2109)<\/td>\n<\/tr>\n<tr>\n<td style=\"width: 35.438%; text-align: center;\">Plataforma<\/td>\n<td style=\"width: 64.4041%; text-align: center;\">mesa de granito<\/td>\n<\/tr>\n<tr>\n<td style=\"width: 35.438%; text-align: center;\">Longitud de onda del l\u00e1ser<\/td>\n<td style=\"width: 64.4041%; text-align: center;\">355nm\/532nm<\/td>\n<\/tr>\n<tr>\n<td style=\"width: 35.438%; text-align: center;\">Recibir Datos De Forma<\/td>\n<td style=\"width: 64.4041%; text-align: center;\">Gerber, HPGL, Sieb &amp; Meier, Excellon, ODB++<\/td>\n<\/tr>\n<tr>\n<td style=\"width: 35.438%; text-align: center;\">Sistema de la operaci\u00f3n<\/td>\n<td style=\"width: 64.4041%; text-align: center;\">Windows 7 \/ Windows 10<\/td>\n<\/tr>\n<tr>\n<td style=\"width: 35.438%; text-align: center;\">Diana lee<\/td>\n<td style=\"width: 64.4041%; text-align: center;\">CCD automatic target capture. The target shape is irregular.<\/p>\n<p>No Target, DIL is required. Modules<\/td>\n<\/tr>\n<tr>\n<td style=\"width: 35.438%; text-align: center;\">Software de corte<\/td>\n<td style=\"width: 64.4041%; text-align: center;\">DreamCreaTor<\/td>\n<\/tr>\n<tr>\n<td style=\"width: 35.438%; text-align: center;\">Software de procesamiento de datos<\/td>\n<td style=\"width: 64.4041%; text-align: center;\">CircuitCAM 7<\/td>\n<\/tr>\n<tr>\n<td style=\"width: 35.438%; text-align: center;\">XYZ-eje en el modo de conducci\u00f3n<\/td>\n<td style=\"width: 64.4041%; text-align: center;\">lineal +servo motor<\/td>\n<\/tr>\n<tr>\n<td style=\"width: 35.438%; text-align: center;\">Voltaje\/Potencia requerida<\/td>\n<td style=\"width: 64.4041%; text-align: center;\">AC380V 50\/60Hz 2,5 KW trif\u00e1sico<\/td>\n<\/tr>\n<tr>\n<td style=\"width: 35.438%; text-align: center;\">Presi\u00f3n neum\u00e1tica requisito<\/td>\n<td style=\"width: 64.4041%; text-align: center;\">0.6 MPa\uff0c50L\/min<\/td>\n<\/tr>\n<tr>\n<td style=\"width: 35.438%; text-align: center;\">Dimensiones(W*D*H)<\/td>\n<td style=\"width: 64.4041%; text-align: center;\">1050 x 1600mm x 1270mm<\/td>\n<\/tr>\n<tr>\n<td style=\"width: 35.438%; text-align: center;\">Peso<\/td>\n<td style=\"width: 64.4041%; text-align: center;\">700 KG<\/td>\n<\/tr>\n<\/tbody>\n<\/table>\n<h3><strong>Introducci\u00f3n De Producto<\/strong><\/h3>\n<p>1. Adopt a stable performance picosecond laser, ultraviolet and green laser, cold light source, laser cutting heat-affected zone is less than 10\u03bcm, high-precision scanning galvanometer, high precision, and long <strong>life.;<\/strong><\/p>\n<p>2. High-precision linear motor working platform, high precision and fast speed.<\/p>\n<p>3. Optional CCD automatic positioning and automatic correction; vacuum adsorption fixed plate, no need for alternative fixtures.<\/p>\n<p>4. The processing process is automatically controlled by computer software, and the software interface provides real-time feedback to understand the processing status in real time.<\/p>\n<p>5. The minimum focusing spot can reach 10\u03bcm, which is suitable for fine cutting and drilling of any organic\/inorganic materials.<\/p>\n<p data-start=\"282\" data-end=\"580\">El <strong data-start=\"286\" data-end=\"310\">ZAM320 laser cutting<\/strong> machine from SEPRAYS is engineered for precision and efficiency in PCB and FPC depaneling. Its compact structure is ideal for space-conscious production environments, delivering high-speed and high-accuracy laser processing in a fully enclosed, safety-compliant design.<\/p>\n<p data-start=\"582\" data-end=\"878\">Equipped with a high-speed CCD vision correction system, the <strong data-start=\"643\" data-end=\"667\">ZAM320 laser cutting<\/strong> solution ensures exact cutting paths with minimal manual intervention. Supporting a variety of nanosecond and picosecond UV and green lasers, it adapts seamlessly to a wide range of materials and board layouts.<\/p>\n<p data-start=\"880\" data-end=\"1174\">From automated loading to clean and stress-free laser cutting, this all-in-one system reduces labor costs, improves quality, and fits easily into smart factory setups. Optional upgrades like MES integration, laser height sensors, and power detection enhance production traceability and control.<\/p>\n<h3><strong>Preguntas frecuentes<\/strong><\/h3>\n<p><strong>\u00bfQu\u00e9 servicios ofrecen?<\/strong><\/p>\n<p>Ofrecemos una parada automatizado del PWB depaneling soluciones: l\u00e1ser, el enrutamiento, la perforaci\u00f3n, y de V-CUT.<\/p>\n<p><strong>Puede que sus m\u00e1quinas se encargan de distintos espesores de los PCBs?\u00a0<\/strong><\/p>\n<p>S\u00ed, nuestras m\u00e1quinas est\u00e1n dise\u00f1adas para el manejo de PCB espesores. Podemos proporcionar personalizaci\u00f3n y opciones para garantizar el buen procesamiento de ambos r\u00edgido y de la flexi\u00f3n de las tablas.<\/p>\n<p><strong>\u00bfQu\u00e9 tipo de capacitaci\u00f3n se proporcionan para sus m\u00e1quinas?\u00a0<\/strong><\/p>\n<p>Tenemos un completo sistema de entrenamiento en sitio, cubriendo el funcionamiento de la m\u00e1quina, el mantenimiento y la soluci\u00f3n de problemas. Tambi\u00e9n ofrecemos apoyo t\u00e9cnico continuo a trav\u00e9s de tel\u00e9fono y correo electr\u00f3nico.<\/p>\n<h4><strong>Lo que despu\u00e9s de la venta de servicios puede proporcionar?<\/strong><\/h4>\n<p><strong>\u25cfServicio exclusivo:<\/strong><\/p>\n<p>Vamos a darle a los comentarios de los usuarios dentro de 10 minutos sobre los problemas que enfrentan al utilizar el dispositivo, y establecer un 1V1 exclusiva despu\u00e9s de la venta de grupo de servicio para los usuarios.<\/p>\n<p><strong>\u25cfServicio remoto:<\/strong><\/p>\n<p>Provide users with a7\/24-hourH hotline based on feedback on fault information, analyze, locate, and solve the fault through remote telephone support, remote login, and other methods.<\/p>\n<p><strong>\u25cfServicio en el sitio:<\/strong><\/p>\n<p>Arrive at the work site within 8 hours and solve the problem within 1 working day. 2-4 days of training on equipment safety, operation, and application. We will handle any breach of contract according to the contract provisions.<\/p>\n<p><strong>\u25cfLugares de servicio:<\/strong><\/p>\n<p>Tenemos las ventas y el servicio en 31 pa\u00edses y regiones de ultramar, de responder a los clientes actuales y futuras necesidades tan pronto como sea posible.<\/p>\n<p><strong>\u25cfServicio de referencia:<\/strong><\/p>\n<p>Llamada de seguimiento despu\u00e9s de cada visita; tutoriales de v\u00eddeo + tel\u00e9fono de orientaci\u00f3n al reemplazo de las piezas y el mantenimiento de los equipos; libre de seguimiento del mes de diciembre de cada a\u00f1o. Continuamos para recoger sugerencias de los usuarios, la actualizaci\u00f3n continua y recorrer el software, de mejorar la calidad de la producci\u00f3n y la eficiencia, y proporcionar mantenimiento de por vida.<\/p>\n<h3><strong>\u00c1reas De Aplicaci\u00f3n<\/strong><\/h3>\n<p>Industries that demand high-precision and high-efficiency board separation actively use our PCB depaneling solutions.<\/p>\n<p><strong>La clave de las \u00e1reas de aplicaci\u00f3n incluyen:<\/strong><\/p>\n<p>\u25cfElectr\u00f3nica de consumo \u2013 Smartphones, tablets, laptops, y wearables.<\/p>\n<p>\u25cfElectr\u00f3nica automotriz \u2013 Pcb para ADAS, sistemas de informaci\u00f3n y entretenimiento, y EV componentes.<\/p>\n<p>\u25cfLos Dispositivos m\u00e9dicos de Precisi\u00f3n de la electr\u00f3nica en el diagn\u00f3stico y seguimiento del equipo.<\/p>\n<p>\u25cfTelecomunicaciones de Red y hardware de comunicaci\u00f3n.<\/p>\n<p>\u25cfElectr\u00f3nica Industrial \u2013 sistemas de Control, equipos de automatizaci\u00f3n y dispositivos IoT.<\/p>\n<p>\u25cfAeroespacial y de Defensa de la Alto-confiabilidad Pcb para la avi\u00f3nica y aplicaciones militares.<\/p>\n<p><img decoding=\"async\" class=\"emoji lazyload\" role=\"img\" draggable=\"false\" data-src=\"https:\/\/s.w.org\/images\/core\/emoji\/16.0.1\/svg\/1f4e9.svg\" alt=\"\ud83d\udce9\" src=\"data:image\/svg+xml;base64,PHN2ZyB3aWR0aD0iMSIgaGVpZ2h0PSIxIiB4bWxucz0iaHR0cDovL3d3dy53My5vcmcvMjAwMC9zdmciPjwvc3ZnPg==\" \/>\u00a0Contact us now and discover why over 3,000 leading companies trust SEPRAYS for their PCB depaneling needs.<\/p>","protected":false},"excerpt":{"rendered":"<article class=\"text-token-text-primary w-full focus:outline-none scroll-mt-[calc(var(--header-height)+min(200px,max(70px,20svh)))]\" dir=\"auto\" tabindex=\"-1\" data-turn-id=\"8c4dcf45-130e-4520-bdbc-e6914816e34a\" data-testid=\"conversation-turn-2\" data-scroll-anchor=\"true\" data-turn=\"assistant\">\n<div class=\"text-base my-auto mx-auto pb-10 [--thread-content-margin:--spacing(4)] @[37rem]:[--thread-content-margin:--spacing(6)] @[72rem]:[--thread-content-margin:--spacing(16)] px-(--thread-content-margin)\">\n<div class=\"[--thread-content-max-width:32rem] @[34rem]:[--thread-content-max-width:40rem] @[64rem]:[--thread-content-max-width:48rem] mx-auto max-w-(--thread-content-max-width) flex-1 group\/turn-messages focus-visible:outline-hidden relative flex w-full min-w-0 flex-col agent-turn\" tabindex=\"-1\">\n<div class=\"flex max-w-full flex-col grow\">\n<div class=\"min-h-8 text-message relative flex w-full flex-col items-end gap-2 text-start break-words whitespace-normal [.text-message+&amp;]:mt-5\" dir=\"auto\" data-message-author-role=\"assistant\" data-message-id=\"c58c0971-76b5-4bda-8956-91fd5a9191f8\" data-message-model-slug=\"gpt-5\">\n<div class=\"flex w-full flex-col gap-1 empty:hidden first:pt-[3px]\">\n<div class=\"markdown prose dark:prose-invert w-full break-words light markdown-new-styling\">\n<p data-start=\"0\" data-end=\"595\" data-is-last-node=\"\" data-is-only-node=\"\">El <strong data-start=\"4\" data-end=\"52\">SEPRAYS ZAM320 PCB\/FPC Laser Cutting Machine<\/strong> features a compact design that saves factory space while delivering high precision and efficiency. Equipped with a high-speed CCD visual correction system, it ensures accurate cutting with minimal stress on components. Supporting multiple UV and green laser options, it offers precise thermal control and clean processing through real-time exhaust of byproducts. With full automation from feeding to discharging and an enclosed safety design meeting Chinese and EU standards, the ZAM320 is ideal for advanced, automated PCB\/FPC manufacturing.<\/p>\n<\/div>\n<\/div>\n<\/div>\n<\/div>\n<\/div>\n<\/div>\n<\/article>","protected":false},"featured_media":882,"comment_status":"open","ping_status":"closed","template":"","meta":[],"product_brand":[],"product_cat":[24],"product_tag":[77],"class_list":{"0":"post-881","1":"product","2":"type-product","3":"status-publish","4":"has-post-thumbnail","6":"product_cat-pcb-laser-depaneling","7":"product_tag-zam320-laser-cutting","9":"first","10":"instock","11":"shipping-taxable","12":"product-type-simple"},"yoast_head":"<!-- This site is optimized with the Yoast SEO plugin v25.7 - https:\/\/yoast.com\/wordpress\/plugins\/seo\/ -->\n<title>ZAM320 Laser Cutting Delivers Unmatched Precision<\/title>\n<meta name=\"description\" content=\"ZAM320 PCB\/FPC Laser Cutting Machine offers unbeatable accuracy and speed, ideal for complex board separation with minimal stress.\" \/>\n<meta name=\"robots\" content=\"index, follow, max-snippet:-1, max-image-preview:large, max-video-preview:-1\" \/>\n<link rel=\"canonical\" href=\"https:\/\/seprays.com\/es\/producto\/zam320-pcb-fpc-laser-cutting-machine\/\" \/>\n<meta property=\"og:locale\" content=\"es_ES\" \/>\n<meta property=\"og:type\" content=\"article\" \/>\n<meta property=\"og:title\" content=\"ZAM320 Laser Cutting Delivers Unmatched Precision\" \/>\n<meta property=\"og:description\" content=\"ZAM320 PCB\/FPC Laser Cutting Machine offers unbeatable accuracy and speed, ideal for complex board separation with minimal stress.\" \/>\n<meta property=\"og:url\" content=\"https:\/\/seprays.com\/es\/producto\/zam320-pcb-fpc-laser-cutting-machine\/\" \/>\n<meta property=\"og:site_name\" content=\"Seprays\" \/>\n<meta property=\"article:modified_time\" content=\"2025-12-23T08:34:55+00:00\" \/>\n<meta property=\"og:image\" content=\"https:\/\/seprays.com\/wp-content\/uploads\/2025\/04\/13-2-e1755829140545.jpg\" \/>\n\t<meta property=\"og:image:width\" content=\"480\" \/>\n\t<meta property=\"og:image:height\" content=\"480\" \/>\n\t<meta property=\"og:image:type\" content=\"image\/jpeg\" \/>\n<meta name=\"twitter:card\" content=\"summary_large_image\" \/>\n<meta name=\"twitter:label1\" content=\"Tiempo de lectura\" \/>\n\t<meta name=\"twitter:data1\" content=\"4 minutos\" \/>\n<script type=\"application\/ld+json\" class=\"yoast-schema-graph\">{\"@context\":\"https:\/\/schema.org\",\"@graph\":[{\"@type\":\"WebPage\",\"@id\":\"https:\/\/seprays.com\/product\/zam320-pcb-fpc-laser-cutting-machine\/\",\"url\":\"https:\/\/seprays.com\/product\/zam320-pcb-fpc-laser-cutting-machine\/\",\"name\":\"ZAM320 Laser Cutting Delivers Unmatched Precision\",\"isPartOf\":{\"@id\":\"https:\/\/seprays.com\/#website\"},\"primaryImageOfPage\":{\"@id\":\"https:\/\/seprays.com\/product\/zam320-pcb-fpc-laser-cutting-machine\/#primaryimage\"},\"image\":{\"@id\":\"https:\/\/seprays.com\/product\/zam320-pcb-fpc-laser-cutting-machine\/#primaryimage\"},\"thumbnailUrl\":\"https:\/\/seprays.com\/wp-content\/uploads\/2025\/04\/13-2-e1755829140545.jpg\",\"datePublished\":\"2025-04-17T09:34:47+00:00\",\"dateModified\":\"2025-12-23T08:34:55+00:00\",\"description\":\"ZAM320 PCB\/FPC Laser Cutting Machine offers unbeatable accuracy and speed, ideal for complex board separation with minimal stress.\",\"breadcrumb\":{\"@id\":\"https:\/\/seprays.com\/product\/zam320-pcb-fpc-laser-cutting-machine\/#breadcrumb\"},\"inLanguage\":\"es\",\"potentialAction\":[{\"@type\":\"ReadAction\",\"target\":[\"https:\/\/seprays.com\/product\/zam320-pcb-fpc-laser-cutting-machine\/\"]}]},{\"@type\":\"ImageObject\",\"inLanguage\":\"es\",\"@id\":\"https:\/\/seprays.com\/product\/zam320-pcb-fpc-laser-cutting-machine\/#primaryimage\",\"url\":\"https:\/\/seprays.com\/wp-content\/uploads\/2025\/04\/13-2-e1755829140545.jpg\",\"contentUrl\":\"https:\/\/seprays.com\/wp-content\/uploads\/2025\/04\/13-2-e1755829140545.jpg\",\"width\":480,\"height\":480,\"caption\":\"ZAM320 laser cutting\"},{\"@type\":\"BreadcrumbList\",\"@id\":\"https:\/\/seprays.com\/product\/zam320-pcb-fpc-laser-cutting-machine\/#breadcrumb\",\"itemListElement\":[{\"@type\":\"ListItem\",\"position\":1,\"name\":\"\u9996\u9875\",\"item\":\"https:\/\/seprays.com\/\"},{\"@type\":\"ListItem\",\"position\":2,\"name\":\"\u5546\u5e97\",\"item\":\"https:\/\/seprays.com\/shop\/\"},{\"@type\":\"ListItem\",\"position\":3,\"name\":\"ZAM320 PCB\/FPC Laser Cutting Machine\"}]},{\"@type\":\"WebSite\",\"@id\":\"https:\/\/seprays.com\/#website\",\"url\":\"https:\/\/seprays.com\/\",\"name\":\"Seprays : PCBA Router Depaneling,PCB\/FPC Laser Depaneling,V-Groove Saw Depaneling\",\"description\":\"\",\"publisher\":{\"@id\":\"https:\/\/seprays.com\/#organization\"},\"potentialAction\":[{\"@type\":\"SearchAction\",\"target\":{\"@type\":\"EntryPoint\",\"urlTemplate\":\"https:\/\/seprays.com\/?s={search_term_string}\"},\"query-input\":{\"@type\":\"PropertyValueSpecification\",\"valueRequired\":true,\"valueName\":\"search_term_string\"}}],\"inLanguage\":\"es\"},{\"@type\":\"Organization\",\"@id\":\"https:\/\/seprays.com\/#organization\",\"name\":\"Seprays : PCBA Router Depaneling,PCB\/FPC Laser Depaneling,V-Groove Saw Depaneling\",\"url\":\"https:\/\/seprays.com\/\",\"logo\":{\"@type\":\"ImageObject\",\"inLanguage\":\"es\",\"@id\":\"https:\/\/seprays.com\/#\/schema\/logo\/image\/\",\"url\":\"https:\/\/seprays.com\/wp-content\/uploads\/2025\/04\/seprays\uff08\u5e26\u63cf\u8fb9\uff09.png\",\"contentUrl\":\"https:\/\/seprays.com\/wp-content\/uploads\/2025\/04\/seprays\uff08\u5e26\u63cf\u8fb9\uff09.png\",\"width\":350,\"height\":100,\"caption\":\"Seprays : PCBA Router Depaneling,PCB\/FPC Laser Depaneling,V-Groove Saw Depaneling\"},\"image\":{\"@id\":\"https:\/\/seprays.com\/#\/schema\/logo\/image\/\"}}]}<\/script>\n<!-- \/ Yoast SEO plugin. -->","yoast_head_json":{"title":"ZAM320 Laser Cutting Delivers Unmatched Precision","description":"ZAM320 PCB\/FPC Laser Cutting Machine offers unbeatable accuracy and speed, ideal for complex board separation with minimal stress.","robots":{"index":"index","follow":"follow","max-snippet":"max-snippet:-1","max-image-preview":"max-image-preview:large","max-video-preview":"max-video-preview:-1"},"canonical":"https:\/\/seprays.com\/es\/producto\/zam320-pcb-fpc-laser-cutting-machine\/","og_locale":"es_ES","og_type":"article","og_title":"ZAM320 Laser Cutting Delivers Unmatched Precision","og_description":"ZAM320 PCB\/FPC Laser Cutting Machine offers unbeatable accuracy and speed, ideal for complex board separation with minimal stress.","og_url":"https:\/\/seprays.com\/es\/producto\/zam320-pcb-fpc-laser-cutting-machine\/","og_site_name":"Seprays","article_modified_time":"2025-12-23T08:34:55+00:00","og_image":[{"width":480,"height":480,"url":"https:\/\/seprays.com\/wp-content\/uploads\/2025\/04\/13-2-e1755829140545.jpg","type":"image\/jpeg"}],"twitter_card":"summary_large_image","twitter_misc":{"Tiempo de lectura":"4 minutos"},"schema":{"@context":"https:\/\/schema.org","@graph":[{"@type":"WebPage","@id":"https:\/\/seprays.com\/product\/zam320-pcb-fpc-laser-cutting-machine\/","url":"https:\/\/seprays.com\/product\/zam320-pcb-fpc-laser-cutting-machine\/","name":"ZAM320 Laser Cutting Delivers Unmatched Precision","isPartOf":{"@id":"https:\/\/seprays.com\/#website"},"primaryImageOfPage":{"@id":"https:\/\/seprays.com\/product\/zam320-pcb-fpc-laser-cutting-machine\/#primaryimage"},"image":{"@id":"https:\/\/seprays.com\/product\/zam320-pcb-fpc-laser-cutting-machine\/#primaryimage"},"thumbnailUrl":"https:\/\/seprays.com\/wp-content\/uploads\/2025\/04\/13-2-e1755829140545.jpg","datePublished":"2025-04-17T09:34:47+00:00","dateModified":"2025-12-23T08:34:55+00:00","description":"ZAM320 PCB\/FPC Laser Cutting Machine offers unbeatable accuracy and speed, ideal for complex board separation with minimal stress.","breadcrumb":{"@id":"https:\/\/seprays.com\/product\/zam320-pcb-fpc-laser-cutting-machine\/#breadcrumb"},"inLanguage":"es","potentialAction":[{"@type":"ReadAction","target":["https:\/\/seprays.com\/product\/zam320-pcb-fpc-laser-cutting-machine\/"]}]},{"@type":"ImageObject","inLanguage":"es","@id":"https:\/\/seprays.com\/product\/zam320-pcb-fpc-laser-cutting-machine\/#primaryimage","url":"https:\/\/seprays.com\/wp-content\/uploads\/2025\/04\/13-2-e1755829140545.jpg","contentUrl":"https:\/\/seprays.com\/wp-content\/uploads\/2025\/04\/13-2-e1755829140545.jpg","width":480,"height":480,"caption":"ZAM320 laser cutting"},{"@type":"BreadcrumbList","@id":"https:\/\/seprays.com\/product\/zam320-pcb-fpc-laser-cutting-machine\/#breadcrumb","itemListElement":[{"@type":"ListItem","position":1,"name":"\u9996\u9875","item":"https:\/\/seprays.com\/"},{"@type":"ListItem","position":2,"name":"\u5546\u5e97","item":"https:\/\/seprays.com\/shop\/"},{"@type":"ListItem","position":3,"name":"ZAM320 PCB\/FPC Laser Cutting Machine"}]},{"@type":"WebSite","@id":"https:\/\/seprays.com\/#website","url":"https:\/\/seprays.com\/","name":"Seprays : PCBA Router Depaneling,PCB\/FPC Laser Depaneling,V-Groove Saw Depaneling","description":"","publisher":{"@id":"https:\/\/seprays.com\/#organization"},"potentialAction":[{"@type":"SearchAction","target":{"@type":"EntryPoint","urlTemplate":"https:\/\/seprays.com\/?s={search_term_string}"},"query-input":{"@type":"PropertyValueSpecification","valueRequired":true,"valueName":"search_term_string"}}],"inLanguage":"es"},{"@type":"Organization","@id":"https:\/\/seprays.com\/#organization","name":"Seprays : PCBA Router Depaneling,PCB\/FPC Laser Depaneling,V-Groove Saw Depaneling","url":"https:\/\/seprays.com\/","logo":{"@type":"ImageObject","inLanguage":"es","@id":"https:\/\/seprays.com\/#\/schema\/logo\/image\/","url":"https:\/\/seprays.com\/wp-content\/uploads\/2025\/04\/seprays\uff08\u5e26\u63cf\u8fb9\uff09.png","contentUrl":"https:\/\/seprays.com\/wp-content\/uploads\/2025\/04\/seprays\uff08\u5e26\u63cf\u8fb9\uff09.png","width":350,"height":100,"caption":"Seprays : PCBA Router Depaneling,PCB\/FPC Laser Depaneling,V-Groove Saw Depaneling"},"image":{"@id":"https:\/\/seprays.com\/#\/schema\/logo\/image\/"}}]}},"_links":{"self":[{"href":"https:\/\/seprays.com\/es\/wp-json\/wp\/v2\/product\/881","targetHints":{"allow":["GET"]}}],"collection":[{"href":"https:\/\/seprays.com\/es\/wp-json\/wp\/v2\/product"}],"about":[{"href":"https:\/\/seprays.com\/es\/wp-json\/wp\/v2\/types\/product"}],"replies":[{"embeddable":true,"href":"https:\/\/seprays.com\/es\/wp-json\/wp\/v2\/comments?post=881"}],"wp:featuredmedia":[{"embeddable":true,"href":"https:\/\/seprays.com\/es\/wp-json\/wp\/v2\/media\/882"}],"wp:attachment":[{"href":"https:\/\/seprays.com\/es\/wp-json\/wp\/v2\/media?parent=881"}],"wp:term":[{"taxonomy":"product_brand","embeddable":true,"href":"https:\/\/seprays.com\/es\/wp-json\/wp\/v2\/product_brand?post=881"},{"taxonomy":"product_cat","embeddable":true,"href":"https:\/\/seprays.com\/es\/wp-json\/wp\/v2\/product_cat?post=881"},{"taxonomy":"product_tag","embeddable":true,"href":"https:\/\/seprays.com\/es\/wp-json\/wp\/v2\/product_tag?post=881"}],"curies":[{"name":"wp","href":"https:\/\/api.w.org\/{rel}","templated":true}]}}