{"id":884,"date":"2025-04-17T09:36:46","date_gmt":"2025-04-17T09:36:46","guid":{"rendered":"https:\/\/seprays.com\/?post_type=product&#038;p=884"},"modified":"2025-12-23T07:46:15","modified_gmt":"2025-12-23T07:46:15","slug":"zm300asv-fully-automatic-saw-style-v-groove-pcb-depaneling-machines","status":"publish","type":"product","link":"https:\/\/seprays.com\/es\/producto\/zm300asv-fully-automatic-saw-style-v-groove-pcb-depaneling-machines\/","title":{"rendered":"ZM300ASV Totalmente Autom\u00e1tica Vio Estilo V-groove del PWB Depaneling M\u00e1quinas"},"content":{"rendered":"<table style=\"border-collapse: collapse; width: 100%;\">\n<tbody>\n<tr style=\"height: 51.00pt;\">\n<td class=\"et4\" style=\"height: 51pt; width: 58.7214%; text-align: center;\" width=\"364\" height=\"68\"><strong>Elemento<\/strong><\/td>\n<td class=\"et4\" style=\"width: 41.1208%; text-align: center;\" width=\"254\"><strong>Especificaci\u00f3n<\/strong><\/td>\n<\/tr>\n<tr style=\"height: 33.00pt;\">\n<td class=\"et5\" style=\"height: 33pt; width: 58.7214%; text-align: center;\" width=\"364\" height=\"44\">Modelo<\/td>\n<td class=\"et6\" style=\"width: 41.1208%; text-align: center;\" width=\"254\">ZM300ASV<\/td>\n<\/tr>\n<tr style=\"height: 33.00pt;\">\n<td class=\"et5\" style=\"height: 33pt; width: 58.7214%; text-align: center;\" width=\"364\" height=\"44\">Valid Cutting Size<\/td>\n<td class=\"et6\" style=\"width: 41.1208%; text-align: center;\" width=\"254\">350 \u00d7 350 mm<\/td>\n<\/tr>\n<tr style=\"height: 33.00pt;\">\n<td class=\"et5\" style=\"height: 33pt; width: 58.7214%; text-align: center;\" width=\"364\" height=\"44\">Table Size<\/td>\n<td class=\"et6\" style=\"width: 41.1208%; text-align: center;\" width=\"254\">370 \u00d7 400 mm<\/td>\n<\/tr>\n<tr style=\"height: 33.00pt;\">\n<td class=\"et5\" style=\"height: 33pt; width: 58.7214%; text-align: center;\" width=\"364\" height=\"44\">Working Height<\/td>\n<td class=\"et6\" style=\"width: 41.1208%; text-align: center;\" width=\"254\">900 \u00b1 20 mm<\/td>\n<\/tr>\n<tr style=\"height: 33.00pt;\">\n<td class=\"et5\" style=\"height: 33pt; width: 58.7214%; text-align: center;\" width=\"364\" height=\"44\">Process Table<\/td>\n<td class=\"et6\" style=\"width: 41.1208%; text-align: center;\" width=\"254\">Tablas dobles<\/td>\n<\/tr>\n<tr style=\"height: 33.00pt;\">\n<td class=\"et5\" style=\"height: 33pt; width: 58.7214%; text-align: center;\" width=\"364\" height=\"44\">Cutting Precision<\/td>\n<td class=\"et6\" style=\"width: 41.1208%; text-align: center;\" width=\"254\">De \u00b10,2 mm<\/td>\n<\/tr>\n<tr style=\"height: 33.00pt;\">\n<td class=\"et5\" style=\"height: 33pt; width: 58.7214%; text-align: center;\" width=\"364\" height=\"44\">Repeat Precision<\/td>\n<td class=\"et6\" style=\"width: 41.1208%; text-align: center;\" width=\"254\">\u00b10,02 mm<\/td>\n<\/tr>\n<tr style=\"height: 33.00pt;\">\n<td class=\"et5\" style=\"height: 33pt; width: 58.7214%; text-align: center;\" width=\"364\" height=\"44\">La Velocidad De Corte<\/td>\n<td class=\"et6\" style=\"width: 41.1208%; text-align: center;\" width=\"254\">100 mm\/s<\/td>\n<\/tr>\n<tr style=\"height: 33.00pt;\">\n<td class=\"et5\" style=\"height: 33pt; width: 58.7214%; text-align: center;\" width=\"364\" height=\"44\">La arquitectura<\/td>\n<td class=\"et6\" style=\"width: 41.1208%; text-align: center;\" width=\"254\">Rail feeding; manipulator for loading &amp; unloading; circular cutter head \/ V-cutting head with horizontally adjustable height<\/td>\n<\/tr>\n<tr style=\"height: 33.00pt;\">\n<td class=\"et5\" style=\"height: 33pt; width: 58.7214%; text-align: center;\" width=\"364\" height=\"44\">El M\u00e9todo De Alimentaci\u00f3n<\/td>\n<td class=\"et6\" style=\"width: 41.1208%; text-align: center;\" width=\"254\">Track entry, PCB directly flows in<\/td>\n<\/tr>\n<tr style=\"height: 33.00pt;\">\n<td class=\"et5\" style=\"height: 33pt; width: 58.7214%; text-align: center;\" width=\"364\" height=\"44\">Discharging Method<\/td>\n<td class=\"et6\" style=\"width: 41.1208%; text-align: center;\" width=\"254\">Module output \/ Belt line output \/ Track output<\/td>\n<\/tr>\n<tr style=\"height: 33.00pt;\">\n<td class=\"et5\" style=\"height: 33pt; width: 58.7214%; text-align: center;\" width=\"364\" height=\"44\">El M\u00e9todo De Transferencia De<\/td>\n<td class=\"et6\" style=\"width: 41.1208%; text-align: center;\" width=\"254\">Manipulator handling, vacuum suction<\/td>\n<\/tr>\n<tr style=\"height: 33.00pt;\">\n<td class=\"et5\" style=\"height: 33pt; width: 58.7214%; text-align: center;\" width=\"364\" height=\"44\">Movement Direction<\/td>\n<td class=\"et6\" style=\"width: 41.1208%; text-align: center;\" width=\"254\">De izquierda a derecha o de derecha a izquierda<\/td>\n<\/tr>\n<tr style=\"height: 33.00pt;\">\n<td class=\"et5\" style=\"height: 33pt; width: 58.7214%; text-align: center;\" width=\"364\" height=\"44\">Max Moving Speed<\/td>\n<td class=\"et6\" style=\"width: 41.1208%; text-align: center;\" width=\"254\">1000 mm\/s<\/td>\n<\/tr>\n<tr style=\"height: 33.00pt;\">\n<td class=\"et5\" style=\"height: 33pt; width: 58.7214%; text-align: center;\" width=\"364\" height=\"44\">Max Moving Travel<\/td>\n<td class=\"et6\" style=\"width: 41.1208%; text-align: center;\" width=\"254\">Manipulator X-axis 1: 610 mm; Sub-board X-axis: 530 mm; Sub-board Y-axis: 600 mm<\/td>\n<\/tr>\n<tr style=\"height: 38.00pt;\">\n<td class=\"et5\" style=\"height: 38pt; width: 58.7214%; text-align: center;\" width=\"364\" height=\"50\">Operation Interface<\/td>\n<td class=\"et6\" style=\"width: 41.1208%; text-align: center;\" width=\"254\">Windows 10<\/td>\n<\/tr>\n<tr style=\"height: 33.00pt;\">\n<td class=\"et5\" style=\"height: 33pt; width: 58.7214%; text-align: center;\" width=\"364\" height=\"44\">Program Teaching Method<\/td>\n<td class=\"et6\" style=\"width: 41.1208%; text-align: center;\" width=\"254\">Manual teaching \/ CAD import<\/td>\n<\/tr>\n<tr style=\"height: 33.00pt;\">\n<td class=\"et5\" style=\"height: 33pt; width: 58.7214%; text-align: center;\" width=\"364\" height=\"44\">Programa De Copia De Seguridad<\/td>\n<td class=\"et6\" style=\"width: 41.1208%; text-align: center;\" width=\"254\">Transferencia de datos por USB<\/td>\n<\/tr>\n<tr style=\"height: 33.00pt;\">\n<td class=\"et5\" style=\"height: 33pt; width: 58.7214%; text-align: center;\" width=\"364\" height=\"44\">Working Air Pressure<\/td>\n<td class=\"et6\" style=\"width: 41.1208%; text-align: center;\" width=\"254\">4.5 ~ 6 kgf\/cm\u00b2<\/td>\n<\/tr>\n<tr style=\"height: 33.00pt;\">\n<td class=\"et5\" style=\"height: 33pt; width: 58.7214%; text-align: center;\" width=\"364\" height=\"44\">Voltage \/ Power Requirement<\/td>\n<td class=\"et6\" style=\"width: 41.1208%; text-align: center;\" width=\"254\">AC 220 V \u00b110%, 50\/60 Hz, 2.5 KW<\/td>\n<\/tr>\n<tr style=\"height: 33.00pt;\">\n<td class=\"et5\" style=\"height: 33pt; width: 58.7214%; text-align: center;\" width=\"364\" height=\"44\">Dimensions (W \u00d7 D \u00d7 H)<\/td>\n<td class=\"et6\" style=\"width: 41.1208%; text-align: center;\" width=\"254\">1180 \u00d7 1246 \u00d7 1684 mm<\/td>\n<\/tr>\n<tr style=\"height: 33.00pt;\">\n<td class=\"et5\" style=\"height: 33pt; width: 58.7214%; text-align: center;\" width=\"364\" height=\"44\">Peso<\/td>\n<td class=\"et6\" style=\"width: 41.1208%; text-align: center;\" width=\"254\">1000 kg<\/td>\n<\/tr>\n<\/tbody>\n<\/table>\n<h3><strong>Introducci\u00f3n De Producto<\/strong><\/h3>\n<p>The &#8220;V&#8221;-groove PCB splitter provides higher-quality PCB separation.<\/p>\n<p>Fully automated operations include feeding, cutting, finished product discharge, and waste collection.<\/p>\n<p>Automatic PCB separation in both the X and Y directions with the V-groove.<\/p>\n<p>Smooth, burr-free slitting of aluminum, copper, FR4, and fiberglass substrates.<\/p>\n<p>During line changes, operators can swap the cutting die and suction cup, eliminating manual tool adjustments and saving time.<\/p>\n<p>The system automatically places small PCBs in trays or removes them from the assembly line based on customer needs.<\/p>\n<h3><strong>Caracter\u00edsticas<\/strong><\/h3>\n<h4><strong>Operation Screen<\/strong><\/h4>\n<ul>\n<li>Simple settings for panel separation and milling cutter\/fixture parameters.<\/li>\n<li>Processing efficiency and milling cutter usage data are clearly displayed.<\/li>\n<li>A history window facilitates operation log review.<\/li>\n<li>Equipped with milling cutter life management, maintenance alerts, and spindle speed settings.<\/li>\n<\/ul>\n<h4><strong>Four-level user access control<\/strong><\/h4>\n<ul>\n<li>User accounts and passwords can be set to differentiate access levels based on management needs.<\/li>\n<li>You can add a fingerprint login module to simplify management.<\/li>\n<\/ul>\n<h4><strong>CCD vision automatic calibration system<\/strong><\/h4>\n<ul>\n<li>Equipped with a high-speed CCD vision automatic calibration system.<\/li>\n<li>Cutting path simulation assists programming, ensuring accurate cutting paths.<\/li>\n<li>Completa la hoja de exploraci\u00f3n y programaci\u00f3n fuera de l\u00ednea de mejorar la ruta de la eficiencia de la edici\u00f3n.<\/li>\n<\/ul>\n<h4><strong>Offline programming and full-sheet scanning<\/strong><\/h4>\n<ul>\n<li>Cutting programs can be edited offline and directly imported into the machine, improving utilization.<\/li>\n<li>Simpler, more user-friendly, automatic cutting path recognition.<\/li>\n<li>Scan and edit the entire PCB board, allowing quick modification of the cutting path and improving programming efficiency.<\/li>\n<li>Selectable cutting line colors facilitate the identification of different PCB colors.<\/li>\n<\/ul>\n<h4><strong>High-speed cutting spindle<\/strong><\/h4>\n<ul>\n<li>Imported high-speed, high-precision spindle<\/li>\n<li>Low cutting stress, smooth board edges, and high precision<\/li>\n<li>High-precision spindle speed of 80,000 rpm\/min<\/li>\n<\/ul>\n<h4><strong>High utilization rate<\/strong><\/h4>\n<ul>\n<li>With over 30 years of independent software development, the splitter utilizes independently developed software, ensuring stability and reliability, eliminating board defects caused by bugs.<\/li>\n<\/ul>\n<h3><strong>Aplicaci\u00f3n De Casos<\/strong><\/h3>\n<p><img fetchpriority=\"high\" decoding=\"async\" class=\"alignnone wp-image-2828 size-full\" src=\"https:\/\/seprays.com\/wp-content\/uploads\/2025\/09\/Fully-Automatic-V-groove-Depaneling-Machine.jpg\" alt=\"ZM300ASV Fully Automatic Saw Style V-groove PCB Depaneling Machines\" width=\"800\" height=\"449\" srcset=\"https:\/\/seprays.com\/wp-content\/uploads\/2025\/09\/Fully-Automatic-V-groove-Depaneling-Machine.jpg 800w, https:\/\/seprays.com\/wp-content\/uploads\/2025\/09\/Fully-Automatic-V-groove-Depaneling-Machine-480x269.jpg 480w, https:\/\/seprays.com\/wp-content\/uploads\/2025\/09\/Fully-Automatic-V-groove-Depaneling-Machine-300x168.jpg 300w, https:\/\/seprays.com\/wp-content\/uploads\/2025\/09\/Fully-Automatic-V-groove-Depaneling-Machine-768x431.jpg 768w, https:\/\/seprays.com\/wp-content\/uploads\/2025\/09\/Fully-Automatic-V-groove-Depaneling-Machine-18x10.jpg 18w\" sizes=\"(max-width: 800px) 100vw, 800px\" \/><\/p>\n<p><img decoding=\"async\" class=\"emoji lazyload\" role=\"img\" draggable=\"false\" data-src=\"https:\/\/s.w.org\/images\/core\/emoji\/16.0.1\/svg\/1f4e9.svg\" alt=\"\ud83d\udce9\" src=\"data:image\/svg+xml;base64,PHN2ZyB3aWR0aD0iMSIgaGVpZ2h0PSIxIiB4bWxucz0iaHR0cDovL3d3dy53My5vcmcvMjAwMC9zdmciPjwvc3ZnPg==\" \/>\u00a0Contact us now and discover why over 3,000 leading companies trust SEPRAYS for their PCB depaneling needs.<\/p>","protected":false},"excerpt":{"rendered":"<p>El <strong>SEPRAYS ZM300ASV fully automated saw-type V-groove PCB depaneling machine<\/strong> offers high-quality, efficient PCB separation with fully automated loading, cutting, discharging, and waste collection. It supports automatic V-groove separation in both X and Y directions and delivers burr-free results on aluminum, copper, FR4, and glass fiber boards. Quick blade and suction cup adjustments save time during line changes, and PCBs can be automatically placed into trays or transported via assembly lines. Trusted by top 500 companies and over a thousand enterprises worldwide, it provides a reliable solution for precise PCB depaneling.<\/p>","protected":false},"featured_media":3514,"comment_status":"open","ping_status":"closed","template":"","meta":[],"product_brand":[],"product_cat":[26],"product_tag":[178],"class_list":{"0":"post-884","1":"product","2":"type-product","3":"status-publish","4":"has-post-thumbnail","6":"product_cat-v-groove-depaneling","7":"product_tag-zm300asv-pcb-depaneling-machines","9":"first","10":"instock","11":"shipping-taxable","12":"product-type-simple"},"yoast_head":"<!-- This site is optimized with the Yoast SEO plugin v25.7 - https:\/\/yoast.com\/wordpress\/plugins\/seo\/ -->\n<title>ZM300ASV PCB Depaneling Machines Ensures Flawless Cuts<\/title>\n<meta name=\"description\" content=\"ZM300ASV V-groove PCB depaneling machines use a saw-style blade for flawless, efficient depaneling with fully automatic performance.\" \/>\n<meta name=\"robots\" content=\"index, follow, max-snippet:-1, max-image-preview:large, max-video-preview:-1\" \/>\n<link rel=\"canonical\" href=\"https:\/\/seprays.com\/es\/producto\/zm300asv-fully-automatic-saw-style-v-groove-pcb-depaneling-machines\/\" \/>\n<meta property=\"og:locale\" content=\"es_ES\" \/>\n<meta property=\"og:type\" content=\"article\" \/>\n<meta property=\"og:title\" content=\"ZM300ASV PCB Depaneling Machines Ensures Flawless Cuts\" \/>\n<meta property=\"og:description\" content=\"ZM300ASV V-groove PCB depaneling machines use a saw-style blade for flawless, efficient depaneling with fully automatic performance.\" \/>\n<meta property=\"og:url\" content=\"https:\/\/seprays.com\/es\/producto\/zm300asv-fully-automatic-saw-style-v-groove-pcb-depaneling-machines\/\" \/>\n<meta property=\"og:site_name\" content=\"Seprays\" \/>\n<meta property=\"article:modified_time\" content=\"2025-12-23T07:46:15+00:00\" \/>\n<meta property=\"og:image\" content=\"https:\/\/seprays.com\/wp-content\/uploads\/2025\/04\/ZM300ASV.webp\" \/>\n\t<meta property=\"og:image:width\" content=\"480\" \/>\n\t<meta property=\"og:image:height\" content=\"480\" \/>\n\t<meta property=\"og:image:type\" content=\"image\/webp\" \/>\n<meta name=\"twitter:card\" content=\"summary_large_image\" \/>\n<meta name=\"twitter:label1\" content=\"Tiempo de lectura\" \/>\n\t<meta name=\"twitter:data1\" content=\"3 minutos\" \/>\n<script type=\"application\/ld+json\" class=\"yoast-schema-graph\">{\"@context\":\"https:\/\/schema.org\",\"@graph\":[{\"@type\":\"WebPage\",\"@id\":\"https:\/\/seprays.com\/product\/zm300asv-fully-automatic-saw-style-v-groove-pcb-depaneling-machines\/\",\"url\":\"https:\/\/seprays.com\/product\/zm300asv-fully-automatic-saw-style-v-groove-pcb-depaneling-machines\/\",\"name\":\"ZM300ASV PCB Depaneling Machines Ensures Flawless Cuts\",\"isPartOf\":{\"@id\":\"https:\/\/seprays.com\/#website\"},\"primaryImageOfPage\":{\"@id\":\"https:\/\/seprays.com\/product\/zm300asv-fully-automatic-saw-style-v-groove-pcb-depaneling-machines\/#primaryimage\"},\"image\":{\"@id\":\"https:\/\/seprays.com\/product\/zm300asv-fully-automatic-saw-style-v-groove-pcb-depaneling-machines\/#primaryimage\"},\"thumbnailUrl\":\"https:\/\/seprays.com\/wp-content\/uploads\/2025\/04\/ZM300ASV.webp\",\"datePublished\":\"2025-04-17T09:36:46+00:00\",\"dateModified\":\"2025-12-23T07:46:15+00:00\",\"description\":\"ZM300ASV V-groove PCB depaneling machines use a saw-style blade for flawless, efficient depaneling with fully automatic performance.\",\"breadcrumb\":{\"@id\":\"https:\/\/seprays.com\/product\/zm300asv-fully-automatic-saw-style-v-groove-pcb-depaneling-machines\/#breadcrumb\"},\"inLanguage\":\"es\",\"potentialAction\":[{\"@type\":\"ReadAction\",\"target\":[\"https:\/\/seprays.com\/product\/zm300asv-fully-automatic-saw-style-v-groove-pcb-depaneling-machines\/\"]}]},{\"@type\":\"ImageObject\",\"inLanguage\":\"es\",\"@id\":\"https:\/\/seprays.com\/product\/zm300asv-fully-automatic-saw-style-v-groove-pcb-depaneling-machines\/#primaryimage\",\"url\":\"https:\/\/seprays.com\/wp-content\/uploads\/2025\/04\/ZM300ASV.webp\",\"contentUrl\":\"https:\/\/seprays.com\/wp-content\/uploads\/2025\/04\/ZM300ASV.webp\",\"width\":480,\"height\":480,\"caption\":\"ZM300ASV Fully Automatic Saw Style V-groove PCB Depaneling Machines\"},{\"@type\":\"BreadcrumbList\",\"@id\":\"https:\/\/seprays.com\/product\/zm300asv-fully-automatic-saw-style-v-groove-pcb-depaneling-machines\/#breadcrumb\",\"itemListElement\":[{\"@type\":\"ListItem\",\"position\":1,\"name\":\"\u9996\u9875\",\"item\":\"https:\/\/seprays.com\/\"},{\"@type\":\"ListItem\",\"position\":2,\"name\":\"\u5546\u5e97\",\"item\":\"https:\/\/seprays.com\/shop\/\"},{\"@type\":\"ListItem\",\"position\":3,\"name\":\"ZM300ASV Fully Automatic Saw Style V-groove PCB Depaneling Machines\"}]},{\"@type\":\"WebSite\",\"@id\":\"https:\/\/seprays.com\/#website\",\"url\":\"https:\/\/seprays.com\/\",\"name\":\"Seprays : PCBA Router Depaneling,PCB\/FPC Laser Depaneling,V-Groove Saw Depaneling\",\"description\":\"\",\"publisher\":{\"@id\":\"https:\/\/seprays.com\/#organization\"},\"potentialAction\":[{\"@type\":\"SearchAction\",\"target\":{\"@type\":\"EntryPoint\",\"urlTemplate\":\"https:\/\/seprays.com\/?s={search_term_string}\"},\"query-input\":{\"@type\":\"PropertyValueSpecification\",\"valueRequired\":true,\"valueName\":\"search_term_string\"}}],\"inLanguage\":\"es\"},{\"@type\":\"Organization\",\"@id\":\"https:\/\/seprays.com\/#organization\",\"name\":\"Seprays : PCBA Router Depaneling,PCB\/FPC Laser Depaneling,V-Groove Saw Depaneling\",\"url\":\"https:\/\/seprays.com\/\",\"logo\":{\"@type\":\"ImageObject\",\"inLanguage\":\"es\",\"@id\":\"https:\/\/seprays.com\/#\/schema\/logo\/image\/\",\"url\":\"https:\/\/seprays.com\/wp-content\/uploads\/2025\/04\/seprays\uff08\u5e26\u63cf\u8fb9\uff09.png\",\"contentUrl\":\"https:\/\/seprays.com\/wp-content\/uploads\/2025\/04\/seprays\uff08\u5e26\u63cf\u8fb9\uff09.png\",\"width\":350,\"height\":100,\"caption\":\"Seprays : PCBA Router Depaneling,PCB\/FPC Laser Depaneling,V-Groove Saw Depaneling\"},\"image\":{\"@id\":\"https:\/\/seprays.com\/#\/schema\/logo\/image\/\"}}]}<\/script>\n<!-- \/ Yoast SEO plugin. -->","yoast_head_json":{"title":"ZM300ASV PCB Depaneling Machines Ensures Flawless Cuts","description":"ZM300ASV V-groove PCB depaneling machines use a saw-style blade for flawless, efficient depaneling with fully automatic performance.","robots":{"index":"index","follow":"follow","max-snippet":"max-snippet:-1","max-image-preview":"max-image-preview:large","max-video-preview":"max-video-preview:-1"},"canonical":"https:\/\/seprays.com\/es\/producto\/zm300asv-fully-automatic-saw-style-v-groove-pcb-depaneling-machines\/","og_locale":"es_ES","og_type":"article","og_title":"ZM300ASV PCB Depaneling Machines Ensures Flawless Cuts","og_description":"ZM300ASV V-groove PCB depaneling machines use a saw-style blade for flawless, efficient depaneling with fully automatic performance.","og_url":"https:\/\/seprays.com\/es\/producto\/zm300asv-fully-automatic-saw-style-v-groove-pcb-depaneling-machines\/","og_site_name":"Seprays","article_modified_time":"2025-12-23T07:46:15+00:00","og_image":[{"width":480,"height":480,"url":"https:\/\/seprays.com\/wp-content\/uploads\/2025\/04\/ZM300ASV.webp","type":"image\/webp"}],"twitter_card":"summary_large_image","twitter_misc":{"Tiempo de lectura":"3 minutos"},"schema":{"@context":"https:\/\/schema.org","@graph":[{"@type":"WebPage","@id":"https:\/\/seprays.com\/product\/zm300asv-fully-automatic-saw-style-v-groove-pcb-depaneling-machines\/","url":"https:\/\/seprays.com\/product\/zm300asv-fully-automatic-saw-style-v-groove-pcb-depaneling-machines\/","name":"ZM300ASV PCB Depaneling Machines Ensures Flawless Cuts","isPartOf":{"@id":"https:\/\/seprays.com\/#website"},"primaryImageOfPage":{"@id":"https:\/\/seprays.com\/product\/zm300asv-fully-automatic-saw-style-v-groove-pcb-depaneling-machines\/#primaryimage"},"image":{"@id":"https:\/\/seprays.com\/product\/zm300asv-fully-automatic-saw-style-v-groove-pcb-depaneling-machines\/#primaryimage"},"thumbnailUrl":"https:\/\/seprays.com\/wp-content\/uploads\/2025\/04\/ZM300ASV.webp","datePublished":"2025-04-17T09:36:46+00:00","dateModified":"2025-12-23T07:46:15+00:00","description":"ZM300ASV V-groove PCB depaneling machines use a saw-style blade for flawless, efficient depaneling with fully automatic performance.","breadcrumb":{"@id":"https:\/\/seprays.com\/product\/zm300asv-fully-automatic-saw-style-v-groove-pcb-depaneling-machines\/#breadcrumb"},"inLanguage":"es","potentialAction":[{"@type":"ReadAction","target":["https:\/\/seprays.com\/product\/zm300asv-fully-automatic-saw-style-v-groove-pcb-depaneling-machines\/"]}]},{"@type":"ImageObject","inLanguage":"es","@id":"https:\/\/seprays.com\/product\/zm300asv-fully-automatic-saw-style-v-groove-pcb-depaneling-machines\/#primaryimage","url":"https:\/\/seprays.com\/wp-content\/uploads\/2025\/04\/ZM300ASV.webp","contentUrl":"https:\/\/seprays.com\/wp-content\/uploads\/2025\/04\/ZM300ASV.webp","width":480,"height":480,"caption":"ZM300ASV Fully Automatic Saw Style V-groove PCB Depaneling Machines"},{"@type":"BreadcrumbList","@id":"https:\/\/seprays.com\/product\/zm300asv-fully-automatic-saw-style-v-groove-pcb-depaneling-machines\/#breadcrumb","itemListElement":[{"@type":"ListItem","position":1,"name":"\u9996\u9875","item":"https:\/\/seprays.com\/"},{"@type":"ListItem","position":2,"name":"\u5546\u5e97","item":"https:\/\/seprays.com\/shop\/"},{"@type":"ListItem","position":3,"name":"ZM300ASV Fully Automatic Saw Style V-groove PCB Depaneling Machines"}]},{"@type":"WebSite","@id":"https:\/\/seprays.com\/#website","url":"https:\/\/seprays.com\/","name":"Seprays : PCBA Router Depaneling,PCB\/FPC Laser Depaneling,V-Groove Saw Depaneling","description":"","publisher":{"@id":"https:\/\/seprays.com\/#organization"},"potentialAction":[{"@type":"SearchAction","target":{"@type":"EntryPoint","urlTemplate":"https:\/\/seprays.com\/?s={search_term_string}"},"query-input":{"@type":"PropertyValueSpecification","valueRequired":true,"valueName":"search_term_string"}}],"inLanguage":"es"},{"@type":"Organization","@id":"https:\/\/seprays.com\/#organization","name":"Seprays : PCBA Router Depaneling,PCB\/FPC Laser Depaneling,V-Groove Saw Depaneling","url":"https:\/\/seprays.com\/","logo":{"@type":"ImageObject","inLanguage":"es","@id":"https:\/\/seprays.com\/#\/schema\/logo\/image\/","url":"https:\/\/seprays.com\/wp-content\/uploads\/2025\/04\/seprays\uff08\u5e26\u63cf\u8fb9\uff09.png","contentUrl":"https:\/\/seprays.com\/wp-content\/uploads\/2025\/04\/seprays\uff08\u5e26\u63cf\u8fb9\uff09.png","width":350,"height":100,"caption":"Seprays : PCBA Router Depaneling,PCB\/FPC Laser Depaneling,V-Groove Saw Depaneling"},"image":{"@id":"https:\/\/seprays.com\/#\/schema\/logo\/image\/"}}]}},"_links":{"self":[{"href":"https:\/\/seprays.com\/es\/wp-json\/wp\/v2\/product\/884","targetHints":{"allow":["GET"]}}],"collection":[{"href":"https:\/\/seprays.com\/es\/wp-json\/wp\/v2\/product"}],"about":[{"href":"https:\/\/seprays.com\/es\/wp-json\/wp\/v2\/types\/product"}],"replies":[{"embeddable":true,"href":"https:\/\/seprays.com\/es\/wp-json\/wp\/v2\/comments?post=884"}],"wp:featuredmedia":[{"embeddable":true,"href":"https:\/\/seprays.com\/es\/wp-json\/wp\/v2\/media\/3514"}],"wp:attachment":[{"href":"https:\/\/seprays.com\/es\/wp-json\/wp\/v2\/media?parent=884"}],"wp:term":[{"taxonomy":"product_brand","embeddable":true,"href":"https:\/\/seprays.com\/es\/wp-json\/wp\/v2\/product_brand?post=884"},{"taxonomy":"product_cat","embeddable":true,"href":"https:\/\/seprays.com\/es\/wp-json\/wp\/v2\/product_cat?post=884"},{"taxonomy":"product_tag","embeddable":true,"href":"https:\/\/seprays.com\/es\/wp-json\/wp\/v2\/product_tag?post=884"}],"curies":[{"name":"wp","href":"https:\/\/api.w.org\/{rel}","templated":true}]}}