{"id":887,"date":"2025-04-17T09:38:26","date_gmt":"2025-04-17T09:38:26","guid":{"rendered":"https:\/\/seprays.com\/?post_type=product&#038;p=887"},"modified":"2025-12-23T08:35:29","modified_gmt":"2025-12-23T08:35:29","slug":"zm10t-15t-pcb-fpc-punching-cutting-machine","status":"publish","type":"product","link":"https:\/\/seprays.com\/es\/producto\/zm10t-15t-pcb-fpc-punching-cutting-machine\/","title":{"rendered":"ZM10T\/15T PCB\/FPC Perforaci\u00f3n de la M\u00e1quina de Corte"},"content":{"rendered":"<table style=\"border-collapse: collapse; width: 100%;\">\n<tbody>\n<tr class=\"firstRow\">\n<th style=\"width: 33.8595%;\">Modelo<\/th>\n<th style=\"width: 66.0616%;\">ZM10T\/15T<\/th>\n<\/tr>\n<tr>\n<td style=\"text-align: center; width: 33.8595%;\">V\u00e1lido \u00e1rea de corte<\/td>\n<td style=\"text-align: center; width: 66.0616%;\">300*300 mm( se Puede personalizar el tama\u00f1o m\u00e1s grande)<\/td>\n<\/tr>\n<tr>\n<td style=\"text-align: center; width: 33.8595%;\">De trabajo la presi\u00f3n de aire del Tubo del dia<\/td>\n<td style=\"text-align: center; width: 66.0616%;\">El &gt; 0.6 MP\/ 6mm<\/td>\n<\/tr>\n<tr>\n<td style=\"text-align: center; width: 33.8595%;\">Mini distancia de la parte de la posici\u00f3n de corte<\/td>\n<td style=\"text-align: center; width: 66.0616%;\">\u22650,5 mm<\/td>\n<\/tr>\n<tr>\n<td style=\"text-align: center; width: 33.8595%;\">FPC posici\u00f3n de corte<\/td>\n<td style=\"text-align: center; width: 66.0616%;\">Componentes No se les permite cruzar sobre el corte de la parte<\/td>\n<\/tr>\n<tr>\n<td style=\"text-align: center; width: 33.8595%;\">Posici\u00f3n del agujero requisito<\/td>\n<td style=\"text-align: center; width: 66.0616%;\">FPC has 4 holes at least, and an extra one, a foolproof hole<\/td>\n<\/tr>\n<tr>\n<td style=\"text-align: center; width: 33.8595%;\">Altura m\u00e1xima de la FPC componentes<\/td>\n<td style=\"width: 66.0616%;\">\n<p style=\"text-align: center;\">Bottom side: The max height is 20mm<\/p>\n<p style=\"text-align: center;\">On the top side, the maximum height is 35mm<\/p>\n<\/td>\n<\/tr>\n<tr>\n<td style=\"text-align: center; width: 33.8595%;\">Sistema de la operaci\u00f3n<\/td>\n<td style=\"text-align: center; width: 66.0616%;\">Chinese and English are optional<\/td>\n<\/tr>\n<tr>\n<td style=\"text-align: center; width: 33.8595%;\">El tipo de molde<\/td>\n<td style=\"text-align: center; width: 66.0616%;\">Blade mould, precision steel mould, complex mould<\/td>\n<\/tr>\n<tr>\n<td style=\"text-align: center; width: 33.8595%;\">La vida de servicio del molde<\/td>\n<td style=\"text-align: center; width: 66.0616%;\">1.000.000 de veces( puede ser modificado tantas veces como se desee, excepto para el hombre-hecho da\u00f1o)<\/td>\n<\/tr>\n<tr>\n<td style=\"text-align: center; width: 33.8595%;\">Making the mould requires material<\/td>\n<td style=\"text-align: center; width: 66.0616%;\">PCB\/ FPC gerber file or CAD, and more than two pieces of samples<\/td>\n<\/tr>\n<tr>\n<td style=\"text-align: center; width: 33.8595%;\">Precisi\u00f3n de corte<\/td>\n<td style=\"text-align: center; width: 66.0616%;\">0,05 mm<\/td>\n<\/tr>\n<tr>\n<td style=\"text-align: center; width: 33.8595%;\">La eficiencia de corte<\/td>\n<td style=\"text-align: center; width: 66.0616%;\">8 s\/pcs en una PNL<\/td>\n<\/tr>\n<tr>\n<td style=\"text-align: center; width: 33.8595%;\">Potencia de la m\u00e1quina<\/td>\n<td style=\"text-align: center; width: 66.0616%;\">10T\/ 15T de salida( puede personalizar 20\/30T salida)<\/td>\n<\/tr>\n<tr>\n<td style=\"text-align: center; width: 33.8595%;\">Mal funcionamiento de la protecci\u00f3n<\/td>\n<td style=\"text-align: center; width: 66.0616%;\">Safety light curtain, sensor, and software triple protection. Start with both hands<\/td>\n<\/tr>\n<tr>\n<td style=\"text-align: center; width: 33.8595%;\">Punch m\u00e9todo de corte<\/td>\n<td style=\"text-align: center; width: 66.0616%;\">De alta velocidad de la presi\u00f3n del cilindro<\/td>\n<\/tr>\n<tr>\n<td style=\"text-align: center; width: 33.8595%;\">Encendido y apagado del suministro de aire de la funci\u00f3n<\/td>\n<td style=\"text-align: center; width: 66.0616%;\">S\u00ed<\/td>\n<\/tr>\n<tr>\n<td style=\"text-align: center; width: 33.8595%;\">M\u00e9todo de trabajo<\/td>\n<td style=\"text-align: center; width: 66.0616%;\">Autom\u00e1tica push-pull en y fuera de corte<\/td>\n<\/tr>\n<tr>\n<td style=\"text-align: center; width: 33.8595%;\">\u00c1mbito de aplicaci\u00f3n<\/td>\n<td style=\"text-align: center; width: 66.0616%;\">Suitable for cutting FPC, PCB, Aluminum boards, and Copper boards<\/td>\n<\/tr>\n<tr>\n<td style=\"text-align: center; width: 33.8595%;\">La protecci\u00f3n de la seguridad<\/td>\n<td style=\"text-align: center; width: 66.0616%;\">De parada de emergencia<\/td>\n<\/tr>\n<tr>\n<td style=\"text-align: center; width: 33.8595%;\">Auto-funci\u00f3n de prueba<\/td>\n<td style=\"text-align: center; width: 66.0616%;\">Tiempo de puesta en marcha seguimiento y control de<\/p>\n<p>La capacidad de producci\u00f3n de seguimiento y control de<br \/>\nEquipment fault information is automatically removed from abnormal systems.<\/td>\n<\/tr>\n<tr>\n<td style=\"text-align: center; width: 33.8595%;\">Requisitos de alimentaci\u00f3n<\/td>\n<td style=\"text-align: center; width: 66.0616%;\">LA CA 220V DE 200W<\/td>\n<\/tr>\n<tr>\n<td style=\"text-align: center; width: 33.8595%;\">Dimensiones(W*D*H)<\/td>\n<td style=\"text-align: center; width: 66.0616%;\">724*1050*1900mm<\/td>\n<\/tr>\n<tr>\n<td style=\"text-align: center; width: 33.8595%;\">Peso<\/td>\n<td style=\"text-align: center; width: 66.0616%;\">700 kg<\/td>\n<\/tr>\n<\/tbody>\n<\/table>\n<h3><strong>Introducci\u00f3n De Producto<\/strong><\/h3>\n<ul>\n<li>High efficiency, 6 to 8 panels can be cut in one minute.<\/li>\n<li>The surface of the cut products is flat, and the size is uniform.<\/li>\n<li>Low noise and no dust generation, thus reducing pollution to the environment.<\/li>\n<li>Low energy consumption, the main power is compressed air.<\/li>\n<li>Low labor intensity for employees.<\/li>\n<\/ul>\n<p>The machine automatically moves the lower die in and out while gratings and safety doors protect it, ensuring operators work in a very safe environment.<\/p>\n<p data-start=\"244\" data-end=\"596\">El <strong data-start=\"248\" data-end=\"270\">ZM10T PCB punching<\/strong> machine offers an advanced and efficient solution for separating Flexible Printed Circuits (FPCs) and Printed Circuit Board Assemblies (PCBAs). Engineered for high-throughput production, it delivers exceptional accuracy\u2014dividing 6\u20138 pieces per minute while maintaining a smooth, uniform surface with no stress or deformation.<\/p>\n<p data-start=\"598\" data-end=\"861\">This smart equipment runs on compressed air, making it energy-efficient and environmentally friendly. Operating at low noise levels and producing no dust, the <strong data-start=\"757\" data-end=\"779\">ZM10T PCB punching<\/strong> system helps reduce workplace pollution and improve overall factory cleanliness.<\/p>\n<p data-start=\"863\" data-end=\"1095\">Operators benefit from a lower die automatic entry\/exit system, safeguarded with both a safety light curtain and a safety door to ensure safe handling. The ergonomic design minimizes labor intensity and increases output consistency.<\/p>\n<p data-start=\"1097\" data-end=\"1267\" data-is-last-node=\"\" data-is-only-node=\"\">\ud83d\udca1 Join the world\u2019s top manufacturers in choosing reliable automation.<\/p>\n<h3><strong>Preguntas frecuentes<\/strong><\/h3>\n<h4><strong>\u00bfQu\u00e9 servicios ofrecen?<\/strong><\/h4>\n<p>We provide one-stop automated PCB depaneling solutions: laser, routing, punching,g, and V-CUT.<\/p>\n<h4><strong>Puede que sus m\u00e1quinas se encargan de distintos espesores de los PCBs?\u00a0<\/strong><\/h4>\n<p>S\u00ed, nuestras m\u00e1quinas est\u00e1n dise\u00f1adas para el manejo de PCB espesores. Podemos proporcionar personalizaci\u00f3n y opciones para garantizar el buen procesamiento de ambos r\u00edgido y de la flexi\u00f3n de las tablas.<\/p>\n<h4><strong>\u00bfQu\u00e9 tipo de capacitaci\u00f3n se proporcionan para sus m\u00e1quinas?\u00a0<\/strong><\/h4>\n<p>Tenemos un completo sistema de entrenamiento en sitio, cubriendo el funcionamiento de la m\u00e1quina, el mantenimiento y la soluci\u00f3n de problemas. Tambi\u00e9n ofrecemos apoyo t\u00e9cnico continuo a trav\u00e9s de tel\u00e9fono y correo electr\u00f3nico.<\/p>\n<h4><strong>Lo que despu\u00e9s de la venta de servicios puede proporcionar?<\/strong><\/h4>\n<p><strong>\u25cf Servicio exclusivo:<\/strong><\/p>\n<p>Vamos a darle a los comentarios de los usuarios dentro de 10 minutos sobre los problemas que enfrentan al utilizar el dispositivo, y establecer un 1V1 exclusiva despu\u00e9s de la venta de grupo de servicio para los usuarios.<\/p>\n<p><strong>\u25cf Servicio remoto:<\/strong><\/p>\n<p>Provide users with a7\/24-hourH hotline based on feedback on fault information, analyze, locate, and solve the fault through remote telephone support, remote login, and other methods.<\/p>\n<p><strong>\u25cf Servicio en el sitio:<\/strong><\/p>\n<p>Arrive at the work site within 8 hours and solve the problem within 1 working day. We provide 2-4 days of training on equipment safety, operation, and application. We will handle any breach of contract according to the contract provisions.<\/p>\n<p><strong>\u25cf Lugares de servicio:<\/strong><\/p>\n<p>Tenemos las ventas y el servicio en 31 pa\u00edses y regiones de ultramar, de responder a los clientes actuales y futuras necesidades tan pronto como sea posible.<\/p>\n<p><strong>\u25cf Servicio de referencia:<\/strong><\/p>\n<p>Llamada de seguimiento despu\u00e9s de cada visita; tutoriales de v\u00eddeo + tel\u00e9fono de orientaci\u00f3n al reemplazo de las piezas y el mantenimiento de los equipos; libre de seguimiento del mes de diciembre de cada a\u00f1o. Continuamos para recoger sugerencias de los usuarios, la actualizaci\u00f3n continua y recorrer el software, de mejorar la calidad de la producci\u00f3n y la eficiencia, y proporcionar mantenimiento de por vida.<\/p>\n<h3><strong>\u00c1reas De Aplicaci\u00f3n<\/strong><\/h3>\n<p>Many industries that require high-precision and high-efficiency board separation widely use our PCB depaneling solutions.<\/p>\n<p><strong>La clave de las \u00e1reas de aplicaci\u00f3n incluyen:<\/strong><\/p>\n<ul>\n<li>Electr\u00f3nica de consumo \u2013 Smartphones, tablets, laptops, y wearables.<\/li>\n<li>Electr\u00f3nica automotriz \u2013 Pcb para ADAS, sistemas de informaci\u00f3n y entretenimiento, y EV componentes.<\/li>\n<li>Dispositivos m\u00e9dicos \u2013 Precisi\u00f3n de la electr\u00f3nica en el diagn\u00f3stico y seguimiento del equipo.<\/li>\n<li>De telecomunicaciones de la Red y de hardware de comunicaci\u00f3n.<\/li>\n<li>Electr\u00f3nica Industrial \u2013 sistemas de Control, equipos de automatizaci\u00f3n y dispositivos IoT.<\/li>\n<li>Aeroespacial y de Defensa de la Alto-confiabilidad Pcb para la avi\u00f3nica y aplicaciones militares.<\/li>\n<\/ul>\n<p><img decoding=\"async\" class=\"emoji lazyload\" role=\"img\" draggable=\"false\" data-src=\"https:\/\/s.w.org\/images\/core\/emoji\/16.0.1\/svg\/1f4e9.svg\" alt=\"\ud83d\udce9\" src=\"data:image\/svg+xml;base64,PHN2ZyB3aWR0aD0iMSIgaGVpZ2h0PSIxIiB4bWxucz0iaHR0cDovL3d3dy53My5vcmcvMjAwMC9zdmciPjwvc3ZnPg==\" \/>\u00a0Contact us now and discover why over 3,000 leading companies trust SEPRAYS for their PCB depaneling needs.<\/p>","protected":false},"excerpt":{"rendered":"<p>El <strong>ZM10T\/15T PCB &amp; FPC Punching Cutting Machine<\/strong> delivers high-efficiency and precision processing for FPCs and PCBAs. Capable of cutting 6\u20138 pieces per minute, it ensures flat, uniform results with low noise, no dust, and reduced environmental impact. Powered mainly by compressed air, it offers low energy consumption and minimal operator effort. With an automatic lower die entry\/exit system protected by a safety light curtain and door, it guarantees safe and reliable operation\u2014trusted by top 500 companies worldwide.<\/p>","protected":false},"featured_media":1365,"comment_status":"open","ping_status":"closed","template":"","meta":[],"product_brand":[],"product_cat":[27],"product_tag":[78],"class_list":{"0":"post-887","1":"product","2":"type-product","3":"status-publish","4":"has-post-thumbnail","6":"product_cat-fpc-punching-machine","7":"product_tag-zm10t-pcb-punching","9":"first","10":"instock","11":"shipping-taxable","12":"product-type-simple"},"yoast_head":"<!-- This site is optimized with the Yoast SEO plugin v25.7 - https:\/\/yoast.com\/wordpress\/plugins\/seo\/ -->\n<title>ZM10T\/15T Punching Machine: Powerful PCB Cutting<\/title>\n<meta name=\"description\" content=\"The ZM10T\/15T PCB\/FPC Punching Cutting Machine delivers powerful, precise, and efficient punching, boosting your production with unmatched reliability.\" \/>\n<meta name=\"robots\" content=\"index, follow, max-snippet:-1, max-image-preview:large, max-video-preview:-1\" \/>\n<link rel=\"canonical\" href=\"https:\/\/seprays.com\/es\/producto\/zm10t-15t-pcb-fpc-punching-cutting-machine\/\" \/>\n<meta property=\"og:locale\" content=\"es_ES\" \/>\n<meta property=\"og:type\" content=\"article\" \/>\n<meta property=\"og:title\" content=\"ZM10T\/15T Punching Machine: Powerful PCB Cutting\" \/>\n<meta property=\"og:description\" content=\"The ZM10T\/15T PCB\/FPC Punching Cutting Machine delivers powerful, precise, and efficient punching, boosting your production with unmatched reliability.\" \/>\n<meta property=\"og:url\" content=\"https:\/\/seprays.com\/es\/producto\/zm10t-15t-pcb-fpc-punching-cutting-machine\/\" \/>\n<meta property=\"og:site_name\" content=\"Seprays\" \/>\n<meta property=\"article:modified_time\" content=\"2025-12-23T08:35:29+00:00\" \/>\n<meta property=\"og:image\" content=\"https:\/\/seprays.com\/wp-content\/uploads\/2025\/04\/zm10t-e1755761848881.jpg\" \/>\n\t<meta property=\"og:image:width\" content=\"480\" \/>\n\t<meta property=\"og:image:height\" content=\"480\" \/>\n\t<meta property=\"og:image:type\" content=\"image\/jpeg\" \/>\n<meta name=\"twitter:card\" content=\"summary_large_image\" \/>\n<meta name=\"twitter:label1\" content=\"Tiempo de lectura\" \/>\n\t<meta name=\"twitter:data1\" content=\"4 minutos\" \/>\n<script type=\"application\/ld+json\" class=\"yoast-schema-graph\">{\"@context\":\"https:\/\/schema.org\",\"@graph\":[{\"@type\":\"WebPage\",\"@id\":\"https:\/\/seprays.com\/product\/zm10t-15t-pcb-fpc-punching-cutting-machine\/\",\"url\":\"https:\/\/seprays.com\/product\/zm10t-15t-pcb-fpc-punching-cutting-machine\/\",\"name\":\"ZM10T\/15T Punching Machine: Powerful PCB Cutting\",\"isPartOf\":{\"@id\":\"https:\/\/seprays.com\/#website\"},\"primaryImageOfPage\":{\"@id\":\"https:\/\/seprays.com\/product\/zm10t-15t-pcb-fpc-punching-cutting-machine\/#primaryimage\"},\"image\":{\"@id\":\"https:\/\/seprays.com\/product\/zm10t-15t-pcb-fpc-punching-cutting-machine\/#primaryimage\"},\"thumbnailUrl\":\"https:\/\/seprays.com\/wp-content\/uploads\/2025\/04\/zm10t-e1755761848881.jpg\",\"datePublished\":\"2025-04-17T09:38:26+00:00\",\"dateModified\":\"2025-12-23T08:35:29+00:00\",\"description\":\"The ZM10T\/15T PCB\/FPC Punching Cutting Machine delivers powerful, precise, and efficient punching, boosting your production with unmatched reliability.\",\"breadcrumb\":{\"@id\":\"https:\/\/seprays.com\/product\/zm10t-15t-pcb-fpc-punching-cutting-machine\/#breadcrumb\"},\"inLanguage\":\"es\",\"potentialAction\":[{\"@type\":\"ReadAction\",\"target\":[\"https:\/\/seprays.com\/product\/zm10t-15t-pcb-fpc-punching-cutting-machine\/\"]}]},{\"@type\":\"ImageObject\",\"inLanguage\":\"es\",\"@id\":\"https:\/\/seprays.com\/product\/zm10t-15t-pcb-fpc-punching-cutting-machine\/#primaryimage\",\"url\":\"https:\/\/seprays.com\/wp-content\/uploads\/2025\/04\/zm10t-e1755761848881.jpg\",\"contentUrl\":\"https:\/\/seprays.com\/wp-content\/uploads\/2025\/04\/zm10t-e1755761848881.jpg\",\"width\":480,\"height\":480,\"caption\":\"ZM10T PCB punching\"},{\"@type\":\"BreadcrumbList\",\"@id\":\"https:\/\/seprays.com\/product\/zm10t-15t-pcb-fpc-punching-cutting-machine\/#breadcrumb\",\"itemListElement\":[{\"@type\":\"ListItem\",\"position\":1,\"name\":\"\u9996\u9875\",\"item\":\"https:\/\/seprays.com\/\"},{\"@type\":\"ListItem\",\"position\":2,\"name\":\"\u5546\u5e97\",\"item\":\"https:\/\/seprays.com\/shop\/\"},{\"@type\":\"ListItem\",\"position\":3,\"name\":\"ZM10T\/15T PCB\/FPC Punching Cutting Machine\"}]},{\"@type\":\"WebSite\",\"@id\":\"https:\/\/seprays.com\/#website\",\"url\":\"https:\/\/seprays.com\/\",\"name\":\"Seprays : PCBA Router Depaneling,PCB\/FPC Laser Depaneling,V-Groove Saw Depaneling\",\"description\":\"\",\"publisher\":{\"@id\":\"https:\/\/seprays.com\/#organization\"},\"potentialAction\":[{\"@type\":\"SearchAction\",\"target\":{\"@type\":\"EntryPoint\",\"urlTemplate\":\"https:\/\/seprays.com\/?s={search_term_string}\"},\"query-input\":{\"@type\":\"PropertyValueSpecification\",\"valueRequired\":true,\"valueName\":\"search_term_string\"}}],\"inLanguage\":\"es\"},{\"@type\":\"Organization\",\"@id\":\"https:\/\/seprays.com\/#organization\",\"name\":\"Seprays : PCBA Router Depaneling,PCB\/FPC Laser Depaneling,V-Groove Saw Depaneling\",\"url\":\"https:\/\/seprays.com\/\",\"logo\":{\"@type\":\"ImageObject\",\"inLanguage\":\"es\",\"@id\":\"https:\/\/seprays.com\/#\/schema\/logo\/image\/\",\"url\":\"https:\/\/seprays.com\/wp-content\/uploads\/2025\/04\/seprays\uff08\u5e26\u63cf\u8fb9\uff09.png\",\"contentUrl\":\"https:\/\/seprays.com\/wp-content\/uploads\/2025\/04\/seprays\uff08\u5e26\u63cf\u8fb9\uff09.png\",\"width\":350,\"height\":100,\"caption\":\"Seprays : PCBA Router Depaneling,PCB\/FPC Laser Depaneling,V-Groove Saw Depaneling\"},\"image\":{\"@id\":\"https:\/\/seprays.com\/#\/schema\/logo\/image\/\"}}]}<\/script>\n<!-- \/ Yoast SEO plugin. -->","yoast_head_json":{"title":"ZM10T\/15T Punching Machine: Powerful PCB Cutting","description":"The ZM10T\/15T PCB\/FPC Punching Cutting Machine delivers powerful, precise, and efficient punching, boosting your production with unmatched reliability.","robots":{"index":"index","follow":"follow","max-snippet":"max-snippet:-1","max-image-preview":"max-image-preview:large","max-video-preview":"max-video-preview:-1"},"canonical":"https:\/\/seprays.com\/es\/producto\/zm10t-15t-pcb-fpc-punching-cutting-machine\/","og_locale":"es_ES","og_type":"article","og_title":"ZM10T\/15T Punching Machine: Powerful PCB Cutting","og_description":"The ZM10T\/15T PCB\/FPC Punching Cutting Machine delivers powerful, precise, and efficient punching, boosting your production with unmatched reliability.","og_url":"https:\/\/seprays.com\/es\/producto\/zm10t-15t-pcb-fpc-punching-cutting-machine\/","og_site_name":"Seprays","article_modified_time":"2025-12-23T08:35:29+00:00","og_image":[{"width":480,"height":480,"url":"https:\/\/seprays.com\/wp-content\/uploads\/2025\/04\/zm10t-e1755761848881.jpg","type":"image\/jpeg"}],"twitter_card":"summary_large_image","twitter_misc":{"Tiempo de lectura":"4 minutos"},"schema":{"@context":"https:\/\/schema.org","@graph":[{"@type":"WebPage","@id":"https:\/\/seprays.com\/product\/zm10t-15t-pcb-fpc-punching-cutting-machine\/","url":"https:\/\/seprays.com\/product\/zm10t-15t-pcb-fpc-punching-cutting-machine\/","name":"ZM10T\/15T Punching Machine: Powerful PCB Cutting","isPartOf":{"@id":"https:\/\/seprays.com\/#website"},"primaryImageOfPage":{"@id":"https:\/\/seprays.com\/product\/zm10t-15t-pcb-fpc-punching-cutting-machine\/#primaryimage"},"image":{"@id":"https:\/\/seprays.com\/product\/zm10t-15t-pcb-fpc-punching-cutting-machine\/#primaryimage"},"thumbnailUrl":"https:\/\/seprays.com\/wp-content\/uploads\/2025\/04\/zm10t-e1755761848881.jpg","datePublished":"2025-04-17T09:38:26+00:00","dateModified":"2025-12-23T08:35:29+00:00","description":"The ZM10T\/15T PCB\/FPC Punching Cutting Machine delivers powerful, precise, and efficient punching, boosting your production with unmatched reliability.","breadcrumb":{"@id":"https:\/\/seprays.com\/product\/zm10t-15t-pcb-fpc-punching-cutting-machine\/#breadcrumb"},"inLanguage":"es","potentialAction":[{"@type":"ReadAction","target":["https:\/\/seprays.com\/product\/zm10t-15t-pcb-fpc-punching-cutting-machine\/"]}]},{"@type":"ImageObject","inLanguage":"es","@id":"https:\/\/seprays.com\/product\/zm10t-15t-pcb-fpc-punching-cutting-machine\/#primaryimage","url":"https:\/\/seprays.com\/wp-content\/uploads\/2025\/04\/zm10t-e1755761848881.jpg","contentUrl":"https:\/\/seprays.com\/wp-content\/uploads\/2025\/04\/zm10t-e1755761848881.jpg","width":480,"height":480,"caption":"ZM10T PCB punching"},{"@type":"BreadcrumbList","@id":"https:\/\/seprays.com\/product\/zm10t-15t-pcb-fpc-punching-cutting-machine\/#breadcrumb","itemListElement":[{"@type":"ListItem","position":1,"name":"\u9996\u9875","item":"https:\/\/seprays.com\/"},{"@type":"ListItem","position":2,"name":"\u5546\u5e97","item":"https:\/\/seprays.com\/shop\/"},{"@type":"ListItem","position":3,"name":"ZM10T\/15T PCB\/FPC Punching Cutting Machine"}]},{"@type":"WebSite","@id":"https:\/\/seprays.com\/#website","url":"https:\/\/seprays.com\/","name":"Seprays : PCBA Router Depaneling,PCB\/FPC Laser Depaneling,V-Groove Saw Depaneling","description":"","publisher":{"@id":"https:\/\/seprays.com\/#organization"},"potentialAction":[{"@type":"SearchAction","target":{"@type":"EntryPoint","urlTemplate":"https:\/\/seprays.com\/?s={search_term_string}"},"query-input":{"@type":"PropertyValueSpecification","valueRequired":true,"valueName":"search_term_string"}}],"inLanguage":"es"},{"@type":"Organization","@id":"https:\/\/seprays.com\/#organization","name":"Seprays : PCBA Router Depaneling,PCB\/FPC Laser Depaneling,V-Groove Saw Depaneling","url":"https:\/\/seprays.com\/","logo":{"@type":"ImageObject","inLanguage":"es","@id":"https:\/\/seprays.com\/#\/schema\/logo\/image\/","url":"https:\/\/seprays.com\/wp-content\/uploads\/2025\/04\/seprays\uff08\u5e26\u63cf\u8fb9\uff09.png","contentUrl":"https:\/\/seprays.com\/wp-content\/uploads\/2025\/04\/seprays\uff08\u5e26\u63cf\u8fb9\uff09.png","width":350,"height":100,"caption":"Seprays : PCBA Router Depaneling,PCB\/FPC Laser Depaneling,V-Groove Saw Depaneling"},"image":{"@id":"https:\/\/seprays.com\/#\/schema\/logo\/image\/"}}]}},"_links":{"self":[{"href":"https:\/\/seprays.com\/es\/wp-json\/wp\/v2\/product\/887","targetHints":{"allow":["GET"]}}],"collection":[{"href":"https:\/\/seprays.com\/es\/wp-json\/wp\/v2\/product"}],"about":[{"href":"https:\/\/seprays.com\/es\/wp-json\/wp\/v2\/types\/product"}],"replies":[{"embeddable":true,"href":"https:\/\/seprays.com\/es\/wp-json\/wp\/v2\/comments?post=887"}],"wp:featuredmedia":[{"embeddable":true,"href":"https:\/\/seprays.com\/es\/wp-json\/wp\/v2\/media\/1365"}],"wp:attachment":[{"href":"https:\/\/seprays.com\/es\/wp-json\/wp\/v2\/media?parent=887"}],"wp:term":[{"taxonomy":"product_brand","embeddable":true,"href":"https:\/\/seprays.com\/es\/wp-json\/wp\/v2\/product_brand?post=887"},{"taxonomy":"product_cat","embeddable":true,"href":"https:\/\/seprays.com\/es\/wp-json\/wp\/v2\/product_cat?post=887"},{"taxonomy":"product_tag","embeddable":true,"href":"https:\/\/seprays.com\/es\/wp-json\/wp\/v2\/product_tag?post=887"}],"curies":[{"name":"wp","href":"https:\/\/api.w.org\/{rel}","templated":true}]}}